{"id":9773,"date":"2025-01-21T12:30:52","date_gmt":"2025-01-21T11:30:52","guid":{"rendered":"https:\/\/spsow.cz\/?page_id=9773"},"modified":"2025-11-12T10:36:09","modified_gmt":"2025-11-12T09:36:09","slug":"2025-maturitni-ples-hronovskych-oboru","status":"publish","type":"page","link":"https:\/\/spsow.cz\/en\/2025-maturitni-ples-hronovskych-oboru\/","title":{"rendered":"Maturitn\u00ed ples hronovsk\u00fdch obor\u016f"},"content":{"rendered":"<p class=\"has-medium-font-size\">V p\u00e1tek 12. prosince se v S\u00e1le J. \u010capka v Hronov\u011b uskute\u010dn\u00ed Maturitn\u00ed ples hronovsk\u00fdch obor\u016f stroj\u00edrenstv\u00ed a elektrotechnika. <br>Srde\u010dn\u011b zveme kamar\u00e1dy, p\u0159\u00e1tele i zn\u00e1m\u00e9. Za\u010d\u00edn\u00e1me ve 20:00 hodin. T\u011b\u0161it se m\u016f\u017eete na slavnostn\u00ed zah\u00e1jen\u00ed, p\u016flno\u010dn\u00ed p\u0159ekvapen\u00ed i sout\u011b\u017e o ceny.<\/p>\n\n\n\n<p class=\"has-medium-font-size\">Vstupenky zakoup\u00edte u Michala Klime\u0161e (\u017e\u00e1k 4.A), kontaktujte ho na mailu majkl.klimes@seznam.cz anebo v sekretari\u00e1tu \u0161koly u Mark\u00e9ty Machov\u00e9, tel. 702 269 240, machovam@spsow.cz<\/p>\n\n\n\n<figure class=\"wp-block-gallery has-nested-images columns-default is-cropped wp-block-gallery-1 is-layout-flex wp-block-gallery-is-layout-flex\">\n<figure class=\"wp-block-image size-large\"><img loading=\"lazy\" decoding=\"async\" width=\"678\" height=\"960\" data-id=\"13009\" src=\"https:\/\/spsow.cz\/wp-content\/uploads\/2025\/11\/Maturitni-ples-HR-2025-kopie.png\" alt=\"\" class=\"wp-image-13009\" srcset=\"https:\/\/spsow.cz\/wp-content\/uploads\/2025\/11\/Maturitni-ples-HR-2025-kopie.png 678w, https:\/\/spsow.cz\/wp-content\/uploads\/2025\/11\/Maturitni-ples-HR-2025-kopie-212x300.png 212w, https:\/\/spsow.cz\/wp-content\/uploads\/2025\/11\/Maturitni-ples-HR-2025-kopie-8x12.png 8w\" sizes=\"auto, (max-width: 678px) 100vw, 678px\" \/><\/figure>\n<\/figure>\n\n\n\n<div style=\"height:20px\" aria-hidden=\"true\" class=\"wp-block-spacer\"><\/div>","protected":false},"excerpt":{"rendered":"<p>V p\u00e1tek 12. prosince se v S\u00e1le J. \u010capka v Hronov\u011b uskute\u010dn\u00ed Maturitn\u00ed ples hronovsk\u00fdch obor\u016f stroj\u00edrenstv\u00ed a elektrotechnika. Srde\u010dn\u011b zveme kamar\u00e1dy, p\u0159\u00e1tele i zn\u00e1m\u00e9. Za\u010d\u00edn\u00e1me ve 20:00 hodin. T\u011b\u0161it se m\u016f\u017eete na slavnostn\u00ed zah\u00e1jen\u00ed, p\u016flno\u010dn\u00ed p\u0159ekvapen\u00ed i sout\u011b\u017e o ceny. Vstupenky zakoup\u00edte u Michala Klime\u0161e (\u017e\u00e1k 4.A), kontaktujte ho [&hellip;]<\/p>\n","protected":false},"author":1,"featured_media":0,"parent":0,"menu_order":0,"comment_status":"closed","ping_status":"closed","template":"","meta":{"footnotes":""},"class_list":["post-9773","page","type-page","status-publish","hentry"],"_links":{"self":[{"href":"https:\/\/spsow.cz\/en\/wp-json\/wp\/v2\/pages\/9773","targetHints":{"allow":["GET"]}}],"collection":[{"href":"https:\/\/spsow.cz\/en\/wp-json\/wp\/v2\/pages"}],"about":[{"href":"https:\/\/spsow.cz\/en\/wp-json\/wp\/v2\/types\/page"}],"author":[{"embeddable":true,"href":"https:\/\/spsow.cz\/en\/wp-json\/wp\/v2\/users\/1"}],"replies":[{"embeddable":true,"href":"https:\/\/spsow.cz\/en\/wp-json\/wp\/v2\/comments?post=9773"}],"version-history":[{"count":4,"href":"https:\/\/spsow.cz\/en\/wp-json\/wp\/v2\/pages\/9773\/revisions"}],"predecessor-version":[{"id":13021,"href":"https:\/\/spsow.cz\/en\/wp-json\/wp\/v2\/pages\/9773\/revisions\/13021"}],"wp:attachment":[{"href":"https:\/\/spsow.cz\/en\/wp-json\/wp\/v2\/media?parent=9773"}],"curies":[{"name":"wp","href":"https:\/\/api.w.org\/{rel}","templated":true}]}}