{"id":9308,"date":"2024-11-25T12:56:37","date_gmt":"2024-11-25T11:56:37","guid":{"rendered":"https:\/\/spsow.cz\/?page_id=9308"},"modified":"2025-12-03T10:21:17","modified_gmt":"2025-12-03T09:21:17","slug":"studentsky-ples","status":"publish","type":"page","link":"https:\/\/spsow.cz\/en\/studentsky-ples\/","title":{"rendered":"STUDENTSK\u00dd PLES"},"content":{"rendered":"<p class=\"has-medium-font-size\">\u017d\u00e1ci po\u0159\u00ed\u010dsk\u00fdch z\u00e1v\u011bre\u010dn\u00fdch ro\u010dn\u00edk\u016f u\u017e maj\u00ed na pilno. Za\u010d\u00ednaj\u00ed se intenzivn\u011b p\u0159ipravovat na samotnou maturitu \u010di z\u00e1v\u011bre\u010dn\u00e9 zkou\u0161ky, ale k tomuto obdob\u00ed pat\u0159\u00ed i spousta dal\u0161\u00edch povinnost\u00ed. Jednou z nich je organizace studentsk\u00e9ho plesu.<\/p>\n\n\n\n<p class=\"has-medium-font-size\">Ten leto\u0161n\u00ed se uskute\u010dn\u00ed v p\u00e1tek 19.12. od 19:00 v Divadle Dr. J. \u010c\u00ed\u017eka v N\u00e1chod\u011b (v n\u00e1chodsk\u00e9m Ber\u00e1nku). V hlavn\u00ed roli se p\u0159edstav\u00ed nejen \u017e\u00e1ci 4. ro\u010dn\u00edk\u016f obor\u016f Grafick\u00fd design, Od\u011bvn\u00ed design, Reproduk\u010dn\u00ed grafik a Tiska\u0159, ale i \u017e\u00e1ci 3. ro\u010dn\u00edk\u016f u\u010debn\u00edch obor\u016f Kade\u0159n\u00edk, Aran\u017e\u00e9r a Tiska\u0159 a n\u00e1stavbov\u00e9ho oboru Podnik\u00e1n\u00ed.<\/p>\n\n\n\n<p class=\"has-medium-font-size\">Bli\u017e\u0161\u00ed informace na telefonn\u00edm \u010d\u00edsle 702 265 294 (sekretari\u00e1t).<\/p>\n\n\n\n<p class=\"has-medium-font-size\">P\u0159ij\u010fte se pod\u00edvat, jak\u00fd program si leto\u0161n\u00ed z\u00e1v\u011bre\u010dn\u00e9 ro\u010dn\u00edky p\u0159ipravily. \u010cek\u00e1 n\u00e1s \u0161erpov\u00e1n\u00ed, tanec, z\u00e1bava i sout\u011b\u017e o ceny.<\/p>\n\n\n\n<div class=\"wp-block-file\"><a id=\"wp-block-file--media-d15b4144-3fd8-4804-833a-7f83c61061d4\" href=\"https:\/\/spsow.cz\/wp-content\/uploads\/2025\/12\/Studentsky-ples-2025-scaled.png\" target=\"_blank\" rel=\"noreferrer noopener\">PLAK\u00c1T<\/a><\/div>\n\n\n\n<p><\/p>","protected":false},"excerpt":{"rendered":"<p>\u017d\u00e1ci po\u0159\u00ed\u010dsk\u00fdch z\u00e1v\u011bre\u010dn\u00fdch ro\u010dn\u00edk\u016f u\u017e maj\u00ed na pilno. Za\u010d\u00ednaj\u00ed se intenzivn\u011b p\u0159ipravovat na samotnou maturitu \u010di z\u00e1v\u011bre\u010dn\u00e9 zkou\u0161ky, ale k tomuto obdob\u00ed pat\u0159\u00ed i spousta dal\u0161\u00edch povinnost\u00ed. Jednou z nich je organizace studentsk\u00e9ho plesu. Ten leto\u0161n\u00ed se uskute\u010dn\u00ed v p\u00e1tek 19.12. od 19:00 v Divadle Dr. J. \u010c\u00ed\u017eka v N\u00e1chod\u011b [&hellip;]<\/p>\n","protected":false},"author":3,"featured_media":0,"parent":0,"menu_order":0,"comment_status":"closed","ping_status":"closed","template":"","meta":{"footnotes":""},"class_list":["post-9308","page","type-page","status-publish","hentry"],"_links":{"self":[{"href":"https:\/\/spsow.cz\/en\/wp-json\/wp\/v2\/pages\/9308","targetHints":{"allow":["GET"]}}],"collection":[{"href":"https:\/\/spsow.cz\/en\/wp-json\/wp\/v2\/pages"}],"about":[{"href":"https:\/\/spsow.cz\/en\/wp-json\/wp\/v2\/types\/page"}],"author":[{"embeddable":true,"href":"https:\/\/spsow.cz\/en\/wp-json\/wp\/v2\/users\/3"}],"replies":[{"embeddable":true,"href":"https:\/\/spsow.cz\/en\/wp-json\/wp\/v2\/comments?post=9308"}],"version-history":[{"count":2,"href":"https:\/\/spsow.cz\/en\/wp-json\/wp\/v2\/pages\/9308\/revisions"}],"predecessor-version":[{"id":13064,"href":"https:\/\/spsow.cz\/en\/wp-json\/wp\/v2\/pages\/9308\/revisions\/13064"}],"wp:attachment":[{"href":"https:\/\/spsow.cz\/en\/wp-json\/wp\/v2\/media?parent=9308"}],"curies":[{"name":"wp","href":"https:\/\/api.w.org\/{rel}","templated":true}]}}