{"id":9169,"date":"2024-11-14T07:56:37","date_gmt":"2024-11-14T06:56:37","guid":{"rendered":"https:\/\/spsow.cz\/?page_id=9169"},"modified":"2024-11-14T08:20:41","modified_gmt":"2024-11-14T07:20:41","slug":"david-machacek","status":"publish","type":"page","link":"https:\/\/spsow.cz\/en\/david-machacek\/","title":{"rendered":"David Mach\u00e1\u010dek"},"content":{"rendered":"<p class=\"has-large-font-size\"><strong>STROJA\u0158INA JE FAJN A M\u00c1 \u0160IROK\u00c9 UPLATN\u011aN\u00cd. <\/strong><br><strong>TO MOHU POTVRDIT, \u0159\u00edk\u00e1<\/strong> <strong>David Mach\u00e1\u010dek \u2013 \u0161kolitel\/instruktor ve firm\u011b Mesa Parts, s.r.o.<\/strong><\/p>\n\n\n\n<p class=\"has-medium-font-size\">V&nbsp;roce 1990 za\u010dal David Mach\u00e1\u010dek studovat je\u0161t\u011b na tehdej\u0161\u00ed COP Hronov obor mechanik se\u0159izova\u010d,<br>o t\u0159icet let pozd\u011bji si dod\u011blal pedagogick\u00e9 minimum pro u\u010ditele odborn\u00e9ho v\u00fdcviku na Univerzit\u011b Hradec Kr\u00e1lov\u00e9 a aktu\u00e1ln\u011b pracuje ve stroj\u00edrensk\u00e9 firm\u011b jako \u0161kolitel\/instruktor.<\/p>\n\n\n\n<p class=\"has-medium-font-size\"><strong>Pane Mach\u00e1\u010dku, letos to je 30 let, co jste \u00fasp\u011b\u0161n\u011b odmaturoval na hronovsk\u00e9 st\u0159edn\u00ed. Vra\u0165me se ale na za\u010d\u00e1tku je\u0161t\u011b o \u010dty\u0159i roky d\u00e1le, tedy do roku 1990, kdy jste kon\u010dil z\u00e1kladn\u00ed \u0161kolu a p\u0159ed V\u00e1mi bylo rozhodnut\u00ed, kam z&nbsp;osmi\u010dky d\u00e1l. Byla tehdy volba jasn\u00e1 a byla to Va\u0161e volba?<\/strong><\/p>\n\n\n\n<p class=\"has-medium-font-size\">\u00dapln\u011b ne. Mus\u00edm p\u0159iznat, \u017ee rozhodl t\u00e1ta a vybral technickou \u0161kolu v Hronov\u011b. J\u00e1 jsem v&nbsp;t\u00e9 dob\u011b moc nev\u011bd\u011bl, co d\u00e1l, ale byl jsem technicky zalo\u017een, tak\u017ee jsem souhlasil. P\u0159es p\u0159ij\u00edmac\u00ed zkou\u0161ky jsem nastoupil na maturitn\u00ed obor mechanik se\u0159izova\u010d pro obr\u00e1b\u011bc\u00ed stroje a linky. A bylo to dob\u0159e. Tehdy ale je\u0161t\u011b \u0161kola s\u00eddlila v&nbsp;Hronov\u011b pod kostelem.<\/p>\n\n\n\n<p class=\"has-medium-font-size\"><strong>To m\u00e1te pravdu. St\u0159edn\u00ed odborn\u00e1 \u0161kola Hronov, jak se \u0161kola tehdy jmenovala, byla um\u00edst\u011bna v&nbsp;budov\u011b pod kostelem, kde dnes s\u00eddl\u00ed ZU\u0160 Hronov. Vypad\u00e1 to, \u017ee jste byl jedn\u00edm z posledn\u00edch maturitn\u00edch ro\u010dn\u00edk\u016f na tomto m\u00edst\u011b. Pot\u00e9 se \u0161kola p\u0159est\u011bhovala na dne\u0161n\u00ed adresu do Hostovsk\u00e9ho ulice. L\u00edbilo se V\u00e1m na \u0161kole?&nbsp;<\/strong><\/p>\n\n\n\n<p class=\"has-medium-font-size\">\u0160kola m\u011b dost nau\u010dila. Byla tam dobr\u00e1 parta, spolu\u017e\u00e1ci. V&nbsp;dob\u011b m\u00e9ho studia byla ve \u0161kole i spousta d\u011bv\u010dat, kter\u00e1 studovala v&nbsp;t\u00e9 dob\u011b obl\u00edbenou rodinnou \u0161kolu.<\/p>\n\n\n\n<p class=\"has-medium-font-size\"><strong>Vy jste ale technik. Byl jste j\u00edm ji\u017e od mala, bavila V\u00e1s technika?<\/strong><\/p>\n\n\n\n<p class=\"has-medium-font-size\">Nev\u00edm, jestli m\u011b bavila tenkr\u00e1t, ale od mala jsem byl sm\u011b\u0159ov\u00e1n k&nbsp;v\u0161eobecn\u00e9 zru\u010dnosti a technick\u00e9 zdatnosti. T\u00e1ta pracoval jako mechanik na autobusech v&nbsp;tehdej\u0161\u00edm \u010cSAD, doma m\u011bl d\u00edlnu a opravoval auta, pom\u00e1hal jsem mu se v\u0161\u00edm. Co si je\u0161t\u011b vzpom\u00edn\u00e1m, m\u011bl jsem r\u00e1d \u010dasopis ABC.<\/p>\n\n\n\n<p class=\"has-medium-font-size\"><strong>Ten byl mezi kluky hodn\u011b obl\u00edben\u00fd. \u010casopis pro mlad\u00e9 techniky a p\u0159\u00edrodov\u011bdce. Po ukon\u010den\u00ed studia oboru mechanik se\u0159izova\u010d jste hned nastoupil do pr\u00e1ce, anebo jste studoval d\u00e1l?<\/strong><\/p>\n\n\n\n<p class=\"has-medium-font-size\">Nejprve jsem se p\u0159ihl\u00e1sil na Vy\u0161\u0161\u00ed odbornou \u0161kolu a St\u0159edn\u00ed pr\u016fmyslovou \u0161kolu v Rychnov\u011b nad Kn\u011b\u017enou, abych si zv\u00fd\u0161il sv\u00e9 vzd\u011bl\u00e1n\u00ed. Ale to kv\u016fli m\u00e9 mladick\u00e9 nerozv\u00e1\u017enosti a lajd\u00e1ctv\u00ed nakonec nedopadlo. Mlad\u00fd kluk m\u00e1 v&nbsp;t\u011bchto letech jin\u00e9 priority. Tak\u017ee jsem skon\u010dil s&nbsp;u\u010den\u00edm a \u0161el do pr\u00e1ce.<\/p>\n\n\n\n<p class=\"has-medium-font-size\"><strong>Skon\u010dil \u00fapln\u011b?<\/strong><\/p>\n\n\n\n<p class=\"has-medium-font-size\">P\u016fvodn\u011b jsem si myslel, \u017ee ano, ale nedalo mi to a ve \u0161koln\u00edm roce 2023\u20132024, tedy 29 let od maturity, jsem si podal p\u0159ihl\u00e1\u0161ku na Univerzitu Hradec Kr\u00e1lov\u00e9 ke studiu oboru U\u010ditel odborn\u00e9ho v\u00fdcviku, praktick\u00e9ho vyu\u010dov\u00e1n\u00ed a pedagogick\u00e9 minimum a \u00fasp\u011b\u0161n\u011b ho dokon\u010dil.<\/p>\n\n\n\n<p class=\"has-medium-font-size\"><strong>Tak to gratuluji. Ur\u010dit\u011b to nen\u00ed jednoduch\u00e9 pustit se do vzd\u011bl\u00e1n\u00ed v&nbsp;dob\u011b, kdy \u010dlov\u011bk u\u017e chod\u00ed do pr\u00e1ce, m\u00e1 rodinu, d\u016fm, zahradu.<\/strong><\/p>\n\n\n\n<p class=\"has-medium-font-size\">Lehk\u00e9 to nebylo, ale jsem r\u00e1d, \u017ee se mi to poda\u0159ilo.<\/p>\n\n\n\n<p class=\"has-medium-font-size\"><strong>Dnes pracujete ve firm\u011b Mesa Parts, s.r.o., tedy firm\u011b \u010dist\u011b stroj\u00edrensk\u00e9. Jak\u00e1 je n\u00e1pl\u0148 Va\u0161\u00ed pr\u00e1ce?<\/strong><\/p>\n\n\n\n<p class=\"has-medium-font-size\">Ve firm\u011b jsem za\u010dal pracovat jako obsluha stroj\u016f. P\u0159es se\u0159izova\u010de stroj\u016f a vedouc\u00edho sm\u011bny nyn\u00ed zast\u00e1v\u00e1m pozici \u0161kolitel instruktor. M\u00e1m na starosti firemn\u00ed v\u00fdcvikov\u00e9 centrum. Za\u0161koluji nov\u00e9 zam\u011bstnance, obnovuji a udr\u017euji znalosti st\u00e1vaj\u00edc\u00edch. Pod\u00edl\u00edm se na v\u00fdb\u011bru nov\u00fdch zam\u011bstnanc\u016f. Spolupracuji ale tak\u00e9 se \u0161kolami v&nbsp;na\u0161em regionu a organizuji praxe student\u016f.<\/p>\n\n\n\n<p class=\"has-medium-font-size\"><strong>Tak\u017ee ve sv\u00e9 pr\u00e1ci uplat\u0148ujete znalosti z\u00edskan\u00e9 b\u011bhem obou sv\u00fdch studi\u00ed? Byla tedy volba technick\u00e9ho oboru na hronovsk\u00e9 \u0161kole tou spr\u00e1vnou? A mysl\u00edte, \u017ee V\u00e1s hronovsk\u00e1 \u0161kola dok\u00e1zala p\u0159ipravit na pracovn\u00ed kari\u00e9ru?<\/strong><\/p>\n\n\n\n<p class=\"has-medium-font-size\">Stroj\u00edrensk\u00fd obor se zam\u011b\u0159en\u00edm na obr\u00e1b\u011bn\u00ed a automatizaci byla opravdu dobr\u00e1 volba. V&nbsp;tom oboru jsem se prost\u011b na\u0161el. Ano, \u010dasto hled\u00e1m v&nbsp;hlav\u011b znalosti ze st\u0159edn\u00ed \u0161koly. T\u0159eba i z&nbsp;matematiky. Na z\u00e1kladn\u00ed \u0161kole jsem v&nbsp;n\u00ed vylo\u017een\u011b nest\u00edhal a nech\u00e1pal. V&nbsp;Hronov\u011b m\u011b u\u010dil sice tro\u0161ku kontroverzn\u00ed u\u010ditel, ale mn\u011b se pod n\u00edm rozsv\u00edtilo, za\u010dal jsem matematiku ch\u00e1pat, a nakonec z&nbsp;n\u00ed i odmaturoval. Dal\u0161\u00ed, co bylo skv\u011bl\u00e9, byla praxe. Nau\u010dil jsem se ru\u010dn\u00edmu obr\u00e1b\u011bn\u00ed, vrt\u00e1n\u00ed, fr\u00e9zov\u00e1n\u00ed, soustru\u017een\u00ed a z\u00e1klad\u016fm CNC programov\u00e1n\u00ed.<\/p>\n\n\n\n<p class=\"has-medium-font-size\"><strong>Tak to zn\u00ed pro \u0161kolu skv\u011ble. Dnes obor mechanik se\u0159izova\u010d sice nahradily obory stroj\u00edrenstv\u00ed (maturitn\u00ed obor) a n\u00e1stroja\u0159 (u\u010debn\u00ed obor), ale p\u0159esto se zept\u00e1m, vybral byste si i dnes jako \u017e\u00e1k 9. t\u0159\u00eddy stroj\u00edrensk\u00fd obor v&nbsp;Hronov\u011b? \u0160el byste do toho znovu?<\/strong><\/p>\n\n\n\n<p class=\"has-medium-font-size\">Ur\u010dit\u011b. Stroja\u0159ina je fajn a m\u00e1 \u0161irok\u00e9 uplatn\u011bn\u00ed. S\u00e1m jsem dnes v&nbsp;pozici, kdy do na\u0161\u00ed firmy neust\u00e1le hled\u00e1m schopn\u00e9 stroja\u0159e a zru\u010dn\u00e9 n\u00e1stroja\u0159e.<strong><br><br><\/strong>D\u011bkuji za rozhovor:)<\/p>\n\n\n\n<p class=\"has-medium-font-size\">Mark\u00e9ta Machov\u00e1<\/p>\n\n\n\n<p class=\"has-medium-font-size\">M\u00e1te tak\u00e9 pocit, \u017ee jste vylo\u017een\u011b technick\u00fd typ? Anebo je va\u0161\u00edm obl\u00edben\u00fdm \u010dasopisem ABC? Pak je pro v\u00e1s tou spr\u00e1vnou volbou 4let\u00fd obor&nbsp;<a href=\"https:\/\/spsow.cz\/en\/strojirenstvi\/\">Stroj\u00edrenstv\u00ed.<\/a><\/p>","protected":false},"excerpt":{"rendered":"<p>STROJA\u0158INA JE FAJN A M\u00c1 \u0160IROK\u00c9 UPLATN\u011aN\u00cd. TO MOHU POTVRDIT, \u0159\u00edk\u00e1 David Mach\u00e1\u010dek \u2013 \u0161kolitel\/instruktor ve firm\u011b Mesa Parts, s.r.o. V&nbsp;roce 1990 za\u010dal David Mach\u00e1\u010dek studovat je\u0161t\u011b na tehdej\u0161\u00ed COP Hronov obor mechanik se\u0159izova\u010d,o t\u0159icet let pozd\u011bji si dod\u011blal pedagogick\u00e9 minimum pro u\u010ditele odborn\u00e9ho v\u00fdcviku na Univerzit\u011b Hradec Kr\u00e1lov\u00e9 a [&hellip;]<\/p>\n","protected":false},"author":1,"featured_media":9171,"parent":0,"menu_order":0,"comment_status":"closed","ping_status":"closed","template":"","meta":{"footnotes":""},"class_list":["post-9169","page","type-page","status-publish","has-post-thumbnail","hentry"],"_links":{"self":[{"href":"https:\/\/spsow.cz\/en\/wp-json\/wp\/v2\/pages\/9169","targetHints":{"allow":["GET"]}}],"collection":[{"href":"https:\/\/spsow.cz\/en\/wp-json\/wp\/v2\/pages"}],"about":[{"href":"https:\/\/spsow.cz\/en\/wp-json\/wp\/v2\/types\/page"}],"author":[{"embeddable":true,"href":"https:\/\/spsow.cz\/en\/wp-json\/wp\/v2\/users\/1"}],"replies":[{"embeddable":true,"href":"https:\/\/spsow.cz\/en\/wp-json\/wp\/v2\/comments?post=9169"}],"version-history":[{"count":6,"href":"https:\/\/spsow.cz\/en\/wp-json\/wp\/v2\/pages\/9169\/revisions"}],"predecessor-version":[{"id":9178,"href":"https:\/\/spsow.cz\/en\/wp-json\/wp\/v2\/pages\/9169\/revisions\/9178"}],"wp:featuredmedia":[{"embeddable":true,"href":"https:\/\/spsow.cz\/en\/wp-json\/wp\/v2\/media\/9171"}],"wp:attachment":[{"href":"https:\/\/spsow.cz\/en\/wp-json\/wp\/v2\/media?parent=9169"}],"curies":[{"name":"wp","href":"https:\/\/api.w.org\/{rel}","templated":true}]}}