{"id":8809,"date":"2024-10-23T14:10:54","date_gmt":"2024-10-23T12:10:54","guid":{"rendered":"https:\/\/spsow.cz\/?page_id=8809"},"modified":"2025-10-15T16:41:10","modified_gmt":"2025-10-15T14:41:10","slug":"kurzy-kresby-a-malby-k-talentovym-zkouskam","status":"publish","type":"page","link":"https:\/\/spsow.cz\/en\/kurzy-kresby-a-malby-k-talentovym-zkouskam\/","title":{"rendered":"KURZY KRESBY A MALBY K TALENTOV\u00ddM ZKOU\u0160K\u00c1M"},"content":{"rendered":"<p class=\"has-medium-font-size\">P\u0159em\u00fd\u0161l\u00edte o studiu na\u0161eho um\u011bleck\u00e9ho oboru Grafick\u00fd design nebo Od\u011bvn\u00ed design? Pak v\u00e1s \u010dekaj\u00ed talentov\u00e9 zkou\u0161ky. Bu\u010fte na n\u011b p\u0159ipraveni!<br>Jako ka\u017ed\u00fd rok jsme pro v\u00e1s p\u0159ipravili dva p\u0159\u00edpravn\u00e9 kurzy malby a kresby.<\/p>\n\n\n\n<p class=\"has-medium-font-size\"><em>Term\u00edny a \u010das:<\/em> <\/p>\n\n\n\n<p class=\"has-medium-font-size\"><strong>1. term\u00edn<\/strong>  <br><strong>3. a 10. 2. 2026<\/strong><br>16:00\u201319:00 hodin (\u00fater\u00fd)<br> <\/p>\n\n\n\n<p class=\"has-medium-font-size\"><strong>2. term\u00edn<\/strong> <br><strong>18. a 25. 2. 2026<\/strong><br>15:00\u201318:00 hodin (st\u0159edy)<br> <\/p>\n\n\n\n<p class=\"has-medium-font-size\">Po\u010det \u00fa\u010dastn\u00edk\u016f v 1. term\u00ednu max. 30, po\u010det \u00fa\u010dastn\u00edk\u016f v 2. term\u00ednu je max. 30.<\/p>\n\n\n\n<p class=\"has-medium-font-size\"><strong>Cena:<\/strong> 600 K\u010d <\/p>\n\n\n\n<p class=\"has-medium-font-size\"><strong>Pom\u016fcky, kter\u00e9 si \u00fa\u010dastn\u00edk kurzu p\u0159inese s&nbsp;sebou:&nbsp;<\/strong><\/p>\n\n\n\n<p class=\"has-medium-font-size\"><strong>pro kresbu<\/strong> &#8211; m\u011bkkou <strong>tu\u017eku<\/strong> <strong>\u0159ady B<\/strong> (nap\u0159. B4,&#8230;), pop\u0159\u00edpad\u011b uhel nebo rudku (podle uv\u00e1\u017een\u00ed, kter\u00fd materi\u00e1l chce pro kresbu pou\u017e\u00edt), <strong>kresl\u00edc\u00ed pap\u00edr velikosti A 2<\/strong>, gumu nebo plastickou gumu, <strong>lep\u00edc\u00ed p\u00e1sku<\/strong> (nejlep\u0161\u00ed je lep\u00edc\u00ed p\u00e1ska krepov\u00e1, kter\u00e1 jde dob\u0159e odtrhnout od podlo\u017eky, sta\u010d\u00ed 2 \u2013 2,5 cm \u0161irok\u00e1, ale lze pou\u017e\u00edt i jakoukoliv jinou lep\u00edc\u00ed p\u00e1sku k&nbsp;p\u0159ichycen\u00ed kresl\u00edc\u00edho pap\u00edru na desku)<\/p>\n\n\n\n<p class=\"has-medium-font-size\"><strong>pro malbu<\/strong> &#8211; podle toho jakou techniku malby (<strong>tempera, akryl<\/strong>, pop\u0159\u00edpad\u011b akvarel) si uchaze\u010d zvol\u00ed, pou\u017eije <strong>\u0161t\u011btce<\/strong> (ploch\u00e9 se hod\u00ed na malbu temperou nebo akrylem, kulat\u00e9 pro malbu akvarelem). Velikost \u0161t\u011btc\u016f nap\u0159. mezi \u010d. 5 \u2013 15 (sta\u010d\u00ed jen dva &#8211; slab\u0161\u00ed na detaily a siln\u011bj\u0161\u00ed na plochy). D\u00e1le <strong>\u010dtvrtku velikosti A 2, <\/strong>had\u0159\u00edk, kel\u00edmek na vodu a paletu na m\u00edch\u00e1n\u00ed barev.<\/p>\n\n\n\n<p class=\"has-medium-font-size\"><strong>P\u0159ihl\u00e1\u0161en\u00ed: <\/strong>Martina Bohadlov\u00e1, tel.: 702 265 294, e-mail: bohadlovam@spsow.cz<\/p>\n\n\n\n<p class=\"has-medium-font-size\">T\u011b\u0161\u00edme se na v\u00e1s:)<\/p>\n\n\n\n<div class=\"wp-block-file\"><a id=\"wp-block-file--media-6daa948e-ff54-46be-b735-9a51789575bf\" href=\"https:\/\/spsow.cz\/wp-content\/uploads\/2025\/10\/Plakat-pripravne-kurzy-A2-novy.pdf\" target=\"_blank\" rel=\"noreferrer noopener\">PLAK\u00c1T<\/a><\/div>","protected":false},"excerpt":{"rendered":"<p>P\u0159em\u00fd\u0161l\u00edte o studiu na\u0161eho um\u011bleck\u00e9ho oboru Grafick\u00fd design nebo Od\u011bvn\u00ed design? Pak v\u00e1s \u010dekaj\u00ed talentov\u00e9 zkou\u0161ky. Bu\u010fte na n\u011b p\u0159ipraveni!Jako ka\u017ed\u00fd rok jsme pro v\u00e1s p\u0159ipravili dva p\u0159\u00edpravn\u00e9 kurzy malby a kresby. Term\u00edny a \u010das: 1. term\u00edn 3. a 10. 2. 202616:00\u201319:00 hodin (\u00fater\u00fd) 2. term\u00edn 18. a 25. 2. [&hellip;]<\/p>\n","protected":false},"author":3,"featured_media":8810,"parent":0,"menu_order":0,"comment_status":"closed","ping_status":"closed","template":"","meta":{"footnotes":""},"class_list":["post-8809","page","type-page","status-publish","has-post-thumbnail","hentry"],"_links":{"self":[{"href":"https:\/\/spsow.cz\/en\/wp-json\/wp\/v2\/pages\/8809","targetHints":{"allow":["GET"]}}],"collection":[{"href":"https:\/\/spsow.cz\/en\/wp-json\/wp\/v2\/pages"}],"about":[{"href":"https:\/\/spsow.cz\/en\/wp-json\/wp\/v2\/types\/page"}],"author":[{"embeddable":true,"href":"https:\/\/spsow.cz\/en\/wp-json\/wp\/v2\/users\/3"}],"replies":[{"embeddable":true,"href":"https:\/\/spsow.cz\/en\/wp-json\/wp\/v2\/comments?post=8809"}],"version-history":[{"count":7,"href":"https:\/\/spsow.cz\/en\/wp-json\/wp\/v2\/pages\/8809\/revisions"}],"predecessor-version":[{"id":12780,"href":"https:\/\/spsow.cz\/en\/wp-json\/wp\/v2\/pages\/8809\/revisions\/12780"}],"wp:featuredmedia":[{"embeddable":true,"href":"https:\/\/spsow.cz\/en\/wp-json\/wp\/v2\/media\/8810"}],"wp:attachment":[{"href":"https:\/\/spsow.cz\/en\/wp-json\/wp\/v2\/media?parent=8809"}],"curies":[{"name":"wp","href":"https:\/\/api.w.org\/{rel}","templated":true}]}}