{"id":7901,"date":"2024-08-19T13:07:30","date_gmt":"2024-08-19T11:07:30","guid":{"rendered":"https:\/\/spsow.cz\/?page_id=7901"},"modified":"2024-08-19T13:13:45","modified_gmt":"2024-08-19T11:13:45","slug":"2024-sportovne-turisticky-kurz-hronovskych-oboru","status":"publish","type":"page","link":"https:\/\/spsow.cz\/en\/2024-sportovne-turisticky-kurz-hronovskych-oboru\/","title":{"rendered":"2024 > Sportovn\u011b turistick\u00fd kurz hronovsk\u00fdch obor\u016f"},"content":{"rendered":"<p class=\"has-medium-font-size\">3. &#8211; 7. 6. 2024<\/p>\n\n\n\n<figure class=\"wp-block-gallery has-nested-images columns-default is-cropped wp-block-gallery-1 is-layout-flex wp-block-gallery-is-layout-flex\">\n<figure class=\"wp-block-image size-large\"><a href=\"https:\/\/spsow.cz\/wp-content\/uploads\/2024\/08\/406df60f-2cfd-48f7-aa14-1e6ac6f88838.jpg\"><img loading=\"lazy\" decoding=\"async\" width=\"1024\" height=\"562\" data-id=\"7913\" src=\"https:\/\/spsow.cz\/wp-content\/uploads\/2024\/08\/406df60f-2cfd-48f7-aa14-1e6ac6f88838-1024x562.jpg\" alt=\"\" class=\"wp-image-7913\" srcset=\"https:\/\/spsow.cz\/wp-content\/uploads\/2024\/08\/406df60f-2cfd-48f7-aa14-1e6ac6f88838-1024x562.jpg 1024w, https:\/\/spsow.cz\/wp-content\/uploads\/2024\/08\/406df60f-2cfd-48f7-aa14-1e6ac6f88838-300x165.jpg 300w, https:\/\/spsow.cz\/wp-content\/uploads\/2024\/08\/406df60f-2cfd-48f7-aa14-1e6ac6f88838-768x422.jpg 768w, https:\/\/spsow.cz\/wp-content\/uploads\/2024\/08\/406df60f-2cfd-48f7-aa14-1e6ac6f88838-1536x843.jpg 1536w, https:\/\/spsow.cz\/wp-content\/uploads\/2024\/08\/406df60f-2cfd-48f7-aa14-1e6ac6f88838-18x10.jpg 18w, https:\/\/spsow.cz\/wp-content\/uploads\/2024\/08\/406df60f-2cfd-48f7-aa14-1e6ac6f88838.jpg 1927w\" sizes=\"auto, (max-width: 1024px) 100vw, 1024px\" \/><\/a><\/figure>\n\n\n\n<figure class=\"wp-block-image size-large\"><a href=\"https:\/\/spsow.cz\/wp-content\/uploads\/2024\/08\/134e634b-39f8-4ffd-8c54-71cdbc767dfc.jpg\"><img loading=\"lazy\" decoding=\"async\" width=\"1024\" height=\"771\" data-id=\"7912\" src=\"https:\/\/spsow.cz\/wp-content\/uploads\/2024\/08\/134e634b-39f8-4ffd-8c54-71cdbc767dfc-1024x771.jpg\" alt=\"\" class=\"wp-image-7912\" srcset=\"https:\/\/spsow.cz\/wp-content\/uploads\/2024\/08\/134e634b-39f8-4ffd-8c54-71cdbc767dfc-1024x771.jpg 1024w, https:\/\/spsow.cz\/wp-content\/uploads\/2024\/08\/134e634b-39f8-4ffd-8c54-71cdbc767dfc-300x226.jpg 300w, https:\/\/spsow.cz\/wp-content\/uploads\/2024\/08\/134e634b-39f8-4ffd-8c54-71cdbc767dfc-768x578.jpg 768w, https:\/\/spsow.cz\/wp-content\/uploads\/2024\/08\/134e634b-39f8-4ffd-8c54-71cdbc767dfc-1536x1157.jpg 1536w, https:\/\/spsow.cz\/wp-content\/uploads\/2024\/08\/134e634b-39f8-4ffd-8c54-71cdbc767dfc-16x12.jpg 16w, https:\/\/spsow.cz\/wp-content\/uploads\/2024\/08\/134e634b-39f8-4ffd-8c54-71cdbc767dfc.jpg 2040w\" sizes=\"auto, (max-width: 1024px) 100vw, 1024px\" \/><\/a><\/figure>\n\n\n\n<figure class=\"wp-block-image size-large\"><a href=\"https:\/\/spsow.cz\/wp-content\/uploads\/2024\/08\/97f75704-a376-4c23-a8e3-d2260dc63a13.jpg\"><img loading=\"lazy\" decoding=\"async\" width=\"1024\" height=\"791\" data-id=\"7911\" src=\"https:\/\/spsow.cz\/wp-content\/uploads\/2024\/08\/97f75704-a376-4c23-a8e3-d2260dc63a13-1024x791.jpg\" alt=\"\" class=\"wp-image-7911\" srcset=\"https:\/\/spsow.cz\/wp-content\/uploads\/2024\/08\/97f75704-a376-4c23-a8e3-d2260dc63a13-1024x791.jpg 1024w, https:\/\/spsow.cz\/wp-content\/uploads\/2024\/08\/97f75704-a376-4c23-a8e3-d2260dc63a13-300x232.jpg 300w, https:\/\/spsow.cz\/wp-content\/uploads\/2024\/08\/97f75704-a376-4c23-a8e3-d2260dc63a13-768x594.jpg 768w, https:\/\/spsow.cz\/wp-content\/uploads\/2024\/08\/97f75704-a376-4c23-a8e3-d2260dc63a13-16x12.jpg 16w, https:\/\/spsow.cz\/wp-content\/uploads\/2024\/08\/97f75704-a376-4c23-a8e3-d2260dc63a13.jpg 1536w\" sizes=\"auto, (max-width: 1024px) 100vw, 1024px\" \/><\/a><\/figure>\n\n\n\n<figure class=\"wp-block-image size-large\"><a href=\"https:\/\/spsow.cz\/wp-content\/uploads\/2024\/08\/1f4622bd-9d8b-4d01-94af-6fe89003bcd1.jpg\"><img loading=\"lazy\" decoding=\"async\" width=\"1024\" height=\"771\" data-id=\"7910\" src=\"https:\/\/spsow.cz\/wp-content\/uploads\/2024\/08\/1f4622bd-9d8b-4d01-94af-6fe89003bcd1-1024x771.jpg\" alt=\"\" class=\"wp-image-7910\" srcset=\"https:\/\/spsow.cz\/wp-content\/uploads\/2024\/08\/1f4622bd-9d8b-4d01-94af-6fe89003bcd1-1024x771.jpg 1024w, https:\/\/spsow.cz\/wp-content\/uploads\/2024\/08\/1f4622bd-9d8b-4d01-94af-6fe89003bcd1-300x226.jpg 300w, https:\/\/spsow.cz\/wp-content\/uploads\/2024\/08\/1f4622bd-9d8b-4d01-94af-6fe89003bcd1-768x578.jpg 768w, https:\/\/spsow.cz\/wp-content\/uploads\/2024\/08\/1f4622bd-9d8b-4d01-94af-6fe89003bcd1-1536x1157.jpg 1536w, https:\/\/spsow.cz\/wp-content\/uploads\/2024\/08\/1f4622bd-9d8b-4d01-94af-6fe89003bcd1-16x12.jpg 16w, https:\/\/spsow.cz\/wp-content\/uploads\/2024\/08\/1f4622bd-9d8b-4d01-94af-6fe89003bcd1.jpg 2040w\" sizes=\"auto, (max-width: 1024px) 100vw, 1024px\" \/><\/a><\/figure>\n\n\n\n<figure class=\"wp-block-image size-large\"><a href=\"https:\/\/spsow.cz\/wp-content\/uploads\/2024\/08\/fbe9bf88-6738-48ad-9d37-5cf140aabe3d.jpg\"><img loading=\"lazy\" decoding=\"async\" width=\"1024\" height=\"771\" data-id=\"7909\" src=\"https:\/\/spsow.cz\/wp-content\/uploads\/2024\/08\/fbe9bf88-6738-48ad-9d37-5cf140aabe3d-1024x771.jpg\" alt=\"\" class=\"wp-image-7909\" srcset=\"https:\/\/spsow.cz\/wp-content\/uploads\/2024\/08\/fbe9bf88-6738-48ad-9d37-5cf140aabe3d-1024x771.jpg 1024w, https:\/\/spsow.cz\/wp-content\/uploads\/2024\/08\/fbe9bf88-6738-48ad-9d37-5cf140aabe3d-300x226.jpg 300w, https:\/\/spsow.cz\/wp-content\/uploads\/2024\/08\/fbe9bf88-6738-48ad-9d37-5cf140aabe3d-768x578.jpg 768w, https:\/\/spsow.cz\/wp-content\/uploads\/2024\/08\/fbe9bf88-6738-48ad-9d37-5cf140aabe3d-1536x1157.jpg 1536w, https:\/\/spsow.cz\/wp-content\/uploads\/2024\/08\/fbe9bf88-6738-48ad-9d37-5cf140aabe3d-16x12.jpg 16w, https:\/\/spsow.cz\/wp-content\/uploads\/2024\/08\/fbe9bf88-6738-48ad-9d37-5cf140aabe3d.jpg 2040w\" sizes=\"auto, (max-width: 1024px) 100vw, 1024px\" \/><\/a><\/figure>\n\n\n\n<figure class=\"wp-block-image size-large\"><a href=\"https:\/\/spsow.cz\/wp-content\/uploads\/2024\/08\/ec38cdb0-a1ab-4f3a-b1fd-7821090e83b4.jpg\"><img loading=\"lazy\" decoding=\"async\" width=\"1024\" height=\"771\" data-id=\"7908\" src=\"https:\/\/spsow.cz\/wp-content\/uploads\/2024\/08\/ec38cdb0-a1ab-4f3a-b1fd-7821090e83b4-1024x771.jpg\" alt=\"\" class=\"wp-image-7908\" srcset=\"https:\/\/spsow.cz\/wp-content\/uploads\/2024\/08\/ec38cdb0-a1ab-4f3a-b1fd-7821090e83b4-1024x771.jpg 1024w, https:\/\/spsow.cz\/wp-content\/uploads\/2024\/08\/ec38cdb0-a1ab-4f3a-b1fd-7821090e83b4-300x226.jpg 300w, https:\/\/spsow.cz\/wp-content\/uploads\/2024\/08\/ec38cdb0-a1ab-4f3a-b1fd-7821090e83b4-768x578.jpg 768w, https:\/\/spsow.cz\/wp-content\/uploads\/2024\/08\/ec38cdb0-a1ab-4f3a-b1fd-7821090e83b4-1536x1157.jpg 1536w, https:\/\/spsow.cz\/wp-content\/uploads\/2024\/08\/ec38cdb0-a1ab-4f3a-b1fd-7821090e83b4-16x12.jpg 16w, https:\/\/spsow.cz\/wp-content\/uploads\/2024\/08\/ec38cdb0-a1ab-4f3a-b1fd-7821090e83b4.jpg 2040w\" sizes=\"auto, (max-width: 1024px) 100vw, 1024px\" \/><\/a><\/figure>\n\n\n\n<figure class=\"wp-block-image size-large\"><a href=\"https:\/\/spsow.cz\/wp-content\/uploads\/2024\/08\/c1e76d12-0cc0-43fd-a12d-da5fcfca3486.jpg\"><img loading=\"lazy\" decoding=\"async\" width=\"1024\" height=\"771\" data-id=\"7907\" src=\"https:\/\/spsow.cz\/wp-content\/uploads\/2024\/08\/c1e76d12-0cc0-43fd-a12d-da5fcfca3486-1024x771.jpg\" alt=\"\" class=\"wp-image-7907\" srcset=\"https:\/\/spsow.cz\/wp-content\/uploads\/2024\/08\/c1e76d12-0cc0-43fd-a12d-da5fcfca3486-1024x771.jpg 1024w, https:\/\/spsow.cz\/wp-content\/uploads\/2024\/08\/c1e76d12-0cc0-43fd-a12d-da5fcfca3486-300x226.jpg 300w, https:\/\/spsow.cz\/wp-content\/uploads\/2024\/08\/c1e76d12-0cc0-43fd-a12d-da5fcfca3486-768x578.jpg 768w, https:\/\/spsow.cz\/wp-content\/uploads\/2024\/08\/c1e76d12-0cc0-43fd-a12d-da5fcfca3486-1536x1157.jpg 1536w, https:\/\/spsow.cz\/wp-content\/uploads\/2024\/08\/c1e76d12-0cc0-43fd-a12d-da5fcfca3486-16x12.jpg 16w, https:\/\/spsow.cz\/wp-content\/uploads\/2024\/08\/c1e76d12-0cc0-43fd-a12d-da5fcfca3486.jpg 2040w\" sizes=\"auto, (max-width: 1024px) 100vw, 1024px\" \/><\/a><\/figure>\n\n\n\n<figure class=\"wp-block-image size-large\"><a href=\"https:\/\/spsow.cz\/wp-content\/uploads\/2024\/08\/448472514_966562321829801_1529182459348002951_n.jpg\"><img loading=\"lazy\" decoding=\"async\" width=\"1024\" height=\"749\" data-id=\"7906\" src=\"https:\/\/spsow.cz\/wp-content\/uploads\/2024\/08\/448472514_966562321829801_1529182459348002951_n-1024x749.jpg\" alt=\"\" class=\"wp-image-7906\" srcset=\"https:\/\/spsow.cz\/wp-content\/uploads\/2024\/08\/448472514_966562321829801_1529182459348002951_n-1024x749.jpg 1024w, https:\/\/spsow.cz\/wp-content\/uploads\/2024\/08\/448472514_966562321829801_1529182459348002951_n-300x219.jpg 300w, https:\/\/spsow.cz\/wp-content\/uploads\/2024\/08\/448472514_966562321829801_1529182459348002951_n-768x562.jpg 768w, https:\/\/spsow.cz\/wp-content\/uploads\/2024\/08\/448472514_966562321829801_1529182459348002951_n-16x12.jpg 16w, https:\/\/spsow.cz\/wp-content\/uploads\/2024\/08\/448472514_966562321829801_1529182459348002951_n.jpg 1496w\" sizes=\"auto, (max-width: 1024px) 100vw, 1024px\" \/><\/a><\/figure>\n\n\n\n<figure class=\"wp-block-image size-large\"><a href=\"https:\/\/spsow.cz\/wp-content\/uploads\/2024\/08\/448129676_1096581828597052_4367067229869658420_n.jpg\"><img loading=\"lazy\" decoding=\"async\" width=\"1024\" height=\"754\" data-id=\"7905\" src=\"https:\/\/spsow.cz\/wp-content\/uploads\/2024\/08\/448129676_1096581828597052_4367067229869658420_n-1024x754.jpg\" alt=\"\" class=\"wp-image-7905\" srcset=\"https:\/\/spsow.cz\/wp-content\/uploads\/2024\/08\/448129676_1096581828597052_4367067229869658420_n-1024x754.jpg 1024w, https:\/\/spsow.cz\/wp-content\/uploads\/2024\/08\/448129676_1096581828597052_4367067229869658420_n-300x221.jpg 300w, https:\/\/spsow.cz\/wp-content\/uploads\/2024\/08\/448129676_1096581828597052_4367067229869658420_n-768x565.jpg 768w, https:\/\/spsow.cz\/wp-content\/uploads\/2024\/08\/448129676_1096581828597052_4367067229869658420_n-16x12.jpg 16w, https:\/\/spsow.cz\/wp-content\/uploads\/2024\/08\/448129676_1096581828597052_4367067229869658420_n.jpg 1496w\" sizes=\"auto, (max-width: 1024px) 100vw, 1024px\" \/><\/a><\/figure>\n\n\n\n<figure class=\"wp-block-image size-large\"><a href=\"https:\/\/spsow.cz\/wp-content\/uploads\/2024\/08\/447793913_819666650129224_6447058241300792804_n.jpg\"><img loading=\"lazy\" decoding=\"async\" width=\"1024\" height=\"709\" data-id=\"7904\" src=\"https:\/\/spsow.cz\/wp-content\/uploads\/2024\/08\/447793913_819666650129224_6447058241300792804_n-1024x709.jpg\" alt=\"\" class=\"wp-image-7904\" srcset=\"https:\/\/spsow.cz\/wp-content\/uploads\/2024\/08\/447793913_819666650129224_6447058241300792804_n-1024x709.jpg 1024w, https:\/\/spsow.cz\/wp-content\/uploads\/2024\/08\/447793913_819666650129224_6447058241300792804_n-300x208.jpg 300w, https:\/\/spsow.cz\/wp-content\/uploads\/2024\/08\/447793913_819666650129224_6447058241300792804_n-768x532.jpg 768w, https:\/\/spsow.cz\/wp-content\/uploads\/2024\/08\/447793913_819666650129224_6447058241300792804_n-18x12.jpg 18w, https:\/\/spsow.cz\/wp-content\/uploads\/2024\/08\/447793913_819666650129224_6447058241300792804_n.jpg 1496w\" sizes=\"auto, (max-width: 1024px) 100vw, 1024px\" \/><\/a><\/figure>\n\n\n\n<figure class=\"wp-block-image size-large\"><a href=\"https:\/\/spsow.cz\/wp-content\/uploads\/2024\/08\/447781663_1708488160000710_6255563758999487713_n.jpg\"><img loading=\"lazy\" decoding=\"async\" width=\"1024\" height=\"768\" data-id=\"7903\" src=\"https:\/\/spsow.cz\/wp-content\/uploads\/2024\/08\/447781663_1708488160000710_6255563758999487713_n-1024x768.jpg\" alt=\"\" class=\"wp-image-7903\" srcset=\"https:\/\/spsow.cz\/wp-content\/uploads\/2024\/08\/447781663_1708488160000710_6255563758999487713_n-1024x768.jpg 1024w, https:\/\/spsow.cz\/wp-content\/uploads\/2024\/08\/447781663_1708488160000710_6255563758999487713_n-300x225.jpg 300w, https:\/\/spsow.cz\/wp-content\/uploads\/2024\/08\/447781663_1708488160000710_6255563758999487713_n-768x576.jpg 768w, https:\/\/spsow.cz\/wp-content\/uploads\/2024\/08\/447781663_1708488160000710_6255563758999487713_n-1536x1152.jpg 1536w, https:\/\/spsow.cz\/wp-content\/uploads\/2024\/08\/447781663_1708488160000710_6255563758999487713_n-16x12.jpg 16w, https:\/\/spsow.cz\/wp-content\/uploads\/2024\/08\/447781663_1708488160000710_6255563758999487713_n.jpg 2000w\" sizes=\"auto, (max-width: 1024px) 100vw, 1024px\" \/><\/a><\/figure>\n\n\n\n<figure class=\"wp-block-image size-large\"><a href=\"https:\/\/spsow.cz\/wp-content\/uploads\/2024\/08\/850c20de-d39a-48e0-996a-0211eb3b41c3.jpg\"><img loading=\"lazy\" decoding=\"async\" width=\"1024\" height=\"771\" data-id=\"7902\" src=\"https:\/\/spsow.cz\/wp-content\/uploads\/2024\/08\/850c20de-d39a-48e0-996a-0211eb3b41c3-1024x771.jpg\" alt=\"\" class=\"wp-image-7902\" srcset=\"https:\/\/spsow.cz\/wp-content\/uploads\/2024\/08\/850c20de-d39a-48e0-996a-0211eb3b41c3-1024x771.jpg 1024w, https:\/\/spsow.cz\/wp-content\/uploads\/2024\/08\/850c20de-d39a-48e0-996a-0211eb3b41c3-300x226.jpg 300w, https:\/\/spsow.cz\/wp-content\/uploads\/2024\/08\/850c20de-d39a-48e0-996a-0211eb3b41c3-768x578.jpg 768w, https:\/\/spsow.cz\/wp-content\/uploads\/2024\/08\/850c20de-d39a-48e0-996a-0211eb3b41c3-1536x1157.jpg 1536w, https:\/\/spsow.cz\/wp-content\/uploads\/2024\/08\/850c20de-d39a-48e0-996a-0211eb3b41c3-16x12.jpg 16w, https:\/\/spsow.cz\/wp-content\/uploads\/2024\/08\/850c20de-d39a-48e0-996a-0211eb3b41c3.jpg 2040w\" sizes=\"auto, (max-width: 1024px) 100vw, 1024px\" \/><\/a><\/figure>\n<\/figure>\n\n\n\n<div style=\"height:30px\" aria-hidden=\"true\" class=\"wp-block-spacer\"><\/div>","protected":false},"excerpt":{"rendered":"<p>3. &#8211; 7. 6. 2024<\/p>","protected":false},"author":1,"featured_media":0,"parent":0,"menu_order":0,"comment_status":"closed","ping_status":"closed","template":"","meta":{"footnotes":""},"class_list":["post-7901","page","type-page","status-publish","hentry"],"_links":{"self":[{"href":"https:\/\/spsow.cz\/en\/wp-json\/wp\/v2\/pages\/7901","targetHints":{"allow":["GET"]}}],"collection":[{"href":"https:\/\/spsow.cz\/en\/wp-json\/wp\/v2\/pages"}],"about":[{"href":"https:\/\/spsow.cz\/en\/wp-json\/wp\/v2\/types\/page"}],"author":[{"embeddable":true,"href":"https:\/\/spsow.cz\/en\/wp-json\/wp\/v2\/users\/1"}],"replies":[{"embeddable":true,"href":"https:\/\/spsow.cz\/en\/wp-json\/wp\/v2\/comments?post=7901"}],"version-history":[{"count":4,"href":"https:\/\/spsow.cz\/en\/wp-json\/wp\/v2\/pages\/7901\/revisions"}],"predecessor-version":[{"id":7917,"href":"https:\/\/spsow.cz\/en\/wp-json\/wp\/v2\/pages\/7901\/revisions\/7917"}],"wp:attachment":[{"href":"https:\/\/spsow.cz\/en\/wp-json\/wp\/v2\/media?parent=7901"}],"curies":[{"name":"wp","href":"https:\/\/api.w.org\/{rel}","templated":true}]}}