{"id":7849,"date":"2024-07-16T12:22:33","date_gmt":"2024-07-16T10:22:33","guid":{"rendered":"https:\/\/spsow.cz\/?page_id=7849"},"modified":"2025-09-03T14:29:58","modified_gmt":"2025-09-03T12:29:58","slug":"fitko-ve-velkem-porici","status":"publish","type":"page","link":"https:\/\/spsow.cz\/en\/fitko-ve-velkem-porici\/","title":{"rendered":"FITKO ve Velk\u00e9m Po\u0159\u00ed\u010d\u00ed"},"content":{"rendered":"<p class=\"has-medium-font-size\"><strong>OTEV\u0158ENO<\/strong><\/p>\n\n\n\n<p class=\"has-medium-font-size\"><strong>Za\u010d\u00edn\u00e1me 3. 9. 2025<\/strong><\/p>\n\n\n\n<p class=\"has-medium-font-size\">P\u0159ij\u010fte si prot\u00e1hnout t\u011blo po celodenn\u00edm sezen\u00ed v lavici, vyb\u00edt si zlost anebo zvedat t\u011b\u017ek\u00e9 v\u00e1hy.<\/p>\n\n\n\n<p class=\"has-medium-font-size\">Fitko mohou nav\u0161t\u011bvovat po\u0159\u00ed\u010d\u0161t\u00ed i hronov\u0161t\u00ed \u017e\u00e1ci SP\u0160OW.<\/p>\n\n\n\n<p class=\"has-medium-font-size\">Pond\u011bl\u00ed\u2013\u010dtvrtek od 14:30 do 16:00 hodin, Velk\u00e9 Po\u0159\u00ed\u010d\u00ed.<\/p>\n\n\n\n<p class=\"has-medium-font-size\">Pod veden\u00edm zku\u0161en\u00fdch tren\u00e9r\u016f Davida Bala\u0161e a Daniela Bohuslava (tel.: 702 269 799, 727 841 859).<\/p>\n\n\n\n<figure class=\"wp-block-gallery has-nested-images columns-default is-cropped wp-block-gallery-1 is-layout-flex wp-block-gallery-is-layout-flex\">\n<figure class=\"wp-block-image size-large\"><a href=\"https:\/\/spsow.cz\/wp-content\/uploads\/2024\/07\/20230403_144036.jpg\"><img loading=\"lazy\" decoding=\"async\" width=\"1024\" height=\"768\" data-id=\"7858\" src=\"https:\/\/spsow.cz\/wp-content\/uploads\/2024\/07\/20230403_144036-1024x768.jpg\" alt=\"\" class=\"wp-image-7858\" srcset=\"https:\/\/spsow.cz\/wp-content\/uploads\/2024\/07\/20230403_144036-1024x768.jpg 1024w, https:\/\/spsow.cz\/wp-content\/uploads\/2024\/07\/20230403_144036-300x225.jpg 300w, https:\/\/spsow.cz\/wp-content\/uploads\/2024\/07\/20230403_144036-768x576.jpg 768w, https:\/\/spsow.cz\/wp-content\/uploads\/2024\/07\/20230403_144036-1536x1152.jpg 1536w, https:\/\/spsow.cz\/wp-content\/uploads\/2024\/07\/20230403_144036-16x12.jpg 16w, https:\/\/spsow.cz\/wp-content\/uploads\/2024\/07\/20230403_144036.jpg 1920w\" sizes=\"auto, (max-width: 1024px) 100vw, 1024px\" \/><\/a><\/figure>\n\n\n\n<figure class=\"wp-block-image size-large\"><a href=\"https:\/\/spsow.cz\/wp-content\/uploads\/2024\/07\/20230403_144108-1024x768.jpg\"><img loading=\"lazy\" decoding=\"async\" width=\"1024\" height=\"768\" data-id=\"7851\" src=\"https:\/\/spsow.cz\/wp-content\/uploads\/2024\/07\/20230403_144108-1024x768.jpg\" alt=\"\" class=\"wp-image-7851\" srcset=\"https:\/\/spsow.cz\/wp-content\/uploads\/2024\/07\/20230403_144108-1024x768.jpg 1024w, https:\/\/spsow.cz\/wp-content\/uploads\/2024\/07\/20230403_144108-300x225.jpg 300w, https:\/\/spsow.cz\/wp-content\/uploads\/2024\/07\/20230403_144108-768x576.jpg 768w, https:\/\/spsow.cz\/wp-content\/uploads\/2024\/07\/20230403_144108-1536x1152.jpg 1536w, https:\/\/spsow.cz\/wp-content\/uploads\/2024\/07\/20230403_144108-16x12.jpg 16w, https:\/\/spsow.cz\/wp-content\/uploads\/2024\/07\/20230403_144108.jpg 1920w\" sizes=\"auto, (max-width: 1024px) 100vw, 1024px\" \/><\/a><\/figure>\n\n\n\n<figure class=\"wp-block-image size-large\"><a href=\"https:\/\/spsow.cz\/wp-content\/uploads\/2024\/07\/20230403_144120-1024x768.jpg\"><img loading=\"lazy\" decoding=\"async\" width=\"1024\" height=\"768\" data-id=\"7855\" src=\"https:\/\/spsow.cz\/wp-content\/uploads\/2024\/07\/20230403_144120-1024x768.jpg\" alt=\"\" class=\"wp-image-7855\" srcset=\"https:\/\/spsow.cz\/wp-content\/uploads\/2024\/07\/20230403_144120-1024x768.jpg 1024w, https:\/\/spsow.cz\/wp-content\/uploads\/2024\/07\/20230403_144120-300x225.jpg 300w, https:\/\/spsow.cz\/wp-content\/uploads\/2024\/07\/20230403_144120-768x576.jpg 768w, https:\/\/spsow.cz\/wp-content\/uploads\/2024\/07\/20230403_144120-1536x1152.jpg 1536w, https:\/\/spsow.cz\/wp-content\/uploads\/2024\/07\/20230403_144120-16x12.jpg 16w, https:\/\/spsow.cz\/wp-content\/uploads\/2024\/07\/20230403_144120.jpg 1920w\" sizes=\"auto, (max-width: 1024px) 100vw, 1024px\" \/><\/a><\/figure>\n\n\n\n<figure class=\"wp-block-image size-large\"><a href=\"https:\/\/spsow.cz\/wp-content\/uploads\/2024\/07\/20230403_144210-1024x768.jpg\"><img loading=\"lazy\" decoding=\"async\" width=\"1024\" height=\"768\" data-id=\"7856\" src=\"https:\/\/spsow.cz\/wp-content\/uploads\/2024\/07\/20230403_144210-1024x768.jpg\" alt=\"\" class=\"wp-image-7856\" srcset=\"https:\/\/spsow.cz\/wp-content\/uploads\/2024\/07\/20230403_144210-1024x768.jpg 1024w, https:\/\/spsow.cz\/wp-content\/uploads\/2024\/07\/20230403_144210-300x225.jpg 300w, https:\/\/spsow.cz\/wp-content\/uploads\/2024\/07\/20230403_144210-768x576.jpg 768w, https:\/\/spsow.cz\/wp-content\/uploads\/2024\/07\/20230403_144210-1536x1152.jpg 1536w, https:\/\/spsow.cz\/wp-content\/uploads\/2024\/07\/20230403_144210-16x12.jpg 16w, https:\/\/spsow.cz\/wp-content\/uploads\/2024\/07\/20230403_144210.jpg 1920w\" sizes=\"auto, (max-width: 1024px) 100vw, 1024px\" \/><\/a><\/figure>\n\n\n\n<figure class=\"wp-block-image size-large\"><a href=\"https:\/\/spsow.cz\/wp-content\/uploads\/2024\/07\/20230403_144239-1024x768.jpg\"><img loading=\"lazy\" decoding=\"async\" width=\"1024\" height=\"768\" data-id=\"7852\" src=\"https:\/\/spsow.cz\/wp-content\/uploads\/2024\/07\/20230403_144239-1024x768.jpg\" alt=\"\" class=\"wp-image-7852\" srcset=\"https:\/\/spsow.cz\/wp-content\/uploads\/2024\/07\/20230403_144239-1024x768.jpg 1024w, https:\/\/spsow.cz\/wp-content\/uploads\/2024\/07\/20230403_144239-300x225.jpg 300w, https:\/\/spsow.cz\/wp-content\/uploads\/2024\/07\/20230403_144239-768x576.jpg 768w, https:\/\/spsow.cz\/wp-content\/uploads\/2024\/07\/20230403_144239-1536x1152.jpg 1536w, https:\/\/spsow.cz\/wp-content\/uploads\/2024\/07\/20230403_144239-16x12.jpg 16w, https:\/\/spsow.cz\/wp-content\/uploads\/2024\/07\/20230403_144239.jpg 1920w\" sizes=\"auto, (max-width: 1024px) 100vw, 1024px\" \/><\/a><\/figure>\n\n\n\n<figure class=\"wp-block-image size-large\"><a href=\"https:\/\/spsow.cz\/wp-content\/uploads\/2024\/07\/20230403_144312-1024x768.jpg\"><img loading=\"lazy\" decoding=\"async\" width=\"1024\" height=\"768\" data-id=\"7857\" src=\"https:\/\/spsow.cz\/wp-content\/uploads\/2024\/07\/20230403_144312-1024x768.jpg\" alt=\"\" class=\"wp-image-7857\" srcset=\"https:\/\/spsow.cz\/wp-content\/uploads\/2024\/07\/20230403_144312-1024x768.jpg 1024w, https:\/\/spsow.cz\/wp-content\/uploads\/2024\/07\/20230403_144312-300x225.jpg 300w, https:\/\/spsow.cz\/wp-content\/uploads\/2024\/07\/20230403_144312-768x576.jpg 768w, https:\/\/spsow.cz\/wp-content\/uploads\/2024\/07\/20230403_144312-1536x1152.jpg 1536w, https:\/\/spsow.cz\/wp-content\/uploads\/2024\/07\/20230403_144312-16x12.jpg 16w, https:\/\/spsow.cz\/wp-content\/uploads\/2024\/07\/20230403_144312.jpg 1920w\" sizes=\"auto, (max-width: 1024px) 100vw, 1024px\" \/><\/a><\/figure>\n\n\n\n<figure class=\"wp-block-image size-large\"><a href=\"https:\/\/spsow.cz\/wp-content\/uploads\/2024\/07\/20230403_144431.jpg\"><img loading=\"lazy\" decoding=\"async\" width=\"1024\" height=\"768\" data-id=\"7853\" src=\"https:\/\/spsow.cz\/wp-content\/uploads\/2024\/07\/20230403_144431-1024x768.jpg\" alt=\"\" class=\"wp-image-7853\" srcset=\"https:\/\/spsow.cz\/wp-content\/uploads\/2024\/07\/20230403_144431-1024x768.jpg 1024w, https:\/\/spsow.cz\/wp-content\/uploads\/2024\/07\/20230403_144431-300x225.jpg 300w, https:\/\/spsow.cz\/wp-content\/uploads\/2024\/07\/20230403_144431-768x576.jpg 768w, https:\/\/spsow.cz\/wp-content\/uploads\/2024\/07\/20230403_144431-1536x1152.jpg 1536w, https:\/\/spsow.cz\/wp-content\/uploads\/2024\/07\/20230403_144431-16x12.jpg 16w, https:\/\/spsow.cz\/wp-content\/uploads\/2024\/07\/20230403_144431.jpg 1920w\" sizes=\"auto, (max-width: 1024px) 100vw, 1024px\" \/><\/a><\/figure>\n\n\n\n<figure class=\"wp-block-image size-large\"><a href=\"https:\/\/spsow.cz\/wp-content\/uploads\/2024\/07\/20230403_144447.jpg\"><img loading=\"lazy\" decoding=\"async\" width=\"1024\" height=\"768\" data-id=\"7859\" src=\"https:\/\/spsow.cz\/wp-content\/uploads\/2024\/07\/20230403_144447-1024x768.jpg\" alt=\"\" class=\"wp-image-7859\" srcset=\"https:\/\/spsow.cz\/wp-content\/uploads\/2024\/07\/20230403_144447-1024x768.jpg 1024w, https:\/\/spsow.cz\/wp-content\/uploads\/2024\/07\/20230403_144447-300x225.jpg 300w, https:\/\/spsow.cz\/wp-content\/uploads\/2024\/07\/20230403_144447-768x576.jpg 768w, https:\/\/spsow.cz\/wp-content\/uploads\/2024\/07\/20230403_144447-1536x1152.jpg 1536w, https:\/\/spsow.cz\/wp-content\/uploads\/2024\/07\/20230403_144447-16x12.jpg 16w, https:\/\/spsow.cz\/wp-content\/uploads\/2024\/07\/20230403_144447.jpg 1920w\" sizes=\"auto, (max-width: 1024px) 100vw, 1024px\" \/><\/a><\/figure>\n\n\n\n<figure class=\"wp-block-image size-large\"><a href=\"https:\/\/spsow.cz\/wp-content\/uploads\/2024\/07\/20230403_144515.jpg\"><img loading=\"lazy\" decoding=\"async\" width=\"1024\" height=\"768\" data-id=\"7854\" src=\"https:\/\/spsow.cz\/wp-content\/uploads\/2024\/07\/20230403_144515-1024x768.jpg\" alt=\"\" class=\"wp-image-7854\" srcset=\"https:\/\/spsow.cz\/wp-content\/uploads\/2024\/07\/20230403_144515-1024x768.jpg 1024w, https:\/\/spsow.cz\/wp-content\/uploads\/2024\/07\/20230403_144515-300x225.jpg 300w, https:\/\/spsow.cz\/wp-content\/uploads\/2024\/07\/20230403_144515-768x576.jpg 768w, https:\/\/spsow.cz\/wp-content\/uploads\/2024\/07\/20230403_144515-1536x1152.jpg 1536w, https:\/\/spsow.cz\/wp-content\/uploads\/2024\/07\/20230403_144515-16x12.jpg 16w, https:\/\/spsow.cz\/wp-content\/uploads\/2024\/07\/20230403_144515.jpg 1920w\" sizes=\"auto, (max-width: 1024px) 100vw, 1024px\" \/><\/a><\/figure>\n\n\n\n<figure class=\"wp-block-image size-large\"><a href=\"https:\/\/spsow.cz\/wp-content\/uploads\/2024\/07\/20230403_144556.jpg\"><img loading=\"lazy\" decoding=\"async\" width=\"1024\" height=\"768\" data-id=\"7850\" src=\"https:\/\/spsow.cz\/wp-content\/uploads\/2024\/07\/20230403_144556-1024x768.jpg\" alt=\"\" class=\"wp-image-7850\" srcset=\"https:\/\/spsow.cz\/wp-content\/uploads\/2024\/07\/20230403_144556-1024x768.jpg 1024w, https:\/\/spsow.cz\/wp-content\/uploads\/2024\/07\/20230403_144556-300x225.jpg 300w, https:\/\/spsow.cz\/wp-content\/uploads\/2024\/07\/20230403_144556-768x576.jpg 768w, https:\/\/spsow.cz\/wp-content\/uploads\/2024\/07\/20230403_144556-1536x1152.jpg 1536w, https:\/\/spsow.cz\/wp-content\/uploads\/2024\/07\/20230403_144556-16x12.jpg 16w, https:\/\/spsow.cz\/wp-content\/uploads\/2024\/07\/20230403_144556.jpg 1920w\" sizes=\"auto, (max-width: 1024px) 100vw, 1024px\" \/><\/a><\/figure>\n<\/figure>\n\n\n\n<p><\/p>","protected":false},"excerpt":{"rendered":"<p>OTEV\u0158ENO Za\u010d\u00edn\u00e1me 3. 9. 2025 P\u0159ij\u010fte si prot\u00e1hnout t\u011blo po celodenn\u00edm sezen\u00ed v lavici, vyb\u00edt si zlost anebo zvedat t\u011b\u017ek\u00e9 v\u00e1hy. Fitko mohou nav\u0161t\u011bvovat po\u0159\u00ed\u010d\u0161t\u00ed i hronov\u0161t\u00ed \u017e\u00e1ci SP\u0160OW. Pond\u011bl\u00ed\u2013\u010dtvrtek od 14:30 do 16:00 hodin, Velk\u00e9 Po\u0159\u00ed\u010d\u00ed. Pod veden\u00edm zku\u0161en\u00fdch tren\u00e9r\u016f Davida Bala\u0161e a Daniela Bohuslava (tel.: 702 269 799, [&hellip;]<\/p>\n","protected":false},"author":3,"featured_media":0,"parent":0,"menu_order":0,"comment_status":"closed","ping_status":"closed","template":"","meta":{"footnotes":""},"class_list":["post-7849","page","type-page","status-publish","hentry"],"_links":{"self":[{"href":"https:\/\/spsow.cz\/en\/wp-json\/wp\/v2\/pages\/7849","targetHints":{"allow":["GET"]}}],"collection":[{"href":"https:\/\/spsow.cz\/en\/wp-json\/wp\/v2\/pages"}],"about":[{"href":"https:\/\/spsow.cz\/en\/wp-json\/wp\/v2\/types\/page"}],"author":[{"embeddable":true,"href":"https:\/\/spsow.cz\/en\/wp-json\/wp\/v2\/users\/3"}],"replies":[{"embeddable":true,"href":"https:\/\/spsow.cz\/en\/wp-json\/wp\/v2\/comments?post=7849"}],"version-history":[{"count":6,"href":"https:\/\/spsow.cz\/en\/wp-json\/wp\/v2\/pages\/7849\/revisions"}],"predecessor-version":[{"id":11973,"href":"https:\/\/spsow.cz\/en\/wp-json\/wp\/v2\/pages\/7849\/revisions\/11973"}],"wp:attachment":[{"href":"https:\/\/spsow.cz\/en\/wp-json\/wp\/v2\/media?parent=7849"}],"curies":[{"name":"wp","href":"https:\/\/api.w.org\/{rel}","templated":true}]}}