{"id":731,"date":"2023-03-17T10:49:11","date_gmt":"2023-03-17T09:49:11","guid":{"rendered":"http:\/\/192.168.1.208\/wordpress\/?page_id=731"},"modified":"2023-05-12T09:23:39","modified_gmt":"2023-05-12T07:23:39","slug":"skolni-karierni-poradce-vp","status":"publish","type":"page","link":"https:\/\/spsow.cz\/en\/skolni-karierni-poradce-vp\/","title":{"rendered":"\u0160koln\u00ed kari\u00e9rov\u00fd poradce"},"content":{"rendered":"<p class=\"has-medium-font-size\">\u0160koln\u00ed kari\u00e9rov\u00fd poradce pro<strong> Velk\u00e9 Po\u0159\u00ed\u010d\u00ed<\/strong><\/p>\n\n\n\n<p class=\"has-medium-font-size\"><strong>Ing. Simona Karl\u00edkov\u00e1<\/strong><br><br><strong>tel: <\/strong>733 505 301<br><strong>e-mail:<\/strong> karlikovas@spsow.cz<br><strong>adresa:<\/strong> N\u00e1chodsk\u00e1 241, 549 32 Velk\u00e9 Po\u0159\u00ed\u010d\u00ed<br><strong>konzulta\u010dn\u00ed hodiny:<\/strong> po p\u0159edchoz\u00ed domluv\u011b<\/p>\n\n\n\n<h2 class=\"has-medium-font-size wp-block-heading\">S \u010d\u00edm v\u00e1m m\u016f\u017ee kari\u00e9rov\u00fd poradce pomoci:<\/h2>\n\n\n\n<ul class=\"has-medium-font-size wp-block-list\">\n<li>p\u0159i hled\u00e1n\u00ed zam\u011bstn\u00e1n\u00ed, brig\u00e1d, pr\u00e1ce v zahrani\u010d\u00ed <\/li>\n\n\n\n<li>p\u0159i psan\u00ed \u017eivotopis\u016f a motiva\u010dn\u00edch dopis\u016f<\/li>\n\n\n\n<li>p\u0159i pod\u00e1v\u00e1n\u00ed a vypl\u0148ov\u00e1n\u00ed p\u0159ihl\u00e1\u0161ek na vysok\u00e9 \u0161koly<\/li>\n\n\n\n<li>p\u0159i v\u00fdb\u011bru povol\u00e1n\u00ed nebo dal\u0161\u00edho studia, roz\u0161\u00ed\u0159en\u00ed kvalifikace<\/li>\n<\/ul>","protected":false},"excerpt":{"rendered":"<p>\u0160koln\u00ed kari\u00e9rov\u00fd poradce pro Velk\u00e9 Po\u0159\u00ed\u010d\u00ed Ing. Simona Karl\u00edkov\u00e1 tel: 733 505 301e-mail: karlikovas@spsow.czadresa: N\u00e1chodsk\u00e1 241, 549 32 Velk\u00e9 Po\u0159\u00ed\u010d\u00edkonzulta\u010dn\u00ed hodiny: po p\u0159edchoz\u00ed domluv\u011b S \u010d\u00edm v\u00e1m m\u016f\u017ee kari\u00e9rov\u00fd poradce pomoci:<\/p>","protected":false},"author":1,"featured_media":0,"parent":0,"menu_order":0,"comment_status":"closed","ping_status":"closed","template":"","meta":{"footnotes":""},"class_list":["post-731","page","type-page","status-publish","hentry"],"_links":{"self":[{"href":"https:\/\/spsow.cz\/en\/wp-json\/wp\/v2\/pages\/731","targetHints":{"allow":["GET"]}}],"collection":[{"href":"https:\/\/spsow.cz\/en\/wp-json\/wp\/v2\/pages"}],"about":[{"href":"https:\/\/spsow.cz\/en\/wp-json\/wp\/v2\/types\/page"}],"author":[{"embeddable":true,"href":"https:\/\/spsow.cz\/en\/wp-json\/wp\/v2\/users\/1"}],"replies":[{"embeddable":true,"href":"https:\/\/spsow.cz\/en\/wp-json\/wp\/v2\/comments?post=731"}],"version-history":[{"count":5,"href":"https:\/\/spsow.cz\/en\/wp-json\/wp\/v2\/pages\/731\/revisions"}],"predecessor-version":[{"id":1828,"href":"https:\/\/spsow.cz\/en\/wp-json\/wp\/v2\/pages\/731\/revisions\/1828"}],"wp:attachment":[{"href":"https:\/\/spsow.cz\/en\/wp-json\/wp\/v2\/media?parent=731"}],"curies":[{"name":"wp","href":"https:\/\/api.w.org\/{rel}","templated":true}]}}