{"id":726,"date":"2023-03-17T10:44:31","date_gmt":"2023-03-17T09:44:31","guid":{"rendered":"http:\/\/192.168.1.208\/wordpress\/?page_id=726"},"modified":"2026-02-16T08:33:35","modified_gmt":"2026-02-16T07:33:35","slug":"metodik-prevence-vp","status":"publish","type":"page","link":"https:\/\/spsow.cz\/en\/metodik-prevence-vp\/","title":{"rendered":"Metodik prevence"},"content":{"rendered":"<p class=\"has-medium-font-size\">Metodik prevence pro <strong>Velk\u00e9 Po\u0159\u00ed\u010d\u00ed<\/strong><\/p>\n\n\n\n<p class=\"has-medium-font-size\"><strong>Mgr. Zuzana Kov\u00e1\u0159ov\u00e1<\/strong><br><strong>e-mail:<\/strong> kovarovaz@spsow.cz<br><strong>konzulta\u010dn\u00ed hodiny:<\/strong> kdykoliv po&nbsp;p\u0159edchoz\u00ed dohod\u011b<br><strong>adresa: <\/strong>N\u00e1chodsk\u00e1 241, 549 32 Velk\u00e9 Po\u0159\u00ed\u010d\u00ed, 1. patro<\/p>\n\n\n\n<p class=\"has-medium-font-size\">Minim\u00e1ln\u00ed preventivn\u00ed program je k&nbsp;nahl\u00e9dnut\u00ed na ka\u017ed\u00e9m pracovi\u0161ti.<\/p>\n\n\n\n<div class=\"wp-block-file\"><a id=\"wp-block-file--media-3683a35f-8896-4782-b4a6-1988d95606c5\" href=\"https:\/\/spsow.cz\/wp-content\/uploads\/2023\/03\/Cinnosti-skolniho-metodika-prevence-1.pdf\" target=\"_blank\" rel=\"noreferrer noopener\">\u010cinnosti \u0161koln\u00edho metodika prevence<\/a><\/div>\n\n\n\n<div class=\"wp-block-file\"><a id=\"wp-block-file--media-f63dc6d0-7573-4303-9515-07929014f097\" href=\"https:\/\/spsow.cz\/wp-content\/uploads\/2023\/11\/Krizovy-plan-prevence-2023-2024-1.pdf\" target=\"_blank\" rel=\"noreferrer noopener\">Krizov\u00fd pl\u00e1n prevence 2023\/2024<\/a><\/div>\n\n\n\n<div class=\"wp-block-file\"><a id=\"wp-block-file--media-be73d846-a61a-4b03-ba71-d2f65c786461\" href=\"https:\/\/spsow.cz\/wp-content\/uploads\/2023\/03\/Strategie-prevence-rizikoveho-chovani-1.pdf\" target=\"_blank\" rel=\"noreferrer noopener\">Strategie prevence rizikov\u00e9ho chov\u00e1n\u00ed<\/a><\/div>\n\n\n\n<div class=\"wp-block-file\"><a id=\"wp-block-file--media-00512f94-e161-470b-8246-59f2acce69fc\" href=\"https:\/\/spsow.cz\/wp-content\/uploads\/2023\/03\/Skolni-preventivni-strategie-1.pdf\" target=\"_blank\" rel=\"noreferrer noopener\">\u0160koln\u00ed preventivn\u00ed strategie<\/a><\/div>\n\n\n\n<div class=\"wp-block-file\"><a id=\"wp-block-file--media-795709ce-c5e4-4142-9799-f1c0a1217b5d\" href=\"https:\/\/spsow.cz\/wp-content\/uploads\/2023\/03\/Omlouvani-absence-3.pdf\" target=\"_blank\" rel=\"noreferrer noopener\">Omlouv\u00e1n\u00ed absence<\/a><\/div>\n\n\n\n<div style=\"height:34px\" aria-hidden=\"true\" class=\"wp-block-spacer\"><\/div>\n\n\n\n<p class=\"has-medium-font-size\"><strong>Prob\u011bhl\u00e9 p\u0159edn\u00e1\u0161ky<\/strong><\/p>\n\n\n\n<div class=\"wp-block-file\"><a id=\"wp-block-file--media-1c025839-d165-4511-a0ec-9ca23c21d8a8\" href=\"https:\/\/spsow.cz\/wp-content\/uploads\/2026\/02\/Rizika-kyberprostoru-2.-2.-2026.pdf\" target=\"_blank\" rel=\"noreferrer noopener\">Rizika kyberprostoru 2. 2. 2026<\/a><\/div>","protected":false},"excerpt":{"rendered":"<p>Metodik prevence pro Velk\u00e9 Po\u0159\u00ed\u010d\u00ed Mgr. Zuzana Kov\u00e1\u0159ov\u00e1e-mail: kovarovaz@spsow.czkonzulta\u010dn\u00ed hodiny: kdykoliv po&nbsp;p\u0159edchoz\u00ed dohod\u011badresa: N\u00e1chodsk\u00e1 241, 549 32 Velk\u00e9 Po\u0159\u00ed\u010d\u00ed, 1. patro Minim\u00e1ln\u00ed preventivn\u00ed program je k&nbsp;nahl\u00e9dnut\u00ed na ka\u017ed\u00e9m pracovi\u0161ti. Prob\u011bhl\u00e9 p\u0159edn\u00e1\u0161ky<\/p>","protected":false},"author":1,"featured_media":0,"parent":0,"menu_order":0,"comment_status":"closed","ping_status":"closed","template":"","meta":{"footnotes":""},"class_list":["post-726","page","type-page","status-publish","hentry"],"_links":{"self":[{"href":"https:\/\/spsow.cz\/en\/wp-json\/wp\/v2\/pages\/726","targetHints":{"allow":["GET"]}}],"collection":[{"href":"https:\/\/spsow.cz\/en\/wp-json\/wp\/v2\/pages"}],"about":[{"href":"https:\/\/spsow.cz\/en\/wp-json\/wp\/v2\/types\/page"}],"author":[{"embeddable":true,"href":"https:\/\/spsow.cz\/en\/wp-json\/wp\/v2\/users\/1"}],"replies":[{"embeddable":true,"href":"https:\/\/spsow.cz\/en\/wp-json\/wp\/v2\/comments?post=726"}],"version-history":[{"count":8,"href":"https:\/\/spsow.cz\/en\/wp-json\/wp\/v2\/pages\/726\/revisions"}],"predecessor-version":[{"id":14060,"href":"https:\/\/spsow.cz\/en\/wp-json\/wp\/v2\/pages\/726\/revisions\/14060"}],"wp:attachment":[{"href":"https:\/\/spsow.cz\/en\/wp-json\/wp\/v2\/media?parent=726"}],"curies":[{"name":"wp","href":"https:\/\/api.w.org\/{rel}","templated":true}]}}