{"id":7192,"date":"2024-06-13T14:06:16","date_gmt":"2024-06-13T12:06:16","guid":{"rendered":"https:\/\/spsow.cz\/?page_id=7192"},"modified":"2024-07-24T09:28:42","modified_gmt":"2024-07-24T07:28:42","slug":"wichterle-day-s-barunkou","status":"publish","type":"page","link":"https:\/\/spsow.cz\/en\/wichterle-day-s-barunkou\/","title":{"rendered":"WICHTERLE DAY S BARUNKOU"},"content":{"rendered":"<p class=\"has-medium-font-size\">Knihy pat\u0159\u00ed ke knihovn\u011b stejn\u011b jako ke \u0161kole. Tak pro\u010d tyto dva subjekty nepropojit v jedn\u00e9 akci. <\/p>\n\n\n\n<p class=\"has-medium-font-size\">Ve \u010dtvrtek <strong>26. z\u00e1\u0159\u00ed m\u00e1te v \u010cesk\u00e9 Skalici <\/strong>jedine\u010dnou mo\u017enost sezn\u00e1mit se v knihovn\u011b s maturitn\u00edmi a u\u010debn\u00edmi obory St\u0159edn\u00ed pr\u016fmyslov\u00e9 \u0161koly Otty Wichterleho z Hronova a Velk\u00e9ho Po\u0159\u00ed\u010d\u00ed, a to na akci s n\u00e1zvem WICHTERLE DAY S BARUNKOU.<\/p>\n\n\n\n<p class=\"has-medium-font-size\">T\u011b\u0161it se m\u016f\u017eete na uk\u00e1zky z virtu\u00e1ln\u00ed reality, 3D tisku, uvid\u00edte jak se potiskuj\u00ed tri\u010dka nebo hrnky, jak se \u0161ij\u00ed bro\u017ee, nebo se m\u016f\u017eete nechat u\u010desat \u010di se sezn\u00e1mit s principy elektrotechniky. Sv\u00e9 stojany rozlo\u017e\u00ed i na\u0161i um\u011blci a ur\u010dit\u011b v\u00e1s p\u0159ekvap\u00ed i prodejn\u00ed st\u00e1nek aran\u017e\u00e9rek. <\/p>\n\n\n\n<p class=\"has-medium-font-size\">kdy: <strong>\u010dtvrtek 26. z\u00e1\u0159\u00ed (9:00\u201316:00)<\/strong><\/p>\n\n\n\n<p class=\"has-medium-font-size\">kde: <strong>\u010cesk\u00e1 Skalice, Knihovna Barunky Panklov\u00e9 &#8211; venkovn\u00ed zahrada<\/strong> (v p\u0159\u00edpad\u011b nep\u0159\u00edzniv\u00e9ho po\u010das\u00ed v knihovn\u011b)<\/p>\n\n\n\n<p class=\"has-medium-font-size\"><strong>Program:<\/strong> <\/p>\n\n\n\n<ul class=\"has-medium-font-size wp-block-list\">\n<li>virtu\u00e1ln\u00ed realita<\/li>\n\n\n\n<li>3D tisk<\/li>\n\n\n\n<li>elektro koutek<\/li>\n\n\n\n<li>kade\u0159nick\u00fd salon<\/li>\n\n\n\n<li>tiska\u0159sk\u00e1 d\u00edlna<\/li>\n\n\n\n<li>n\u00e1vrh\u00e1\u0159stv\u00ed od\u011bv\u016f<\/li>\n\n\n\n<li>aran\u017e\u00e9rsk\u00fd st\u00e1nek<\/li>\n\n\n\n<li>v\u00fdstava fotografi\u00ed<\/li>\n\n\n\n<li>st\u00e1nek firmy Farmet a.s <br><\/li>\n\n\n\n<li>V\u0161e si budete moci prohl\u00e9dnout i vyzkou\u0161et.  <\/li>\n<\/ul>\n\n\n\n<p class=\"has-medium-font-size\">P\u0159ij\u010fte se na n\u00e1s pod\u00edvat a sezn\u00e1mit se s obory. Akce je ur\u010dena \u0161irok\u00e9 ve\u0159ejnosti, ale p\u0159edev\u0161\u00edm \u017e\u00e1k\u016fm 7., 8. a 9. t\u0159\u00edd z\u00e1kladn\u00edch \u0161kol a jejich rodi\u010d\u016fm.<br>T\u011b\u0161\u00edme se na v\u00e1s.<\/p>\n\n\n\n<p class=\"has-medium-font-size\">Partnery akce jsou: St\u0159edn\u00ed pr\u016fmyslov\u00e1 \u0161kola Otty Wichterleho, Knihovna Barunky Panklov\u00e9 \u010cesk\u00e1 Skalice a Farmet a.s.<\/p>\n\n\n\n<div class=\"wp-block-file\"><a id=\"wp-block-file--media-886ff100-a50e-40fe-8db3-7e1a9136fff1\" href=\"https:\/\/spsow.cz\/wp-content\/uploads\/2024\/06\/plakat-robot-BARUNKA-2024.pdf\" target=\"_blank\" rel=\"noreferrer noopener\">Plak\u00e1t<\/a><\/div>\n\n\n\n<figure class=\"wp-block-gallery has-nested-images columns-default is-cropped wp-block-gallery-1 is-layout-flex wp-block-gallery-is-layout-flex\">\n<figure class=\"wp-block-image size-large\"><a href=\"https:\/\/spsow.cz\/wp-content\/uploads\/2024\/06\/DSC8897.jpg\"><img loading=\"lazy\" decoding=\"async\" width=\"1024\" height=\"768\" data-id=\"7197\" src=\"https:\/\/spsow.cz\/wp-content\/uploads\/2024\/06\/DSC8897-1024x768.jpg\" alt=\"\" class=\"wp-image-7197\" srcset=\"https:\/\/spsow.cz\/wp-content\/uploads\/2024\/06\/DSC8897-1024x768.jpg 1024w, https:\/\/spsow.cz\/wp-content\/uploads\/2024\/06\/DSC8897-300x225.jpg 300w, https:\/\/spsow.cz\/wp-content\/uploads\/2024\/06\/DSC8897-768x576.jpg 768w, https:\/\/spsow.cz\/wp-content\/uploads\/2024\/06\/DSC8897-1536x1152.jpg 1536w, https:\/\/spsow.cz\/wp-content\/uploads\/2024\/06\/DSC8897-16x12.jpg 16w, https:\/\/spsow.cz\/wp-content\/uploads\/2024\/06\/DSC8897.jpg 1920w\" sizes=\"auto, (max-width: 1024px) 100vw, 1024px\" \/><\/a><\/figure>\n\n\n\n<figure class=\"wp-block-image size-large\"><a href=\"https:\/\/spsow.cz\/wp-content\/uploads\/2024\/06\/DSC8934.jpg\"><img loading=\"lazy\" decoding=\"async\" width=\"1024\" height=\"768\" data-id=\"7199\" src=\"https:\/\/spsow.cz\/wp-content\/uploads\/2024\/06\/DSC8934-1024x768.jpg\" alt=\"\" class=\"wp-image-7199\" srcset=\"https:\/\/spsow.cz\/wp-content\/uploads\/2024\/06\/DSC8934-1024x768.jpg 1024w, https:\/\/spsow.cz\/wp-content\/uploads\/2024\/06\/DSC8934-300x225.jpg 300w, https:\/\/spsow.cz\/wp-content\/uploads\/2024\/06\/DSC8934-768x576.jpg 768w, https:\/\/spsow.cz\/wp-content\/uploads\/2024\/06\/DSC8934-1536x1152.jpg 1536w, https:\/\/spsow.cz\/wp-content\/uploads\/2024\/06\/DSC8934-16x12.jpg 16w, https:\/\/spsow.cz\/wp-content\/uploads\/2024\/06\/DSC8934.jpg 1920w\" sizes=\"auto, (max-width: 1024px) 100vw, 1024px\" \/><\/a><\/figure>\n\n\n\n<figure class=\"wp-block-image size-large\"><a href=\"https:\/\/spsow.cz\/wp-content\/uploads\/2024\/06\/DSC8983.jpg\"><img loading=\"lazy\" decoding=\"async\" width=\"1024\" height=\"768\" data-id=\"7195\" src=\"https:\/\/spsow.cz\/wp-content\/uploads\/2024\/06\/DSC8983-1024x768.jpg\" alt=\"\" class=\"wp-image-7195\" srcset=\"https:\/\/spsow.cz\/wp-content\/uploads\/2024\/06\/DSC8983-1024x768.jpg 1024w, https:\/\/spsow.cz\/wp-content\/uploads\/2024\/06\/DSC8983-300x225.jpg 300w, https:\/\/spsow.cz\/wp-content\/uploads\/2024\/06\/DSC8983-768x576.jpg 768w, https:\/\/spsow.cz\/wp-content\/uploads\/2024\/06\/DSC8983-1536x1152.jpg 1536w, https:\/\/spsow.cz\/wp-content\/uploads\/2024\/06\/DSC8983-16x12.jpg 16w, https:\/\/spsow.cz\/wp-content\/uploads\/2024\/06\/DSC8983.jpg 1920w\" sizes=\"auto, (max-width: 1024px) 100vw, 1024px\" \/><\/a><\/figure>\n\n\n\n<figure class=\"wp-block-image size-large\"><a href=\"https:\/\/spsow.cz\/wp-content\/uploads\/2024\/06\/DSC8990.jpg\"><img loading=\"lazy\" decoding=\"async\" width=\"1024\" height=\"768\" data-id=\"7204\" src=\"https:\/\/spsow.cz\/wp-content\/uploads\/2024\/06\/DSC8990-1024x768.jpg\" alt=\"\" class=\"wp-image-7204\" srcset=\"https:\/\/spsow.cz\/wp-content\/uploads\/2024\/06\/DSC8990-1024x768.jpg 1024w, https:\/\/spsow.cz\/wp-content\/uploads\/2024\/06\/DSC8990-300x225.jpg 300w, https:\/\/spsow.cz\/wp-content\/uploads\/2024\/06\/DSC8990-768x576.jpg 768w, https:\/\/spsow.cz\/wp-content\/uploads\/2024\/06\/DSC8990-1536x1152.jpg 1536w, https:\/\/spsow.cz\/wp-content\/uploads\/2024\/06\/DSC8990-16x12.jpg 16w, https:\/\/spsow.cz\/wp-content\/uploads\/2024\/06\/DSC8990.jpg 1920w\" sizes=\"auto, (max-width: 1024px) 100vw, 1024px\" \/><\/a><\/figure>\n\n\n\n<figure class=\"wp-block-image size-large\"><a href=\"https:\/\/spsow.cz\/wp-content\/uploads\/2024\/06\/DSC8997.jpg\"><img loading=\"lazy\" decoding=\"async\" width=\"1024\" height=\"768\" data-id=\"7196\" src=\"https:\/\/spsow.cz\/wp-content\/uploads\/2024\/06\/DSC8997-1024x768.jpg\" alt=\"\" class=\"wp-image-7196\" srcset=\"https:\/\/spsow.cz\/wp-content\/uploads\/2024\/06\/DSC8997-1024x768.jpg 1024w, https:\/\/spsow.cz\/wp-content\/uploads\/2024\/06\/DSC8997-300x225.jpg 300w, https:\/\/spsow.cz\/wp-content\/uploads\/2024\/06\/DSC8997-768x576.jpg 768w, https:\/\/spsow.cz\/wp-content\/uploads\/2024\/06\/DSC8997-1536x1152.jpg 1536w, https:\/\/spsow.cz\/wp-content\/uploads\/2024\/06\/DSC8997-16x12.jpg 16w, https:\/\/spsow.cz\/wp-content\/uploads\/2024\/06\/DSC8997.jpg 1920w\" sizes=\"auto, (max-width: 1024px) 100vw, 1024px\" \/><\/a><\/figure>\n\n\n\n<figure class=\"wp-block-image size-large\"><a href=\"https:\/\/spsow.cz\/wp-content\/uploads\/2024\/06\/DSC9002.jpg\"><img loading=\"lazy\" decoding=\"async\" width=\"1024\" height=\"768\" data-id=\"7203\" src=\"https:\/\/spsow.cz\/wp-content\/uploads\/2024\/06\/DSC9002-1024x768.jpg\" alt=\"\" class=\"wp-image-7203\" srcset=\"https:\/\/spsow.cz\/wp-content\/uploads\/2024\/06\/DSC9002-1024x768.jpg 1024w, https:\/\/spsow.cz\/wp-content\/uploads\/2024\/06\/DSC9002-300x225.jpg 300w, https:\/\/spsow.cz\/wp-content\/uploads\/2024\/06\/DSC9002-768x576.jpg 768w, https:\/\/spsow.cz\/wp-content\/uploads\/2024\/06\/DSC9002-1536x1152.jpg 1536w, https:\/\/spsow.cz\/wp-content\/uploads\/2024\/06\/DSC9002-16x12.jpg 16w, https:\/\/spsow.cz\/wp-content\/uploads\/2024\/06\/DSC9002.jpg 1920w\" sizes=\"auto, (max-width: 1024px) 100vw, 1024px\" \/><\/a><\/figure>\n\n\n\n<figure class=\"wp-block-image size-large\"><a href=\"https:\/\/spsow.cz\/wp-content\/uploads\/2024\/06\/DSC9045.jpg\"><img loading=\"lazy\" decoding=\"async\" width=\"1024\" height=\"768\" data-id=\"7200\" src=\"https:\/\/spsow.cz\/wp-content\/uploads\/2024\/06\/DSC9045-1024x768.jpg\" alt=\"\" class=\"wp-image-7200\" srcset=\"https:\/\/spsow.cz\/wp-content\/uploads\/2024\/06\/DSC9045-1024x768.jpg 1024w, https:\/\/spsow.cz\/wp-content\/uploads\/2024\/06\/DSC9045-300x225.jpg 300w, https:\/\/spsow.cz\/wp-content\/uploads\/2024\/06\/DSC9045-768x576.jpg 768w, https:\/\/spsow.cz\/wp-content\/uploads\/2024\/06\/DSC9045-1536x1152.jpg 1536w, https:\/\/spsow.cz\/wp-content\/uploads\/2024\/06\/DSC9045-16x12.jpg 16w, https:\/\/spsow.cz\/wp-content\/uploads\/2024\/06\/DSC9045.jpg 1920w\" sizes=\"auto, (max-width: 1024px) 100vw, 1024px\" \/><\/a><\/figure>\n\n\n\n<figure class=\"wp-block-image size-large\"><a href=\"https:\/\/spsow.cz\/wp-content\/uploads\/2024\/06\/DSC9046.jpg\"><img loading=\"lazy\" decoding=\"async\" width=\"1024\" height=\"768\" data-id=\"7202\" src=\"https:\/\/spsow.cz\/wp-content\/uploads\/2024\/06\/DSC9046-1024x768.jpg\" alt=\"\" class=\"wp-image-7202\" srcset=\"https:\/\/spsow.cz\/wp-content\/uploads\/2024\/06\/DSC9046-1024x768.jpg 1024w, https:\/\/spsow.cz\/wp-content\/uploads\/2024\/06\/DSC9046-300x225.jpg 300w, https:\/\/spsow.cz\/wp-content\/uploads\/2024\/06\/DSC9046-768x576.jpg 768w, https:\/\/spsow.cz\/wp-content\/uploads\/2024\/06\/DSC9046-1536x1152.jpg 1536w, https:\/\/spsow.cz\/wp-content\/uploads\/2024\/06\/DSC9046-16x12.jpg 16w, https:\/\/spsow.cz\/wp-content\/uploads\/2024\/06\/DSC9046.jpg 1920w\" sizes=\"auto, (max-width: 1024px) 100vw, 1024px\" \/><\/a><\/figure>\n\n\n\n<figure class=\"wp-block-image size-large\"><a href=\"https:\/\/spsow.cz\/wp-content\/uploads\/2024\/06\/DSC9075.jpg\"><img loading=\"lazy\" decoding=\"async\" width=\"1024\" height=\"768\" data-id=\"7198\" src=\"https:\/\/spsow.cz\/wp-content\/uploads\/2024\/06\/DSC9075-1024x768.jpg\" alt=\"\" class=\"wp-image-7198\" srcset=\"https:\/\/spsow.cz\/wp-content\/uploads\/2024\/06\/DSC9075-1024x768.jpg 1024w, https:\/\/spsow.cz\/wp-content\/uploads\/2024\/06\/DSC9075-300x225.jpg 300w, https:\/\/spsow.cz\/wp-content\/uploads\/2024\/06\/DSC9075-768x576.jpg 768w, https:\/\/spsow.cz\/wp-content\/uploads\/2024\/06\/DSC9075-1536x1152.jpg 1536w, https:\/\/spsow.cz\/wp-content\/uploads\/2024\/06\/DSC9075-16x12.jpg 16w, https:\/\/spsow.cz\/wp-content\/uploads\/2024\/06\/DSC9075.jpg 1920w\" sizes=\"auto, (max-width: 1024px) 100vw, 1024px\" \/><\/a><\/figure>\n\n\n\n<figure class=\"wp-block-image size-large\"><a href=\"https:\/\/spsow.cz\/wp-content\/uploads\/2024\/06\/DSC9086.jpg\"><img loading=\"lazy\" decoding=\"async\" width=\"1024\" height=\"768\" data-id=\"7205\" src=\"https:\/\/spsow.cz\/wp-content\/uploads\/2024\/06\/DSC9086-1024x768.jpg\" alt=\"\" class=\"wp-image-7205\" srcset=\"https:\/\/spsow.cz\/wp-content\/uploads\/2024\/06\/DSC9086-1024x768.jpg 1024w, https:\/\/spsow.cz\/wp-content\/uploads\/2024\/06\/DSC9086-300x225.jpg 300w, https:\/\/spsow.cz\/wp-content\/uploads\/2024\/06\/DSC9086-768x576.jpg 768w, https:\/\/spsow.cz\/wp-content\/uploads\/2024\/06\/DSC9086-1536x1152.jpg 1536w, https:\/\/spsow.cz\/wp-content\/uploads\/2024\/06\/DSC9086-16x12.jpg 16w, https:\/\/spsow.cz\/wp-content\/uploads\/2024\/06\/DSC9086.jpg 1920w\" sizes=\"auto, (max-width: 1024px) 100vw, 1024px\" \/><\/a><\/figure>\n\n\n\n<figure class=\"wp-block-image size-large\"><a href=\"https:\/\/spsow.cz\/wp-content\/uploads\/2024\/06\/DSC08333.jpg\"><img loading=\"lazy\" decoding=\"async\" width=\"683\" height=\"1024\" data-id=\"7201\" src=\"https:\/\/spsow.cz\/wp-content\/uploads\/2024\/06\/DSC08333-683x1024.jpg\" alt=\"\" class=\"wp-image-7201\" srcset=\"https:\/\/spsow.cz\/wp-content\/uploads\/2024\/06\/DSC08333-683x1024.jpg 683w, https:\/\/spsow.cz\/wp-content\/uploads\/2024\/06\/DSC08333-200x300.jpg 200w, https:\/\/spsow.cz\/wp-content\/uploads\/2024\/06\/DSC08333-768x1152.jpg 768w, https:\/\/spsow.cz\/wp-content\/uploads\/2024\/06\/DSC08333-1024x1536.jpg 1024w, https:\/\/spsow.cz\/wp-content\/uploads\/2024\/06\/DSC08333-8x12.jpg 8w, https:\/\/spsow.cz\/wp-content\/uploads\/2024\/06\/DSC08333.jpg 1280w\" sizes=\"auto, (max-width: 683px) 100vw, 683px\" \/><\/a><\/figure>\n<\/figure>\n\n\n\n<p class=\"has-medium-font-size\">Fotografie jsou z lo\u0148sk\u00e9ho ro\u010dn\u00edku, kter\u00fd se uskute\u010dnil v Hronov\u011b.<\/p>","protected":false},"excerpt":{"rendered":"<p>Knihy pat\u0159\u00ed ke knihovn\u011b stejn\u011b jako ke \u0161kole. Tak pro\u010d tyto dva subjekty nepropojit v jedn\u00e9 akci. Ve \u010dtvrtek 26. z\u00e1\u0159\u00ed m\u00e1te v \u010cesk\u00e9 Skalici jedine\u010dnou mo\u017enost sezn\u00e1mit se v knihovn\u011b s maturitn\u00edmi a u\u010debn\u00edmi obory St\u0159edn\u00ed pr\u016fmyslov\u00e9 \u0161koly Otty Wichterleho z Hronova a Velk\u00e9ho Po\u0159\u00ed\u010d\u00ed, a to na akci [&hellip;]<\/p>\n","protected":false},"author":3,"featured_media":7838,"parent":0,"menu_order":0,"comment_status":"closed","ping_status":"closed","template":"","meta":{"footnotes":""},"class_list":["post-7192","page","type-page","status-publish","has-post-thumbnail","hentry"],"_links":{"self":[{"href":"https:\/\/spsow.cz\/en\/wp-json\/wp\/v2\/pages\/7192","targetHints":{"allow":["GET"]}}],"collection":[{"href":"https:\/\/spsow.cz\/en\/wp-json\/wp\/v2\/pages"}],"about":[{"href":"https:\/\/spsow.cz\/en\/wp-json\/wp\/v2\/types\/page"}],"author":[{"embeddable":true,"href":"https:\/\/spsow.cz\/en\/wp-json\/wp\/v2\/users\/3"}],"replies":[{"embeddable":true,"href":"https:\/\/spsow.cz\/en\/wp-json\/wp\/v2\/comments?post=7192"}],"version-history":[{"count":6,"href":"https:\/\/spsow.cz\/en\/wp-json\/wp\/v2\/pages\/7192\/revisions"}],"predecessor-version":[{"id":7895,"href":"https:\/\/spsow.cz\/en\/wp-json\/wp\/v2\/pages\/7192\/revisions\/7895"}],"wp:featuredmedia":[{"embeddable":true,"href":"https:\/\/spsow.cz\/en\/wp-json\/wp\/v2\/media\/7838"}],"wp:attachment":[{"href":"https:\/\/spsow.cz\/en\/wp-json\/wp\/v2\/media?parent=7192"}],"curies":[{"name":"wp","href":"https:\/\/api.w.org\/{rel}","templated":true}]}}