{"id":715,"date":"2023-03-17T10:33:42","date_gmt":"2023-03-17T09:33:42","guid":{"rendered":"http:\/\/192.168.1.208\/wordpress\/?page_id=715"},"modified":"2023-06-22T13:31:52","modified_gmt":"2023-06-22T11:31:52","slug":"vychovny-poradce-vp","status":"publish","type":"page","link":"https:\/\/spsow.cz\/en\/vychovny-poradce-vp\/","title":{"rendered":"V\u00fdchovn\u00fd poradce"},"content":{"rendered":"<p class=\"has-medium-font-size\">V\u00fdchovn\u00fd poradce pro <strong>Velk\u00e9 Po\u0159\u00ed\u010d\u00ed<\/strong><\/p>\n\n\n\n<p class=\"has-medium-font-size\"><strong>Mgr. Petra Lantov\u00e1<\/strong><br><strong>e-mail:<\/strong> lantovap@spsow.cz<br><strong>konzulta\u010dn\u00ed hodiny:<\/strong> kdykoliv po&nbsp;p\u0159edchoz\u00ed dohod\u011b<br><strong>adresa:<\/strong> Velk\u00e9 Po\u0159\u00ed\u010d\u00ed, N\u00e1chodsk\u00e1 241, p\u0159\u00edzem\u00ed<\/p>\n\n\n\n<p class=\"has-medium-font-size\">Pl\u00e1n pr\u00e1ce v\u00fdchovn\u00e9ho poradce je k&nbsp;dispozici na ka\u017ed\u00e9m pracovi\u0161ti.<\/p>\n\n\n\n<div class=\"wp-block-file\"><a id=\"wp-block-file--media-7065705c-61f8-4561-8193-0e450ccc3404\" href=\"https:\/\/spsow.cz\/wp-content\/uploads\/2023\/03\/Cinnosti-vychovneho-poradce-1.pdf\" target=\"_blank\" rel=\"noreferrer noopener\">\u010cinnosti v\u00fdchovn\u00e9ho poradce<\/a><\/div>\n\n\n\n<div class=\"wp-block-file\"><a id=\"wp-block-file--media-edcf3d8b-c5ca-4301-b4c0-0983a0e883b5\" href=\"https:\/\/spsow.cz\/wp-content\/uploads\/2023\/03\/Skolni-poradenske-pracoviste-1.pdf\" target=\"_blank\" rel=\"noreferrer noopener\">\u0160koln\u00ed poradensk\u00e9 pracovi\u0161t\u011b<\/a><\/div>\n\n\n\n<div class=\"wp-block-file\"><a id=\"wp-block-file--media-3120aa5c-26a9-494b-8e6b-a0a268224f1f\" href=\"https:\/\/spsow.cz\/wp-content\/uploads\/2023\/03\/Program-poradenskych-sluzeb-1.pdf\" target=\"_blank\" rel=\"noreferrer noopener\">Program poradensk\u00fdch slu\u017eeb<\/a><\/div>\n\n\n\n<div class=\"wp-block-file\"><a id=\"wp-block-file--media-c0c3d0e4-c7d2-44e9-80ea-8ace0833eb1b\" href=\"https:\/\/spsow.cz\/wp-content\/uploads\/2023\/03\/Vzdelavani-zaku-s-SPU-a-zaku-nadanych-1.pdf\" target=\"_blank\" rel=\"noreferrer noopener\">Vzd\u011bl\u00e1v\u00e1n\u00ed \u017e\u00e1k\u016f s SPU a \u017e\u00e1k\u016f nadan\u00fdch<\/a><\/div>\n\n\n\n<div class=\"wp-block-file\"><a id=\"wp-block-file--media-69edd1d0-8be2-4f97-aaed-4048719afa1e\" href=\"https:\/\/spsow.cz\/wp-content\/uploads\/2023\/03\/Omlouvani-absence-2.pdf\" target=\"_blank\" rel=\"noreferrer noopener\">Omlouv\u00e1n\u00ed absence<\/a><\/div>\n\n\n\n<h6 class=\"has-medium-font-size wp-block-heading\">Pedagogicko-psychologick\u00e1 poradna<\/h6>\n\n\n\n<p class=\"has-medium-font-size\"><a href=\"https:\/\/www.poradenstvikhk.cz\/\" data-type=\"URL\" data-id=\"https:\/\/www.poradenstvikhk.cz\/\">https:\/\/www.poradenstvikhk.cz<\/a><\/p>\n\n\n\n<div class=\"wp-block-file\"><a id=\"wp-block-file--media-7c6f4c97-3e37-44e6-b9ae-37d5e112530a\" href=\"https:\/\/spsow.cz\/wp-content\/uploads\/2023\/03\/Standardni-nabidka-sluzeb-PPP.png\" target=\"_blank\" rel=\"noreferrer noopener\">Standardn\u00ed nab\u00eddka slu\u017eeb PPP<\/a><\/div>\n\n\n\n<div class=\"wp-block-file\"><a id=\"wp-block-file--media-a1d0079e-026a-44a7-a9bc-06f14a98de23\" href=\"https:\/\/spsow.cz\/wp-content\/uploads\/2023\/03\/Infogragika-pro-rodice.png\" target=\"_blank\" rel=\"noreferrer noopener\">Infografika pro rodi\u010de<\/a><\/div>\n\n\n\n<div class=\"wp-block-file\"><a id=\"wp-block-file--media-197b6ac5-74c8-4bbd-8b30-c09af222aaaa\" href=\"https:\/\/spsow.cz\/wp-content\/uploads\/2023\/03\/Infografika-pro-pedagogy.png\" target=\"_blank\" rel=\"noreferrer noopener\">Infografika pro pedagogy<\/a><\/div>","protected":false},"excerpt":{"rendered":"<p>V\u00fdchovn\u00fd poradce pro Velk\u00e9 Po\u0159\u00ed\u010d\u00ed Mgr. Petra Lantov\u00e1e-mail: lantovap@spsow.czkonzulta\u010dn\u00ed hodiny: kdykoliv po&nbsp;p\u0159edchoz\u00ed dohod\u011badresa: Velk\u00e9 Po\u0159\u00ed\u010d\u00ed, N\u00e1chodsk\u00e1 241, p\u0159\u00edzem\u00ed Pl\u00e1n pr\u00e1ce v\u00fdchovn\u00e9ho poradce je k&nbsp;dispozici na ka\u017ed\u00e9m pracovi\u0161ti. Pedagogicko-psychologick\u00e1 poradna https:\/\/www.poradenstvikhk.cz<\/p>","protected":false},"author":1,"featured_media":0,"parent":0,"menu_order":0,"comment_status":"closed","ping_status":"closed","template":"","meta":{"footnotes":""},"class_list":["post-715","page","type-page","status-publish","hentry"],"_links":{"self":[{"href":"https:\/\/spsow.cz\/en\/wp-json\/wp\/v2\/pages\/715","targetHints":{"allow":["GET"]}}],"collection":[{"href":"https:\/\/spsow.cz\/en\/wp-json\/wp\/v2\/pages"}],"about":[{"href":"https:\/\/spsow.cz\/en\/wp-json\/wp\/v2\/types\/page"}],"author":[{"embeddable":true,"href":"https:\/\/spsow.cz\/en\/wp-json\/wp\/v2\/users\/1"}],"replies":[{"embeddable":true,"href":"https:\/\/spsow.cz\/en\/wp-json\/wp\/v2\/comments?post=715"}],"version-history":[{"count":5,"href":"https:\/\/spsow.cz\/en\/wp-json\/wp\/v2\/pages\/715\/revisions"}],"predecessor-version":[{"id":3012,"href":"https:\/\/spsow.cz\/en\/wp-json\/wp\/v2\/pages\/715\/revisions\/3012"}],"wp:attachment":[{"href":"https:\/\/spsow.cz\/en\/wp-json\/wp\/v2\/media?parent=715"}],"curies":[{"name":"wp","href":"https:\/\/api.w.org\/{rel}","templated":true}]}}