{"id":712,"date":"2023-03-17T10:32:16","date_gmt":"2023-03-17T09:32:16","guid":{"rendered":"http:\/\/192.168.1.208\/wordpress\/?page_id=712"},"modified":"2025-09-05T13:47:44","modified_gmt":"2025-09-05T11:47:44","slug":"skolni-psycholog-vp","status":"publish","type":"page","link":"https:\/\/spsow.cz\/en\/skolni-psycholog-vp\/","title":{"rendered":"\u0160koln\u00ed psycholog"},"content":{"rendered":"<p class=\"has-medium-font-size\">I v leto\u0161n\u00edm \u0161koln\u00edm roce m\u016f\u017eete v SP\u0160OW vyu\u017e\u00edvat slu\u017eeb \u0161koln\u00edho psychologa, respektive pan\u00ed psycholo\u017eky. Otev\u0159ena je probl\u00e9m\u016fm po\u0159\u00ed\u010dsk\u00fdch i hronovsk\u00fdch \u017e\u00e1k\u016f. <br><\/p>\n\n\n\n<p class=\"has-medium-font-size\">Ve Velk\u00e9m Po\u0159\u00ed\u010d\u00ed ji pravideln\u011b najdete &#8211; pond\u011bl\u00ed 8:00\u201314:00 a st\u0159edy 8:00\u201311:30 hodin, hlavn\u00ed budova \u0161koly, p\u0159\u00edzem\u00ed.<\/p>\n\n\n\n<p class=\"has-medium-font-size\">V Hronov\u011b nem\u00e1 pravideln\u00e9 hodiny, ale sch\u016fzku lze v hronovsk\u00e9 \u0161kole zajistit. Jen je t\u0159eba se domluvit p\u0159edem.<\/p>\n\n\n\n<p class=\"has-medium-font-size\">Sice doporu\u010dujeme p\u0159edchoz\u00ed domluvu term\u00ednu po\u00a0telefonu nebo mailem, ale nen\u00ed to nutn\u00e9. M\u016f\u017eete dorazit spont\u00e1nn\u011b.<br>Nebojte se na ni obr\u00e1tit se sv\u00fdmi probl\u00e9my. Probl\u00e9m neznamen\u00e1 konec.<\/p>\n\n\n\n<div style=\"height:34px\" aria-hidden=\"true\" class=\"wp-block-spacer\"><\/div>\n\n\n\n<h2 class=\"wp-block-heading has-large-font-size\" style=\"text-transform:none\">Kontaktn\u00ed informace<\/h2>\n\n\n\n<p class=\"has-medium-font-size\"><strong>Mgr. Petra Fettersov\u00e1<\/strong><br><strong>tel:<\/strong> 601&nbsp;084&nbsp;735<br><strong>e-mail:<\/strong>&nbsp;<a href=\"mailto:psycholog@spsow.cz\" target=\"_blank\" rel=\"noreferrer noopener\">psycholog@spsow.cz<\/a><br><strong>adresa:<\/strong> Velk\u00e9 Po\u0159\u00ed\u010d\u00ed \u2013 hlavn\u00ed budova \u0161koly, p\u0159\u00edzem\u00ed<br><strong>v&nbsp;kancel\u00e1\u0159i ve VP p\u0159\u00edtomna: <\/strong>pond\u011bl\u00ed 8:00\u201314:00 hod a st\u0159edy 8:00\u201311:30 hodin (\u010das lze domluvit)<\/p>\n\n\n\n<div style=\"height:14px\" aria-hidden=\"true\" class=\"wp-block-spacer\"><\/div>\n\n\n\n<p class=\"has-medium-font-size\"><strong>\u010cl\u00e1nky:<\/strong><\/p>\n\n\n\n<div class=\"wp-block-file\"><a id=\"wp-block-file--media-72c19469-7a94-4c13-b97e-e35eca520775\" href=\"https:\/\/spsow.cz\/wp-content\/uploads\/2025\/09\/Rozhovor-s-psycholozkou.pdf\" target=\"_blank\" rel=\"noreferrer noopener\">Probl\u00e9m nerovn\u00e1 se konec &#8211; rozhovor s psycholo\u017ekou<\/a><\/div>\n\n\n\n<div class=\"wp-block-file\"><a id=\"wp-block-file--media-315a5d57-b505-46a8-b5d7-4d8a902feae9\" href=\"https:\/\/spsow.cz\/wp-content\/uploads\/2024\/10\/Zavislost.pdf\" target=\"_blank\" rel=\"noreferrer noopener\">Z\u00e1vislost<\/a><\/div>","protected":false},"excerpt":{"rendered":"<p>I v leto\u0161n\u00edm \u0161koln\u00edm roce m\u016f\u017eete v SP\u0160OW vyu\u017e\u00edvat slu\u017eeb \u0161koln\u00edho psychologa, respektive pan\u00ed psycholo\u017eky. Otev\u0159ena je probl\u00e9m\u016fm po\u0159\u00ed\u010dsk\u00fdch i hronovsk\u00fdch \u017e\u00e1k\u016f. Ve Velk\u00e9m Po\u0159\u00ed\u010d\u00ed ji pravideln\u011b najdete &#8211; pond\u011bl\u00ed 8:00\u201314:00 a st\u0159edy 8:00\u201311:30 hodin, hlavn\u00ed budova \u0161koly, p\u0159\u00edzem\u00ed. V Hronov\u011b nem\u00e1 pravideln\u00e9 hodiny, ale sch\u016fzku lze v hronovsk\u00e9 \u0161kole [&hellip;]<\/p>\n","protected":false},"author":1,"featured_media":0,"parent":0,"menu_order":0,"comment_status":"closed","ping_status":"closed","template":"","meta":{"footnotes":""},"class_list":["post-712","page","type-page","status-publish","hentry"],"_links":{"self":[{"href":"https:\/\/spsow.cz\/en\/wp-json\/wp\/v2\/pages\/712","targetHints":{"allow":["GET"]}}],"collection":[{"href":"https:\/\/spsow.cz\/en\/wp-json\/wp\/v2\/pages"}],"about":[{"href":"https:\/\/spsow.cz\/en\/wp-json\/wp\/v2\/types\/page"}],"author":[{"embeddable":true,"href":"https:\/\/spsow.cz\/en\/wp-json\/wp\/v2\/users\/1"}],"replies":[{"embeddable":true,"href":"https:\/\/spsow.cz\/en\/wp-json\/wp\/v2\/comments?post=712"}],"version-history":[{"count":20,"href":"https:\/\/spsow.cz\/en\/wp-json\/wp\/v2\/pages\/712\/revisions"}],"predecessor-version":[{"id":12247,"href":"https:\/\/spsow.cz\/en\/wp-json\/wp\/v2\/pages\/712\/revisions\/12247"}],"wp:attachment":[{"href":"https:\/\/spsow.cz\/en\/wp-json\/wp\/v2\/media?parent=712"}],"curies":[{"name":"wp","href":"https:\/\/api.w.org\/{rel}","templated":true}]}}