{"id":6690,"date":"2024-05-06T14:15:56","date_gmt":"2024-05-06T12:15:56","guid":{"rendered":"https:\/\/spsow.cz\/?page_id=6690"},"modified":"2024-05-07T13:20:48","modified_gmt":"2024-05-07T11:20:48","slug":"kurzy-pro-verejnost","status":"publish","type":"page","link":"https:\/\/spsow.cz\/en\/kurzy-pro-verejnost\/","title":{"rendered":"Kurzy pro ve\u0159ejnost"},"content":{"rendered":"<div class=\"wp-block-columns is-layout-flex wp-container-core-columns-is-layout-9d6595d7 wp-block-columns-is-layout-flex\">\n<div class=\"wp-block-column div-obory has-white-color has-text-color has-background has-medium-font-size is-layout-flow wp-block-column-is-layout-flow\" style=\"background:linear-gradient(135deg,rgb(0,174,199) 0%,rgb(51,13,105) 100%)\">\n<div style=\"height:16px\" aria-hidden=\"true\" class=\"wp-block-spacer\"><\/div>\n\n\n\n<figure class=\"wp-block-image aligncenter size-full is-resized\"><img decoding=\"async\" src=\"https:\/\/spsow.cz\/wp-content\/uploads\/2024\/05\/typography-white.png\" alt=\"\" class=\"wp-image-5162\" style=\"width:64px;height:64px\"\/><\/figure>\n\n\n\n<div class=\"wp-block-buttons has-custom-font-size has-medium-font-size is-content-justification-center is-layout-flex wp-container-core-buttons-is-layout-e1485a7b wp-block-buttons-is-layout-flex\">\n<div class=\"wp-block-button has-custom-width wp-block-button__width-100 has-custom-font-size is-style-fill has-medium-font-size\"><a class=\"wp-block-button__link has-black-color has-white-background-color has-text-color has-background wp-element-button\" href=\"https:\/\/spsow.cz\/en\/kurz-typografie\/\" style=\"border-radius:0px\">Typografie<br>&nbsp;<\/a><\/div>\n<\/div>\n<\/div>\n\n\n\n<div class=\"wp-block-column div-obory has-background is-layout-flow wp-block-column-is-layout-flow\" style=\"background:linear-gradient(135deg,rgb(51,13,105) 0%,rgb(199,0,84) 100%)\">\n<div style=\"height:16px\" aria-hidden=\"true\" class=\"wp-block-spacer\"><\/div>\n\n\n\n<figure class=\"wp-block-image aligncenter size-full is-resized\"><img decoding=\"async\" src=\"https:\/\/spsow.cz\/wp-content\/uploads\/2024\/05\/plc-white.png\" alt=\"\" class=\"wp-image-5162\" style=\"width:64px;height:64px\"\/><\/figure>\n\n\n\n<div class=\"wp-block-buttons has-custom-font-size has-medium-font-size is-content-justification-center is-layout-flex wp-container-core-buttons-is-layout-e1485a7b wp-block-buttons-is-layout-flex\">\n<div class=\"wp-block-button has-custom-width wp-block-button__width-100 has-custom-font-size is-style-fill has-medium-font-size\"><a class=\"wp-block-button__link has-black-color has-white-background-color has-text-color has-background wp-element-button\" href=\"https:\/\/spsow.cz\/en\/programovani-plc-v-jazyce-fbd-st\/\" style=\"border-radius:0px\">Programov\u00e1n\u00ed PLC v&nbsp;jazyce FBD (ST)<\/a><\/div>\n<\/div>\n<\/div>\n\n\n\n<div class=\"wp-block-column div-obory has-background is-layout-flow wp-block-column-is-layout-flow\" style=\"background:linear-gradient(135deg,rgb(199,0,84) 2%,rgb(216,162,0) 97%)\">\n<div style=\"height:16px\" aria-hidden=\"true\" class=\"wp-block-spacer\"><\/div>\n\n\n\n<figure class=\"wp-block-image aligncenter size-full is-resized\"><img decoding=\"async\" src=\"https:\/\/spsow.cz\/wp-content\/uploads\/2023\/05\/laser-cutting-machine-white.png\" alt=\"\" class=\"wp-image-5162\" style=\"width:64px;height:64px\"\/><\/figure>\n\n\n\n<div class=\"wp-block-buttons has-custom-font-size has-medium-font-size is-content-justification-center is-layout-flex wp-container-core-buttons-is-layout-e1485a7b wp-block-buttons-is-layout-flex\">\n<div class=\"wp-block-button has-custom-width wp-block-button__width-100 has-custom-font-size is-style-fill has-medium-font-size\"><a class=\"wp-block-button__link has-black-color has-white-background-color has-text-color has-background wp-element-button\" href=\"https:\/\/spsow.cz\/en\/cnc-pro-zacatecniky-program-sinumerik\/\" style=\"border-radius:0px\">CNC pro za\u010d\u00e1te\u010dn\u00edky \u2013 program Sinumerik<\/a><\/div>\n<\/div>\n<\/div>\n<\/div>\n\n\n\n<div class=\"wp-block-columns is-layout-flex wp-container-core-columns-is-layout-9d6595d7 wp-block-columns-is-layout-flex\">\n<div class=\"wp-block-column div-obory has-white-color has-text-color has-background has-medium-font-size is-layout-flow wp-block-column-is-layout-flow\" style=\"background:linear-gradient(135deg,rgb(0,174,199) 0%,rgb(51,13,105) 100%)\">\n<div style=\"height:16px\" aria-hidden=\"true\" class=\"wp-block-spacer\"><\/div>\n\n\n\n<figure class=\"wp-block-image aligncenter size-full is-resized\"><img decoding=\"async\" src=\"https:\/\/spsow.cz\/wp-content\/uploads\/2024\/05\/python-white.png\" alt=\"\" class=\"wp-image-5162\" style=\"width:64px;height:64px\"\/><\/figure>\n\n\n\n<div class=\"wp-block-buttons has-custom-font-size has-medium-font-size is-content-justification-center is-layout-flex wp-container-core-buttons-is-layout-e1485a7b wp-block-buttons-is-layout-flex\">\n<div class=\"wp-block-button has-custom-width wp-block-button__width-100 has-custom-font-size is-style-fill has-medium-font-size\"><a class=\"wp-block-button__link has-black-color has-white-background-color has-text-color has-background wp-element-button\" href=\"https:\/\/spsow.cz\/en\/zaklady-programovani-v-jazyce-python\/\" style=\"border-radius:0px\">Z\u00e1klady programov\u00e1n\u00ed v&nbsp;jazyce Python<\/a><\/div>\n<\/div>\n<\/div>\n\n\n\n<div class=\"wp-block-column div-obory has-background is-layout-flow wp-block-column-is-layout-flow\" style=\"background:linear-gradient(135deg,rgb(51,13,105) 0%,rgb(199,0,84) 100%)\">\n<div style=\"height:16px\" aria-hidden=\"true\" class=\"wp-block-spacer\"><\/div>\n\n\n\n<figure class=\"wp-block-image aligncenter size-full is-resized\"><img decoding=\"async\" src=\"https:\/\/spsow.cz\/wp-content\/uploads\/2024\/05\/techdoc-white.png\" alt=\"\" class=\"wp-image-5162\" style=\"width:64px;height:64px\"\/><\/figure>\n\n\n\n<div class=\"wp-block-buttons has-custom-font-size has-medium-font-size is-content-justification-center is-layout-flex wp-container-core-buttons-is-layout-e1485a7b wp-block-buttons-is-layout-flex\">\n<div class=\"wp-block-button has-custom-width wp-block-button__width-100 has-custom-font-size is-style-fill has-medium-font-size\"><a class=\"wp-block-button__link has-black-color has-white-background-color has-text-color has-background wp-element-button\" href=\"https:\/\/spsow.cz\/en\/zaklady-technicke-dokumentace\/\" style=\"border-radius:0px\">Z\u00e1klady technick\u00e9<br>dokumentace<\/a><\/div>\n<\/div>\n<\/div>\n\n\n\n<div class=\"wp-block-column div-obory has-background is-layout-flow wp-block-column-is-layout-flow\" style=\"background:linear-gradient(135deg,rgb(199,0,84) 2%,rgb(216,162,0) 97%)\"><\/div>\n<\/div>","protected":false},"excerpt":{"rendered":"","protected":false},"author":1,"featured_media":0,"parent":0,"menu_order":0,"comment_status":"closed","ping_status":"closed","template":"","meta":{"footnotes":""},"class_list":["post-6690","page","type-page","status-publish","hentry"],"_links":{"self":[{"href":"https:\/\/spsow.cz\/en\/wp-json\/wp\/v2\/pages\/6690","targetHints":{"allow":["GET"]}}],"collection":[{"href":"https:\/\/spsow.cz\/en\/wp-json\/wp\/v2\/pages"}],"about":[{"href":"https:\/\/spsow.cz\/en\/wp-json\/wp\/v2\/types\/page"}],"author":[{"embeddable":true,"href":"https:\/\/spsow.cz\/en\/wp-json\/wp\/v2\/users\/1"}],"replies":[{"embeddable":true,"href":"https:\/\/spsow.cz\/en\/wp-json\/wp\/v2\/comments?post=6690"}],"version-history":[{"count":9,"href":"https:\/\/spsow.cz\/en\/wp-json\/wp\/v2\/pages\/6690\/revisions"}],"predecessor-version":[{"id":6712,"href":"https:\/\/spsow.cz\/en\/wp-json\/wp\/v2\/pages\/6690\/revisions\/6712"}],"wp:attachment":[{"href":"https:\/\/spsow.cz\/en\/wp-json\/wp\/v2\/media?parent=6690"}],"curies":[{"name":"wp","href":"https:\/\/api.w.org\/{rel}","templated":true}]}}