{"id":6679,"date":"2024-05-02T14:41:54","date_gmt":"2024-05-02T12:41:54","guid":{"rendered":"https:\/\/spsow.cz\/?page_id=6679"},"modified":"2026-03-16T08:01:21","modified_gmt":"2026-03-16T07:01:21","slug":"programovani-plc-v-jazyce-fbd-st","status":"publish","type":"page","link":"https:\/\/spsow.cz\/en\/programovani-plc-v-jazyce-fbd-st\/","title":{"rendered":"Programov\u00e1n\u00ed PLC v jazyce FBD (ST)"},"content":{"rendered":"<p class=\"has-medium-font-size\"><strong>Aktu\u00e1ln\u011b nab\u00edzen\u00fd term\u00edn: 25. + 26. 3. a 22. + 23. 4. 2026<\/strong><\/p>\n\n\n\n<p class=\"has-medium-font-size\"><\/p>\n\n\n\n<p class=\"has-medium-font-size\"><em>FBD = Function Block Diagram (jazyk funk\u010dn\u00edch blok\u016f)<\/em><\/p>\n\n\n\n<p class=\"has-medium-font-size\"><em>ST = Structured Text (jazyk strukturovan\u00e9ho textu)<\/em><\/p>\n\n\n\n<p class=\"has-medium-font-size\"><em>PLC = Programmable Logic Controler (pr\u016fmyslov\u00e9 automaty)<\/em><\/p>\n\n\n\n<p class=\"has-medium-font-size\"><strong>stru\u010dn\u00e1 osnova kurzu:<\/strong><\/p>\n\n\n\n<ul class=\"wp-block-list\">\n<li class=\"has-medium-font-size\">z\u00e1klady \u010d\u00edslicov\u00e9 techniky (logick\u00e9 hodnoty, logick\u00e9 funkce)<\/li>\n\n\n\n<li class=\"has-medium-font-size\">\u00favod do programov\u00e1n\u00ed podle normy IEC61131<\/li>\n\n\n\n<li class=\"has-medium-font-size\">sezn\u00e1men\u00ed s pr\u016fmyslov\u00fdm automatem TECOMAT FOXTROT a v\u00fdvojov\u00fdm prost\u0159ed\u00edm MOSAIC<\/li>\n\n\n\n<li class=\"has-medium-font-size\">kombina\u010dn\u00ed obvody<\/li>\n\n\n\n<li class=\"has-medium-font-size\">klopn\u00e9 obvody, \u010dasova\u010de, \u010d\u00edta\u010de<\/li>\n\n\n\n<li class=\"has-medium-font-size\">sekven\u010dn\u00ed obvody<\/li>\n\n\n\n<li class=\"has-medium-font-size\">z\u00e1v\u011bre\u010dn\u00fd projekt<\/li>\n\n\n\n<li class=\"has-medium-font-size\">v\u0161e dopln\u011bno p\u0159\u00edklady<\/li>\n\n\n\n<li class=\"has-medium-font-size\">jazyk ST &#8211; bonus nav\u00edc v p\u0159\u00edpad\u011b &#8222;uspo\u0159en\u00e9ho&#8220; \u010dasu<\/li>\n<\/ul>\n\n\n\n<p class=\"has-medium-font-size\"><strong>lektor:<\/strong> Ing. Petr Neumann<\/p>\n\n\n\n<p class=\"has-medium-font-size\"><strong>cena: <\/strong>7 000 K\u010d<\/p>\n\n\n\n<p class=\"has-medium-font-size\"><strong>po\u010det hodin kurzu:<\/strong> 20 (4\u00d75 hodin)<\/p>\n\n\n\n<p class=\"has-medium-font-size\"><strong>Rozpis hodin: <\/strong><br>25. 3. 2026 10:00\u201315:00<br>26. 3. 2026 10:00\u201315:00<br>22. 4. 2026 10:00\u201315:00<br>23. 4. 2026 10:00\u201315:00<br> <\/p>\n\n\n\n<p class=\"has-medium-font-size\"><strong>kde:<\/strong> budova hronovsk\u00e9 \u0161koly (Hostovsk\u00e9ho ul. 910, Hronov, u\u010debna 409)<\/p>\n\n\n\n<p class=\"has-medium-font-size\"><strong>parkov\u00e1n\u00ed:<\/strong> \u0161koln\u00ed dv\u016fr<\/p>\n\n\n\n<p class=\"has-medium-font-size\"><strong>p\u0159ihl\u00e1\u0161ky:<\/strong> Mark\u00e9ta Machov\u00e1, tel.: 702 269 240, machovam@spsow.cz<\/p>\n\n\n\n<p class=\"has-medium-font-size\"><strong>po\u010det \u00fa\u010dastn\u00edk\u016f:<\/strong> 3\u20138<\/p>\n\n\n\n<p class=\"has-medium-font-size\">V p\u0159\u00edpad\u011b p\u0159ihl\u00e1\u0161en\u00ed se a n\u00e1sledn\u00e9 nemo\u017enosti se z\u00fa\u010dastnit je t\u0159eba poslat n\u00e1hradn\u00ed osobu. \u010c\u00e1stka se nevrac\u00ed. V p\u0159\u00edpad\u011b zru\u0161en\u00ed kurzu z d\u016fvodu p\u0159ihl\u00e1\u0161en\u00ed se m\u00e9n\u011b \u00fa\u010dastn\u00edk\u016f, ne\u017e je stanoven\u00fd minim\u00e1ln\u00ed po\u010det k&nbsp;realizaci kurzu (3), se \u010d\u00e1stka vrac\u00ed.<\/p>\n\n\n\n<div class=\"wp-block-file\"><a id=\"wp-block-file--media-66d09776-d462-4ba0-ac6a-2c5a50757315\" href=\"https:\/\/spsow.cz\/wp-content\/uploads\/2026\/03\/Prihlaska-Programovani-PLC-v-jazyce-FBD.docx\" target=\"_blank\" rel=\"noreferrer noopener\">P\u0159ihl\u00e1\u0161ka<\/a><\/div>","protected":false},"excerpt":{"rendered":"<p>Aktu\u00e1ln\u011b nab\u00edzen\u00fd term\u00edn: 25. + 26. 3. a 22. + 23. 4. 2026 FBD = Function Block Diagram (jazyk funk\u010dn\u00edch blok\u016f) ST = Structured Text (jazyk strukturovan\u00e9ho textu) PLC = Programmable Logic Controler (pr\u016fmyslov\u00e9 automaty) stru\u010dn\u00e1 osnova kurzu: lektor: Ing. Petr Neumann cena: 7 000 K\u010d po\u010det hodin kurzu: 20 [&hellip;]<\/p>\n","protected":false},"author":3,"featured_media":0,"parent":0,"menu_order":0,"comment_status":"closed","ping_status":"closed","template":"","meta":{"footnotes":""},"class_list":["post-6679","page","type-page","status-publish","hentry"],"_links":{"self":[{"href":"https:\/\/spsow.cz\/en\/wp-json\/wp\/v2\/pages\/6679","targetHints":{"allow":["GET"]}}],"collection":[{"href":"https:\/\/spsow.cz\/en\/wp-json\/wp\/v2\/pages"}],"about":[{"href":"https:\/\/spsow.cz\/en\/wp-json\/wp\/v2\/types\/page"}],"author":[{"embeddable":true,"href":"https:\/\/spsow.cz\/en\/wp-json\/wp\/v2\/users\/3"}],"replies":[{"embeddable":true,"href":"https:\/\/spsow.cz\/en\/wp-json\/wp\/v2\/comments?post=6679"}],"version-history":[{"count":24,"href":"https:\/\/spsow.cz\/en\/wp-json\/wp\/v2\/pages\/6679\/revisions"}],"predecessor-version":[{"id":15026,"href":"https:\/\/spsow.cz\/en\/wp-json\/wp\/v2\/pages\/6679\/revisions\/15026"}],"wp:attachment":[{"href":"https:\/\/spsow.cz\/en\/wp-json\/wp\/v2\/media?parent=6679"}],"curies":[{"name":"wp","href":"https:\/\/api.w.org\/{rel}","templated":true}]}}