{"id":6677,"date":"2024-05-02T14:32:26","date_gmt":"2024-05-02T12:32:26","guid":{"rendered":"https:\/\/spsow.cz\/?page_id=6677"},"modified":"2025-07-09T11:59:36","modified_gmt":"2025-07-09T09:59:36","slug":"zaklady-programovani-v-jazyce-python","status":"publish","type":"page","link":"https:\/\/spsow.cz\/en\/zaklady-programovani-v-jazyce-python\/","title":{"rendered":"Z\u00e1klady programov\u00e1n\u00ed v jazyce Python"},"content":{"rendered":"<p class=\"has-medium-font-size\"><strong>Aktu\u00e1ln\u011b nab\u00edzen\u00fd term\u00edn:<\/strong> pl\u00e1nujeme podzim 2025<\/p>\n\n\n\n<p class=\"has-medium-font-size\">Python je v\u0161estrann\u00fd programovac\u00ed jazyk, kter\u00fd se vyzna\u010duje jednoduchou syntax\u00ed a snadnou \u010ditelnost\u00ed, co\u017e z n\u011bj d\u011bl\u00e1 skv\u011blou volbu pro za\u010d\u00e1te\u010dn\u00edky i pokro\u010dil\u00e9 program\u00e1tory. Jeho flexibilita a obrovsk\u00e1 komunita u\u017eivatel\u016f z n\u011bj \u010din\u00ed jeden z nejobl\u00edben\u011bj\u0161\u00edch programovac\u00edch jazyk\u016f na sv\u011bt\u011b. B\u011bhem kurzu se nau\u010d\u00edte z\u00e1kladn\u00ed konstrukce jazyka Python, vytv\u00e1\u0159et jednoduch\u00e9 funkce a aplikace v\u010detn\u011b grafick\u00e9ho rozhran\u00ed. Na\u0161e interaktivn\u00ed a praktick\u00e9 lekce v\u00e1m umo\u017en\u00ed pou\u017e\u00edvat va\u0161e nov\u00e9 znalosti v praxi.<\/p>\n\n\n\n<p class=\"has-medium-font-size\"><strong>stru\u010dn\u00e1 osnova kurzu<\/strong><\/p>\n\n\n\n<ul class=\"wp-block-list\">\n<li class=\"has-medium-font-size\">psan\u00ed k\u00f3du, koment\u00e1\u0159\u016f, deklarace prom\u011bnn\u00fdch<\/li>\n\n\n\n<li class=\"has-medium-font-size\">zobrazov\u00e1n\u00ed hodnot a vstup od u\u017eivatele pomoc\u00ed konzole<\/li>\n\n\n\n<li class=\"has-medium-font-size\">datov\u00e9 typy<\/li>\n\n\n\n<li class=\"has-medium-font-size\">pr\u00e1ce s \u0159et\u011bzci<\/li>\n\n\n\n<li class=\"has-medium-font-size\">podm\u00ednky a rela\u010dn\u00ed oper\u00e1tory<\/li>\n\n\n\n<li class=\"has-medium-font-size\">cykly<\/li>\n\n\n\n<li class=\"has-medium-font-size\">seznamy (pole)<\/li>\n\n\n\n<li class=\"has-medium-font-size\">slovn\u00edky<\/li>\n\n\n\n<li class=\"has-medium-font-size\">funkce a v\u00fdjimky<\/li>\n\n\n\n<li class=\"has-medium-font-size\">tvorba GUI (bonus nav\u00edc v p\u0159\u00edpad\u011b &#8222;u\u0161et\u0159en\u00e9ho&#8220; \u010dasu<\/li>\n<\/ul>\n\n\n\n<p class=\"has-medium-font-size\"><strong>lektor:<\/strong> Ing. Jan Dian<\/p>\n\n\n\n<p class=\"has-medium-font-size\"><strong>cena:<\/strong> 7 000 K\u010d<\/p>\n\n\n\n<p class=\"has-medium-font-size\"><strong>po\u010det hodin kurzu:<\/strong> 20<\/p>\n\n\n\n<p class=\"has-medium-font-size\"><strong>kde:<\/strong> budova hronovsk\u00e9 \u0161koly (Hostovsk\u00e9ho ul. 910, Hronov, u\u010debna 409)<\/p>\n\n\n\n<p class=\"has-medium-font-size\"><strong>parkov\u00e1n\u00ed:<\/strong> \u0161koln\u00ed dv\u016fr<\/p>\n\n\n\n<p class=\"has-medium-font-size\"><strong>p\u0159ihl\u00e1\u0161ky: <\/strong>Mark\u00e9ta Machov\u00e1, tel.: 702 269 240, machovam@spsow.cz<\/p>\n\n\n\n<p class=\"has-medium-font-size\"><strong>po\u010det \u00fa\u010dastn\u00edk\u016f:<\/strong> 3\u20138<\/p>\n\n\n\n<p class=\"has-medium-font-size\">V p\u0159\u00edpad\u011b p\u0159ihl\u00e1\u0161en\u00ed se a n\u00e1sledn\u00e9 nemo\u017enosti se z\u00fa\u010dastnit je t\u0159eba poslat n\u00e1hradn\u00ed osobu. \u010c\u00e1stka se nevrac\u00ed. V p\u0159\u00edpad\u011b zru\u0161en\u00ed kurzu z d\u016fvodu p\u0159ihl\u00e1\u0161en\u00ed se m\u00e9n\u011b \u00fa\u010dastn\u00edk\u016f, ne\u017e je stanoven\u00fd minim\u00e1ln\u00ed po\u010det k&nbsp;realizaci kurzu (3), se \u010d\u00e1stka vrac\u00ed.<\/p>","protected":false},"excerpt":{"rendered":"<p>Aktu\u00e1ln\u011b nab\u00edzen\u00fd term\u00edn: pl\u00e1nujeme podzim 2025 Python je v\u0161estrann\u00fd programovac\u00ed jazyk, kter\u00fd se vyzna\u010duje jednoduchou syntax\u00ed a snadnou \u010ditelnost\u00ed, co\u017e z n\u011bj d\u011bl\u00e1 skv\u011blou volbu pro za\u010d\u00e1te\u010dn\u00edky i pokro\u010dil\u00e9 program\u00e1tory. Jeho flexibilita a obrovsk\u00e1 komunita u\u017eivatel\u016f z n\u011bj \u010din\u00ed jeden z nejobl\u00edben\u011bj\u0161\u00edch programovac\u00edch jazyk\u016f na sv\u011bt\u011b. B\u011bhem kurzu se nau\u010d\u00edte [&hellip;]<\/p>\n","protected":false},"author":3,"featured_media":0,"parent":0,"menu_order":0,"comment_status":"closed","ping_status":"closed","template":"","meta":{"footnotes":""},"class_list":["post-6677","page","type-page","status-publish","hentry"],"_links":{"self":[{"href":"https:\/\/spsow.cz\/en\/wp-json\/wp\/v2\/pages\/6677","targetHints":{"allow":["GET"]}}],"collection":[{"href":"https:\/\/spsow.cz\/en\/wp-json\/wp\/v2\/pages"}],"about":[{"href":"https:\/\/spsow.cz\/en\/wp-json\/wp\/v2\/types\/page"}],"author":[{"embeddable":true,"href":"https:\/\/spsow.cz\/en\/wp-json\/wp\/v2\/users\/3"}],"replies":[{"embeddable":true,"href":"https:\/\/spsow.cz\/en\/wp-json\/wp\/v2\/comments?post=6677"}],"version-history":[{"count":6,"href":"https:\/\/spsow.cz\/en\/wp-json\/wp\/v2\/pages\/6677\/revisions"}],"predecessor-version":[{"id":11723,"href":"https:\/\/spsow.cz\/en\/wp-json\/wp\/v2\/pages\/6677\/revisions\/11723"}],"wp:attachment":[{"href":"https:\/\/spsow.cz\/en\/wp-json\/wp\/v2\/media?parent=6677"}],"curies":[{"name":"wp","href":"https:\/\/api.w.org\/{rel}","templated":true}]}}