{"id":6674,"date":"2024-05-02T13:19:50","date_gmt":"2024-05-02T11:19:50","guid":{"rendered":"https:\/\/spsow.cz\/?page_id=6674"},"modified":"2025-07-09T12:00:36","modified_gmt":"2025-07-09T10:00:36","slug":"zaklady-technicke-dokumentace","status":"publish","type":"page","link":"https:\/\/spsow.cz\/en\/zaklady-technicke-dokumentace\/","title":{"rendered":"Z\u00e1klady technick\u00e9 dokumentace"},"content":{"rendered":"<p class=\"has-medium-font-size\"><strong>Aktu\u00e1ln\u011b pl\u00e1novan\u00fd term\u00edn:<\/strong> za\u010d\u00e1tek roku 2026<\/p>\n\n\n\n<p class=\"has-medium-font-size\"><strong>stru\u010dn\u00e1 osnova kurzu:<\/strong><\/p>\n\n\n\n<ol class=\"wp-block-list\">\n<li class=\"has-medium-font-size\">Technick\u00e1 normalizace, 3 hodiny<\/li>\n\n\n\n<li class=\"has-medium-font-size\">Technick\u00e9 zobrazov\u00e1n\u00ed, 3 hodiny<\/li>\n\n\n\n<li class=\"has-medium-font-size\">K\u00f3tov\u00e1n\u00ed, 3 hodiny<\/li>\n\n\n\n<li class=\"has-medium-font-size\">L\u00edcov\u00e1n\u00ed, jakost povrchu, geometrick\u00e9 tolerance, 3 hodiny<\/li>\n\n\n\n<li class=\"has-medium-font-size\">\u010cten\u00ed technick\u00fdch v\u00fdkres\u016f, 6 hodin<\/li>\n\n\n\n<li class=\"has-medium-font-size\">Technick\u00e1 dokumentace, 2 hodiny<\/li>\n\n\n\n<li class=\"has-medium-font-size\">Opakov\u00e1n\u00ed, diskuze apod., 1 hodina<\/li>\n<\/ol>\n\n\n\n<p class=\"has-medium-font-size\"><strong>lektor:<\/strong> Ing. Lenka Havlov\u00e1<\/p>\n\n\n\n<p class=\"has-medium-font-size\"><strong>cena:<\/strong> K\u010d 6 700 K\u010d<\/p>\n\n\n\n<p class=\"has-medium-font-size\"><strong>po\u010det hodin kurzu: <\/strong>21 hodin (7\u00d73 hodiny), \u00fater\u00fd<\/p>\n\n\n\n<p class=\"has-medium-font-size\"><strong>kde:<\/strong> budova hronovsk\u00e9 \u0161koly (Hostovsk\u00e9ho ul. 910, Hronov, u\u010debna 104)<\/p>\n\n\n\n<p class=\"has-medium-font-size\"><strong>parkov\u00e1n\u00ed:<\/strong> \u0161koln\u00ed dv\u016fr<\/p>\n\n\n\n<p class=\"has-medium-font-size\"><strong>p\u0159ihl\u00e1\u0161ky: <\/strong>Mark\u00e9ta Machov\u00e1, tel.: 702 269 240, machovam@spsow.cz<\/p>\n\n\n\n<p class=\"has-medium-font-size\"><strong>po\u010det \u00fa\u010dastn\u00edk\u016f:<\/strong> 3\u20136<\/p>\n\n\n\n<p class=\"has-medium-font-size\">V p\u0159\u00edpad\u011b p\u0159ihl\u00e1\u0161en\u00ed se a n\u00e1sledn\u00e9 nemo\u017enosti se z\u00fa\u010dastnit je t\u0159eba poslat n\u00e1hradn\u00ed osobu. \u010c\u00e1stka se nevrac\u00ed. V p\u0159\u00edpad\u011b zru\u0161en\u00ed kurzu z d\u016fvodu p\u0159ihl\u00e1\u0161en\u00ed se m\u00e9n\u011b \u00fa\u010dastn\u00edk\u016f, ne\u017e je stanoven\u00fd minim\u00e1ln\u00ed po\u010det k&nbsp;realizaci kurzu (3), se \u010d\u00e1stka vrac\u00ed.<\/p>\n\n\n\n<p><\/p>\n\n\n\n<p><\/p>\n\n\n\n<p><\/p>","protected":false},"excerpt":{"rendered":"<p>Aktu\u00e1ln\u011b pl\u00e1novan\u00fd term\u00edn: za\u010d\u00e1tek roku 2026 stru\u010dn\u00e1 osnova kurzu: lektor: Ing. Lenka Havlov\u00e1 cena: K\u010d 6 700 K\u010d po\u010det hodin kurzu: 21 hodin (7\u00d73 hodiny), \u00fater\u00fd kde: budova hronovsk\u00e9 \u0161koly (Hostovsk\u00e9ho ul. 910, Hronov, u\u010debna 104) parkov\u00e1n\u00ed: \u0161koln\u00ed dv\u016fr p\u0159ihl\u00e1\u0161ky: Mark\u00e9ta Machov\u00e1, tel.: 702 269 240, machovam@spsow.cz po\u010det \u00fa\u010dastn\u00edk\u016f: 3\u20136 [&hellip;]<\/p>\n","protected":false},"author":3,"featured_media":0,"parent":0,"menu_order":0,"comment_status":"closed","ping_status":"closed","template":"","meta":{"footnotes":""},"class_list":["post-6674","page","type-page","status-publish","hentry"],"_links":{"self":[{"href":"https:\/\/spsow.cz\/en\/wp-json\/wp\/v2\/pages\/6674","targetHints":{"allow":["GET"]}}],"collection":[{"href":"https:\/\/spsow.cz\/en\/wp-json\/wp\/v2\/pages"}],"about":[{"href":"https:\/\/spsow.cz\/en\/wp-json\/wp\/v2\/types\/page"}],"author":[{"embeddable":true,"href":"https:\/\/spsow.cz\/en\/wp-json\/wp\/v2\/users\/3"}],"replies":[{"embeddable":true,"href":"https:\/\/spsow.cz\/en\/wp-json\/wp\/v2\/comments?post=6674"}],"version-history":[{"count":8,"href":"https:\/\/spsow.cz\/en\/wp-json\/wp\/v2\/pages\/6674\/revisions"}],"predecessor-version":[{"id":11724,"href":"https:\/\/spsow.cz\/en\/wp-json\/wp\/v2\/pages\/6674\/revisions\/11724"}],"wp:attachment":[{"href":"https:\/\/spsow.cz\/en\/wp-json\/wp\/v2\/media?parent=6674"}],"curies":[{"name":"wp","href":"https:\/\/api.w.org\/{rel}","templated":true}]}}