{"id":6671,"date":"2024-05-02T08:33:17","date_gmt":"2024-05-02T06:33:17","guid":{"rendered":"https:\/\/spsow.cz\/?page_id=6671"},"modified":"2025-05-06T12:09:31","modified_gmt":"2025-05-06T10:09:31","slug":"cnc-pro-zacatecniky-program-sinumerik","status":"publish","type":"page","link":"https:\/\/spsow.cz\/en\/cnc-pro-zacatecniky-program-sinumerik\/","title":{"rendered":"CNC pro za\u010d\u00e1te\u010dn\u00edky \u2013 program Sinumerik"},"content":{"rendered":"<p class=\"has-medium-font-size\"><strong>Dal\u0161\u00ed term\u00edn pl\u00e1nujeme na leden\/\u00fanor 2026.<\/strong><\/p>\n\n\n\n<p class=\"has-medium-font-size\">Sinumerik je sofistikovan\u00fd programovac\u00ed syst\u00e9m navr\u017een\u00fd pro \u0159\u00edzen\u00ed CNC stroj\u016f, kter\u00fd kombinuje precizn\u00ed technologii s intuitivn\u00edm u\u017eivatelsk\u00fdm prost\u0159ed\u00edm. S jeho pomoc\u00ed lze snadno programovat a ovl\u00e1dat r\u016fzn\u00e9 typy obr\u00e1b\u011bc\u00edch stroj\u016f. Tento kurz je ur\u010den za\u010d\u00e1te\u010dn\u00edk\u016fm, kte\u0159\u00ed cht\u011bj\u00ed proniknout do oblasti CNC programov\u00e1n\u00ed a ovl\u00e1d\u00e1n\u00ed.<\/p>\n\n\n\n<p class=\"has-medium-font-size\"><strong>stru\u010dn\u00e1 osnova kurzu:<\/strong><\/p>\n\n\n\n<ol class=\"wp-block-list\">\n<li class=\"has-medium-font-size\">Teorie obr\u00e1b\u011bn\u00ed \u2013 soustru\u017een\u00ed, 2h<\/li>\n\n\n\n<li class=\"has-medium-font-size\">Teorie obr\u00e1b\u011bn\u00ed \u2013 fr\u00e9zov\u00e1n\u00ed, 2h<\/li>\n\n\n\n<li class=\"has-medium-font-size\">Teorie obr\u00e1b\u011bn\u00ed \u2013 vrt\u00e1n\u00ed, 1h<\/li>\n\n\n\n<li class=\"has-medium-font-size\">Z\u00e1kladn\u00ed sezn\u00e1men\u00ed s CNC obr\u00e1b\u011bc\u00edm strojem soustruh, fr\u00e9zka, 5h<\/li>\n\n\n\n<li class=\"has-medium-font-size\">Vlastn\u00ed programov\u00e1n\u00ed \u2013 CNC soustruh, 10h<\/li>\n\n\n\n<li class=\"has-medium-font-size\">Vlastn\u00ed programov\u00e1n\u00ed \u2013 CNC fr\u00e9zka, 10h<\/li>\n<\/ol>\n\n\n\n<p class=\"has-medium-font-size\"><strong>lektor:<\/strong> Ing. Luk\u00e1\u0161 N\u011bme\u010dek<\/p>\n\n\n\n<p class=\"has-medium-font-size\"><strong>cena:<\/strong> 8 000 K\u010d (v\u010d. DPH)<\/p>\n\n\n\n<p class=\"has-medium-font-size\"><strong>po\u010det hodin kurzu:<\/strong> 30 (10\u00d73 hodiny)<\/p>\n\n\n\n<p class=\"has-medium-font-size\"><strong>p\u0159esn\u00fd rozpis kon\u00e1n\u00ed kurzu:<\/strong><br>       <br> <\/p>\n\n\n\n<p class=\"has-medium-font-size\"><strong>kde: <\/strong>budova hronovsk\u00e9 \u0161koly (Hostovsk\u00e9ho ul. 910, Hronov, u\u010debna 005)<\/p>\n\n\n\n<p class=\"has-medium-font-size\"><strong>pom\u016fcky s sebou: <\/strong>1 \u010dtvere\u010dkovan\u00fd se\u0161it A4, psac\u00ed pot\u0159eby<\/p>\n\n\n\n<p class=\"has-medium-font-size\"><strong>parkov\u00e1n\u00ed: <\/strong>\u0161koln\u00ed dv\u016fr<\/p>\n\n\n\n<p class=\"has-medium-font-size\"><strong>p\u0159ihl\u00e1\u0161ky:<\/strong> Mark\u00e9ta Machov\u00e1, tel.: 702 269 240, machovam@spsow.cz<\/p>\n\n\n\n<p class=\"has-medium-font-size\"><strong>max. po\u010det \u00fa\u010dastn\u00edk\u016f:<\/strong> 8 (minim\u00e1ln\u00ed 3)<\/p>\n\n\n\n<p class=\"has-medium-font-size\">V p\u0159\u00edpad\u011b p\u0159ihl\u00e1\u0161en\u00ed se a n\u00e1sledn\u00e9 nemo\u017enosti se z\u00fa\u010dastnit je t\u0159eba poslat n\u00e1hradn\u00ed osobu. \u010c\u00e1stka se nevrac\u00ed. V p\u0159\u00edpad\u011b zru\u0161en\u00ed kurzu z d\u016fvodu p\u0159ihl\u00e1\u0161en\u00ed se m\u00e9n\u011b \u00fa\u010dastn\u00edk\u016f, ne\u017e je stanoven\u00fd minim\u00e1ln\u00ed po\u010det k\u00a0realizaci kurzu (3), se \u010d\u00e1stka vrac\u00ed.<\/p>\n\n\n\n<p class=\"has-medium-font-size\"><strong>Kurz je nab\u00edzen i p\u0159es datab\u00e1zi Ministerstva pr\u00e1ce a soci\u00e1ln\u00edch v\u011bc\u00ed Datab\u00e1ze rekvalifikac\u00ed a kurz\u016f dal\u0161\u00edho vzd\u011bl\u00e1v\u00e1n\u00ed, <a href=\"https:\/\/www.mpsv.cz\/web\/cz\/jsem-v-kurzu\/\" data-type=\"link\" data-id=\"https:\/\/www.mpsv.cz\/web\/cz\/jsem-v-kurzu\/\">odkaz ZDE<\/a> <\/strong><\/p>\n\n\n\n<p> <\/p>","protected":false},"excerpt":{"rendered":"<p>Dal\u0161\u00ed term\u00edn pl\u00e1nujeme na leden\/\u00fanor 2026. Sinumerik je sofistikovan\u00fd programovac\u00ed syst\u00e9m navr\u017een\u00fd pro \u0159\u00edzen\u00ed CNC stroj\u016f, kter\u00fd kombinuje precizn\u00ed technologii s intuitivn\u00edm u\u017eivatelsk\u00fdm prost\u0159ed\u00edm. S jeho pomoc\u00ed lze snadno programovat a ovl\u00e1dat r\u016fzn\u00e9 typy obr\u00e1b\u011bc\u00edch stroj\u016f. Tento kurz je ur\u010den za\u010d\u00e1te\u010dn\u00edk\u016fm, kte\u0159\u00ed cht\u011bj\u00ed proniknout do oblasti CNC programov\u00e1n\u00ed a ovl\u00e1d\u00e1n\u00ed. [&hellip;]<\/p>\n","protected":false},"author":3,"featured_media":0,"parent":0,"menu_order":0,"comment_status":"closed","ping_status":"closed","template":"","meta":{"footnotes":""},"class_list":["post-6671","page","type-page","status-publish","hentry"],"_links":{"self":[{"href":"https:\/\/spsow.cz\/en\/wp-json\/wp\/v2\/pages\/6671","targetHints":{"allow":["GET"]}}],"collection":[{"href":"https:\/\/spsow.cz\/en\/wp-json\/wp\/v2\/pages"}],"about":[{"href":"https:\/\/spsow.cz\/en\/wp-json\/wp\/v2\/types\/page"}],"author":[{"embeddable":true,"href":"https:\/\/spsow.cz\/en\/wp-json\/wp\/v2\/users\/3"}],"replies":[{"embeddable":true,"href":"https:\/\/spsow.cz\/en\/wp-json\/wp\/v2\/comments?post=6671"}],"version-history":[{"count":24,"href":"https:\/\/spsow.cz\/en\/wp-json\/wp\/v2\/pages\/6671\/revisions"}],"predecessor-version":[{"id":9789,"href":"https:\/\/spsow.cz\/en\/wp-json\/wp\/v2\/pages\/6671\/revisions\/9789"}],"wp:attachment":[{"href":"https:\/\/spsow.cz\/en\/wp-json\/wp\/v2\/media?parent=6671"}],"curies":[{"name":"wp","href":"https:\/\/api.w.org\/{rel}","templated":true}]}}