{"id":6571,"date":"2024-04-25T11:23:18","date_gmt":"2024-04-25T09:23:18","guid":{"rendered":"https:\/\/spsow.cz\/?page_id=6571"},"modified":"2025-09-03T14:30:38","modified_gmt":"2025-09-03T12:30:38","slug":"vytvarne-talentove-centrum-pro-nadane-zaky","status":"publish","type":"page","link":"https:\/\/spsow.cz\/en\/vytvarne-talentove-centrum-pro-nadane-zaky\/","title":{"rendered":"V\u00fdtvarn\u00e9 talentov\u00e9 centrum pro nadan\u00e9 \u017e\u00e1ky"},"content":{"rendered":"<p class=\"has-medium-font-size\"><strong>Aktu\u00e1ln\u011b otev\u0159en\u00fd term\u00edn, do kter\u00e9ho se lze hl\u00e1sit: od 4. 9. do 27. 11. 2025<\/strong><\/p>\n\n\n\n<p class=\"has-medium-font-size\">M\u00e1\u0161 r\u00e1d um\u011bn\u00ed, r\u00e1d tvo\u0159\u00ed\u0161 v r\u016fzn\u00fdch technik\u00e1ch, r\u00e1d zkou\u0161\u00ed nov\u00e9, jsi kreativn\u00ed? Pak se zapoj do na\u0161eho V\u00fdtvarn\u00e9ho talentov\u00e9ho centra pro nadan\u00e9 \u017e\u00e1ky 2. <br>Talentov\u00e9 centrum nab\u00edz\u00ed \u00fa\u010dastn\u00edk\u016fm mo\u017enost vyzkou\u0161et si r\u016fzn\u00e9 techniky jako studijn\u00ed kresba a malba (podle modelu, z\u00e1ti\u0161\u00ed, portr\u00e9t, krajina), linoryt, such\u00e1 jehla , street art. Mo\u017en\u00e9 budou tak\u00e9 individu\u00e1ln\u00ed konzultace autorsk\u00fdch prac\u00ed.<\/p>\n\n\n\n<p class=\"has-medium-font-size\">Talentov\u00e9 centrum je ur\u010deno <strong>\u017e\u00e1k\u016fm st\u0159edn\u00edch \u0161kol i \u017e\u00e1k\u016fm 8. a 9. t\u0159\u00edd \u0161kol z\u00e1kladn\u00edch<\/strong>.<br>Vhodn\u00e9 je pro \u017e\u00e1ky, kte\u0159\u00ed p\u0159em\u00fd\u0161lej\u00ed o studiu um\u011bleck\u00fdch obor\u016f jako nap\u0159. Grafick\u00fd design.<\/p>\n\n\n\n<p class=\"has-medium-font-size\"><strong>1.sch\u016fzka: \u010dtvrtek 4. 9. 2025 v 15:00<\/strong><\/p>\n\n\n\n<p class=\"has-medium-font-size\"><strong>kdy:<\/strong> 4. 9. \u201327. 11. 2025, \u010dtvrtky, 15:00\u201317:00 hodin<\/p>\n\n\n\n<p class=\"has-medium-font-size\"><strong>kde:<\/strong> v\u00fdtvarn\u00e9 ateli\u00e9ry ve Velk\u00e9m Po\u0159\u00ed\u010d\u00ed<\/p>\n\n\n\n<p class=\"has-medium-font-size\"><strong>lektor: <\/strong>Alexandr Klemens (klemensa@spsow.cz, tel.: 702 269 775)<\/p>\n\n\n\n<p class=\"has-medium-font-size\"><strong>cena:<\/strong> zdarma<\/p>\n\n\n\n<p class=\"has-medium-font-size\"><strong>informace a p\u0159ihla\u0161ov\u00e1n\u00ed pro \u017e\u00e1ky Z\u0160 a ciz\u00edch S\u0160: <\/strong><br>u Mark\u00e9ty Machov\u00e9, tel.: 702 269 240, e-mail: machovam@spsow.cz<\/p>\n\n\n\n<p class=\"has-medium-font-size\"><strong>informace a p\u0159ihla\u0161ov\u00e1n\u00ed pro \u017e\u00e1ky SP\u0160OW: <\/strong><br>u Alexandra Klemense<\/p>\n\n\n\n<p class=\"has-medium-font-size\">Po\u0159\u00e1d\u00e1 St\u0159edn\u00ed pr\u016fmyslov\u00e1 \u0161kola Otty Wichterleho za finan\u010dn\u00ed podpory Kr\u00e1lov\u00e9hradeck\u00e9ho kraje, projekt &#8222;V\u00fdtvarn\u00e9 talentov\u00e9 centrum pro nadan\u00e9 \u017e\u00e1ky 2&#8220;.<\/p>\n\n\n\n<div class=\"wp-block-file\"><a id=\"wp-block-file--media-ef5245b8-197a-4114-8912-76ac9c99b287\" href=\"https:\/\/spsow.cz\/wp-content\/uploads\/2025\/04\/Plakat-Talentove-centrum-2.pdf\" target=\"_blank\" rel=\"noreferrer noopener\">Plak\u00e1t<\/a><\/div>\n\n\n\n<div class=\"wp-block-file\"><a id=\"wp-block-file--media-907e2f8b-09f3-414c-a6dc-021603cdd7c7\" href=\"https:\/\/spsow.cz\/wp-content\/uploads\/2025\/05\/Prihlaska-Vytvarne-talent.-centrum-2025.pdf\" target=\"_blank\" rel=\"noreferrer noopener\">P\u0159ihl\u00e1\u0161ka <\/a><\/div>","protected":false},"excerpt":{"rendered":"<p>Aktu\u00e1ln\u011b otev\u0159en\u00fd term\u00edn, do kter\u00e9ho se lze hl\u00e1sit: od 4. 9. do 27. 11. 2025 M\u00e1\u0161 r\u00e1d um\u011bn\u00ed, r\u00e1d tvo\u0159\u00ed\u0161 v r\u016fzn\u00fdch technik\u00e1ch, r\u00e1d zkou\u0161\u00ed nov\u00e9, jsi kreativn\u00ed? Pak se zapoj do na\u0161eho V\u00fdtvarn\u00e9ho talentov\u00e9ho centra pro nadan\u00e9 \u017e\u00e1ky 2. Talentov\u00e9 centrum nab\u00edz\u00ed \u00fa\u010dastn\u00edk\u016fm mo\u017enost vyzkou\u0161et si r\u016fzn\u00e9 techniky jako [&hellip;]<\/p>\n","protected":false},"author":3,"featured_media":0,"parent":0,"menu_order":0,"comment_status":"closed","ping_status":"closed","template":"","meta":{"footnotes":""},"class_list":["post-6571","page","type-page","status-publish","hentry"],"_links":{"self":[{"href":"https:\/\/spsow.cz\/en\/wp-json\/wp\/v2\/pages\/6571","targetHints":{"allow":["GET"]}}],"collection":[{"href":"https:\/\/spsow.cz\/en\/wp-json\/wp\/v2\/pages"}],"about":[{"href":"https:\/\/spsow.cz\/en\/wp-json\/wp\/v2\/types\/page"}],"author":[{"embeddable":true,"href":"https:\/\/spsow.cz\/en\/wp-json\/wp\/v2\/users\/3"}],"replies":[{"embeddable":true,"href":"https:\/\/spsow.cz\/en\/wp-json\/wp\/v2\/comments?post=6571"}],"version-history":[{"count":17,"href":"https:\/\/spsow.cz\/en\/wp-json\/wp\/v2\/pages\/6571\/revisions"}],"predecessor-version":[{"id":11974,"href":"https:\/\/spsow.cz\/en\/wp-json\/wp\/v2\/pages\/6571\/revisions\/11974"}],"wp:attachment":[{"href":"https:\/\/spsow.cz\/en\/wp-json\/wp\/v2\/media?parent=6571"}],"curies":[{"name":"wp","href":"https:\/\/api.w.org\/{rel}","templated":true}]}}