{"id":5996,"date":"2024-03-04T13:40:18","date_gmt":"2024-03-04T12:40:18","guid":{"rendered":"https:\/\/spsow.cz\/?page_id=5996"},"modified":"2024-03-04T13:50:45","modified_gmt":"2024-03-04T12:50:45","slug":"2023-lyzarsky-kurz-poricskych-oboru","status":"publish","type":"page","link":"https:\/\/spsow.cz\/en\/2023-lyzarsky-kurz-poricskych-oboru\/","title":{"rendered":"2023 > Ly\u017ea\u0159sk\u00fd kurz po\u0159\u00ed\u010dsk\u00fdch obor\u016f"},"content":{"rendered":"<figure class=\"wp-block-gallery has-nested-images columns-default is-cropped wp-block-gallery-1 is-layout-flex wp-block-gallery-is-layout-flex\">\n<figure class=\"wp-block-image size-large\"><a href=\"https:\/\/spsow.cz\/wp-content\/uploads\/2024\/03\/IMG-20230216-WA0008-1.jpg\"><img loading=\"lazy\" decoding=\"async\" width=\"1024\" height=\"768\" data-id=\"5992\" src=\"https:\/\/spsow.cz\/wp-content\/uploads\/2024\/03\/IMG-20230216-WA0008-1-1024x768.jpg\" alt=\"\" class=\"wp-image-5992\" srcset=\"https:\/\/spsow.cz\/wp-content\/uploads\/2024\/03\/IMG-20230216-WA0008-1-1024x768.jpg 1024w, https:\/\/spsow.cz\/wp-content\/uploads\/2024\/03\/IMG-20230216-WA0008-1-300x225.jpg 300w, https:\/\/spsow.cz\/wp-content\/uploads\/2024\/03\/IMG-20230216-WA0008-1-768x576.jpg 768w, https:\/\/spsow.cz\/wp-content\/uploads\/2024\/03\/IMG-20230216-WA0008-1-1536x1152.jpg 1536w, https:\/\/spsow.cz\/wp-content\/uploads\/2024\/03\/IMG-20230216-WA0008-1-16x12.jpg 16w, https:\/\/spsow.cz\/wp-content\/uploads\/2024\/03\/IMG-20230216-WA0008-1.jpg 1920w\" sizes=\"auto, (max-width: 1024px) 100vw, 1024px\" \/><\/a><\/figure>\n\n\n\n<figure class=\"wp-block-image size-large\"><a href=\"https:\/\/spsow.cz\/wp-content\/uploads\/2024\/03\/IMG-20230216-WA0006-1.jpg\"><img loading=\"lazy\" decoding=\"async\" width=\"1024\" height=\"768\" data-id=\"5991\" src=\"https:\/\/spsow.cz\/wp-content\/uploads\/2024\/03\/IMG-20230216-WA0006-1-1024x768.jpg\" alt=\"\" class=\"wp-image-5991\" srcset=\"https:\/\/spsow.cz\/wp-content\/uploads\/2024\/03\/IMG-20230216-WA0006-1-1024x768.jpg 1024w, https:\/\/spsow.cz\/wp-content\/uploads\/2024\/03\/IMG-20230216-WA0006-1-300x225.jpg 300w, https:\/\/spsow.cz\/wp-content\/uploads\/2024\/03\/IMG-20230216-WA0006-1-768x576.jpg 768w, https:\/\/spsow.cz\/wp-content\/uploads\/2024\/03\/IMG-20230216-WA0006-1-1536x1152.jpg 1536w, https:\/\/spsow.cz\/wp-content\/uploads\/2024\/03\/IMG-20230216-WA0006-1-16x12.jpg 16w, https:\/\/spsow.cz\/wp-content\/uploads\/2024\/03\/IMG-20230216-WA0006-1.jpg 1920w\" sizes=\"auto, (max-width: 1024px) 100vw, 1024px\" \/><\/a><\/figure>\n\n\n\n<figure class=\"wp-block-image size-large\"><a href=\"https:\/\/spsow.cz\/wp-content\/uploads\/2024\/03\/IMG-20230216-WA0005-1.jpg\"><img loading=\"lazy\" decoding=\"async\" width=\"1024\" height=\"768\" data-id=\"5990\" src=\"https:\/\/spsow.cz\/wp-content\/uploads\/2024\/03\/IMG-20230216-WA0005-1-1024x768.jpg\" alt=\"\" class=\"wp-image-5990\" srcset=\"https:\/\/spsow.cz\/wp-content\/uploads\/2024\/03\/IMG-20230216-WA0005-1-1024x768.jpg 1024w, https:\/\/spsow.cz\/wp-content\/uploads\/2024\/03\/IMG-20230216-WA0005-1-300x225.jpg 300w, https:\/\/spsow.cz\/wp-content\/uploads\/2024\/03\/IMG-20230216-WA0005-1-768x576.jpg 768w, https:\/\/spsow.cz\/wp-content\/uploads\/2024\/03\/IMG-20230216-WA0005-1-1536x1152.jpg 1536w, https:\/\/spsow.cz\/wp-content\/uploads\/2024\/03\/IMG-20230216-WA0005-1-16x12.jpg 16w, https:\/\/spsow.cz\/wp-content\/uploads\/2024\/03\/IMG-20230216-WA0005-1.jpg 1920w\" sizes=\"auto, (max-width: 1024px) 100vw, 1024px\" \/><\/a><\/figure>\n\n\n\n<figure class=\"wp-block-image size-large\"><a href=\"https:\/\/spsow.cz\/wp-content\/uploads\/2024\/03\/IMG-20230216-WA0009-1.jpg\"><img loading=\"lazy\" decoding=\"async\" width=\"1024\" height=\"768\" data-id=\"5989\" src=\"https:\/\/spsow.cz\/wp-content\/uploads\/2024\/03\/IMG-20230216-WA0009-1-1024x768.jpg\" alt=\"\" class=\"wp-image-5989\" srcset=\"https:\/\/spsow.cz\/wp-content\/uploads\/2024\/03\/IMG-20230216-WA0009-1-1024x768.jpg 1024w, https:\/\/spsow.cz\/wp-content\/uploads\/2024\/03\/IMG-20230216-WA0009-1-300x225.jpg 300w, https:\/\/spsow.cz\/wp-content\/uploads\/2024\/03\/IMG-20230216-WA0009-1-768x576.jpg 768w, https:\/\/spsow.cz\/wp-content\/uploads\/2024\/03\/IMG-20230216-WA0009-1-1536x1152.jpg 1536w, https:\/\/spsow.cz\/wp-content\/uploads\/2024\/03\/IMG-20230216-WA0009-1-16x12.jpg 16w, https:\/\/spsow.cz\/wp-content\/uploads\/2024\/03\/IMG-20230216-WA0009-1.jpg 1920w\" sizes=\"auto, (max-width: 1024px) 100vw, 1024px\" \/><\/a><\/figure>\n\n\n\n<figure class=\"wp-block-image size-large\"><a href=\"https:\/\/spsow.cz\/wp-content\/uploads\/2024\/03\/IMG-20230216-WA0002-1.jpg\"><img loading=\"lazy\" decoding=\"async\" width=\"768\" height=\"1024\" data-id=\"5988\" src=\"https:\/\/spsow.cz\/wp-content\/uploads\/2024\/03\/IMG-20230216-WA0002-1-768x1024.jpg\" alt=\"\" class=\"wp-image-5988\" srcset=\"https:\/\/spsow.cz\/wp-content\/uploads\/2024\/03\/IMG-20230216-WA0002-1-768x1024.jpg 768w, https:\/\/spsow.cz\/wp-content\/uploads\/2024\/03\/IMG-20230216-WA0002-1-225x300.jpg 225w, https:\/\/spsow.cz\/wp-content\/uploads\/2024\/03\/IMG-20230216-WA0002-1-1152x1536.jpg 1152w, https:\/\/spsow.cz\/wp-content\/uploads\/2024\/03\/IMG-20230216-WA0002-1-9x12.jpg 9w, https:\/\/spsow.cz\/wp-content\/uploads\/2024\/03\/IMG-20230216-WA0002-1.jpg 1440w\" sizes=\"auto, (max-width: 768px) 100vw, 768px\" \/><\/a><\/figure>\n\n\n\n<figure class=\"wp-block-image size-large\"><a href=\"https:\/\/spsow.cz\/wp-content\/uploads\/2024\/03\/IMG-20230216-WA0004-1.jpg\"><img loading=\"lazy\" decoding=\"async\" width=\"1024\" height=\"768\" data-id=\"5987\" src=\"https:\/\/spsow.cz\/wp-content\/uploads\/2024\/03\/IMG-20230216-WA0004-1-1024x768.jpg\" alt=\"\" class=\"wp-image-5987\" srcset=\"https:\/\/spsow.cz\/wp-content\/uploads\/2024\/03\/IMG-20230216-WA0004-1-1024x768.jpg 1024w, https:\/\/spsow.cz\/wp-content\/uploads\/2024\/03\/IMG-20230216-WA0004-1-300x225.jpg 300w, https:\/\/spsow.cz\/wp-content\/uploads\/2024\/03\/IMG-20230216-WA0004-1-768x576.jpg 768w, https:\/\/spsow.cz\/wp-content\/uploads\/2024\/03\/IMG-20230216-WA0004-1-1536x1152.jpg 1536w, https:\/\/spsow.cz\/wp-content\/uploads\/2024\/03\/IMG-20230216-WA0004-1-16x12.jpg 16w, https:\/\/spsow.cz\/wp-content\/uploads\/2024\/03\/IMG-20230216-WA0004-1.jpg 1920w\" sizes=\"auto, (max-width: 1024px) 100vw, 1024px\" \/><\/a><\/figure>\n\n\n\n<figure class=\"wp-block-image size-large\"><a href=\"https:\/\/spsow.cz\/wp-content\/uploads\/2024\/03\/IMG-20230216-WA0007-1.jpg\"><img loading=\"lazy\" decoding=\"async\" width=\"1024\" height=\"768\" data-id=\"5986\" src=\"https:\/\/spsow.cz\/wp-content\/uploads\/2024\/03\/IMG-20230216-WA0007-1-1024x768.jpg\" alt=\"\" class=\"wp-image-5986\" srcset=\"https:\/\/spsow.cz\/wp-content\/uploads\/2024\/03\/IMG-20230216-WA0007-1-1024x768.jpg 1024w, https:\/\/spsow.cz\/wp-content\/uploads\/2024\/03\/IMG-20230216-WA0007-1-300x225.jpg 300w, https:\/\/spsow.cz\/wp-content\/uploads\/2024\/03\/IMG-20230216-WA0007-1-768x576.jpg 768w, https:\/\/spsow.cz\/wp-content\/uploads\/2024\/03\/IMG-20230216-WA0007-1-1536x1152.jpg 1536w, https:\/\/spsow.cz\/wp-content\/uploads\/2024\/03\/IMG-20230216-WA0007-1-16x12.jpg 16w, https:\/\/spsow.cz\/wp-content\/uploads\/2024\/03\/IMG-20230216-WA0007-1.jpg 1920w\" sizes=\"auto, (max-width: 1024px) 100vw, 1024px\" \/><\/a><\/figure>\n\n\n\n<figure class=\"wp-block-image size-large\"><a href=\"https:\/\/spsow.cz\/wp-content\/uploads\/2024\/03\/IMG-20230216-WA0003-1.jpg\"><img loading=\"lazy\" decoding=\"async\" width=\"1024\" height=\"768\" data-id=\"5985\" src=\"https:\/\/spsow.cz\/wp-content\/uploads\/2024\/03\/IMG-20230216-WA0003-1-1024x768.jpg\" alt=\"\" class=\"wp-image-5985\" srcset=\"https:\/\/spsow.cz\/wp-content\/uploads\/2024\/03\/IMG-20230216-WA0003-1-1024x768.jpg 1024w, https:\/\/spsow.cz\/wp-content\/uploads\/2024\/03\/IMG-20230216-WA0003-1-300x225.jpg 300w, https:\/\/spsow.cz\/wp-content\/uploads\/2024\/03\/IMG-20230216-WA0003-1-768x576.jpg 768w, https:\/\/spsow.cz\/wp-content\/uploads\/2024\/03\/IMG-20230216-WA0003-1-1536x1152.jpg 1536w, https:\/\/spsow.cz\/wp-content\/uploads\/2024\/03\/IMG-20230216-WA0003-1-16x12.jpg 16w, https:\/\/spsow.cz\/wp-content\/uploads\/2024\/03\/IMG-20230216-WA0003-1.jpg 1920w\" sizes=\"auto, (max-width: 1024px) 100vw, 1024px\" \/><\/a><\/figure>\n\n\n\n<figure class=\"wp-block-image size-large\"><a href=\"https:\/\/spsow.cz\/wp-content\/uploads\/2024\/03\/IMG-20230216-WA0000-1.jpg\"><img loading=\"lazy\" decoding=\"async\" width=\"1024\" height=\"768\" data-id=\"5984\" src=\"https:\/\/spsow.cz\/wp-content\/uploads\/2024\/03\/IMG-20230216-WA0000-1-1024x768.jpg\" alt=\"\" class=\"wp-image-5984\" srcset=\"https:\/\/spsow.cz\/wp-content\/uploads\/2024\/03\/IMG-20230216-WA0000-1-1024x768.jpg 1024w, https:\/\/spsow.cz\/wp-content\/uploads\/2024\/03\/IMG-20230216-WA0000-1-300x225.jpg 300w, https:\/\/spsow.cz\/wp-content\/uploads\/2024\/03\/IMG-20230216-WA0000-1-768x576.jpg 768w, https:\/\/spsow.cz\/wp-content\/uploads\/2024\/03\/IMG-20230216-WA0000-1-1536x1152.jpg 1536w, https:\/\/spsow.cz\/wp-content\/uploads\/2024\/03\/IMG-20230216-WA0000-1-16x12.jpg 16w, https:\/\/spsow.cz\/wp-content\/uploads\/2024\/03\/IMG-20230216-WA0000-1.jpg 1920w\" sizes=\"auto, (max-width: 1024px) 100vw, 1024px\" \/><\/a><\/figure>\n\n\n\n<figure class=\"wp-block-image size-large\"><a href=\"https:\/\/spsow.cz\/wp-content\/uploads\/2024\/03\/IMG-20230216-WA0001-1.jpg\"><img loading=\"lazy\" decoding=\"async\" width=\"1024\" height=\"768\" data-id=\"5983\" src=\"https:\/\/spsow.cz\/wp-content\/uploads\/2024\/03\/IMG-20230216-WA0001-1-1024x768.jpg\" alt=\"\" class=\"wp-image-5983\" srcset=\"https:\/\/spsow.cz\/wp-content\/uploads\/2024\/03\/IMG-20230216-WA0001-1-1024x768.jpg 1024w, https:\/\/spsow.cz\/wp-content\/uploads\/2024\/03\/IMG-20230216-WA0001-1-300x225.jpg 300w, https:\/\/spsow.cz\/wp-content\/uploads\/2024\/03\/IMG-20230216-WA0001-1-768x576.jpg 768w, https:\/\/spsow.cz\/wp-content\/uploads\/2024\/03\/IMG-20230216-WA0001-1-1536x1152.jpg 1536w, https:\/\/spsow.cz\/wp-content\/uploads\/2024\/03\/IMG-20230216-WA0001-1-16x12.jpg 16w, https:\/\/spsow.cz\/wp-content\/uploads\/2024\/03\/IMG-20230216-WA0001-1.jpg 1920w\" sizes=\"auto, (max-width: 1024px) 100vw, 1024px\" \/><\/a><\/figure>\n\n\n\n<figure class=\"wp-block-image size-large\"><a href=\"https:\/\/spsow.cz\/wp-content\/uploads\/2024\/03\/IMG-20230216-WA0009.jpg\"><img loading=\"lazy\" decoding=\"async\" width=\"1024\" height=\"768\" data-id=\"5981\" src=\"https:\/\/spsow.cz\/wp-content\/uploads\/2024\/03\/IMG-20230216-WA0009-1024x768.jpg\" alt=\"\" class=\"wp-image-5981\" srcset=\"https:\/\/spsow.cz\/wp-content\/uploads\/2024\/03\/IMG-20230216-WA0009-1024x768.jpg 1024w, https:\/\/spsow.cz\/wp-content\/uploads\/2024\/03\/IMG-20230216-WA0009-300x225.jpg 300w, https:\/\/spsow.cz\/wp-content\/uploads\/2024\/03\/IMG-20230216-WA0009-768x576.jpg 768w, https:\/\/spsow.cz\/wp-content\/uploads\/2024\/03\/IMG-20230216-WA0009-1536x1152.jpg 1536w, https:\/\/spsow.cz\/wp-content\/uploads\/2024\/03\/IMG-20230216-WA0009-16x12.jpg 16w, https:\/\/spsow.cz\/wp-content\/uploads\/2024\/03\/IMG-20230216-WA0009.jpg 1920w\" sizes=\"auto, (max-width: 1024px) 100vw, 1024px\" \/><\/a><\/figure>\n\n\n\n<figure class=\"wp-block-image size-large\"><a href=\"https:\/\/spsow.cz\/wp-content\/uploads\/2024\/03\/IMG-20230216-WA0008.jpg\"><img loading=\"lazy\" decoding=\"async\" width=\"1024\" height=\"768\" data-id=\"5980\" src=\"https:\/\/spsow.cz\/wp-content\/uploads\/2024\/03\/IMG-20230216-WA0008-1024x768.jpg\" alt=\"\" class=\"wp-image-5980\" srcset=\"https:\/\/spsow.cz\/wp-content\/uploads\/2024\/03\/IMG-20230216-WA0008-1024x768.jpg 1024w, https:\/\/spsow.cz\/wp-content\/uploads\/2024\/03\/IMG-20230216-WA0008-300x225.jpg 300w, https:\/\/spsow.cz\/wp-content\/uploads\/2024\/03\/IMG-20230216-WA0008-768x576.jpg 768w, https:\/\/spsow.cz\/wp-content\/uploads\/2024\/03\/IMG-20230216-WA0008-1536x1152.jpg 1536w, https:\/\/spsow.cz\/wp-content\/uploads\/2024\/03\/IMG-20230216-WA0008-16x12.jpg 16w, https:\/\/spsow.cz\/wp-content\/uploads\/2024\/03\/IMG-20230216-WA0008.jpg 1920w\" sizes=\"auto, (max-width: 1024px) 100vw, 1024px\" \/><\/a><\/figure>\n\n\n\n<figure class=\"wp-block-image size-large\"><a href=\"https:\/\/spsow.cz\/wp-content\/uploads\/2024\/03\/IMG-20230216-WA0007.jpg\"><img loading=\"lazy\" decoding=\"async\" width=\"1024\" height=\"768\" data-id=\"5979\" src=\"https:\/\/spsow.cz\/wp-content\/uploads\/2024\/03\/IMG-20230216-WA0007-1024x768.jpg\" alt=\"\" class=\"wp-image-5979\" srcset=\"https:\/\/spsow.cz\/wp-content\/uploads\/2024\/03\/IMG-20230216-WA0007-1024x768.jpg 1024w, https:\/\/spsow.cz\/wp-content\/uploads\/2024\/03\/IMG-20230216-WA0007-300x225.jpg 300w, https:\/\/spsow.cz\/wp-content\/uploads\/2024\/03\/IMG-20230216-WA0007-768x576.jpg 768w, https:\/\/spsow.cz\/wp-content\/uploads\/2024\/03\/IMG-20230216-WA0007-1536x1152.jpg 1536w, https:\/\/spsow.cz\/wp-content\/uploads\/2024\/03\/IMG-20230216-WA0007-16x12.jpg 16w, https:\/\/spsow.cz\/wp-content\/uploads\/2024\/03\/IMG-20230216-WA0007.jpg 1920w\" sizes=\"auto, (max-width: 1024px) 100vw, 1024px\" \/><\/a><\/figure>\n\n\n\n<figure class=\"wp-block-image size-large\"><a href=\"https:\/\/spsow.cz\/wp-content\/uploads\/2024\/03\/IMG-20230216-WA0006.jpg\"><img loading=\"lazy\" decoding=\"async\" width=\"1024\" height=\"768\" data-id=\"5978\" src=\"https:\/\/spsow.cz\/wp-content\/uploads\/2024\/03\/IMG-20230216-WA0006-1024x768.jpg\" alt=\"\" class=\"wp-image-5978\" srcset=\"https:\/\/spsow.cz\/wp-content\/uploads\/2024\/03\/IMG-20230216-WA0006-1024x768.jpg 1024w, https:\/\/spsow.cz\/wp-content\/uploads\/2024\/03\/IMG-20230216-WA0006-300x225.jpg 300w, https:\/\/spsow.cz\/wp-content\/uploads\/2024\/03\/IMG-20230216-WA0006-768x576.jpg 768w, https:\/\/spsow.cz\/wp-content\/uploads\/2024\/03\/IMG-20230216-WA0006-1536x1152.jpg 1536w, https:\/\/spsow.cz\/wp-content\/uploads\/2024\/03\/IMG-20230216-WA0006-16x12.jpg 16w, https:\/\/spsow.cz\/wp-content\/uploads\/2024\/03\/IMG-20230216-WA0006.jpg 1920w\" sizes=\"auto, (max-width: 1024px) 100vw, 1024px\" \/><\/a><\/figure>\n\n\n\n<figure class=\"wp-block-image size-large\"><a href=\"https:\/\/spsow.cz\/wp-content\/uploads\/2024\/03\/IMG-20230216-WA0005.jpg\"><img loading=\"lazy\" decoding=\"async\" width=\"1024\" height=\"768\" data-id=\"5977\" src=\"https:\/\/spsow.cz\/wp-content\/uploads\/2024\/03\/IMG-20230216-WA0005-1024x768.jpg\" alt=\"\" class=\"wp-image-5977\" srcset=\"https:\/\/spsow.cz\/wp-content\/uploads\/2024\/03\/IMG-20230216-WA0005-1024x768.jpg 1024w, https:\/\/spsow.cz\/wp-content\/uploads\/2024\/03\/IMG-20230216-WA0005-300x225.jpg 300w, https:\/\/spsow.cz\/wp-content\/uploads\/2024\/03\/IMG-20230216-WA0005-768x576.jpg 768w, https:\/\/spsow.cz\/wp-content\/uploads\/2024\/03\/IMG-20230216-WA0005-1536x1152.jpg 1536w, https:\/\/spsow.cz\/wp-content\/uploads\/2024\/03\/IMG-20230216-WA0005-16x12.jpg 16w, https:\/\/spsow.cz\/wp-content\/uploads\/2024\/03\/IMG-20230216-WA0005.jpg 1920w\" sizes=\"auto, (max-width: 1024px) 100vw, 1024px\" \/><\/a><\/figure>\n\n\n\n<figure class=\"wp-block-image size-large\"><a href=\"https:\/\/spsow.cz\/wp-content\/uploads\/2024\/03\/IMG-20230216-WA0004.jpg\"><img loading=\"lazy\" decoding=\"async\" width=\"1024\" height=\"768\" data-id=\"5976\" src=\"https:\/\/spsow.cz\/wp-content\/uploads\/2024\/03\/IMG-20230216-WA0004-1024x768.jpg\" alt=\"\" class=\"wp-image-5976\" srcset=\"https:\/\/spsow.cz\/wp-content\/uploads\/2024\/03\/IMG-20230216-WA0004-1024x768.jpg 1024w, https:\/\/spsow.cz\/wp-content\/uploads\/2024\/03\/IMG-20230216-WA0004-300x225.jpg 300w, https:\/\/spsow.cz\/wp-content\/uploads\/2024\/03\/IMG-20230216-WA0004-768x576.jpg 768w, https:\/\/spsow.cz\/wp-content\/uploads\/2024\/03\/IMG-20230216-WA0004-1536x1152.jpg 1536w, https:\/\/spsow.cz\/wp-content\/uploads\/2024\/03\/IMG-20230216-WA0004-16x12.jpg 16w, https:\/\/spsow.cz\/wp-content\/uploads\/2024\/03\/IMG-20230216-WA0004.jpg 1920w\" sizes=\"auto, (max-width: 1024px) 100vw, 1024px\" \/><\/a><\/figure>\n\n\n\n<figure class=\"wp-block-image size-large\"><a href=\"https:\/\/spsow.cz\/wp-content\/uploads\/2024\/03\/IMG-20230216-WA0003.jpg\"><img loading=\"lazy\" decoding=\"async\" width=\"1024\" height=\"768\" data-id=\"5975\" src=\"https:\/\/spsow.cz\/wp-content\/uploads\/2024\/03\/IMG-20230216-WA0003-1024x768.jpg\" alt=\"\" class=\"wp-image-5975\" srcset=\"https:\/\/spsow.cz\/wp-content\/uploads\/2024\/03\/IMG-20230216-WA0003-1024x768.jpg 1024w, https:\/\/spsow.cz\/wp-content\/uploads\/2024\/03\/IMG-20230216-WA0003-300x225.jpg 300w, https:\/\/spsow.cz\/wp-content\/uploads\/2024\/03\/IMG-20230216-WA0003-768x576.jpg 768w, https:\/\/spsow.cz\/wp-content\/uploads\/2024\/03\/IMG-20230216-WA0003-1536x1152.jpg 1536w, https:\/\/spsow.cz\/wp-content\/uploads\/2024\/03\/IMG-20230216-WA0003-16x12.jpg 16w, https:\/\/spsow.cz\/wp-content\/uploads\/2024\/03\/IMG-20230216-WA0003.jpg 1920w\" sizes=\"auto, (max-width: 1024px) 100vw, 1024px\" \/><\/a><\/figure>\n\n\n\n<figure class=\"wp-block-image size-large\"><a href=\"https:\/\/spsow.cz\/wp-content\/uploads\/2024\/03\/IMG-20230216-WA0002.jpg\"><img loading=\"lazy\" decoding=\"async\" width=\"768\" height=\"1024\" data-id=\"5974\" src=\"https:\/\/spsow.cz\/wp-content\/uploads\/2024\/03\/IMG-20230216-WA0002-768x1024.jpg\" alt=\"\" class=\"wp-image-5974\" srcset=\"https:\/\/spsow.cz\/wp-content\/uploads\/2024\/03\/IMG-20230216-WA0002-768x1024.jpg 768w, https:\/\/spsow.cz\/wp-content\/uploads\/2024\/03\/IMG-20230216-WA0002-225x300.jpg 225w, https:\/\/spsow.cz\/wp-content\/uploads\/2024\/03\/IMG-20230216-WA0002-1152x1536.jpg 1152w, https:\/\/spsow.cz\/wp-content\/uploads\/2024\/03\/IMG-20230216-WA0002-9x12.jpg 9w, https:\/\/spsow.cz\/wp-content\/uploads\/2024\/03\/IMG-20230216-WA0002.jpg 1440w\" sizes=\"auto, (max-width: 768px) 100vw, 768px\" \/><\/a><\/figure>\n\n\n\n<figure class=\"wp-block-image size-large\"><a href=\"https:\/\/spsow.cz\/wp-content\/uploads\/2024\/03\/IMG-20230216-WA0001.jpg\"><img loading=\"lazy\" decoding=\"async\" width=\"1024\" height=\"768\" data-id=\"5973\" src=\"https:\/\/spsow.cz\/wp-content\/uploads\/2024\/03\/IMG-20230216-WA0001-1024x768.jpg\" alt=\"\" class=\"wp-image-5973\" srcset=\"https:\/\/spsow.cz\/wp-content\/uploads\/2024\/03\/IMG-20230216-WA0001-1024x768.jpg 1024w, https:\/\/spsow.cz\/wp-content\/uploads\/2024\/03\/IMG-20230216-WA0001-300x225.jpg 300w, https:\/\/spsow.cz\/wp-content\/uploads\/2024\/03\/IMG-20230216-WA0001-768x576.jpg 768w, https:\/\/spsow.cz\/wp-content\/uploads\/2024\/03\/IMG-20230216-WA0001-1536x1152.jpg 1536w, https:\/\/spsow.cz\/wp-content\/uploads\/2024\/03\/IMG-20230216-WA0001-16x12.jpg 16w, https:\/\/spsow.cz\/wp-content\/uploads\/2024\/03\/IMG-20230216-WA0001.jpg 1920w\" sizes=\"auto, (max-width: 1024px) 100vw, 1024px\" \/><\/a><\/figure>\n\n\n\n<figure class=\"wp-block-image size-large\"><a href=\"https:\/\/spsow.cz\/wp-content\/uploads\/2024\/03\/IMG-20230216-WA0000.jpg\"><img loading=\"lazy\" decoding=\"async\" width=\"1024\" height=\"768\" data-id=\"5972\" src=\"https:\/\/spsow.cz\/wp-content\/uploads\/2024\/03\/IMG-20230216-WA0000-1024x768.jpg\" alt=\"\" class=\"wp-image-5972\" srcset=\"https:\/\/spsow.cz\/wp-content\/uploads\/2024\/03\/IMG-20230216-WA0000-1024x768.jpg 1024w, https:\/\/spsow.cz\/wp-content\/uploads\/2024\/03\/IMG-20230216-WA0000-300x225.jpg 300w, https:\/\/spsow.cz\/wp-content\/uploads\/2024\/03\/IMG-20230216-WA0000-768x576.jpg 768w, https:\/\/spsow.cz\/wp-content\/uploads\/2024\/03\/IMG-20230216-WA0000-1536x1152.jpg 1536w, https:\/\/spsow.cz\/wp-content\/uploads\/2024\/03\/IMG-20230216-WA0000-16x12.jpg 16w, https:\/\/spsow.cz\/wp-content\/uploads\/2024\/03\/IMG-20230216-WA0000.jpg 1920w\" sizes=\"auto, (max-width: 1024px) 100vw, 1024px\" \/><\/a><\/figure>\n<\/figure>","protected":false},"excerpt":{"rendered":"","protected":false},"author":3,"featured_media":0,"parent":0,"menu_order":0,"comment_status":"closed","ping_status":"closed","template":"","meta":{"footnotes":""},"class_list":["post-5996","page","type-page","status-publish","hentry"],"_links":{"self":[{"href":"https:\/\/spsow.cz\/en\/wp-json\/wp\/v2\/pages\/5996","targetHints":{"allow":["GET"]}}],"collection":[{"href":"https:\/\/spsow.cz\/en\/wp-json\/wp\/v2\/pages"}],"about":[{"href":"https:\/\/spsow.cz\/en\/wp-json\/wp\/v2\/types\/page"}],"author":[{"embeddable":true,"href":"https:\/\/spsow.cz\/en\/wp-json\/wp\/v2\/users\/3"}],"replies":[{"embeddable":true,"href":"https:\/\/spsow.cz\/en\/wp-json\/wp\/v2\/comments?post=5996"}],"version-history":[{"count":3,"href":"https:\/\/spsow.cz\/en\/wp-json\/wp\/v2\/pages\/5996\/revisions"}],"predecessor-version":[{"id":6005,"href":"https:\/\/spsow.cz\/en\/wp-json\/wp\/v2\/pages\/5996\/revisions\/6005"}],"wp:attachment":[{"href":"https:\/\/spsow.cz\/en\/wp-json\/wp\/v2\/media?parent=5996"}],"curies":[{"name":"wp","href":"https:\/\/api.w.org\/{rel}","templated":true}]}}