{"id":5461,"date":"2024-03-01T12:02:30","date_gmt":"2024-03-01T11:02:30","guid":{"rendered":"https:\/\/spsow.cz\/?page_id=5461"},"modified":"2024-03-01T12:13:02","modified_gmt":"2024-03-01T11:13:02","slug":"2023-cyklisticky-kurz-hronovskych-oboru","status":"publish","type":"page","link":"https:\/\/spsow.cz\/en\/2023-cyklisticky-kurz-hronovskych-oboru\/","title":{"rendered":"2023 > Cyklistick\u00fd kurz hronovsk\u00fdch obor\u016f"},"content":{"rendered":"<figure class=\"wp-block-gallery has-nested-images columns-default is-cropped wp-block-gallery-1 is-layout-flex wp-block-gallery-is-layout-flex\">\n<figure class=\"wp-block-image size-large\"><a href=\"https:\/\/spsow.cz\/wp-content\/uploads\/2024\/03\/IMG_0426.jpg\"><img loading=\"lazy\" decoding=\"async\" width=\"1024\" height=\"768\" data-id=\"5460\" src=\"https:\/\/spsow.cz\/wp-content\/uploads\/2024\/03\/IMG_0426-1024x768.jpg\" alt=\"\" class=\"wp-image-5460\" srcset=\"https:\/\/spsow.cz\/wp-content\/uploads\/2024\/03\/IMG_0426-1024x768.jpg 1024w, https:\/\/spsow.cz\/wp-content\/uploads\/2024\/03\/IMG_0426-300x225.jpg 300w, https:\/\/spsow.cz\/wp-content\/uploads\/2024\/03\/IMG_0426-768x576.jpg 768w, https:\/\/spsow.cz\/wp-content\/uploads\/2024\/03\/IMG_0426-1536x1152.jpg 1536w, https:\/\/spsow.cz\/wp-content\/uploads\/2024\/03\/IMG_0426-16x12.jpg 16w, https:\/\/spsow.cz\/wp-content\/uploads\/2024\/03\/IMG_0426.jpg 1920w\" sizes=\"auto, (max-width: 1024px) 100vw, 1024px\" \/><\/a><\/figure>\n\n\n\n<figure class=\"wp-block-image size-large\"><a href=\"https:\/\/spsow.cz\/wp-content\/uploads\/2024\/03\/IMG_0425.jpg\"><img loading=\"lazy\" decoding=\"async\" width=\"1024\" height=\"768\" data-id=\"5459\" src=\"https:\/\/spsow.cz\/wp-content\/uploads\/2024\/03\/IMG_0425-1024x768.jpg\" alt=\"\" class=\"wp-image-5459\" srcset=\"https:\/\/spsow.cz\/wp-content\/uploads\/2024\/03\/IMG_0425-1024x768.jpg 1024w, https:\/\/spsow.cz\/wp-content\/uploads\/2024\/03\/IMG_0425-300x225.jpg 300w, https:\/\/spsow.cz\/wp-content\/uploads\/2024\/03\/IMG_0425-768x576.jpg 768w, https:\/\/spsow.cz\/wp-content\/uploads\/2024\/03\/IMG_0425-1536x1152.jpg 1536w, https:\/\/spsow.cz\/wp-content\/uploads\/2024\/03\/IMG_0425-16x12.jpg 16w, https:\/\/spsow.cz\/wp-content\/uploads\/2024\/03\/IMG_0425.jpg 1920w\" sizes=\"auto, (max-width: 1024px) 100vw, 1024px\" \/><\/a><\/figure>\n\n\n\n<figure class=\"wp-block-image size-large\"><a href=\"https:\/\/spsow.cz\/wp-content\/uploads\/2024\/03\/IMG_0424.jpg\"><img loading=\"lazy\" decoding=\"async\" width=\"1024\" height=\"768\" data-id=\"5458\" src=\"https:\/\/spsow.cz\/wp-content\/uploads\/2024\/03\/IMG_0424-1024x768.jpg\" alt=\"\" class=\"wp-image-5458\" srcset=\"https:\/\/spsow.cz\/wp-content\/uploads\/2024\/03\/IMG_0424-1024x768.jpg 1024w, https:\/\/spsow.cz\/wp-content\/uploads\/2024\/03\/IMG_0424-300x225.jpg 300w, https:\/\/spsow.cz\/wp-content\/uploads\/2024\/03\/IMG_0424-768x576.jpg 768w, https:\/\/spsow.cz\/wp-content\/uploads\/2024\/03\/IMG_0424-1536x1152.jpg 1536w, https:\/\/spsow.cz\/wp-content\/uploads\/2024\/03\/IMG_0424-16x12.jpg 16w, https:\/\/spsow.cz\/wp-content\/uploads\/2024\/03\/IMG_0424.jpg 1920w\" sizes=\"auto, (max-width: 1024px) 100vw, 1024px\" \/><\/a><\/figure>\n\n\n\n<figure class=\"wp-block-image size-large\"><a href=\"https:\/\/spsow.cz\/wp-content\/uploads\/2024\/03\/IMG_0423.jpg\"><img loading=\"lazy\" decoding=\"async\" width=\"1024\" height=\"768\" data-id=\"5457\" src=\"https:\/\/spsow.cz\/wp-content\/uploads\/2024\/03\/IMG_0423-1024x768.jpg\" alt=\"\" class=\"wp-image-5457\" srcset=\"https:\/\/spsow.cz\/wp-content\/uploads\/2024\/03\/IMG_0423-1024x768.jpg 1024w, https:\/\/spsow.cz\/wp-content\/uploads\/2024\/03\/IMG_0423-300x225.jpg 300w, https:\/\/spsow.cz\/wp-content\/uploads\/2024\/03\/IMG_0423-768x576.jpg 768w, https:\/\/spsow.cz\/wp-content\/uploads\/2024\/03\/IMG_0423-1536x1152.jpg 1536w, https:\/\/spsow.cz\/wp-content\/uploads\/2024\/03\/IMG_0423-16x12.jpg 16w, https:\/\/spsow.cz\/wp-content\/uploads\/2024\/03\/IMG_0423.jpg 1920w\" sizes=\"auto, (max-width: 1024px) 100vw, 1024px\" \/><\/a><\/figure>\n\n\n\n<figure class=\"wp-block-image size-large\"><a href=\"https:\/\/spsow.cz\/wp-content\/uploads\/2024\/03\/IMG_0422.jpg\"><img loading=\"lazy\" decoding=\"async\" width=\"1024\" height=\"768\" data-id=\"5456\" src=\"https:\/\/spsow.cz\/wp-content\/uploads\/2024\/03\/IMG_0422-1024x768.jpg\" alt=\"\" class=\"wp-image-5456\" srcset=\"https:\/\/spsow.cz\/wp-content\/uploads\/2024\/03\/IMG_0422-1024x768.jpg 1024w, https:\/\/spsow.cz\/wp-content\/uploads\/2024\/03\/IMG_0422-300x225.jpg 300w, https:\/\/spsow.cz\/wp-content\/uploads\/2024\/03\/IMG_0422-768x576.jpg 768w, https:\/\/spsow.cz\/wp-content\/uploads\/2024\/03\/IMG_0422-1536x1152.jpg 1536w, https:\/\/spsow.cz\/wp-content\/uploads\/2024\/03\/IMG_0422-16x12.jpg 16w, https:\/\/spsow.cz\/wp-content\/uploads\/2024\/03\/IMG_0422.jpg 1920w\" sizes=\"auto, (max-width: 1024px) 100vw, 1024px\" \/><\/a><\/figure>\n\n\n\n<figure class=\"wp-block-image size-large\"><a href=\"https:\/\/spsow.cz\/wp-content\/uploads\/2024\/03\/IMG_0417.jpg\"><img loading=\"lazy\" decoding=\"async\" width=\"1024\" height=\"768\" data-id=\"5455\" src=\"https:\/\/spsow.cz\/wp-content\/uploads\/2024\/03\/IMG_0417-1024x768.jpg\" alt=\"\" class=\"wp-image-5455\" srcset=\"https:\/\/spsow.cz\/wp-content\/uploads\/2024\/03\/IMG_0417-1024x768.jpg 1024w, https:\/\/spsow.cz\/wp-content\/uploads\/2024\/03\/IMG_0417-300x225.jpg 300w, https:\/\/spsow.cz\/wp-content\/uploads\/2024\/03\/IMG_0417-768x576.jpg 768w, https:\/\/spsow.cz\/wp-content\/uploads\/2024\/03\/IMG_0417-1536x1152.jpg 1536w, https:\/\/spsow.cz\/wp-content\/uploads\/2024\/03\/IMG_0417-16x12.jpg 16w, https:\/\/spsow.cz\/wp-content\/uploads\/2024\/03\/IMG_0417.jpg 1920w\" sizes=\"auto, (max-width: 1024px) 100vw, 1024px\" \/><\/a><\/figure>\n\n\n\n<figure class=\"wp-block-image size-large\"><a href=\"https:\/\/spsow.cz\/wp-content\/uploads\/2024\/03\/IMG_0416.jpg\"><img loading=\"lazy\" decoding=\"async\" width=\"1024\" height=\"768\" data-id=\"5454\" src=\"https:\/\/spsow.cz\/wp-content\/uploads\/2024\/03\/IMG_0416-1024x768.jpg\" alt=\"\" class=\"wp-image-5454\" srcset=\"https:\/\/spsow.cz\/wp-content\/uploads\/2024\/03\/IMG_0416-1024x768.jpg 1024w, https:\/\/spsow.cz\/wp-content\/uploads\/2024\/03\/IMG_0416-300x225.jpg 300w, https:\/\/spsow.cz\/wp-content\/uploads\/2024\/03\/IMG_0416-768x576.jpg 768w, https:\/\/spsow.cz\/wp-content\/uploads\/2024\/03\/IMG_0416-1536x1152.jpg 1536w, https:\/\/spsow.cz\/wp-content\/uploads\/2024\/03\/IMG_0416-16x12.jpg 16w, https:\/\/spsow.cz\/wp-content\/uploads\/2024\/03\/IMG_0416.jpg 1920w\" sizes=\"auto, (max-width: 1024px) 100vw, 1024px\" \/><\/a><\/figure>\n<\/figure>","protected":false},"excerpt":{"rendered":"","protected":false},"author":3,"featured_media":0,"parent":0,"menu_order":0,"comment_status":"closed","ping_status":"closed","template":"","meta":{"footnotes":""},"class_list":["post-5461","page","type-page","status-publish","hentry"],"_links":{"self":[{"href":"https:\/\/spsow.cz\/en\/wp-json\/wp\/v2\/pages\/5461","targetHints":{"allow":["GET"]}}],"collection":[{"href":"https:\/\/spsow.cz\/en\/wp-json\/wp\/v2\/pages"}],"about":[{"href":"https:\/\/spsow.cz\/en\/wp-json\/wp\/v2\/types\/page"}],"author":[{"embeddable":true,"href":"https:\/\/spsow.cz\/en\/wp-json\/wp\/v2\/users\/3"}],"replies":[{"embeddable":true,"href":"https:\/\/spsow.cz\/en\/wp-json\/wp\/v2\/comments?post=5461"}],"version-history":[{"count":2,"href":"https:\/\/spsow.cz\/en\/wp-json\/wp\/v2\/pages\/5461\/revisions"}],"predecessor-version":[{"id":5475,"href":"https:\/\/spsow.cz\/en\/wp-json\/wp\/v2\/pages\/5461\/revisions\/5475"}],"wp:attachment":[{"href":"https:\/\/spsow.cz\/en\/wp-json\/wp\/v2\/media?parent=5461"}],"curies":[{"name":"wp","href":"https:\/\/api.w.org\/{rel}","templated":true}]}}