{"id":5389,"date":"2024-03-01T10:29:00","date_gmt":"2024-03-01T09:29:00","guid":{"rendered":"https:\/\/spsow.cz\/?page_id=5389"},"modified":"2024-03-01T10:30:57","modified_gmt":"2024-03-01T09:30:57","slug":"2023-vernisaz-vystavy-srdceryvne-meritko-1-11-2023","status":"publish","type":"page","link":"https:\/\/spsow.cz\/en\/2023-vernisaz-vystavy-srdceryvne-meritko-1-11-2023\/","title":{"rendered":"2023 > Vernis\u00e1\u017e v\u00fdstavy Srdceryvn\u00e9 m\u011b\u0159\u00edtko"},"content":{"rendered":"<p class=\"has-medium-font-size\"> <\/p>\n\n\n\n<figure class=\"wp-block-gallery has-nested-images columns-default is-cropped wp-block-gallery-1 is-layout-flex wp-block-gallery-is-layout-flex\">\n<figure class=\"wp-block-image size-large\"><a href=\"https:\/\/spsow.cz\/wp-content\/uploads\/2024\/03\/DSC09985.jpg\"><img loading=\"lazy\" decoding=\"async\" width=\"1024\" height=\"683\" data-id=\"5388\" src=\"https:\/\/spsow.cz\/wp-content\/uploads\/2024\/03\/DSC09985-1024x683.jpg\" alt=\"\" class=\"wp-image-5388\" srcset=\"https:\/\/spsow.cz\/wp-content\/uploads\/2024\/03\/DSC09985-1024x683.jpg 1024w, https:\/\/spsow.cz\/wp-content\/uploads\/2024\/03\/DSC09985-300x200.jpg 300w, https:\/\/spsow.cz\/wp-content\/uploads\/2024\/03\/DSC09985-768x512.jpg 768w, https:\/\/spsow.cz\/wp-content\/uploads\/2024\/03\/DSC09985-1536x1024.jpg 1536w, https:\/\/spsow.cz\/wp-content\/uploads\/2024\/03\/DSC09985-18x12.jpg 18w, https:\/\/spsow.cz\/wp-content\/uploads\/2024\/03\/DSC09985-360x240.jpg 360w, https:\/\/spsow.cz\/wp-content\/uploads\/2024\/03\/DSC09985.jpg 1920w\" sizes=\"auto, (max-width: 1024px) 100vw, 1024px\" \/><\/a><\/figure>\n\n\n\n<figure class=\"wp-block-image size-large\"><a href=\"https:\/\/spsow.cz\/wp-content\/uploads\/2024\/03\/DSC09984.jpg\"><img loading=\"lazy\" decoding=\"async\" width=\"1024\" height=\"683\" data-id=\"5387\" src=\"https:\/\/spsow.cz\/wp-content\/uploads\/2024\/03\/DSC09984-1024x683.jpg\" alt=\"\" class=\"wp-image-5387\" srcset=\"https:\/\/spsow.cz\/wp-content\/uploads\/2024\/03\/DSC09984-1024x683.jpg 1024w, https:\/\/spsow.cz\/wp-content\/uploads\/2024\/03\/DSC09984-300x200.jpg 300w, https:\/\/spsow.cz\/wp-content\/uploads\/2024\/03\/DSC09984-768x512.jpg 768w, https:\/\/spsow.cz\/wp-content\/uploads\/2024\/03\/DSC09984-1536x1024.jpg 1536w, https:\/\/spsow.cz\/wp-content\/uploads\/2024\/03\/DSC09984-18x12.jpg 18w, https:\/\/spsow.cz\/wp-content\/uploads\/2024\/03\/DSC09984-360x240.jpg 360w, https:\/\/spsow.cz\/wp-content\/uploads\/2024\/03\/DSC09984.jpg 1920w\" sizes=\"auto, (max-width: 1024px) 100vw, 1024px\" \/><\/a><\/figure>\n\n\n\n<figure class=\"wp-block-image size-large\"><a href=\"https:\/\/spsow.cz\/wp-content\/uploads\/2024\/03\/DSC09978.jpg\"><img loading=\"lazy\" decoding=\"async\" width=\"1024\" height=\"683\" data-id=\"5386\" src=\"https:\/\/spsow.cz\/wp-content\/uploads\/2024\/03\/DSC09978-1024x683.jpg\" alt=\"\" class=\"wp-image-5386\" srcset=\"https:\/\/spsow.cz\/wp-content\/uploads\/2024\/03\/DSC09978-1024x683.jpg 1024w, https:\/\/spsow.cz\/wp-content\/uploads\/2024\/03\/DSC09978-300x200.jpg 300w, https:\/\/spsow.cz\/wp-content\/uploads\/2024\/03\/DSC09978-768x512.jpg 768w, https:\/\/spsow.cz\/wp-content\/uploads\/2024\/03\/DSC09978-1536x1024.jpg 1536w, https:\/\/spsow.cz\/wp-content\/uploads\/2024\/03\/DSC09978-18x12.jpg 18w, https:\/\/spsow.cz\/wp-content\/uploads\/2024\/03\/DSC09978-360x240.jpg 360w, https:\/\/spsow.cz\/wp-content\/uploads\/2024\/03\/DSC09978.jpg 1920w\" sizes=\"auto, (max-width: 1024px) 100vw, 1024px\" \/><\/a><\/figure>\n\n\n\n<figure class=\"wp-block-image size-large\"><a href=\"https:\/\/spsow.cz\/wp-content\/uploads\/2024\/03\/DSC09970.jpg\"><img loading=\"lazy\" decoding=\"async\" width=\"1024\" height=\"683\" data-id=\"5385\" src=\"https:\/\/spsow.cz\/wp-content\/uploads\/2024\/03\/DSC09970-1024x683.jpg\" alt=\"\" class=\"wp-image-5385\" srcset=\"https:\/\/spsow.cz\/wp-content\/uploads\/2024\/03\/DSC09970-1024x683.jpg 1024w, https:\/\/spsow.cz\/wp-content\/uploads\/2024\/03\/DSC09970-300x200.jpg 300w, https:\/\/spsow.cz\/wp-content\/uploads\/2024\/03\/DSC09970-768x512.jpg 768w, https:\/\/spsow.cz\/wp-content\/uploads\/2024\/03\/DSC09970-1536x1024.jpg 1536w, https:\/\/spsow.cz\/wp-content\/uploads\/2024\/03\/DSC09970-18x12.jpg 18w, https:\/\/spsow.cz\/wp-content\/uploads\/2024\/03\/DSC09970-360x240.jpg 360w, https:\/\/spsow.cz\/wp-content\/uploads\/2024\/03\/DSC09970.jpg 1920w\" sizes=\"auto, (max-width: 1024px) 100vw, 1024px\" \/><\/a><\/figure>\n\n\n\n<figure class=\"wp-block-image size-large\"><a href=\"https:\/\/spsow.cz\/wp-content\/uploads\/2024\/03\/DSC09955.jpg\"><img loading=\"lazy\" decoding=\"async\" width=\"1024\" height=\"683\" data-id=\"5384\" src=\"https:\/\/spsow.cz\/wp-content\/uploads\/2024\/03\/DSC09955-1024x683.jpg\" alt=\"\" class=\"wp-image-5384\" srcset=\"https:\/\/spsow.cz\/wp-content\/uploads\/2024\/03\/DSC09955-1024x683.jpg 1024w, https:\/\/spsow.cz\/wp-content\/uploads\/2024\/03\/DSC09955-300x200.jpg 300w, https:\/\/spsow.cz\/wp-content\/uploads\/2024\/03\/DSC09955-768x512.jpg 768w, https:\/\/spsow.cz\/wp-content\/uploads\/2024\/03\/DSC09955-1536x1024.jpg 1536w, https:\/\/spsow.cz\/wp-content\/uploads\/2024\/03\/DSC09955-18x12.jpg 18w, https:\/\/spsow.cz\/wp-content\/uploads\/2024\/03\/DSC09955-360x240.jpg 360w, https:\/\/spsow.cz\/wp-content\/uploads\/2024\/03\/DSC09955.jpg 1920w\" sizes=\"auto, (max-width: 1024px) 100vw, 1024px\" \/><\/a><\/figure>\n\n\n\n<figure class=\"wp-block-image size-large\"><a href=\"https:\/\/spsow.cz\/wp-content\/uploads\/2024\/03\/DSC09947.jpg\"><img loading=\"lazy\" decoding=\"async\" width=\"1024\" height=\"683\" data-id=\"5383\" src=\"https:\/\/spsow.cz\/wp-content\/uploads\/2024\/03\/DSC09947-1024x683.jpg\" alt=\"\" class=\"wp-image-5383\" srcset=\"https:\/\/spsow.cz\/wp-content\/uploads\/2024\/03\/DSC09947-1024x683.jpg 1024w, https:\/\/spsow.cz\/wp-content\/uploads\/2024\/03\/DSC09947-300x200.jpg 300w, https:\/\/spsow.cz\/wp-content\/uploads\/2024\/03\/DSC09947-768x512.jpg 768w, https:\/\/spsow.cz\/wp-content\/uploads\/2024\/03\/DSC09947-1536x1024.jpg 1536w, https:\/\/spsow.cz\/wp-content\/uploads\/2024\/03\/DSC09947-18x12.jpg 18w, https:\/\/spsow.cz\/wp-content\/uploads\/2024\/03\/DSC09947-360x240.jpg 360w, https:\/\/spsow.cz\/wp-content\/uploads\/2024\/03\/DSC09947.jpg 1920w\" sizes=\"auto, (max-width: 1024px) 100vw, 1024px\" \/><\/a><\/figure>\n\n\n\n<figure class=\"wp-block-image size-large\"><a href=\"https:\/\/spsow.cz\/wp-content\/uploads\/2024\/03\/DSC09934.jpg\"><img loading=\"lazy\" decoding=\"async\" width=\"1024\" height=\"683\" data-id=\"5382\" src=\"https:\/\/spsow.cz\/wp-content\/uploads\/2024\/03\/DSC09934-1024x683.jpg\" alt=\"\" class=\"wp-image-5382\" srcset=\"https:\/\/spsow.cz\/wp-content\/uploads\/2024\/03\/DSC09934-1024x683.jpg 1024w, https:\/\/spsow.cz\/wp-content\/uploads\/2024\/03\/DSC09934-300x200.jpg 300w, https:\/\/spsow.cz\/wp-content\/uploads\/2024\/03\/DSC09934-768x512.jpg 768w, https:\/\/spsow.cz\/wp-content\/uploads\/2024\/03\/DSC09934-1536x1024.jpg 1536w, https:\/\/spsow.cz\/wp-content\/uploads\/2024\/03\/DSC09934-18x12.jpg 18w, https:\/\/spsow.cz\/wp-content\/uploads\/2024\/03\/DSC09934-360x240.jpg 360w, https:\/\/spsow.cz\/wp-content\/uploads\/2024\/03\/DSC09934.jpg 1920w\" sizes=\"auto, (max-width: 1024px) 100vw, 1024px\" \/><\/a><\/figure>\n\n\n\n<figure class=\"wp-block-image size-large\"><a href=\"https:\/\/spsow.cz\/wp-content\/uploads\/2024\/03\/DSC09928.jpg\"><img loading=\"lazy\" decoding=\"async\" width=\"1024\" height=\"683\" data-id=\"5381\" src=\"https:\/\/spsow.cz\/wp-content\/uploads\/2024\/03\/DSC09928-1024x683.jpg\" alt=\"\" class=\"wp-image-5381\" srcset=\"https:\/\/spsow.cz\/wp-content\/uploads\/2024\/03\/DSC09928-1024x683.jpg 1024w, https:\/\/spsow.cz\/wp-content\/uploads\/2024\/03\/DSC09928-300x200.jpg 300w, https:\/\/spsow.cz\/wp-content\/uploads\/2024\/03\/DSC09928-768x512.jpg 768w, https:\/\/spsow.cz\/wp-content\/uploads\/2024\/03\/DSC09928-1536x1024.jpg 1536w, https:\/\/spsow.cz\/wp-content\/uploads\/2024\/03\/DSC09928-18x12.jpg 18w, https:\/\/spsow.cz\/wp-content\/uploads\/2024\/03\/DSC09928-360x240.jpg 360w, https:\/\/spsow.cz\/wp-content\/uploads\/2024\/03\/DSC09928.jpg 1920w\" sizes=\"auto, (max-width: 1024px) 100vw, 1024px\" \/><\/a><\/figure>\n\n\n\n<figure class=\"wp-block-image size-large\"><a href=\"https:\/\/spsow.cz\/wp-content\/uploads\/2024\/03\/DSC09923.jpg\"><img loading=\"lazy\" decoding=\"async\" width=\"1024\" height=\"683\" data-id=\"5380\" src=\"https:\/\/spsow.cz\/wp-content\/uploads\/2024\/03\/DSC09923-1024x683.jpg\" alt=\"\" class=\"wp-image-5380\" srcset=\"https:\/\/spsow.cz\/wp-content\/uploads\/2024\/03\/DSC09923-1024x683.jpg 1024w, https:\/\/spsow.cz\/wp-content\/uploads\/2024\/03\/DSC09923-300x200.jpg 300w, https:\/\/spsow.cz\/wp-content\/uploads\/2024\/03\/DSC09923-768x512.jpg 768w, https:\/\/spsow.cz\/wp-content\/uploads\/2024\/03\/DSC09923-1536x1024.jpg 1536w, https:\/\/spsow.cz\/wp-content\/uploads\/2024\/03\/DSC09923-18x12.jpg 18w, https:\/\/spsow.cz\/wp-content\/uploads\/2024\/03\/DSC09923-360x240.jpg 360w, https:\/\/spsow.cz\/wp-content\/uploads\/2024\/03\/DSC09923.jpg 1920w\" sizes=\"auto, (max-width: 1024px) 100vw, 1024px\" \/><\/a><\/figure>\n\n\n\n<figure class=\"wp-block-image size-large\"><a href=\"https:\/\/spsow.cz\/wp-content\/uploads\/2024\/03\/DSC09922.jpg\"><img loading=\"lazy\" decoding=\"async\" width=\"1024\" height=\"683\" data-id=\"5379\" src=\"https:\/\/spsow.cz\/wp-content\/uploads\/2024\/03\/DSC09922-1024x683.jpg\" alt=\"\" class=\"wp-image-5379\" srcset=\"https:\/\/spsow.cz\/wp-content\/uploads\/2024\/03\/DSC09922-1024x683.jpg 1024w, https:\/\/spsow.cz\/wp-content\/uploads\/2024\/03\/DSC09922-300x200.jpg 300w, https:\/\/spsow.cz\/wp-content\/uploads\/2024\/03\/DSC09922-768x512.jpg 768w, https:\/\/spsow.cz\/wp-content\/uploads\/2024\/03\/DSC09922-1536x1024.jpg 1536w, https:\/\/spsow.cz\/wp-content\/uploads\/2024\/03\/DSC09922-18x12.jpg 18w, https:\/\/spsow.cz\/wp-content\/uploads\/2024\/03\/DSC09922-360x240.jpg 360w, https:\/\/spsow.cz\/wp-content\/uploads\/2024\/03\/DSC09922.jpg 1920w\" sizes=\"auto, (max-width: 1024px) 100vw, 1024px\" \/><\/a><\/figure>\n\n\n\n<figure class=\"wp-block-image size-large\"><a href=\"https:\/\/spsow.cz\/wp-content\/uploads\/2024\/03\/DSC09920.jpg\"><img loading=\"lazy\" decoding=\"async\" width=\"1024\" height=\"683\" data-id=\"5378\" src=\"https:\/\/spsow.cz\/wp-content\/uploads\/2024\/03\/DSC09920-1024x683.jpg\" alt=\"\" class=\"wp-image-5378\" srcset=\"https:\/\/spsow.cz\/wp-content\/uploads\/2024\/03\/DSC09920-1024x683.jpg 1024w, https:\/\/spsow.cz\/wp-content\/uploads\/2024\/03\/DSC09920-300x200.jpg 300w, https:\/\/spsow.cz\/wp-content\/uploads\/2024\/03\/DSC09920-768x512.jpg 768w, https:\/\/spsow.cz\/wp-content\/uploads\/2024\/03\/DSC09920-1536x1024.jpg 1536w, https:\/\/spsow.cz\/wp-content\/uploads\/2024\/03\/DSC09920-18x12.jpg 18w, https:\/\/spsow.cz\/wp-content\/uploads\/2024\/03\/DSC09920-360x240.jpg 360w, https:\/\/spsow.cz\/wp-content\/uploads\/2024\/03\/DSC09920.jpg 1920w\" sizes=\"auto, (max-width: 1024px) 100vw, 1024px\" \/><\/a><\/figure>\n\n\n\n<figure class=\"wp-block-image size-large\"><a href=\"https:\/\/spsow.cz\/wp-content\/uploads\/2024\/03\/DSC09918.jpg\"><img loading=\"lazy\" decoding=\"async\" width=\"1024\" height=\"683\" data-id=\"5377\" src=\"https:\/\/spsow.cz\/wp-content\/uploads\/2024\/03\/DSC09918-1024x683.jpg\" alt=\"\" class=\"wp-image-5377\" srcset=\"https:\/\/spsow.cz\/wp-content\/uploads\/2024\/03\/DSC09918-1024x683.jpg 1024w, https:\/\/spsow.cz\/wp-content\/uploads\/2024\/03\/DSC09918-300x200.jpg 300w, https:\/\/spsow.cz\/wp-content\/uploads\/2024\/03\/DSC09918-768x512.jpg 768w, https:\/\/spsow.cz\/wp-content\/uploads\/2024\/03\/DSC09918-1536x1024.jpg 1536w, https:\/\/spsow.cz\/wp-content\/uploads\/2024\/03\/DSC09918-18x12.jpg 18w, https:\/\/spsow.cz\/wp-content\/uploads\/2024\/03\/DSC09918-360x240.jpg 360w, https:\/\/spsow.cz\/wp-content\/uploads\/2024\/03\/DSC09918.jpg 1920w\" sizes=\"auto, (max-width: 1024px) 100vw, 1024px\" \/><\/a><\/figure>\n\n\n\n<figure class=\"wp-block-image size-large\"><a href=\"https:\/\/spsow.cz\/wp-content\/uploads\/2024\/03\/DSC09903.jpg\"><img loading=\"lazy\" decoding=\"async\" width=\"1024\" height=\"683\" data-id=\"5376\" src=\"https:\/\/spsow.cz\/wp-content\/uploads\/2024\/03\/DSC09903-1024x683.jpg\" alt=\"\" class=\"wp-image-5376\" srcset=\"https:\/\/spsow.cz\/wp-content\/uploads\/2024\/03\/DSC09903-1024x683.jpg 1024w, https:\/\/spsow.cz\/wp-content\/uploads\/2024\/03\/DSC09903-300x200.jpg 300w, https:\/\/spsow.cz\/wp-content\/uploads\/2024\/03\/DSC09903-768x512.jpg 768w, https:\/\/spsow.cz\/wp-content\/uploads\/2024\/03\/DSC09903-1536x1024.jpg 1536w, https:\/\/spsow.cz\/wp-content\/uploads\/2024\/03\/DSC09903-18x12.jpg 18w, https:\/\/spsow.cz\/wp-content\/uploads\/2024\/03\/DSC09903-360x240.jpg 360w, https:\/\/spsow.cz\/wp-content\/uploads\/2024\/03\/DSC09903.jpg 1920w\" sizes=\"auto, (max-width: 1024px) 100vw, 1024px\" \/><\/a><\/figure>\n\n\n\n<figure class=\"wp-block-image size-large\"><a href=\"https:\/\/spsow.cz\/wp-content\/uploads\/2024\/03\/DSC09887.jpg\"><img loading=\"lazy\" decoding=\"async\" width=\"1024\" height=\"683\" data-id=\"5375\" src=\"https:\/\/spsow.cz\/wp-content\/uploads\/2024\/03\/DSC09887-1024x683.jpg\" alt=\"\" class=\"wp-image-5375\" srcset=\"https:\/\/spsow.cz\/wp-content\/uploads\/2024\/03\/DSC09887-1024x683.jpg 1024w, https:\/\/spsow.cz\/wp-content\/uploads\/2024\/03\/DSC09887-300x200.jpg 300w, https:\/\/spsow.cz\/wp-content\/uploads\/2024\/03\/DSC09887-768x512.jpg 768w, https:\/\/spsow.cz\/wp-content\/uploads\/2024\/03\/DSC09887-1536x1024.jpg 1536w, https:\/\/spsow.cz\/wp-content\/uploads\/2024\/03\/DSC09887-18x12.jpg 18w, https:\/\/spsow.cz\/wp-content\/uploads\/2024\/03\/DSC09887-360x240.jpg 360w, https:\/\/spsow.cz\/wp-content\/uploads\/2024\/03\/DSC09887.jpg 1920w\" sizes=\"auto, (max-width: 1024px) 100vw, 1024px\" \/><\/a><\/figure>\n\n\n\n<figure class=\"wp-block-image size-large\"><a href=\"https:\/\/spsow.cz\/wp-content\/uploads\/2024\/03\/DSC09872.jpg\"><img loading=\"lazy\" decoding=\"async\" width=\"1024\" height=\"683\" data-id=\"5374\" src=\"https:\/\/spsow.cz\/wp-content\/uploads\/2024\/03\/DSC09872-1024x683.jpg\" alt=\"\" class=\"wp-image-5374\" srcset=\"https:\/\/spsow.cz\/wp-content\/uploads\/2024\/03\/DSC09872-1024x683.jpg 1024w, https:\/\/spsow.cz\/wp-content\/uploads\/2024\/03\/DSC09872-300x200.jpg 300w, https:\/\/spsow.cz\/wp-content\/uploads\/2024\/03\/DSC09872-768x512.jpg 768w, https:\/\/spsow.cz\/wp-content\/uploads\/2024\/03\/DSC09872-1536x1024.jpg 1536w, https:\/\/spsow.cz\/wp-content\/uploads\/2024\/03\/DSC09872-18x12.jpg 18w, https:\/\/spsow.cz\/wp-content\/uploads\/2024\/03\/DSC09872-360x240.jpg 360w, https:\/\/spsow.cz\/wp-content\/uploads\/2024\/03\/DSC09872.jpg 1920w\" sizes=\"auto, (max-width: 1024px) 100vw, 1024px\" \/><\/a><\/figure>\n\n\n\n<figure class=\"wp-block-image size-large\"><a href=\"https:\/\/spsow.cz\/wp-content\/uploads\/2024\/03\/DSC09871.jpg\"><img loading=\"lazy\" decoding=\"async\" width=\"1024\" height=\"683\" data-id=\"5373\" src=\"https:\/\/spsow.cz\/wp-content\/uploads\/2024\/03\/DSC09871-1024x683.jpg\" alt=\"\" class=\"wp-image-5373\" srcset=\"https:\/\/spsow.cz\/wp-content\/uploads\/2024\/03\/DSC09871-1024x683.jpg 1024w, https:\/\/spsow.cz\/wp-content\/uploads\/2024\/03\/DSC09871-300x200.jpg 300w, https:\/\/spsow.cz\/wp-content\/uploads\/2024\/03\/DSC09871-768x512.jpg 768w, https:\/\/spsow.cz\/wp-content\/uploads\/2024\/03\/DSC09871-1536x1024.jpg 1536w, https:\/\/spsow.cz\/wp-content\/uploads\/2024\/03\/DSC09871-18x12.jpg 18w, https:\/\/spsow.cz\/wp-content\/uploads\/2024\/03\/DSC09871-360x240.jpg 360w, https:\/\/spsow.cz\/wp-content\/uploads\/2024\/03\/DSC09871.jpg 1920w\" sizes=\"auto, (max-width: 1024px) 100vw, 1024px\" \/><\/a><\/figure>\n<\/figure>","protected":false},"excerpt":{"rendered":"","protected":false},"author":3,"featured_media":0,"parent":0,"menu_order":0,"comment_status":"closed","ping_status":"closed","template":"","meta":{"footnotes":""},"class_list":["post-5389","page","type-page","status-publish","hentry"],"_links":{"self":[{"href":"https:\/\/spsow.cz\/en\/wp-json\/wp\/v2\/pages\/5389","targetHints":{"allow":["GET"]}}],"collection":[{"href":"https:\/\/spsow.cz\/en\/wp-json\/wp\/v2\/pages"}],"about":[{"href":"https:\/\/spsow.cz\/en\/wp-json\/wp\/v2\/types\/page"}],"author":[{"embeddable":true,"href":"https:\/\/spsow.cz\/en\/wp-json\/wp\/v2\/users\/3"}],"replies":[{"embeddable":true,"href":"https:\/\/spsow.cz\/en\/wp-json\/wp\/v2\/comments?post=5389"}],"version-history":[{"count":3,"href":"https:\/\/spsow.cz\/en\/wp-json\/wp\/v2\/pages\/5389\/revisions"}],"predecessor-version":[{"id":5392,"href":"https:\/\/spsow.cz\/en\/wp-json\/wp\/v2\/pages\/5389\/revisions\/5392"}],"wp:attachment":[{"href":"https:\/\/spsow.cz\/en\/wp-json\/wp\/v2\/media?parent=5389"}],"curies":[{"name":"wp","href":"https:\/\/api.w.org\/{rel}","templated":true}]}}