{"id":496,"date":"2023-03-03T14:17:54","date_gmt":"2023-03-03T13:17:54","guid":{"rendered":"http:\/\/192.168.1.208\/wordpress\/?page_id=496"},"modified":"2024-10-04T09:46:05","modified_gmt":"2024-10-04T07:46:05","slug":"nastavbove-zkracene-obory","status":"publish","type":"page","link":"https:\/\/spsow.cz\/en\/nastavbove-zkracene-obory\/","title":{"rendered":"N\u00e1stavbov\u00e9\/zkr\u00e1cen\u00e9 obory"},"content":{"rendered":"<div class=\"wp-block-columns is-layout-flex wp-container-core-columns-is-layout-9d6595d7 wp-block-columns-is-layout-flex\">\n<div class=\"wp-block-column div-obory has-background is-layout-flow wp-block-column-is-layout-flow\" style=\"background:linear-gradient(135deg,rgb(0,174,199) 0%,rgb(51,13,105) 100%)\">\n<div style=\"height:30px\" aria-hidden=\"true\" class=\"wp-block-spacer\"><\/div>\n\n\n<div class=\"wp-block-image\">\n<figure class=\"aligncenter size-full is-resized\"><img loading=\"lazy\" decoding=\"async\" width=\"512\" height=\"512\" src=\"https:\/\/spsow.cz\/wp-content\/uploads\/2023\/05\/cooperation-white.png\" alt=\"\" class=\"wp-image-1856\" style=\"width:128px;height:128px\" srcset=\"https:\/\/spsow.cz\/wp-content\/uploads\/2023\/05\/cooperation-white.png 512w, https:\/\/spsow.cz\/wp-content\/uploads\/2023\/05\/cooperation-white-300x300.png 300w, https:\/\/spsow.cz\/wp-content\/uploads\/2023\/05\/cooperation-white-150x150.png 150w\" sizes=\"auto, (max-width: 512px) 100vw, 512px\" \/><\/figure>\n<\/div>\n\n\n<div style=\"height:30px\" aria-hidden=\"true\" class=\"wp-block-spacer\"><\/div>\n\n\n\n<h2 class=\"wp-block-heading has-text-align-center has-white-color has-text-color\">Podnik\u00e1n\u00ed<\/h2>\n\n\n\n<div style=\"height:120px\" aria-hidden=\"true\" class=\"wp-block-spacer\"><\/div>\n\n\n\n<ul class=\"has-white-color has-text-color has-medium-font-size wp-block-list\">\n<li>2 roky, denn\u00ed n\u00e1stavbov\u00e9 studium<\/li>\n\n\n\n<li>m\u00edsto vzd\u011bl\u00e1v\u00e1n\u00ed: Velk\u00e9 Po\u0159\u00ed\u010d\u00ed<\/li>\n\n\n\n<li>kapacita: 30 student\u016f<\/li>\n<\/ul>\n\n\n\n<div style=\"height:48px\" aria-hidden=\"true\" class=\"wp-block-spacer\"><\/div>\n\n\n\n<div class=\"wp-block-buttons has-custom-font-size has-medium-font-size is-content-justification-center is-layout-flex wp-container-core-buttons-is-layout-e1485a7b wp-block-buttons-is-layout-flex\">\n<div class=\"wp-block-button has-custom-width wp-block-button__width-100 button-obory\"><a class=\"wp-block-button__link has-black-color has-white-background-color has-text-color has-background wp-element-button\" href=\"https:\/\/spsow.cz\/en\/podnikani\/\" style=\"border-radius:0px\">V\u00edce informac\u00ed<\/a><\/div>\n<\/div>\n<\/div>\n\n\n\n<div class=\"wp-block-column div-obory has-background is-layout-flow wp-block-column-is-layout-flow\" style=\"background:linear-gradient(135deg,rgb(51,13,105) 0%,rgb(199,0,84) 100%)\">\n<div style=\"height:30px\" aria-hidden=\"true\" class=\"wp-block-spacer\"><\/div>\n\n\n<div class=\"wp-block-image\">\n<figure class=\"aligncenter size-full is-resized\"><img loading=\"lazy\" decoding=\"async\" width=\"512\" height=\"512\" src=\"https:\/\/spsow.cz\/wp-content\/uploads\/2023\/04\/illustration-white.png\" alt=\"\" class=\"wp-image-1190\" style=\"width:128px;height:128px\" srcset=\"https:\/\/spsow.cz\/wp-content\/uploads\/2023\/04\/illustration-white.png 512w, https:\/\/spsow.cz\/wp-content\/uploads\/2023\/04\/illustration-white-300x300.png 300w, https:\/\/spsow.cz\/wp-content\/uploads\/2023\/04\/illustration-white-150x150.png 150w\" sizes=\"auto, (max-width: 512px) 100vw, 512px\" \/><\/figure>\n<\/div>\n\n\n<div style=\"height:30px\" aria-hidden=\"true\" class=\"wp-block-spacer\"><\/div>\n\n\n\n<h2 class=\"wp-block-heading has-text-align-center has-white-color has-text-color\">Reproduk\u010dn\u00ed grafik pro m\u00e9dia<\/h2>\n\n\n\n<div style=\"height:0px\" aria-hidden=\"true\" class=\"wp-block-spacer\"><\/div>\n\n\n\n<ul class=\"has-white-color has-text-color has-medium-font-size wp-block-list\">\n<li>1 rok, denn\u00ed zkr\u00e1cen\u00e9 studium<\/li>\n\n\n\n<li>m\u00edsto vzd\u011bl\u00e1v\u00e1n\u00ed: Velk\u00e9 Po\u0159\u00ed\u010d\u00ed<\/li>\n\n\n\n<li>kapacita: 14 student\u016f<\/li>\n<\/ul>\n\n\n\n<div style=\"height:48px\" aria-hidden=\"true\" class=\"wp-block-spacer\"><\/div>\n\n\n\n<div class=\"wp-block-buttons has-custom-font-size has-medium-font-size is-content-justification-center is-layout-flex wp-container-core-buttons-is-layout-e1485a7b wp-block-buttons-is-layout-flex\">\n<div class=\"wp-block-button has-custom-width wp-block-button__width-100 has-custom-font-size is-style-fill button-obory has-medium-font-size\"><a class=\"wp-block-button__link has-black-color has-white-background-color has-text-color has-background wp-element-button\" href=\"https:\/\/spsow.cz\/en\/reprodukcni-grafik-zkraceny\/\" style=\"border-radius:0px\">V\u00edce informac\u00ed<\/a><\/div>\n<\/div>\n<\/div>\n\n\n\n<div class=\"wp-block-column div-obory has-white-color has-text-color has-background has-medium-font-size is-layout-flow wp-block-column-is-layout-flow\" style=\"background:linear-gradient(135deg,rgb(199,0,84) 0%,rgb(216,162,0) 100%)\">\n<div style=\"height:30px\" aria-hidden=\"true\" class=\"wp-block-spacer\"><\/div>\n\n\n<div class=\"wp-block-image\">\n<figure class=\"aligncenter size-full is-resized\"><img loading=\"lazy\" decoding=\"async\" width=\"512\" height=\"512\" src=\"https:\/\/spsow.cz\/wp-content\/uploads\/2023\/04\/print-white.png\" alt=\"\" class=\"wp-image-1167\" style=\"width:128px;height:128px\" srcset=\"https:\/\/spsow.cz\/wp-content\/uploads\/2023\/04\/print-white.png 512w, https:\/\/spsow.cz\/wp-content\/uploads\/2023\/04\/print-white-300x300.png 300w, https:\/\/spsow.cz\/wp-content\/uploads\/2023\/04\/print-white-150x150.png 150w\" sizes=\"auto, (max-width: 512px) 100vw, 512px\" \/><\/figure>\n<\/div>\n\n\n<div style=\"height:33px\" aria-hidden=\"true\" class=\"wp-block-spacer\"><\/div>\n\n\n\n<h2 class=\"wp-block-heading has-text-align-center\">Tiska\u0159 na polygrafick\u00fdch stroj\u00edch<\/h2>\n\n\n\n<div style=\"height:0px\" aria-hidden=\"true\" class=\"wp-block-spacer\"><\/div>\n\n\n\n<ul class=\"wp-block-list\">\n<li>1 rok, denn\u00ed zkr\u00e1cen\u00e9 studium<\/li>\n\n\n\n<li>m\u00edsto vzd\u011bl\u00e1v\u00e1n\u00ed: Velk\u00e9 Po\u0159\u00ed\u010d\u00ed<\/li>\n\n\n\n<li>kapacita: 14 student\u016f<\/li>\n<\/ul>\n\n\n\n<div style=\"height:48px\" aria-hidden=\"true\" class=\"wp-block-spacer\"><\/div>\n\n\n\n<div class=\"wp-block-buttons has-custom-font-size has-medium-font-size is-content-justification-center is-layout-flex wp-container-core-buttons-is-layout-e1485a7b wp-block-buttons-is-layout-flex\">\n<div class=\"wp-block-button has-custom-width wp-block-button__width-100 has-custom-font-size is-style-fill button-obory has-medium-font-size\"><a class=\"wp-block-button__link has-black-color has-white-background-color has-text-color has-background wp-element-button\" href=\"https:\/\/spsow.cz\/en\/tiskar-2\/\" style=\"border-radius:0px\">V\u00edce informac\u00ed<\/a><\/div>\n<\/div>\n\n\n\n<div style=\"height:20px\" aria-hidden=\"true\" class=\"wp-block-spacer\"><\/div>\n<\/div>\n<\/div>\n\n\n\n<p><\/p>","protected":false},"excerpt":{"rendered":"<p>Podnik\u00e1n\u00ed Reproduk\u010dn\u00ed grafik pro m\u00e9dia Tiska\u0159 na polygrafick\u00fdch stroj\u00edch<\/p>","protected":false},"author":1,"featured_media":1639,"parent":0,"menu_order":0,"comment_status":"closed","ping_status":"closed","template":"","meta":{"footnotes":""},"class_list":["post-496","page","type-page","status-publish","has-post-thumbnail","hentry"],"_links":{"self":[{"href":"https:\/\/spsow.cz\/en\/wp-json\/wp\/v2\/pages\/496","targetHints":{"allow":["GET"]}}],"collection":[{"href":"https:\/\/spsow.cz\/en\/wp-json\/wp\/v2\/pages"}],"about":[{"href":"https:\/\/spsow.cz\/en\/wp-json\/wp\/v2\/types\/page"}],"author":[{"embeddable":true,"href":"https:\/\/spsow.cz\/en\/wp-json\/wp\/v2\/users\/1"}],"replies":[{"embeddable":true,"href":"https:\/\/spsow.cz\/en\/wp-json\/wp\/v2\/comments?post=496"}],"version-history":[{"count":11,"href":"https:\/\/spsow.cz\/en\/wp-json\/wp\/v2\/pages\/496\/revisions"}],"predecessor-version":[{"id":8535,"href":"https:\/\/spsow.cz\/en\/wp-json\/wp\/v2\/pages\/496\/revisions\/8535"}],"wp:featuredmedia":[{"embeddable":true,"href":"https:\/\/spsow.cz\/en\/wp-json\/wp\/v2\/media\/1639"}],"wp:attachment":[{"href":"https:\/\/spsow.cz\/en\/wp-json\/wp\/v2\/media?parent=496"}],"curies":[{"name":"wp","href":"https:\/\/api.w.org\/{rel}","templated":true}]}}