{"id":493,"date":"2023-03-03T14:16:42","date_gmt":"2023-03-03T13:16:42","guid":{"rendered":"http:\/\/192.168.1.208\/wordpress\/?page_id=493"},"modified":"2026-01-26T12:49:40","modified_gmt":"2026-01-26T11:49:40","slug":"ucebni-obory","status":"publish","type":"page","link":"https:\/\/spsow.cz\/en\/ucebni-obory\/","title":{"rendered":"U\u010debn\u00ed obory"},"content":{"rendered":"<div class=\"wp-block-columns is-layout-flex wp-container-core-columns-is-layout-9d6595d7 wp-block-columns-is-layout-flex\">\n<div class=\"wp-block-column div-obory has-white-color has-text-color has-background has-medium-font-size is-layout-flow wp-block-column-is-layout-flow\" style=\"background:linear-gradient(135deg,rgb(0,174,199) 0%,rgb(51,13,105) 100%)\">\n<div style=\"height:30px\" aria-hidden=\"true\" class=\"wp-block-spacer\"><\/div>\n\n\n<div class=\"wp-block-image\">\n<figure class=\"aligncenter size-full is-resized\"><img loading=\"lazy\" decoding=\"async\" width=\"512\" height=\"512\" src=\"https:\/\/spsow.cz\/wp-content\/uploads\/2023\/05\/decoration-white.png\" alt=\"\" class=\"wp-image-1581\" style=\"width:128px;height:128px\" srcset=\"https:\/\/spsow.cz\/wp-content\/uploads\/2023\/05\/decoration-white.png 512w, https:\/\/spsow.cz\/wp-content\/uploads\/2023\/05\/decoration-white-300x300.png 300w, https:\/\/spsow.cz\/wp-content\/uploads\/2023\/05\/decoration-white-150x150.png 150w\" sizes=\"auto, (max-width: 512px) 100vw, 512px\" \/><\/figure>\n<\/div>\n\n\n<div style=\"height:30px\" aria-hidden=\"true\" class=\"wp-block-spacer\"><\/div>\n\n\n\n<h2 class=\"wp-block-heading has-text-align-center has-white-color has-text-color\">Aran\u017e\u00e9r<\/h2>\n\n\n\n<div style=\"height:20px\" aria-hidden=\"true\" class=\"wp-block-spacer\"><\/div>\n\n\n\n<ul class=\"wp-block-list\">\n<li>3 roky, denn\u00ed studium<\/li>\n\n\n\n<li>m\u00edsto vzd\u011bl\u00e1v\u00e1n\u00ed: Velk\u00e9 Po\u0159\u00ed\u010d\u00ed<\/li>\n\n\n\n<li>kapacita: 25 student\u016f<\/li>\n<\/ul>\n\n\n\n<div style=\"height:72px\" aria-hidden=\"true\" class=\"wp-block-spacer\"><\/div>\n\n\n\n<div class=\"wp-block-buttons has-custom-font-size has-medium-font-size is-content-justification-center is-layout-flex wp-container-core-buttons-is-layout-e1485a7b wp-block-buttons-is-layout-flex\">\n<div class=\"wp-block-button has-custom-width wp-block-button__width-100 is-style-fill button-obory\"><a class=\"wp-block-button__link has-black-color has-white-background-color has-text-color has-background has-medium-font-size has-custom-font-size wp-element-button\" href=\"https:\/\/spsow.cz\/en\/aranzer\/\" style=\"border-radius:0px\">V\u00edce informac\u00ed<\/a><\/div>\n<\/div>\n<\/div>\n\n\n\n<div class=\"wp-block-column div-obory has-background is-layout-flow wp-block-column-is-layout-flow\" style=\"background:linear-gradient(135deg,rgb(51,13,105) 0%,rgb(199,0,84) 100%)\">\n<div style=\"height:30px\" aria-hidden=\"true\" class=\"wp-block-spacer\"><\/div>\n\n\n<div class=\"wp-block-image\">\n<figure class=\"aligncenter size-full is-resized\"><img loading=\"lazy\" decoding=\"async\" width=\"512\" height=\"512\" src=\"https:\/\/spsow.cz\/wp-content\/uploads\/2023\/05\/mechanic-white.png\" alt=\"\" class=\"wp-image-1582\" style=\"width:128px;height:128px\" srcset=\"https:\/\/spsow.cz\/wp-content\/uploads\/2023\/05\/mechanic-white.png 512w, https:\/\/spsow.cz\/wp-content\/uploads\/2023\/05\/mechanic-white-300x300.png 300w, https:\/\/spsow.cz\/wp-content\/uploads\/2023\/05\/mechanic-white-150x150.png 150w\" sizes=\"auto, (max-width: 512px) 100vw, 512px\" \/><\/figure>\n<\/div>\n\n\n<div style=\"height:30px\" aria-hidden=\"true\" class=\"wp-block-spacer\"><\/div>\n\n\n\n<h2 class=\"wp-block-heading has-text-align-center has-white-color has-text-color\">Automechanik<\/h2>\n\n\n\n<div style=\"height:20px\" aria-hidden=\"true\" class=\"wp-block-spacer\"><\/div>\n\n\n\n<ul class=\"wp-block-list has-white-color has-text-color has-medium-font-size\">\n<li>3 roky, denn\u00ed studium<\/li>\n\n\n\n<li>m\u00edsto vzd\u011bl\u00e1v\u00e1n\u00ed: Hronov<\/li>\n\n\n\n<li>kapacita: 30 student\u016f<\/li>\n<\/ul>\n\n\n\n<div style=\"height:72px\" aria-hidden=\"true\" class=\"wp-block-spacer\"><\/div>\n\n\n\n<div class=\"wp-block-buttons has-custom-font-size has-medium-font-size is-content-justification-center is-layout-flex wp-container-core-buttons-is-layout-e1485a7b wp-block-buttons-is-layout-flex\">\n<div class=\"wp-block-button has-custom-width wp-block-button__width-100 is-style-fill button-obory\"><a class=\"wp-block-button__link has-black-color has-white-background-color has-text-color has-background has-medium-font-size has-custom-font-size wp-element-button\" href=\"https:\/\/spsow.cz\/en\/automechanik\/\" style=\"border-radius:0px\">V\u00edce informac\u00ed<\/a><\/div>\n<\/div>\n<\/div>\n\n\n\n<div class=\"wp-block-column div-obory has-background is-layout-flow wp-block-column-is-layout-flow\" style=\"background:linear-gradient(135deg,rgb(199,0,84) 0%,rgb(216,162,0) 98%)\">\n<div style=\"height:30px\" aria-hidden=\"true\" class=\"wp-block-spacer\"><\/div>\n\n\n<div class=\"wp-block-image\">\n<figure class=\"aligncenter size-full is-resized\"><img loading=\"lazy\" decoding=\"async\" width=\"512\" height=\"512\" src=\"https:\/\/spsow.cz\/wp-content\/uploads\/2023\/05\/electric-panel-white.png\" alt=\"\" class=\"wp-image-1586\" style=\"width:128px;height:128px\" srcset=\"https:\/\/spsow.cz\/wp-content\/uploads\/2023\/05\/electric-panel-white.png 512w, https:\/\/spsow.cz\/wp-content\/uploads\/2023\/05\/electric-panel-white-300x300.png 300w, https:\/\/spsow.cz\/wp-content\/uploads\/2023\/05\/electric-panel-white-150x150.png 150w\" sizes=\"auto, (max-width: 512px) 100vw, 512px\" \/><\/figure>\n<\/div>\n\n\n<div style=\"height:30px\" aria-hidden=\"true\" class=\"wp-block-spacer\"><\/div>\n\n\n\n<h2 class=\"wp-block-heading has-text-align-center has-white-color has-text-color\">Elektrik\u00e1\u0159<\/h2>\n\n\n\n<div style=\"height:20px\" aria-hidden=\"true\" class=\"wp-block-spacer\"><\/div>\n\n\n\n<ul class=\"wp-block-list has-white-color has-text-color has-medium-font-size\">\n<li>3 roky, denn\u00ed studium<\/li>\n\n\n\n<li>m\u00edsto vzd\u011bl\u00e1v\u00e1n\u00ed: Hronov<\/li>\n\n\n\n<li>kapacita: 30 student\u016f<\/li>\n<\/ul>\n\n\n\n<div style=\"height:72px\" aria-hidden=\"true\" class=\"wp-block-spacer\"><\/div>\n\n\n\n<div class=\"wp-block-buttons has-custom-font-size has-medium-font-size is-content-justification-center is-layout-flex wp-container-core-buttons-is-layout-e1485a7b wp-block-buttons-is-layout-flex\">\n<div class=\"wp-block-button has-custom-width wp-block-button__width-100 is-style-fill button-obory\"><a class=\"wp-block-button__link has-black-color has-white-background-color has-text-color has-background wp-element-button\" href=\"https:\/\/spsow.cz\/en\/elektrikar\/\" style=\"border-radius:0px\">V\u00edce informac\u00ed<\/a><\/div>\n<\/div>\n<\/div>\n<\/div>\n\n\n\n<div class=\"wp-block-columns is-layout-flex wp-container-core-columns-is-layout-9d6595d7 wp-block-columns-is-layout-flex\">\n<div class=\"wp-block-column div-obory has-white-color has-text-color has-background has-medium-font-size is-layout-flow wp-block-column-is-layout-flow\" style=\"background:linear-gradient(135deg,rgb(0,174,199) 0%,rgb(51,13,105) 100%)\">\n<div style=\"height:30px\" aria-hidden=\"true\" class=\"wp-block-spacer\"><\/div>\n\n\n<div class=\"wp-block-image\">\n<figure class=\"aligncenter size-full is-resized\"><img loading=\"lazy\" decoding=\"async\" width=\"512\" height=\"512\" src=\"https:\/\/spsow.cz\/wp-content\/uploads\/2023\/05\/hair-straightener-white.png\" alt=\"\" class=\"wp-image-1593\" style=\"width:128px;height:128px\" srcset=\"https:\/\/spsow.cz\/wp-content\/uploads\/2023\/05\/hair-straightener-white.png 512w, https:\/\/spsow.cz\/wp-content\/uploads\/2023\/05\/hair-straightener-white-300x300.png 300w, https:\/\/spsow.cz\/wp-content\/uploads\/2023\/05\/hair-straightener-white-150x150.png 150w\" sizes=\"auto, (max-width: 512px) 100vw, 512px\" \/><\/figure>\n<\/div>\n\n\n<div style=\"height:30px\" aria-hidden=\"true\" class=\"wp-block-spacer\"><\/div>\n\n\n\n<h2 class=\"wp-block-heading has-text-align-center has-white-color has-text-color\">Kade\u0159n\u00edk<\/h2>\n\n\n\n<div style=\"height:20px\" aria-hidden=\"true\" class=\"wp-block-spacer\"><\/div>\n\n\n\n<ul class=\"wp-block-list\">\n<li>3 roky, denn\u00ed studium<\/li>\n\n\n\n<li>m\u00edsto vzd\u011bl\u00e1v\u00e1n\u00ed: Velk\u00e9 Po\u0159\u00ed\u010d\u00ed<\/li>\n\n\n\n<li>kapacita: 30 student\u016f<\/li>\n<\/ul>\n\n\n\n<div style=\"height:48px\" aria-hidden=\"true\" class=\"wp-block-spacer\"><\/div>\n\n\n\n<div class=\"wp-block-buttons has-custom-font-size has-medium-font-size is-content-justification-center is-layout-flex wp-container-core-buttons-is-layout-e1485a7b wp-block-buttons-is-layout-flex\">\n<div class=\"wp-block-button has-custom-width wp-block-button__width-100 is-style-fill button-obory\"><a class=\"wp-block-button__link has-black-color has-white-background-color has-text-color has-background has-medium-font-size has-custom-font-size wp-element-button\" href=\"https:\/\/spsow.cz\/en\/kadernik\/\" style=\"border-radius:0px\">V\u00edce informac\u00ed<\/a><\/div>\n<\/div>\n\n\n\n<div style=\"height:20px\" aria-hidden=\"true\" class=\"wp-block-spacer\"><\/div>\n<\/div>\n\n\n\n<div class=\"wp-block-column div-obory has-background is-layout-flow wp-block-column-is-layout-flow\" style=\"background:linear-gradient(135deg,rgb(51,13,105) 0%,rgb(199,0,84) 100%)\">\n<div style=\"height:30px\" aria-hidden=\"true\" class=\"wp-block-spacer\"><\/div>\n\n\n<div class=\"wp-block-image\">\n<figure class=\"aligncenter size-full is-resized\"><img loading=\"lazy\" decoding=\"async\" width=\"512\" height=\"512\" src=\"https:\/\/spsow.cz\/wp-content\/uploads\/2023\/05\/dressmaker-white.png\" alt=\"\" class=\"wp-image-1594\" style=\"width:128px;height:128px\" srcset=\"https:\/\/spsow.cz\/wp-content\/uploads\/2023\/05\/dressmaker-white.png 512w, https:\/\/spsow.cz\/wp-content\/uploads\/2023\/05\/dressmaker-white-300x300.png 300w, https:\/\/spsow.cz\/wp-content\/uploads\/2023\/05\/dressmaker-white-150x150.png 150w\" sizes=\"auto, (max-width: 512px) 100vw, 512px\" \/><\/figure>\n<\/div>\n\n\n<div style=\"height:30px\" aria-hidden=\"true\" class=\"wp-block-spacer\"><\/div>\n\n\n\n<h2 class=\"wp-block-heading has-text-align-center has-white-color has-text-color\">Krej\u010d\u00ed<\/h2>\n\n\n\n<div style=\"height:20px\" aria-hidden=\"true\" class=\"wp-block-spacer\"><\/div>\n\n\n\n<ul class=\"wp-block-list has-white-color has-text-color has-medium-font-size\">\n<li>3 roky, denn\u00ed studium<\/li>\n\n\n\n<li>m\u00edsto vzd\u011bl\u00e1v\u00e1n\u00ed: Velk\u00e9 Po\u0159\u00ed\u010d\u00ed<\/li>\n\n\n\n<li>kapacita: 15 student\u016f<\/li>\n\n\n\n<li>OBOR NEN\u00cd OTEV\u0158EN<\/li>\n<\/ul>\n\n\n\n<div style=\"height:48px\" aria-hidden=\"true\" class=\"wp-block-spacer\"><\/div>\n\n\n\n<div class=\"wp-block-buttons has-custom-font-size has-medium-font-size is-content-justification-center is-layout-flex wp-container-core-buttons-is-layout-e1485a7b wp-block-buttons-is-layout-flex\">\n<div class=\"wp-block-button has-custom-width wp-block-button__width-100 is-style-fill button-obory\"><a class=\"wp-block-button__link has-black-color has-white-background-color has-text-color has-background has-medium-font-size has-custom-font-size wp-element-button\" href=\"https:\/\/spsow.cz\/en\/krejci\/\" style=\"border-radius:0px\">V\u00edce informac\u00ed<\/a><\/div>\n<\/div>\n\n\n\n<div style=\"height:20px\" aria-hidden=\"true\" class=\"wp-block-spacer\"><\/div>\n<\/div>\n\n\n\n<div class=\"wp-block-column div-obory has-background is-layout-flow wp-block-column-is-layout-flow\" style=\"background:linear-gradient(135deg,rgb(199,0,84) 0%,rgb(216,162,0) 98%)\">\n<div style=\"height:30px\" aria-hidden=\"true\" class=\"wp-block-spacer\"><\/div>\n\n\n<div class=\"wp-block-image\">\n<figure class=\"aligncenter size-full is-resized\"><img loading=\"lazy\" decoding=\"async\" width=\"512\" height=\"512\" src=\"https:\/\/spsow.cz\/wp-content\/uploads\/2023\/05\/milling-machine-white.png\" alt=\"\" class=\"wp-image-1595\" style=\"width:128px;height:128px\" srcset=\"https:\/\/spsow.cz\/wp-content\/uploads\/2023\/05\/milling-machine-white.png 512w, https:\/\/spsow.cz\/wp-content\/uploads\/2023\/05\/milling-machine-white-300x300.png 300w, https:\/\/spsow.cz\/wp-content\/uploads\/2023\/05\/milling-machine-white-150x150.png 150w\" sizes=\"auto, (max-width: 512px) 100vw, 512px\" \/><\/figure>\n<\/div>\n\n\n<div style=\"height:30px\" aria-hidden=\"true\" class=\"wp-block-spacer\"><\/div>\n\n\n\n<h2 class=\"wp-block-heading has-text-align-center has-white-color has-text-color\">N\u00e1stroja\u0159<\/h2>\n\n\n\n<div style=\"height:20px\" aria-hidden=\"true\" class=\"wp-block-spacer\"><\/div>\n\n\n\n<ul class=\"wp-block-list has-white-color has-text-color has-medium-font-size\">\n<li>3 roky, denn\u00ed studium<\/li>\n\n\n\n<li>m\u00edsto vzd\u011bl\u00e1v\u00e1n\u00ed: Hronov<\/li>\n\n\n\n<li>kapacita: 24 student\u016f<\/li>\n<\/ul>\n\n\n\n<div style=\"height:48px\" aria-hidden=\"true\" class=\"wp-block-spacer\"><\/div>\n\n\n\n<div class=\"wp-block-buttons has-custom-font-size has-medium-font-size is-content-justification-center is-layout-flex wp-container-core-buttons-is-layout-e1485a7b wp-block-buttons-is-layout-flex\">\n<div class=\"wp-block-button has-custom-width wp-block-button__width-100 is-style-fill button-obory\"><a class=\"wp-block-button__link has-black-color has-white-background-color has-text-color has-background wp-element-button\" href=\"https:\/\/spsow.cz\/en\/nastrojar\/\" style=\"border-radius:0px\">V\u00edce informac\u00ed<\/a><\/div>\n<\/div>\n\n\n\n<div style=\"height:20px\" aria-hidden=\"true\" class=\"wp-block-spacer\"><\/div>\n<\/div>\n<\/div>\n\n\n\n<div class=\"wp-block-columns is-layout-flex wp-container-core-columns-is-layout-9d6595d7 wp-block-columns-is-layout-flex\">\n<div class=\"wp-block-column div-obory has-white-color has-text-color has-background has-medium-font-size is-layout-flow wp-block-column-is-layout-flow\" style=\"background:linear-gradient(135deg,rgb(0,174,199) 0%,rgb(51,13,105) 100%)\">\n<div style=\"height:30px\" aria-hidden=\"true\" class=\"wp-block-spacer\"><\/div>\n\n\n<div class=\"wp-block-image\">\n<figure class=\"aligncenter size-full is-resized\"><img loading=\"lazy\" decoding=\"async\" width=\"512\" height=\"512\" src=\"https:\/\/spsow.cz\/wp-content\/uploads\/2023\/04\/print-white.png\" alt=\"\" class=\"wp-image-1167\" style=\"width:128px;height:128px\" srcset=\"https:\/\/spsow.cz\/wp-content\/uploads\/2023\/04\/print-white.png 512w, https:\/\/spsow.cz\/wp-content\/uploads\/2023\/04\/print-white-300x300.png 300w, https:\/\/spsow.cz\/wp-content\/uploads\/2023\/04\/print-white-150x150.png 150w\" sizes=\"auto, (max-width: 512px) 100vw, 512px\" \/><\/figure>\n<\/div>\n\n\n<div style=\"height:30px\" aria-hidden=\"true\" class=\"wp-block-spacer\"><\/div>\n\n\n\n<h2 class=\"wp-block-heading has-text-align-center has-white-color has-text-color\">Tiska\u0159<\/h2>\n\n\n\n<div style=\"height:20px\" aria-hidden=\"true\" class=\"wp-block-spacer\"><\/div>\n\n\n\n<ul class=\"wp-block-list\">\n<li>3 roky, denn\u00ed studium<\/li>\n\n\n\n<li>m\u00edsto vzd\u011bl\u00e1v\u00e1n\u00ed: Velk\u00e9 Po\u0159\u00ed\u010d\u00ed<\/li>\n\n\n\n<li>kapacita: 21 student\u016f<\/li>\n<\/ul>\n\n\n\n<div style=\"height:48px\" aria-hidden=\"true\" class=\"wp-block-spacer\"><\/div>\n\n\n\n<div class=\"wp-block-buttons has-custom-font-size has-medium-font-size is-content-justification-center is-layout-flex wp-container-core-buttons-is-layout-e1485a7b wp-block-buttons-is-layout-flex\">\n<div class=\"wp-block-button has-custom-width wp-block-button__width-100 is-style-fill button-obory\"><a class=\"wp-block-button__link has-black-color has-white-background-color has-text-color has-background has-medium-font-size has-custom-font-size wp-element-button\" href=\"https:\/\/spsow.cz\/en\/tiskar\/\" style=\"border-radius:0px\">V\u00edce informac\u00ed<\/a><\/div>\n<\/div>\n\n\n\n<div style=\"height:20px\" aria-hidden=\"true\" class=\"wp-block-spacer\"><\/div>\n<\/div>\n\n\n\n<div class=\"wp-block-column has-background is-layout-flow wp-block-column-is-layout-flow\" style=\"background-color:#ffffff00\"><\/div>\n\n\n\n<div class=\"wp-block-column has-background is-layout-flow wp-block-column-is-layout-flow\" style=\"background-color:#ffffff00\"><\/div>\n<\/div>","protected":false},"excerpt":{"rendered":"<p>Aran\u017e\u00e9r Automechanik Elektrik\u00e1\u0159 Kade\u0159n\u00edk Krej\u010d\u00ed N\u00e1stroja\u0159 Tiska\u0159<\/p>","protected":false},"author":1,"featured_media":1626,"parent":0,"menu_order":0,"comment_status":"closed","ping_status":"closed","template":"","meta":{"footnotes":""},"class_list":["post-493","page","type-page","status-publish","has-post-thumbnail","hentry"],"_links":{"self":[{"href":"https:\/\/spsow.cz\/en\/wp-json\/wp\/v2\/pages\/493","targetHints":{"allow":["GET"]}}],"collection":[{"href":"https:\/\/spsow.cz\/en\/wp-json\/wp\/v2\/pages"}],"about":[{"href":"https:\/\/spsow.cz\/en\/wp-json\/wp\/v2\/types\/page"}],"author":[{"embeddable":true,"href":"https:\/\/spsow.cz\/en\/wp-json\/wp\/v2\/users\/1"}],"replies":[{"embeddable":true,"href":"https:\/\/spsow.cz\/en\/wp-json\/wp\/v2\/comments?post=493"}],"version-history":[{"count":27,"href":"https:\/\/spsow.cz\/en\/wp-json\/wp\/v2\/pages\/493\/revisions"}],"predecessor-version":[{"id":13867,"href":"https:\/\/spsow.cz\/en\/wp-json\/wp\/v2\/pages\/493\/revisions\/13867"}],"wp:featuredmedia":[{"embeddable":true,"href":"https:\/\/spsow.cz\/en\/wp-json\/wp\/v2\/media\/1626"}],"wp:attachment":[{"href":"https:\/\/spsow.cz\/en\/wp-json\/wp\/v2\/media?parent=493"}],"curies":[{"name":"wp","href":"https:\/\/api.w.org\/{rel}","templated":true}]}}