{"id":460,"date":"2023-03-03T13:35:37","date_gmt":"2023-03-03T12:35:37","guid":{"rendered":"http:\/\/192.168.1.208\/wordpress\/?page_id=460"},"modified":"2024-11-14T08:13:52","modified_gmt":"2024-11-14T07:13:52","slug":"uspesni-absolventi","status":"publish","type":"page","link":"https:\/\/spsow.cz\/en\/uspesni-absolventi\/","title":{"rendered":"\u00dasp\u011b\u0161n\u00ed absolventi"},"content":{"rendered":"<div class=\"wp-block-columns is-layout-flex wp-container-core-columns-is-layout-9d6595d7 wp-block-columns-is-layout-flex\">\n<div class=\"wp-block-column div-sluzby has-background is-layout-flow wp-block-column-is-layout-flow\" style=\"background:linear-gradient(135deg,rgb(0,174,199) 0%,rgb(51,13,105) 100%)\">\n<figure class=\"wp-block-image size-large img-sluzby wp-element-button\"><a href=\"https:\/\/spsow.cz\/en\/michal-kops\/\"><img loading=\"lazy\" decoding=\"async\" width=\"1024\" height=\"683\" src=\"https:\/\/spsow.cz\/wp-content\/uploads\/2023\/06\/Michal-Kops-foto-box-1024x683.jpg\" alt=\"\" class=\"wp-image-2786\" style=\"aspect-ratio:3\/2;object-fit:cover\" srcset=\"https:\/\/spsow.cz\/wp-content\/uploads\/2023\/06\/Michal-Kops-foto-box-1024x683.jpg 1024w, https:\/\/spsow.cz\/wp-content\/uploads\/2023\/06\/Michal-Kops-foto-box-300x200.jpg 300w, https:\/\/spsow.cz\/wp-content\/uploads\/2023\/06\/Michal-Kops-foto-box-768x512.jpg 768w, https:\/\/spsow.cz\/wp-content\/uploads\/2023\/06\/Michal-Kops-foto-box-1536x1024.jpg 1536w, https:\/\/spsow.cz\/wp-content\/uploads\/2023\/06\/Michal-Kops-foto-box-18x12.jpg 18w, https:\/\/spsow.cz\/wp-content\/uploads\/2023\/06\/Michal-Kops-foto-box-360x240.jpg 360w, https:\/\/spsow.cz\/wp-content\/uploads\/2023\/06\/Michal-Kops-foto-box.jpg 1920w\" sizes=\"auto, (max-width: 1024px) 100vw, 1024px\" \/><\/a><\/figure>\n\n\n\n<div class=\"wp-block-buttons is-layout-flex wp-block-buttons-is-layout-flex\">\n<div class=\"wp-block-button has-custom-width wp-block-button__width-100 has-custom-font-size is-style-fill\" style=\"font-size:24px\"><a class=\"wp-block-button__link has-background wp-element-button\" href=\"https:\/\/spsow.cz\/en\/michal-kops\/\" style=\"border-radius:0px;background-color:#00000033\">Michal Kops<\/a><\/div>\n<\/div>\n\n\n\n<div style=\"height:20px\" aria-hidden=\"true\" class=\"wp-block-spacer\"><\/div>\n\n\n\n<p class=\"has-text-align-center has-white-color has-text-color has-medium-font-size\">zvuka\u0159, elektrik\u00e1\u0159<\/p>\n<\/div>\n\n\n\n<div class=\"wp-block-column div-sluzby has-background is-layout-flow wp-block-column-is-layout-flow\" style=\"background:linear-gradient(135deg,rgb(51,13,105) 1%,rgb(199,0,84) 100%)\">\n<figure class=\"wp-block-image size-large img-sluzby wp-element-button\"><a href=\"https:\/\/spsow.cz\/en\/michaela-kubikova\/\"><img loading=\"lazy\" decoding=\"async\" width=\"1024\" height=\"683\" src=\"https:\/\/spsow.cz\/wp-content\/uploads\/2023\/06\/Kubikova-foto-box-1024x683.jpg\" alt=\"\" class=\"wp-image-2788\" style=\"aspect-ratio:3\/2;object-fit:cover\" srcset=\"https:\/\/spsow.cz\/wp-content\/uploads\/2023\/06\/Kubikova-foto-box-1024x683.jpg 1024w, https:\/\/spsow.cz\/wp-content\/uploads\/2023\/06\/Kubikova-foto-box-300x200.jpg 300w, https:\/\/spsow.cz\/wp-content\/uploads\/2023\/06\/Kubikova-foto-box-768x512.jpg 768w, https:\/\/spsow.cz\/wp-content\/uploads\/2023\/06\/Kubikova-foto-box-1536x1024.jpg 1536w, https:\/\/spsow.cz\/wp-content\/uploads\/2023\/06\/Kubikova-foto-box-18x12.jpg 18w, https:\/\/spsow.cz\/wp-content\/uploads\/2023\/06\/Kubikova-foto-box-360x240.jpg 360w, https:\/\/spsow.cz\/wp-content\/uploads\/2023\/06\/Kubikova-foto-box.jpg 1920w\" sizes=\"auto, (max-width: 1024px) 100vw, 1024px\" \/><\/a><\/figure>\n\n\n\n<div class=\"wp-block-buttons is-layout-flex wp-block-buttons-is-layout-flex\">\n<div class=\"wp-block-button has-custom-width wp-block-button__width-100 has-custom-font-size\" style=\"font-size:24px\"><a class=\"wp-block-button__link has-background wp-element-button\" href=\"https:\/\/spsow.cz\/en\/michaela-kubikova\/\" style=\"border-radius:0px;background-color:#00000033\">Michaela Kub\u00edkov\u00e1<\/a><\/div>\n<\/div>\n\n\n\n<div style=\"height:20px\" aria-hidden=\"true\" class=\"wp-block-spacer\"><\/div>\n\n\n\n<p class=\"has-text-align-center has-white-color has-text-color has-medium-font-size\">kade\u0159nice, podnikatelka<\/p>\n<\/div>\n<\/div>\n\n\n\n<div class=\"wp-block-columns is-layout-flex wp-container-core-columns-is-layout-9d6595d7 wp-block-columns-is-layout-flex\">\n<div class=\"wp-block-column div-sluzby has-background is-layout-flow wp-block-column-is-layout-flow\" style=\"background:linear-gradient(135deg,rgb(0,174,199) 0%,rgb(51,13,105) 100%)\">\n<figure class=\"wp-block-image size-large img-sluzby wp-element-button\"><a href=\"https:\/\/spsow.cz\/en\/david-machacek\/\"><img loading=\"lazy\" decoding=\"async\" width=\"1024\" height=\"877\" src=\"https:\/\/spsow.cz\/wp-content\/uploads\/2024\/11\/Machi-1024x877.jpg\" alt=\"\" class=\"wp-image-9168\" style=\"aspect-ratio:3\/2;object-fit:cover\" srcset=\"https:\/\/spsow.cz\/wp-content\/uploads\/2024\/11\/Machi-1024x877.jpg 1024w, https:\/\/spsow.cz\/wp-content\/uploads\/2024\/11\/Machi-300x257.jpg 300w, https:\/\/spsow.cz\/wp-content\/uploads\/2024\/11\/Machi-768x658.jpg 768w, https:\/\/spsow.cz\/wp-content\/uploads\/2024\/11\/Machi-14x12.jpg 14w, https:\/\/spsow.cz\/wp-content\/uploads\/2024\/11\/Machi.jpg 1488w\" sizes=\"auto, (max-width: 1024px) 100vw, 1024px\" \/><\/a><\/figure>\n\n\n\n<div class=\"wp-block-buttons is-layout-flex wp-block-buttons-is-layout-flex\">\n<div class=\"wp-block-button has-custom-width wp-block-button__width-100 has-custom-font-size is-style-fill\" style=\"font-size:24px\"><a class=\"wp-block-button__link has-background wp-element-button\" href=\"https:\/\/spsow.cz\/en\/david-machacek\/\" style=\"border-radius:0px;background-color:#00000033\">David Mach\u00e1\u010dek<\/a><\/div>\n<\/div>\n\n\n\n<div style=\"height:20px\" aria-hidden=\"true\" class=\"wp-block-spacer\"><\/div>\n\n\n\n<p class=\"has-text-align-center has-white-color has-text-color has-medium-font-size\">\u0161kolitel\/instruktor, mechanik se\u0159izova\u010d<\/p>\n<\/div>\n\n\n\n<div class=\"wp-block-column div-sluzby has-background is-layout-flow wp-block-column-is-layout-flow\" style=\"background:linear-gradient(135deg,rgb(51,13,105) 1%,rgb(199,0,84) 100%)\"><\/div>\n<\/div>","protected":false},"excerpt":{"rendered":"<p>zvuka\u0159, elektrik\u00e1\u0159 kade\u0159nice, podnikatelka \u0161kolitel\/instruktor, mechanik se\u0159izova\u010d<\/p>","protected":false},"author":1,"featured_media":0,"parent":0,"menu_order":0,"comment_status":"closed","ping_status":"closed","template":"","meta":{"footnotes":""},"class_list":["post-460","page","type-page","status-publish","hentry"],"_links":{"self":[{"href":"https:\/\/spsow.cz\/en\/wp-json\/wp\/v2\/pages\/460","targetHints":{"allow":["GET"]}}],"collection":[{"href":"https:\/\/spsow.cz\/en\/wp-json\/wp\/v2\/pages"}],"about":[{"href":"https:\/\/spsow.cz\/en\/wp-json\/wp\/v2\/types\/page"}],"author":[{"embeddable":true,"href":"https:\/\/spsow.cz\/en\/wp-json\/wp\/v2\/users\/1"}],"replies":[{"embeddable":true,"href":"https:\/\/spsow.cz\/en\/wp-json\/wp\/v2\/comments?post=460"}],"version-history":[{"count":17,"href":"https:\/\/spsow.cz\/en\/wp-json\/wp\/v2\/pages\/460\/revisions"}],"predecessor-version":[{"id":9174,"href":"https:\/\/spsow.cz\/en\/wp-json\/wp\/v2\/pages\/460\/revisions\/9174"}],"wp:attachment":[{"href":"https:\/\/spsow.cz\/en\/wp-json\/wp\/v2\/media?parent=460"}],"curies":[{"name":"wp","href":"https:\/\/api.w.org\/{rel}","templated":true}]}}