{"id":458,"date":"2023-03-03T13:34:37","date_gmt":"2023-03-03T12:34:37","guid":{"rendered":"http:\/\/192.168.1.208\/wordpress\/?page_id=458"},"modified":"2026-01-19T12:03:33","modified_gmt":"2026-01-19T11:03:33","slug":"dny-otevrenych-dveri","status":"publish","type":"page","link":"https:\/\/spsow.cz\/en\/dny-otevrenych-dveri\/","title":{"rendered":"Dny otev\u0159en\u00fdch dve\u0159\u00ed"},"content":{"rendered":"<p class=\"has-medium-font-size\"><strong>D\u011bkujeme za n\u00e1v\u0161t\u011bvu.<\/strong><\/p>\n\n\n\n<p class=\"has-large-font-size\"><strong>16. a 17. 1. 2026<\/strong><\/p>\n\n\n\n<p class=\"has-medium-font-size\"><\/p>\n\n\n\n<div style=\"height:22px\" aria-hidden=\"true\" class=\"wp-block-spacer\"><\/div>\n\n\n\n<p class=\"has-large-font-size\"><strong>\u0160KOLA HRONOV \u2013 stroj\u00edrenstv\u00ed, elektrotechnika<\/strong><\/p>\n\n\n\n<p class=\"has-medium-font-size\"><strong>p\u00e1tek 16. 1., 14:00\u201317:00<br>sobota 17. 1.,  9:00\u201312:00<\/strong><\/p>\n\n\n\n<p class=\"has-medium-font-size\">B\u011bhem DOD bude mo\u017en\u00e9 nav\u0161t\u00edvit informa\u010dn\u00ed sch\u016fzku o p\u0159ij\u00edmac\u00edm \u0159\u00edzen\u00ed i chodu \u0161koly &#8211; 2. patro, zasedac\u00ed m\u00edstnost, za\u010d\u00e1tky <br>v p\u00e1tek: 14:30, 15:00, 15:30, 16:00<br>v sobotu: 9:30, 10:00, 10:30, 11:00<\/p>\n\n\n\n<p class=\"has-medium-font-size\">Prohl\u00eddka \u0161koly (Hostovsk\u00e9ho 910) bude prob\u00edhat formou komentovan\u00fdch prohl\u00eddek s t\u011bmito za\u010d\u00e1tky:<\/p>\n\n\n\n<p class=\"has-medium-font-size\">p\u00e1tek 16. 1. obory elektrotechnika a elektrik\u00e1\u0159 &#8211; 14:10, 14:30, 14:50, 15:10, 15:30, 15:50, 16:10<br>p\u00e1tek 16. 1. obory stroj\u00edrenstv\u00ed a n\u00e1stroja\u0159 &#8211; 14:05, 14:25, 14:45, 15:05, 15:25, 15:45, 16:05<br>sobota 17. 1. obory elektrotechnika a elektrik\u00e1\u0159 &#8211; 9:10, 9:30, 9:50, 10:10, 10:30, 10:50, 11:10<br>sobota 17. 1. obory stroj\u00edrenstv\u00ed a n\u00e1stroja\u0159 &#8211; 9:05, 9:25, 9:45, 10:05, 10:25, 10:45, 11:05<\/p>\n\n\n\n<p class=\"has-medium-font-size\"> <br>d\u00edlny ve Vrchlick\u00e9ho ulici, \u010dp.&nbsp;538&nbsp;<\/p>\n\n\n\n<ul class=\"wp-block-list has-medium-font-size\">\n<li><strong>AUTOD\u00cdLNA<\/strong>&nbsp;s\u202fp\u0159enosn\u00fdm&nbsp;testrem&nbsp;tlumi\u010d\u016f MTRONIC,&nbsp;osmikamerovou&nbsp;geometri\u00ed,&nbsp;<br>zouva\u010dkou&nbsp;pneumatik&nbsp;Ferdus&nbsp;G-522WF \u010di&nbsp;vyzouva\u010dkou&nbsp;kol WB277N\u2026&nbsp;<\/li>\n\n\n\n<li><strong>D\u00cdLNA STROJN\u00cd<\/strong>&nbsp;s\u202fdr\u00e1tovou \u0159eza\u010dkou ROBOCUT C400iB, grav\u00edrovac\u00edm a \u0159ezac\u00edm CNC laserem EMK-N1006-80R, svisl\u00fdmi fr\u00e9zkami ATOL AXL5036G, soustruhem OPTIMUM L28 CNC\u2026&nbsp;<\/li>\n\n\n\n<li><strong>D\u00cdLNA ELEKTRO<\/strong>&nbsp;s\u202fprogramovatelnou nav\u00edje\u010dkou c\u00edvek NS 10, nav\u00edje\u010dkou&nbsp;Micafil&nbsp;AWC 3000, digit\u00e1ln\u00edm zdrojem VN Typ GPT-9802, digit\u00e1ln\u00edmi zdroji BASETECH BT-305\u2026&nbsp;<\/li>\n<\/ul>\n\n\n\n<p class=\"has-medium-font-size\">hlavn\u00ed budova \u0161koly, ul.&nbsp;Hostovsk\u00e9ho&nbsp;910&nbsp;<\/p>\n\n\n\n<ul class=\"wp-block-list has-medium-font-size\">\n<li><strong>ODBORN\u00c1 U\u010cEBNA CNC<\/strong>&nbsp;s\u202fv\u00fdrobn\u00ed CNC linkou \u0159\u00edzenou centr\u00e1ln\u00edm PC&nbsp;DNC, vybavenou robotick\u00fdm&nbsp;sedmios\u00fdm&nbsp;manipul\u00e1torem Mitsubishi, soustruhem EMCO TURN 105 CNC, fr\u00e9zkou EMCO MILL 105 CNC a dopravn\u00edky\u2026&nbsp;<\/li>\n\n\n\n<li><strong>ODBORN\u00c9 U\u010cEBNY ELEKTRO<\/strong>&nbsp;s\u202fn\u00e1st\u011bnn\u00fdm panelem osazen\u00fdm automaty \u2013&nbsp;Easy, Logo, PLC Foxtrot, nov\u011b vybaven\u00e9 t\u0159\u00eddy pro elektrik\u00e1\u0159e a elektrotechniky<\/li>\n\n\n\n<li><strong>ODBORN\u00c1&nbsp;U\u010cEBNA&nbsp;STROJN\u00cd<\/strong>&nbsp;se \u0161estios\u00fdm pr\u016fmyslov\u00fdm robotem IRB 120 s\u202f\u0159\u00edd\u00edc\u00edm syst\u00e9mem IRC5 pro v\u00fduku problematiky PR\u016eMYSLU 4.0\u2026&nbsp; <\/li>\n<\/ul>\n\n\n\n<p class=\"has-medium-font-size\"><strong>parkov\u00e1n\u00ed:&nbsp;<\/strong>\u0161koln\u00ed dv\u016fr za \u0161kolou&nbsp;(Hostovsk\u00e9ho&nbsp;910), u Mate\u0159sk\u00e9 \u0161kolky&nbsp;(Havl\u00ed\u010dkova 520),&nbsp;u&nbsp;Wikov&nbsp;ar\u00e9ny&nbsp;(Palack\u00e9ho 1000)<\/p>\n\n\n\n<div style=\"height:63px\" aria-hidden=\"true\" class=\"wp-block-spacer\"><\/div>\n\n\n\n<p class=\"has-large-font-size\"><strong>\u0160kola VELK\u00c9 PO\u0158\u00cd\u010c\u00cd &#8211; design, polygrafie, od\u011bvn\u00ed tvorba<\/strong><\/p>\n\n\n\n<p class=\"has-medium-font-size\"><strong>p\u00e1tek 16. 1., 14:00\u201317:00<br>sobota 17. 1.,  9:00\u201312:00<\/strong><\/p>\n\n\n\n<p style=\"font-size:20px\"> Prohl\u00e9dnout si m\u016f\u017eete nap\u0159.<\/p>\n\n\n\n<ul class=\"wp-block-list has-medium-font-size\">\n<li><strong>POLYGRAFICK\u00c9 V\u00ddUKOV\u00c9 CENTRUM<\/strong>&nbsp;se \u010dty\u0159barvov\u00fdm tiskov\u00fdm strojem HEIDELBERG 74-4, velkoform\u00e1tovou tisk\u00e1rnou EPSON SureColor S40610, \u0161estibarvov\u00fdm Karuselem, vypalovac\u00edm plotrem CO2 Budget laser, velkoform\u00e1tovou laminac\u00ed Easylam Olepo\u2026<\/li>\n\n\n\n<li><strong>KADE\u0158NICK\u00dd SALON<\/strong><\/li>\n\n\n\n<li><strong>V\u00ddTVARN\u00c9 ATELI\u00c9RY<\/strong><\/li>\n\n\n\n<li><strong>ARAN\u017d\u00c9RSK\u00c9 D\u00cdLNY<\/strong><\/li>\n\n\n\n<li><strong>DOMOV ML\u00c1DE\u017dE<\/strong><\/li>\n\n\n\n<li><strong>U\u010cEBNY PRO TEORETICKOU V\u00ddUKU<\/strong><\/li>\n\n\n\n<li><strong>\u0160IC\u00cd D\u00cdLNY<\/strong><\/li>\n<\/ul>\n\n\n\n<p class=\"has-medium-font-size\">Nezapome\u0148te, \u017ee sou\u010d\u00e1st\u00ed dn\u016f otev\u0159en\u00fdch dve\u0159\u00ed jsou <br>i&nbsp;<strong>M\u00d3DN\u00cd P\u0158EHL\u00cdDKY<\/strong> pro ve\u0159ejnost ve spole\u010densk\u00e9m s\u00e1le (j\u00eddeln\u011b) Domova ml\u00e1de\u017ee ve Velk\u00e9m Po\u0159\u00ed\u010d\u00ed.<\/p>\n\n\n\n<p><\/p>\n\n\n\n<ul class=\"wp-block-list has-medium-font-size\">\n<li>16. 1. 2026 v 16:00 hodin<\/li>\n\n\n\n<li>17. 1. 2026 se p\u0159ehl\u00eddky nekonaj\u00ed<\/li>\n<\/ul>\n\n\n\n<p class=\"has-medium-font-size\"><strong>parkov\u00e1n\u00ed:<\/strong>&nbsp;v&nbsp;are\u00e1lu \u0161koly (N\u00e1chodsk\u00e1 241), u polygrafick\u00e9ho centra (Krausova 215)<\/p>\n\n\n\n<figure class=\"wp-block-gallery has-nested-images columns-default is-cropped wp-block-gallery-1 is-layout-flex wp-block-gallery-is-layout-flex\">\n<figure class=\"wp-block-image size-large\"><a href=\"https:\/\/spsow.cz\/wp-content\/uploads\/2023\/04\/9G8A6488.jpg\" target=\"_blank\" rel=\"noopener\"><img loading=\"lazy\" decoding=\"async\" width=\"1024\" height=\"683\" data-id=\"1037\" src=\"https:\/\/spsow.cz\/wp-content\/uploads\/2023\/04\/9G8A6488-1024x683.jpg\" alt=\"\" class=\"wp-image-1037\" srcset=\"https:\/\/spsow.cz\/wp-content\/uploads\/2023\/04\/9G8A6488-1024x683.jpg 1024w, https:\/\/spsow.cz\/wp-content\/uploads\/2023\/04\/9G8A6488-300x200.jpg 300w, https:\/\/spsow.cz\/wp-content\/uploads\/2023\/04\/9G8A6488-768x512.jpg 768w, https:\/\/spsow.cz\/wp-content\/uploads\/2023\/04\/9G8A6488-1536x1024.jpg 1536w, https:\/\/spsow.cz\/wp-content\/uploads\/2023\/04\/9G8A6488-360x240.jpg 360w, https:\/\/spsow.cz\/wp-content\/uploads\/2023\/04\/9G8A6488.jpg 1920w\" sizes=\"auto, (max-width: 1024px) 100vw, 1024px\" \/><\/a><\/figure>\n\n\n\n<figure class=\"wp-block-image size-large\"><a href=\"https:\/\/spsow.cz\/wp-content\/uploads\/2023\/04\/9G8A6435.jpg\" target=\"_blank\" rel=\"noopener\"><img loading=\"lazy\" decoding=\"async\" width=\"1024\" height=\"683\" data-id=\"1036\" src=\"https:\/\/spsow.cz\/wp-content\/uploads\/2023\/04\/9G8A6435-1024x683.jpg\" alt=\"\" class=\"wp-image-1036\" srcset=\"https:\/\/spsow.cz\/wp-content\/uploads\/2023\/04\/9G8A6435-1024x683.jpg 1024w, https:\/\/spsow.cz\/wp-content\/uploads\/2023\/04\/9G8A6435-300x200.jpg 300w, https:\/\/spsow.cz\/wp-content\/uploads\/2023\/04\/9G8A6435-768x512.jpg 768w, https:\/\/spsow.cz\/wp-content\/uploads\/2023\/04\/9G8A6435-1536x1024.jpg 1536w, https:\/\/spsow.cz\/wp-content\/uploads\/2023\/04\/9G8A6435-360x240.jpg 360w, https:\/\/spsow.cz\/wp-content\/uploads\/2023\/04\/9G8A6435.jpg 1920w\" sizes=\"auto, (max-width: 1024px) 100vw, 1024px\" \/><\/a><\/figure>\n\n\n\n<figure class=\"wp-block-image size-large\"><a href=\"https:\/\/spsow.cz\/wp-content\/uploads\/2023\/04\/9G8A6424.jpg\" target=\"_blank\" rel=\"noopener\"><img loading=\"lazy\" decoding=\"async\" width=\"1024\" height=\"683\" data-id=\"1035\" src=\"https:\/\/spsow.cz\/wp-content\/uploads\/2023\/04\/9G8A6424-1024x683.jpg\" alt=\"\" class=\"wp-image-1035\" srcset=\"https:\/\/spsow.cz\/wp-content\/uploads\/2023\/04\/9G8A6424-1024x683.jpg 1024w, https:\/\/spsow.cz\/wp-content\/uploads\/2023\/04\/9G8A6424-300x200.jpg 300w, https:\/\/spsow.cz\/wp-content\/uploads\/2023\/04\/9G8A6424-768x512.jpg 768w, https:\/\/spsow.cz\/wp-content\/uploads\/2023\/04\/9G8A6424-1536x1024.jpg 1536w, https:\/\/spsow.cz\/wp-content\/uploads\/2023\/04\/9G8A6424-360x240.jpg 360w, https:\/\/spsow.cz\/wp-content\/uploads\/2023\/04\/9G8A6424.jpg 1920w\" sizes=\"auto, (max-width: 1024px) 100vw, 1024px\" \/><\/a><\/figure>\n\n\n\n<figure class=\"wp-block-image size-large\"><a href=\"https:\/\/spsow.cz\/wp-content\/uploads\/2023\/04\/9G8A6411.jpg\" target=\"_blank\" rel=\"noopener\"><img loading=\"lazy\" decoding=\"async\" width=\"1024\" height=\"683\" data-id=\"1034\" src=\"https:\/\/spsow.cz\/wp-content\/uploads\/2023\/04\/9G8A6411-1024x683.jpg\" alt=\"\" class=\"wp-image-1034\" srcset=\"https:\/\/spsow.cz\/wp-content\/uploads\/2023\/04\/9G8A6411-1024x683.jpg 1024w, https:\/\/spsow.cz\/wp-content\/uploads\/2023\/04\/9G8A6411-300x200.jpg 300w, https:\/\/spsow.cz\/wp-content\/uploads\/2023\/04\/9G8A6411-768x512.jpg 768w, https:\/\/spsow.cz\/wp-content\/uploads\/2023\/04\/9G8A6411-1536x1024.jpg 1536w, https:\/\/spsow.cz\/wp-content\/uploads\/2023\/04\/9G8A6411-360x240.jpg 360w, https:\/\/spsow.cz\/wp-content\/uploads\/2023\/04\/9G8A6411.jpg 1920w\" sizes=\"auto, (max-width: 1024px) 100vw, 1024px\" \/><\/a><\/figure>\n\n\n\n<figure class=\"wp-block-image size-large\"><a href=\"https:\/\/spsow.cz\/wp-content\/uploads\/2023\/04\/9G8A6404.jpg\" target=\"_blank\" rel=\"noopener\"><img loading=\"lazy\" decoding=\"async\" width=\"1024\" height=\"683\" data-id=\"1033\" src=\"https:\/\/spsow.cz\/wp-content\/uploads\/2023\/04\/9G8A6404-1024x683.jpg\" alt=\"\" class=\"wp-image-1033\" srcset=\"https:\/\/spsow.cz\/wp-content\/uploads\/2023\/04\/9G8A6404-1024x683.jpg 1024w, https:\/\/spsow.cz\/wp-content\/uploads\/2023\/04\/9G8A6404-300x200.jpg 300w, https:\/\/spsow.cz\/wp-content\/uploads\/2023\/04\/9G8A6404-768x512.jpg 768w, https:\/\/spsow.cz\/wp-content\/uploads\/2023\/04\/9G8A6404-1536x1024.jpg 1536w, https:\/\/spsow.cz\/wp-content\/uploads\/2023\/04\/9G8A6404-360x240.jpg 360w, https:\/\/spsow.cz\/wp-content\/uploads\/2023\/04\/9G8A6404.jpg 1920w\" sizes=\"auto, (max-width: 1024px) 100vw, 1024px\" \/><\/a><\/figure>\n\n\n\n<figure class=\"wp-block-image size-large\"><a href=\"https:\/\/spsow.cz\/wp-content\/uploads\/2023\/04\/9G8A6397.jpg\" target=\"_blank\" rel=\"noopener\"><img loading=\"lazy\" decoding=\"async\" width=\"1024\" height=\"683\" data-id=\"1032\" src=\"https:\/\/spsow.cz\/wp-content\/uploads\/2023\/04\/9G8A6397-1024x683.jpg\" alt=\"\" class=\"wp-image-1032\" srcset=\"https:\/\/spsow.cz\/wp-content\/uploads\/2023\/04\/9G8A6397-1024x683.jpg 1024w, https:\/\/spsow.cz\/wp-content\/uploads\/2023\/04\/9G8A6397-300x200.jpg 300w, https:\/\/spsow.cz\/wp-content\/uploads\/2023\/04\/9G8A6397-768x512.jpg 768w, https:\/\/spsow.cz\/wp-content\/uploads\/2023\/04\/9G8A6397-1536x1024.jpg 1536w, https:\/\/spsow.cz\/wp-content\/uploads\/2023\/04\/9G8A6397-360x240.jpg 360w, https:\/\/spsow.cz\/wp-content\/uploads\/2023\/04\/9G8A6397.jpg 1920w\" sizes=\"auto, (max-width: 1024px) 100vw, 1024px\" \/><\/a><\/figure>\n<\/figure>\n\n\n\n<div style=\"height:10px\" aria-hidden=\"true\" class=\"wp-block-spacer\"><\/div>\n\n\n\n<figure class=\"wp-block-gallery has-nested-images columns-default is-cropped wp-block-gallery-2 is-layout-flex wp-block-gallery-is-layout-flex\">\n<figure class=\"wp-block-image size-large\"><a href=\"https:\/\/spsow.cz\/wp-content\/uploads\/2024\/11\/20230113_144438-1024x768-1.jpg\"><img loading=\"lazy\" decoding=\"async\" width=\"1024\" height=\"768\" data-id=\"9078\" src=\"https:\/\/spsow.cz\/wp-content\/uploads\/2024\/11\/20230113_144438-1024x768-1.jpg\" alt=\"\" class=\"wp-image-9078\" srcset=\"https:\/\/spsow.cz\/wp-content\/uploads\/2024\/11\/20230113_144438-1024x768-1.jpg 1024w, https:\/\/spsow.cz\/wp-content\/uploads\/2024\/11\/20230113_144438-1024x768-1-300x225.jpg 300w, https:\/\/spsow.cz\/wp-content\/uploads\/2024\/11\/20230113_144438-1024x768-1-768x576.jpg 768w, https:\/\/spsow.cz\/wp-content\/uploads\/2024\/11\/20230113_144438-1024x768-1-16x12.jpg 16w\" sizes=\"auto, (max-width: 1024px) 100vw, 1024px\" \/><\/a><\/figure>\n\n\n\n<figure class=\"wp-block-image size-large\"><a href=\"https:\/\/spsow.cz\/wp-content\/uploads\/2024\/11\/20230113_153950-1024x768-1.jpg\"><img loading=\"lazy\" decoding=\"async\" width=\"1024\" height=\"768\" data-id=\"9081\" src=\"https:\/\/spsow.cz\/wp-content\/uploads\/2024\/11\/20230113_153950-1024x768-1.jpg\" alt=\"\" class=\"wp-image-9081\" srcset=\"https:\/\/spsow.cz\/wp-content\/uploads\/2024\/11\/20230113_153950-1024x768-1.jpg 1024w, https:\/\/spsow.cz\/wp-content\/uploads\/2024\/11\/20230113_153950-1024x768-1-300x225.jpg 300w, https:\/\/spsow.cz\/wp-content\/uploads\/2024\/11\/20230113_153950-1024x768-1-768x576.jpg 768w, https:\/\/spsow.cz\/wp-content\/uploads\/2024\/11\/20230113_153950-1024x768-1-16x12.jpg 16w\" sizes=\"auto, (max-width: 1024px) 100vw, 1024px\" \/><\/a><\/figure>\n\n\n\n<figure class=\"wp-block-image size-large\"><a href=\"https:\/\/spsow.cz\/wp-content\/uploads\/2024\/11\/20230113_160116-1024x768-1.jpg\"><img loading=\"lazy\" decoding=\"async\" width=\"1024\" height=\"768\" data-id=\"9080\" src=\"https:\/\/spsow.cz\/wp-content\/uploads\/2024\/11\/20230113_160116-1024x768-1.jpg\" alt=\"\" class=\"wp-image-9080\" srcset=\"https:\/\/spsow.cz\/wp-content\/uploads\/2024\/11\/20230113_160116-1024x768-1.jpg 1024w, https:\/\/spsow.cz\/wp-content\/uploads\/2024\/11\/20230113_160116-1024x768-1-300x225.jpg 300w, https:\/\/spsow.cz\/wp-content\/uploads\/2024\/11\/20230113_160116-1024x768-1-768x576.jpg 768w, https:\/\/spsow.cz\/wp-content\/uploads\/2024\/11\/20230113_160116-1024x768-1-16x12.jpg 16w\" sizes=\"auto, (max-width: 1024px) 100vw, 1024px\" \/><\/a><\/figure>\n\n\n\n<figure class=\"wp-block-image size-large\"><a href=\"https:\/\/spsow.cz\/wp-content\/uploads\/2024\/11\/20230113_160517-1024x768-1.jpg\"><img loading=\"lazy\" decoding=\"async\" width=\"1024\" height=\"768\" data-id=\"9082\" src=\"https:\/\/spsow.cz\/wp-content\/uploads\/2024\/11\/20230113_160517-1024x768-1.jpg\" alt=\"\" class=\"wp-image-9082\" srcset=\"https:\/\/spsow.cz\/wp-content\/uploads\/2024\/11\/20230113_160517-1024x768-1.jpg 1024w, https:\/\/spsow.cz\/wp-content\/uploads\/2024\/11\/20230113_160517-1024x768-1-300x225.jpg 300w, https:\/\/spsow.cz\/wp-content\/uploads\/2024\/11\/20230113_160517-1024x768-1-768x576.jpg 768w, https:\/\/spsow.cz\/wp-content\/uploads\/2024\/11\/20230113_160517-1024x768-1-16x12.jpg 16w\" sizes=\"auto, (max-width: 1024px) 100vw, 1024px\" \/><\/a><\/figure>\n\n\n\n<figure class=\"wp-block-image size-large\"><a href=\"https:\/\/spsow.cz\/wp-content\/uploads\/2024\/11\/20230113_160946-1024x768-1.jpg\"><img loading=\"lazy\" decoding=\"async\" width=\"1024\" height=\"768\" data-id=\"9079\" src=\"https:\/\/spsow.cz\/wp-content\/uploads\/2024\/11\/20230113_160946-1024x768-1.jpg\" alt=\"\" class=\"wp-image-9079\" srcset=\"https:\/\/spsow.cz\/wp-content\/uploads\/2024\/11\/20230113_160946-1024x768-1.jpg 1024w, https:\/\/spsow.cz\/wp-content\/uploads\/2024\/11\/20230113_160946-1024x768-1-300x225.jpg 300w, https:\/\/spsow.cz\/wp-content\/uploads\/2024\/11\/20230113_160946-1024x768-1-768x576.jpg 768w, https:\/\/spsow.cz\/wp-content\/uploads\/2024\/11\/20230113_160946-1024x768-1-16x12.jpg 16w\" sizes=\"auto, (max-width: 1024px) 100vw, 1024px\" \/><\/a><\/figure>\n\n\n\n<figure class=\"wp-block-image size-large\"><a href=\"https:\/\/spsow.cz\/wp-content\/uploads\/2024\/11\/20230113_161300-1024x768-1.jpg\"><img loading=\"lazy\" decoding=\"async\" width=\"1024\" height=\"768\" data-id=\"9083\" src=\"https:\/\/spsow.cz\/wp-content\/uploads\/2024\/11\/20230113_161300-1024x768-1.jpg\" alt=\"\" class=\"wp-image-9083\" srcset=\"https:\/\/spsow.cz\/wp-content\/uploads\/2024\/11\/20230113_161300-1024x768-1.jpg 1024w, https:\/\/spsow.cz\/wp-content\/uploads\/2024\/11\/20230113_161300-1024x768-1-300x225.jpg 300w, https:\/\/spsow.cz\/wp-content\/uploads\/2024\/11\/20230113_161300-1024x768-1-768x576.jpg 768w, https:\/\/spsow.cz\/wp-content\/uploads\/2024\/11\/20230113_161300-1024x768-1-16x12.jpg 16w\" sizes=\"auto, (max-width: 1024px) 100vw, 1024px\" \/><\/a><\/figure>\n<\/figure>","protected":false},"excerpt":{"rendered":"<p>D\u011bkujeme za n\u00e1v\u0161t\u011bvu. 16. a 17. 1. 2026 \u0160KOLA HRONOV \u2013 stroj\u00edrenstv\u00ed, elektrotechnika p\u00e1tek 16. 1., 14:00\u201317:00sobota 17. 1., 9:00\u201312:00 B\u011bhem DOD bude mo\u017en\u00e9 nav\u0161t\u00edvit informa\u010dn\u00ed sch\u016fzku o p\u0159ij\u00edmac\u00edm \u0159\u00edzen\u00ed i chodu \u0161koly &#8211; 2. patro, zasedac\u00ed m\u00edstnost, za\u010d\u00e1tky v p\u00e1tek: 14:30, 15:00, 15:30, 16:00v sobotu: 9:30, 10:00, 10:30, 11:00 [&hellip;]<\/p>\n","protected":false},"author":1,"featured_media":0,"parent":0,"menu_order":0,"comment_status":"closed","ping_status":"closed","template":"","meta":{"footnotes":""},"class_list":["post-458","page","type-page","status-publish","hentry"],"_links":{"self":[{"href":"https:\/\/spsow.cz\/en\/wp-json\/wp\/v2\/pages\/458","targetHints":{"allow":["GET"]}}],"collection":[{"href":"https:\/\/spsow.cz\/en\/wp-json\/wp\/v2\/pages"}],"about":[{"href":"https:\/\/spsow.cz\/en\/wp-json\/wp\/v2\/types\/page"}],"author":[{"embeddable":true,"href":"https:\/\/spsow.cz\/en\/wp-json\/wp\/v2\/users\/1"}],"replies":[{"embeddable":true,"href":"https:\/\/spsow.cz\/en\/wp-json\/wp\/v2\/comments?post=458"}],"version-history":[{"count":72,"href":"https:\/\/spsow.cz\/en\/wp-json\/wp\/v2\/pages\/458\/revisions"}],"predecessor-version":[{"id":13640,"href":"https:\/\/spsow.cz\/en\/wp-json\/wp\/v2\/pages\/458\/revisions\/13640"}],"wp:attachment":[{"href":"https:\/\/spsow.cz\/en\/wp-json\/wp\/v2\/media?parent=458"}],"curies":[{"name":"wp","href":"https:\/\/api.w.org\/{rel}","templated":true}]}}