{"id":453,"date":"2024-06-21T00:01:00","date_gmt":"2024-06-20T22:01:00","guid":{"rendered":"http:\/\/192.168.1.208\/wordpress\/?page_id=453"},"modified":"2026-04-14T07:49:52","modified_gmt":"2026-04-14T05:49:52","slug":"prijimaci-rizeni-vysledky","status":"publish","type":"page","link":"https:\/\/spsow.cz\/en\/prijimaci-rizeni-vysledky\/","title":{"rendered":"P\u0159ij\u00edmac\u00ed \u0159\u00edzen\u00ed &#8211; v\u00fdsledky"},"content":{"rendered":"<p class=\"has-medium-font-size\">V\u00fdsledky p\u0159ij\u00edmac\u00edho \u0159\u00edzen\u00ed zde budou zve\u0159ejn\u011bny 15. kv\u011btna 2026.<\/p>","protected":false},"excerpt":{"rendered":"<p>V\u00fdsledky p\u0159ij\u00edmac\u00edho \u0159\u00edzen\u00ed zde budou zve\u0159ejn\u011bny 15. kv\u011btna 2026.<\/p>","protected":false},"author":1,"featured_media":0,"parent":0,"menu_order":0,"comment_status":"closed","ping_status":"closed","template":"","meta":{"footnotes":""},"class_list":["post-453","page","type-page","status-publish","hentry"],"_links":{"self":[{"href":"https:\/\/spsow.cz\/en\/wp-json\/wp\/v2\/pages\/453","targetHints":{"allow":["GET"]}}],"collection":[{"href":"https:\/\/spsow.cz\/en\/wp-json\/wp\/v2\/pages"}],"about":[{"href":"https:\/\/spsow.cz\/en\/wp-json\/wp\/v2\/types\/page"}],"author":[{"embeddable":true,"href":"https:\/\/spsow.cz\/en\/wp-json\/wp\/v2\/users\/1"}],"replies":[{"embeddable":true,"href":"https:\/\/spsow.cz\/en\/wp-json\/wp\/v2\/comments?post=453"}],"version-history":[{"count":44,"href":"https:\/\/spsow.cz\/en\/wp-json\/wp\/v2\/pages\/453\/revisions"}],"predecessor-version":[{"id":15296,"href":"https:\/\/spsow.cz\/en\/wp-json\/wp\/v2\/pages\/453\/revisions\/15296"}],"wp:attachment":[{"href":"https:\/\/spsow.cz\/en\/wp-json\/wp\/v2\/media?parent=453"}],"curies":[{"name":"wp","href":"https:\/\/api.w.org\/{rel}","templated":true}]}}