{"id":441,"date":"2023-03-03T13:29:11","date_gmt":"2023-03-03T12:29:11","guid":{"rendered":"http:\/\/192.168.1.208\/wordpress\/?page_id=441"},"modified":"2026-03-16T10:20:02","modified_gmt":"2026-03-16T09:20:02","slug":"prijimaci-rizeni-informace","status":"publish","type":"page","link":"https:\/\/spsow.cz\/en\/prijimaci-rizeni-informace\/","title":{"rendered":"P\u0159ij\u00edmac\u00ed \u0159\u00edzen\u00ed &#8211; informace"},"content":{"rendered":"<p class=\"has-medium-font-size\">Term\u00edn pod\u00e1v\u00e1n\u00ed p\u0159ihl\u00e1\u0161ek: <strong>od 1. \u00fanora do 20. \u00fanora 2026.<\/strong><\/p>\n\n\n\n<p class=\"has-medium-font-size\">Uchaze\u010d m\u016f\u017ee podat:<\/p>\n\n\n\n<ul class=\"wp-block-list\">\n<li class=\"has-medium-font-size\">a\u017e <strong>3 p\u0159ihl\u00e1\u0161ky<\/strong> na obory bez talentov\u00e9 zkou\u0161ky (maturitn\u00ed i nematuritn\u00ed),<\/li>\n\n\n\n<li class=\"has-medium-font-size\">a k tomu a\u017e <strong>2 p\u0159ihl\u00e1\u0161ky<\/strong> na obory s talentovou zkou\u0161kou.<\/li>\n<\/ul>\n\n\n\n<p class=\"has-medium-font-size\"><strong>Zp\u016fsoby pod\u00e1n\u00ed:<\/strong><\/p>\n\n\n\n<ul class=\"wp-block-list\">\n<li class=\"has-medium-font-size\"><strong>elektronicky<\/strong> p\u0159es syst\u00e9m DiPSy (s ov\u011b\u0159enou identitou \u2013 nap\u0159. Bankovn\u00ed identita).<\/li>\n\n\n\n<li class=\"has-medium-font-size\"><strong>pap\u00edrov\u011b<\/strong> \u2013 bu\u010f tiskopis z online syst\u00e9mu, nebo klasick\u00e1 pap\u00edrov\u00e1 p\u0159ihl\u00e1\u0161ka s p\u0159\u00edlohami.<\/li>\n<\/ul>\n\n\n\n<p><\/p>\n\n\n\n<p class=\"has-large-font-size\"><strong>P\u0159ihl\u00e1\u0161ky v pap\u00edrov\u00e9 form\u011b pod\u00e1vejte pouze na adrese: Hostovsk\u00e9ho 910, Hronov<\/strong> <br>(a to i v p\u0159\u00edpad\u011b, \u017ee m\u00e1te z\u00e1jem o obor, kter\u00fd je vyu\u010dov\u00e1n ve Velk\u00e9m Po\u0159\u00ed\u010d\u00ed).<\/p>\n\n\n\n<div style=\"height:22px\" aria-hidden=\"true\" class=\"wp-block-spacer\"><\/div>\n\n\n\n<p class=\"has-medium-font-size\">Kontakt pro dotazy k p\u0159ij\u00edmac\u00edmu \u0159\u00edzen\u00ed: <br>Jana Fialov\u00e1, tel.: 728 373 169, e-mail: fialovaj@spsow.cz<\/p>\n\n\n\n<p class=\"has-medium-font-size\">Pro \u017e\u00e1ky, kte\u0159\u00ed k n\u00e1m podaj\u00ed p\u0159ihl\u00e1\u0161ku ke studiu p\u0159ipravujeme mo\u017enost zdarma se v sobotu 21. 3. 2026 z\u00fa\u010dastnit <a href=\"https:\/\/forms.office.com\/e\/L6bGUgdNqk?origin=lprLink\" data-type=\"link\" data-id=\"https:\/\/forms.office.com\/e\/L6bGUgdNqk?origin=lprLink\"><strong>P\u0158IJ\u00cdMA\u010cEK NANE\u010cISTO<\/strong>.<\/a><\/p>\n\n\n\n<p class=\"has-medium-font-size\">Pro \u017e\u00e1ky, kter\u00e9 \u010dekaj\u00ed talentov\u00e9 zkou\u0161ky, jsme p\u0159ipravili <strong>Kurzy malby a kresby<\/strong> (jak\u00e9si talentovky nane\u010disto), info <a href=\"https:\/\/spsow.cz\/en\/kurzy-kresby-a-malby-k-talentovym-zkouskam\/\" data-type=\"link\" data-id=\"https:\/\/spsow.cz\/kurzy-kresby-a-malby-k-talentovym-zkouskam\/\">ZDE<\/a><\/p>\n\n\n\n<div style=\"height:33px\" aria-hidden=\"true\" class=\"wp-block-spacer\"><\/div>\n\n\n\n<div class=\"wp-block-file\"><a id=\"wp-block-file--media-2f7c723a-2b1d-42ff-ba8c-d5cac3e370dc\" href=\"https:\/\/spsow.cz\/wp-content\/uploads\/2026\/01\/Kriteria-prijimaciho-rizeni-pro-skolni-rok-2026-1.pdf\" target=\"_blank\" rel=\"noreferrer noopener\">Krit\u00e9ria p\u0159ij\u00edmac\u00edho \u0159\u00edzen\u00ed pro \u0161koln\u00ed rok 2026\/27<\/a><\/div>\n\n\n\n<div class=\"wp-block-file\"><a id=\"wp-block-file--media-4df7d8ac-ca6c-4a34-8684-dbdd4d24b0a3\" href=\"https:\/\/spsow.cz\/wp-content\/uploads\/2024\/01\/Prihlaska_2023-2024.pdf\" target=\"_blank\" rel=\"noreferrer noopener\">P\u0159ihl\u00e1\u0161ka pro \u0161koln\u00ed rok 2026\/2027<\/a><\/div>\n\n\n\n<div class=\"wp-block-file\"><a id=\"wp-block-file--media-f7b7292e-e4ba-4785-a681-25db838a2abb\" href=\"https:\/\/spsow.cz\/wp-content\/uploads\/2024\/01\/Zdravotni_posudek-1.pdf\" target=\"_blank\" rel=\"noreferrer noopener\">L\u00e9ka\u0159sk\u00fd posudek o zdravotn\u00ed zp\u016fsobilosti ke studiu pro \u0161koln\u00ed rok 2026\/2027<\/a><\/div>\n\n\n\n<div class=\"wp-block-file\"><a id=\"wp-block-file--media-e9853927-cfec-4141-b0db-a4036752944d\" href=\"https:\/\/spsow.cz\/wp-content\/uploads\/2024\/01\/Hodnoceni-na-vysvedcenich-z-predchoziho-vzdelavani.pdf\" target=\"_blank\" rel=\"noreferrer noopener\">Hodnocen\u00ed na vysv\u011bd\u010den\u00edch z p\u0159edchoz\u00edho vzd\u011bl\u00e1v\u00e1n\u00ed<\/a><\/div>\n\n\n\n<div class=\"wp-block-file\"><a id=\"wp-block-file--media-c9158830-0a53-454f-abb9-459879a4e6f5\" href=\"https:\/\/spsow.cz\/wp-content\/uploads\/2024\/01\/Prevod-slovniho-hodnoceni.pdf\" target=\"_blank\" rel=\"noreferrer noopener\">P\u0159evod slovn\u00edho hodnocen\u00ed do klasifikace<\/a><\/div>\n\n\n\n<div class=\"wp-block-file\"><a id=\"wp-block-file--media-7394aee5-6ee2-4b11-944b-ee535794ab8c\" href=\"https:\/\/spsow.cz\/wp-content\/uploads\/2026\/01\/Zadost-o-prominuti-zkousky-z-CJ.pdf\" target=\"_blank\" rel=\"noreferrer noopener\">\u017d\u00e1dost o prominut\u00ed zkou\u0161ky z \u010cJ<\/a><\/div>\n\n\n\n<div class=\"wp-block-file\"><a id=\"wp-block-file--media-4643eaa6-3bb4-43e0-ad8e-babc3cbbf5ba\" href=\"https:\/\/spsow.cz\/wp-content\/uploads\/2026\/01\/Ukazkovy-test-z-PZ-z-dejin-vytvarne-kultury-1.pdf\" target=\"_blank\" rel=\"noreferrer noopener\">Uk\u00e1zkov\u00fd test k PZ &#8211; v\u0161eobecn\u00fd p\u0159ehled 1, obory grafick\u00fd a od\u011bvn\u00ed design<\/a><\/div>\n\n\n\n<div class=\"wp-block-file\"><a id=\"wp-block-file--media-93e4a9be-0ef0-4580-906a-70fccf815cdb\" href=\"https:\/\/spsow.cz\/wp-content\/uploads\/2026\/01\/Ukazkovy-test-z-PZ-z-dejin-vytvarne-kultury-2.pdf\" target=\"_blank\" rel=\"noreferrer noopener\">Uk\u00e1zkov\u00fd test k PZ &#8211; v\u0161eobecn\u00fd p\u0159ehled 2, obory grafick\u00fd a od\u011bvn\u00ed design<\/a><\/div>","protected":false},"excerpt":{"rendered":"<p>Term\u00edn pod\u00e1v\u00e1n\u00ed p\u0159ihl\u00e1\u0161ek: od 1. \u00fanora do 20. \u00fanora 2026. Uchaze\u010d m\u016f\u017ee podat: Zp\u016fsoby pod\u00e1n\u00ed: P\u0159ihl\u00e1\u0161ky v pap\u00edrov\u00e9 form\u011b pod\u00e1vejte pouze na adrese: Hostovsk\u00e9ho 910, Hronov (a to i v p\u0159\u00edpad\u011b, \u017ee m\u00e1te z\u00e1jem o obor, kter\u00fd je vyu\u010dov\u00e1n ve Velk\u00e9m Po\u0159\u00ed\u010d\u00ed). Kontakt pro dotazy k p\u0159ij\u00edmac\u00edmu \u0159\u00edzen\u00ed: Jana Fialov\u00e1, [&hellip;]<\/p>\n","protected":false},"author":1,"featured_media":0,"parent":0,"menu_order":0,"comment_status":"closed","ping_status":"closed","template":"","meta":{"footnotes":""},"class_list":["post-441","page","type-page","status-publish","hentry"],"_links":{"self":[{"href":"https:\/\/spsow.cz\/en\/wp-json\/wp\/v2\/pages\/441","targetHints":{"allow":["GET"]}}],"collection":[{"href":"https:\/\/spsow.cz\/en\/wp-json\/wp\/v2\/pages"}],"about":[{"href":"https:\/\/spsow.cz\/en\/wp-json\/wp\/v2\/types\/page"}],"author":[{"embeddable":true,"href":"https:\/\/spsow.cz\/en\/wp-json\/wp\/v2\/users\/1"}],"replies":[{"embeddable":true,"href":"https:\/\/spsow.cz\/en\/wp-json\/wp\/v2\/comments?post=441"}],"version-history":[{"count":86,"href":"https:\/\/spsow.cz\/en\/wp-json\/wp\/v2\/pages\/441\/revisions"}],"predecessor-version":[{"id":15027,"href":"https:\/\/spsow.cz\/en\/wp-json\/wp\/v2\/pages\/441\/revisions\/15027"}],"wp:attachment":[{"href":"https:\/\/spsow.cz\/en\/wp-json\/wp\/v2\/media?parent=441"}],"curies":[{"name":"wp","href":"https:\/\/api.w.org\/{rel}","templated":true}]}}