{"id":4313,"date":"2024-06-20T15:32:03","date_gmt":"2024-06-20T13:32:03","guid":{"rendered":"https:\/\/spsow.cz\/?page_id=4313"},"modified":"2024-06-20T15:32:42","modified_gmt":"2024-06-20T13:32:42","slug":"whistleblowing","status":"publish","type":"page","link":"https:\/\/spsow.cz\/en\/whistleblowing\/","title":{"rendered":"Whistleblowing"},"content":{"rendered":"<p class=\"has-medium-font-size\"><strong>Oznamov\u00e1n\u00ed \u0161kodliv\u00e9ho jedn\u00e1n\u00ed<\/strong><strong><\/strong><\/p>\n\n\n\n<p class=\"has-medium-font-size\">St\u0159edn\u00ed pr\u016fmyslov\u00e1 \u0161kola Otty Wichterleho, p\u0159\u00edsp\u011bvkov\u00e1 organizace m\u00e1 nastaven vnit\u0159n\u00ed oznamovac\u00ed syst\u00e9m pro p\u0159\u00edjem a vy\u0159izov\u00e1n\u00ed ozn\u00e1men\u00ed podan\u00fdch v&nbsp;souladu se z\u00e1konem \u010d\u00edslo 171\/2023 Sb., o ochran\u011b oznamovatel\u016f, v&nbsp;platn\u00e9m zn\u011bn\u00ed (d\u00e1le jen \u201ez\u00e1kon\u201c) se sm\u011brnic\u00ed Evropsk\u00e9ho parlamentu a Rady (EU) 2019\/1937 ze dne 23.&nbsp;\u0159\u00edjna 2019, o ochran\u011b osob, kter\u00e9 oznamuj\u00ed poru\u0161en\u00ed pr\u00e1va Unie (d\u00e1le t\u00e9\u017e \u201eSm\u011brnice (EU) 2019\/1937\u201c).<\/p>\n\n\n\n<p class=\"has-medium-font-size\">P\u0159\u00edslu\u0161nou osobou, kter\u00e1 p\u0159ij\u00edm\u00e1 a zkoum\u00e1 ozn\u00e1men\u00ed, p\u0159\u00edpadn\u011b navrhuje opat\u0159en\u00ed k&nbsp;n\u00e1prav\u011b zji\u0161t\u011bn\u00e9ho protipr\u00e1vn\u00edho stavu je:<\/p>\n\n\n\n<p class=\"has-medium-font-size\">Mark\u00e9ta Machov\u00e1<br>tel. 702&nbsp;269&nbsp;240<\/p>\n\n\n\n<p class=\"has-medium-font-size\">e-mail:&nbsp;<a href=\"mailto:machovam@spsow.cz\">machovam@spsow.cz<\/a><\/p>\n\n\n\n<p class=\"has-medium-font-size\">Ozn\u00e1men\u00ed p\u0159ij\u00edm\u00e1 v\u00fdhradn\u011b p\u0159\u00edslu\u0161n\u00e1 osoba, v&nbsp;p\u0159\u00edpad\u011b jej\u00ed nep\u0159\u00edtomnosti jej\u00ed z\u00e1stupce: <br>Jana Fialov\u00e1, tel. 728&nbsp;731&nbsp;169, e-mail: <a href=\"mailto:fialovaj@spsow.cz\">fialovaj@spsow.cz<\/a><\/p>\n\n\n\n<div class=\"wp-block-file\"><a id=\"wp-block-file--media-ff245e3a-9cb9-4661-89d5-a04930699422\" href=\"https:\/\/spsow.cz\/wp-content\/uploads\/2023\/11\/Vnitrni-system-WHISTLEBLOWING-1.pdf\" target=\"_blank\" rel=\"noreferrer noopener\">P\u0159edpis k zaveden\u00ed vnit\u0159n\u00edho oznamovac\u00edho syst\u00e9mu <\/a><\/div>\n\n\n\n<div class=\"wp-block-file\"><a id=\"wp-block-file--media-a0cc4d4c-329f-466f-be2a-688351484e59\" href=\"https:\/\/spsow.cz\/wp-content\/uploads\/2023\/11\/Formular-pro-podani-oznameni.pdf\" target=\"_blank\" rel=\"noreferrer noopener\">Formul\u00e1\u0159 pro pod\u00e1n\u00ed ozn\u00e1men\u00ed<\/a><\/div>","protected":false},"excerpt":{"rendered":"<p>Oznamov\u00e1n\u00ed \u0161kodliv\u00e9ho jedn\u00e1n\u00ed St\u0159edn\u00ed pr\u016fmyslov\u00e1 \u0161kola Otty Wichterleho, p\u0159\u00edsp\u011bvkov\u00e1 organizace m\u00e1 nastaven vnit\u0159n\u00ed oznamovac\u00ed syst\u00e9m pro p\u0159\u00edjem a vy\u0159izov\u00e1n\u00ed ozn\u00e1men\u00ed podan\u00fdch v&nbsp;souladu se z\u00e1konem \u010d\u00edslo 171\/2023 Sb., o ochran\u011b oznamovatel\u016f, v&nbsp;platn\u00e9m zn\u011bn\u00ed (d\u00e1le jen \u201ez\u00e1kon\u201c) se sm\u011brnic\u00ed Evropsk\u00e9ho parlamentu a Rady (EU) 2019\/1937 ze dne 23.&nbsp;\u0159\u00edjna 2019, o ochran\u011b osob, [&hellip;]<\/p>\n","protected":false},"author":1,"featured_media":0,"parent":0,"menu_order":0,"comment_status":"closed","ping_status":"closed","template":"","meta":{"footnotes":""},"class_list":["post-4313","page","type-page","status-publish","hentry"],"_links":{"self":[{"href":"https:\/\/spsow.cz\/en\/wp-json\/wp\/v2\/pages\/4313","targetHints":{"allow":["GET"]}}],"collection":[{"href":"https:\/\/spsow.cz\/en\/wp-json\/wp\/v2\/pages"}],"about":[{"href":"https:\/\/spsow.cz\/en\/wp-json\/wp\/v2\/types\/page"}],"author":[{"embeddable":true,"href":"https:\/\/spsow.cz\/en\/wp-json\/wp\/v2\/users\/1"}],"replies":[{"embeddable":true,"href":"https:\/\/spsow.cz\/en\/wp-json\/wp\/v2\/comments?post=4313"}],"version-history":[{"count":6,"href":"https:\/\/spsow.cz\/en\/wp-json\/wp\/v2\/pages\/4313\/revisions"}],"predecessor-version":[{"id":7270,"href":"https:\/\/spsow.cz\/en\/wp-json\/wp\/v2\/pages\/4313\/revisions\/7270"}],"wp:attachment":[{"href":"https:\/\/spsow.cz\/en\/wp-json\/wp\/v2\/media?parent=4313"}],"curies":[{"name":"wp","href":"https:\/\/api.w.org\/{rel}","templated":true}]}}