{"id":4234,"date":"2023-11-10T07:40:41","date_gmt":"2023-11-10T06:40:41","guid":{"rendered":"https:\/\/spsow.cz\/?page_id=4234"},"modified":"2025-07-07T12:03:06","modified_gmt":"2025-07-07T10:03:06","slug":"krouzek-eplan","status":"publish","type":"page","link":"https:\/\/spsow.cz\/en\/krouzek-eplan\/","title":{"rendered":"Krou\u017eek EPLAN"},"content":{"rendered":"<p class=\"has-medium-font-size\"><strong>kdy: <\/strong> neotev\u0159en<\/p>\n\n\n\n<p class=\"has-medium-font-size\"><strong>kde:<\/strong> Hronov, hlavn\u00ed budova, 4. patro<\/p>\n\n\n\n<p class=\"has-medium-font-size\"><strong>p\u0159ihl\u00e1\u0161en\u00ed u: <\/strong>Ing. Ji\u0159\u00ed D\u00edt\u011b, e-mail: ditej@spsow.cz, tel.: 606 069 894<\/p>","protected":false},"excerpt":{"rendered":"<p>kdy: neotev\u0159en kde: Hronov, hlavn\u00ed budova, 4. patro p\u0159ihl\u00e1\u0161en\u00ed u: Ing. Ji\u0159\u00ed D\u00edt\u011b, e-mail: ditej@spsow.cz, tel.: 606 069 894<\/p>","protected":false},"author":1,"featured_media":0,"parent":0,"menu_order":0,"comment_status":"closed","ping_status":"closed","template":"","meta":{"footnotes":""},"class_list":["post-4234","page","type-page","status-publish","hentry"],"_links":{"self":[{"href":"https:\/\/spsow.cz\/en\/wp-json\/wp\/v2\/pages\/4234","targetHints":{"allow":["GET"]}}],"collection":[{"href":"https:\/\/spsow.cz\/en\/wp-json\/wp\/v2\/pages"}],"about":[{"href":"https:\/\/spsow.cz\/en\/wp-json\/wp\/v2\/types\/page"}],"author":[{"embeddable":true,"href":"https:\/\/spsow.cz\/en\/wp-json\/wp\/v2\/users\/1"}],"replies":[{"embeddable":true,"href":"https:\/\/spsow.cz\/en\/wp-json\/wp\/v2\/comments?post=4234"}],"version-history":[{"count":7,"href":"https:\/\/spsow.cz\/en\/wp-json\/wp\/v2\/pages\/4234\/revisions"}],"predecessor-version":[{"id":11713,"href":"https:\/\/spsow.cz\/en\/wp-json\/wp\/v2\/pages\/4234\/revisions\/11713"}],"wp:attachment":[{"href":"https:\/\/spsow.cz\/en\/wp-json\/wp\/v2\/media?parent=4234"}],"curies":[{"name":"wp","href":"https:\/\/api.w.org\/{rel}","templated":true}]}}