{"id":362,"date":"2023-02-17T15:02:21","date_gmt":"2023-02-17T14:02:21","guid":{"rendered":"http:\/\/192.168.1.208\/wordpress\/?page_id=362"},"modified":"2025-10-29T09:26:23","modified_gmt":"2025-10-29T08:26:23","slug":"zaverecne-zkousky-okruhy-vp","status":"publish","type":"page","link":"https:\/\/spsow.cz\/en\/zaverecne-zkousky-okruhy-vp\/","title":{"rendered":"Z\u00e1v\u011bre\u010dn\u00e9 zkou\u0161ky &#8211; okruhy &#8211; Velk\u00e9 Po\u0159\u00ed\u010d\u00ed"},"content":{"rendered":"<p class=\"has-medium-font-size\"><strong>66-52-H\/01 Aran\u017e\u00e9r<\/strong><\/p>\n\n\n\n<div class=\"wp-block-file\"><a id=\"wp-block-file--media-21f1f7c8-f68d-473f-92a6-d85f680e2f5c\" href=\"https:\/\/spsow.cz\/wp-content\/uploads\/2025\/10\/Okruhy-Aranzer-2026.pdf\" target=\"_blank\" rel=\"noreferrer noopener\">Aran\u017e\u00e9r, 2026<\/a><\/div>\n\n\n\n<p class=\"has-medium-font-size\"><strong>69-51-H\/01 Kade\u0159n\u00edk<\/strong><\/p>\n\n\n\n<div class=\"wp-block-file\"><a id=\"wp-block-file--media-921539ad-a340-4413-b0c8-dba0c133c57f\" href=\"https:\/\/spsow.cz\/wp-content\/uploads\/2025\/10\/Okruhy-Kadernik-2026.pdf\" target=\"_blank\" rel=\"noreferrer noopener\">Kade\u0159n\u00edk, 2026<\/a><\/div>\n\n\n\n<p class=\"has-medium-font-size\"><strong>34-53-H\/01 Reproduk\u010dn\u00ed grafik<\/strong><\/p>\n\n\n\n<div class=\"wp-block-file\"><a id=\"wp-block-file--media-308d7a8b-9933-4309-b196-f720969b4287\" href=\"https:\/\/spsow.cz\/wp-content\/uploads\/2025\/10\/Okruhy-Reprodukcni-grafik-2026.pdf\" target=\"_blank\" rel=\"noreferrer noopener\">Reproduk\u010dn\u00ed grafik, 2026<\/a><\/div>\n\n\n\n<p class=\"has-medium-font-size\"><strong>34-52-H\/01 Tiska\u0159 na polygrafick\u00fdch stroj\u00edch<\/strong><\/p>\n\n\n\n<div class=\"wp-block-file\"><a id=\"wp-block-file--media-874deaff-c168-4f8d-902a-10969c91e995\" href=\"https:\/\/spsow.cz\/wp-content\/uploads\/2025\/10\/Okruhy-Tiskar-2026.pdf\" target=\"_blank\" rel=\"noreferrer noopener\">Tiska\u0159, 2026<\/a><\/div>","protected":false},"excerpt":{"rendered":"<p>66-52-H\/01 Aran\u017e\u00e9r 69-51-H\/01 Kade\u0159n\u00edk 34-53-H\/01 Reproduk\u010dn\u00ed grafik 34-52-H\/01 Tiska\u0159 na polygrafick\u00fdch stroj\u00edch<\/p>","protected":false},"author":1,"featured_media":0,"parent":0,"menu_order":0,"comment_status":"closed","ping_status":"closed","template":"","meta":{"footnotes":""},"class_list":["post-362","page","type-page","status-publish","hentry"],"_links":{"self":[{"href":"https:\/\/spsow.cz\/en\/wp-json\/wp\/v2\/pages\/362","targetHints":{"allow":["GET"]}}],"collection":[{"href":"https:\/\/spsow.cz\/en\/wp-json\/wp\/v2\/pages"}],"about":[{"href":"https:\/\/spsow.cz\/en\/wp-json\/wp\/v2\/types\/page"}],"author":[{"embeddable":true,"href":"https:\/\/spsow.cz\/en\/wp-json\/wp\/v2\/users\/1"}],"replies":[{"embeddable":true,"href":"https:\/\/spsow.cz\/en\/wp-json\/wp\/v2\/comments?post=362"}],"version-history":[{"count":5,"href":"https:\/\/spsow.cz\/en\/wp-json\/wp\/v2\/pages\/362\/revisions"}],"predecessor-version":[{"id":12860,"href":"https:\/\/spsow.cz\/en\/wp-json\/wp\/v2\/pages\/362\/revisions\/12860"}],"wp:attachment":[{"href":"https:\/\/spsow.cz\/en\/wp-json\/wp\/v2\/media?parent=362"}],"curies":[{"name":"wp","href":"https:\/\/api.w.org\/{rel}","templated":true}]}}