{"id":360,"date":"2023-02-17T15:00:40","date_gmt":"2023-02-17T14:00:40","guid":{"rendered":"http:\/\/192.168.1.208\/wordpress\/?page_id=360"},"modified":"2025-10-29T09:06:16","modified_gmt":"2025-10-29T08:06:16","slug":"zaverecne-zkousky-terminy-vp","status":"publish","type":"page","link":"https:\/\/spsow.cz\/en\/zaverecne-zkousky-terminy-vp\/","title":{"rendered":"Z\u00e1v\u011bre\u010dn\u00e9 zkou\u0161ky, term\u00edny, Velk\u00e9 Po\u0159\u00ed\u010d\u00ed"},"content":{"rendered":"<h4 class=\"wp-block-heading has-medium-font-size\"> obory: Aran\u017e\u00e9r, Kade\u0159n\u00edk, Tiska\u0159 na polygrafick\u00fdch stroj\u00edch, Reproduk\u010dn\u00ed grafik<\/h4>\n\n\n\n<div class=\"wp-block-file\"><a id=\"wp-block-file--media-113483e1-617d-4ad9-9d2b-ef2c2fd91da0\" href=\"https:\/\/spsow.cz\/wp-content\/uploads\/2025\/10\/Terminy-ZZ-2026-1.pdf\" target=\"_blank\" rel=\"noreferrer noopener\">Term\u00edny 2026<\/a><\/div>\n\n\n\n<div class=\"wp-block-file\"><a id=\"wp-block-file--media-be226f06-4e62-41be-9d70-194ce11eb4c6\" href=\"https:\/\/spsow.cz\/wp-content\/uploads\/2024\/11\/Prihlaska-k-opravne-a-nahradni-ZZ-1.pdf\" target=\"_blank\" rel=\"noreferrer noopener\">P\u0159ihl\u00e1\u0161ka k opravn\u00e9\/n\u00e1hradn\u00ed z\u00e1v\u011bre\u010dn\u00e9 zkou\u0161ce<\/a><\/div>","protected":false},"excerpt":{"rendered":"<p>obory: Aran\u017e\u00e9r, Kade\u0159n\u00edk, Tiska\u0159 na polygrafick\u00fdch stroj\u00edch, Reproduk\u010dn\u00ed grafik<\/p>","protected":false},"author":1,"featured_media":0,"parent":0,"menu_order":0,"comment_status":"closed","ping_status":"closed","template":"","meta":{"footnotes":""},"class_list":["post-360","page","type-page","status-publish","hentry"],"_links":{"self":[{"href":"https:\/\/spsow.cz\/en\/wp-json\/wp\/v2\/pages\/360","targetHints":{"allow":["GET"]}}],"collection":[{"href":"https:\/\/spsow.cz\/en\/wp-json\/wp\/v2\/pages"}],"about":[{"href":"https:\/\/spsow.cz\/en\/wp-json\/wp\/v2\/types\/page"}],"author":[{"embeddable":true,"href":"https:\/\/spsow.cz\/en\/wp-json\/wp\/v2\/users\/1"}],"replies":[{"embeddable":true,"href":"https:\/\/spsow.cz\/en\/wp-json\/wp\/v2\/comments?post=360"}],"version-history":[{"count":11,"href":"https:\/\/spsow.cz\/en\/wp-json\/wp\/v2\/pages\/360\/revisions"}],"predecessor-version":[{"id":12842,"href":"https:\/\/spsow.cz\/en\/wp-json\/wp\/v2\/pages\/360\/revisions\/12842"}],"wp:attachment":[{"href":"https:\/\/spsow.cz\/en\/wp-json\/wp\/v2\/media?parent=360"}],"curies":[{"name":"wp","href":"https:\/\/api.w.org\/{rel}","templated":true}]}}