{"id":353,"date":"2023-02-17T14:51:24","date_gmt":"2023-02-17T13:51:24","guid":{"rendered":"http:\/\/192.168.1.208\/wordpress\/?page_id=353"},"modified":"2025-10-30T08:12:10","modified_gmt":"2025-10-30T07:12:10","slug":"kriteria-hodnoceni-vp","status":"publish","type":"page","link":"https:\/\/spsow.cz\/en\/kriteria-hodnoceni-vp\/","title":{"rendered":"Krit\u00e9ria hodnocen\u00ed &#8211; Velk\u00e9 Po\u0159\u00ed\u010d\u00ed"},"content":{"rendered":"<p class=\"has-medium-font-size\">obory: Grafick\u00fd design, Reproduk\u010dn\u00ed grafik, Tiska\u0159 na polygrafick\u00fdch stroj\u00edch<\/p>\n\n\n\n<div class=\"wp-block-file\"><a id=\"wp-block-file--media-7e88b7b8-60c9-4b8f-9545-32ab94f9937c\" href=\"https:\/\/spsow.cz\/wp-content\/uploads\/2025\/10\/Kriteria-hodnoceni-pisemne-prace-CJL-2026.pdf\" target=\"_blank\" rel=\"noreferrer noopener\">Krit\u00e9ria hodnocen\u00ed p\u00edsemn\u00e9 pr\u00e1ce \u010cJL, 2026<\/a><\/div>\n\n\n\n<div class=\"wp-block-file\"><a id=\"wp-block-file--media-704266ff-7bae-4ca9-b71d-f8fcb1b651e9\" href=\"https:\/\/spsow.cz\/wp-content\/uploads\/2025\/10\/Kriteria-hodnoceni-ustni-MZ-CJL-2026.pdf\" target=\"_blank\" rel=\"noreferrer noopener\">Krit\u00e9ria hodnocen\u00ed \u00fastn\u00ed MZ \u010cJL, 2026<\/a><\/div>\n\n\n\n<div class=\"wp-block-file\"><a id=\"wp-block-file--media-37db08c5-e63d-4069-8804-cfdd85ea56f1\" href=\"https:\/\/spsow.cz\/wp-content\/uploads\/2025\/10\/Bodove-hodnoceni-pisemne-a-ustni-MZ-CJL-2026.pdf\" target=\"_blank\" rel=\"noreferrer noopener\">Bodov\u00e9 hodnoceni p\u00edsemn\u00e9 a \u00fastn\u00ed MZ \u010cJL, 2026<\/a><\/div>\n\n\n\n<div class=\"wp-block-file\"><a id=\"wp-block-file--media-448c7641-0f6b-4b3b-85a7-ddf3ae28f5b2\" href=\"https:\/\/spsow.cz\/wp-content\/uploads\/2025\/10\/Kriteria-hodnoceni-pisemne-prace-AJ-2026-\u2013-kopie.pdf\" target=\"_blank\" rel=\"noreferrer noopener\">Krit\u00e9ria hodnocen\u00ed p\u00edsemn\u00e9 pr\u00e1ce AJ, 2026 <\/a><\/div>\n\n\n\n<div class=\"wp-block-file\"><a id=\"wp-block-file--media-c6dadba7-1322-4c7e-aef6-493029dfd805\" href=\"https:\/\/spsow.cz\/wp-content\/uploads\/2025\/10\/Kriteria-hodnoceni-ustni-MZ-Aj-2026-\u2013-kopie.pdf\" target=\"_blank\" rel=\"noreferrer noopener\">Krit\u00e9ria hodnocen\u00ed \u00fastn\u00ed MZ AJ, 2026<\/a><\/div>\n\n\n\n<div class=\"wp-block-file\"><a id=\"wp-block-file--media-b5fc5a8c-8e84-49fc-b3ba-ba75c7df1bac\" href=\"https:\/\/spsow.cz\/wp-content\/uploads\/2025\/10\/Bodove-hodnoceni-pisemne-a-ustni-MZ-AJ-2026.pdf\" target=\"_blank\" rel=\"noreferrer noopener\">Bodov\u00e9 hodnocen\u00ed p\u00edsemn\u00e9 a \u00fastn\u00ed MZ AJ, 2026<\/a><\/div>\n\n\n\n<div class=\"wp-block-file\"><a id=\"wp-block-file--media-ed0b1201-54da-4cce-beca-542077abba7e\" href=\"https:\/\/spsow.cz\/wp-content\/uploads\/2025\/10\/VP-Kriteria-hodnoceni-profilove-MZ.pdf\" target=\"_blank\" rel=\"noreferrer noopener\">Krit\u00e9ria hodnocen\u00ed profilov\u00e9 MZ, 2026<\/a><\/div>\n\n\n\n<div style=\"height:48px\" aria-hidden=\"true\" class=\"wp-block-spacer\"><\/div>\n\n\n\n<p class=\"has-medium-font-size\">obory: Model\u00e1\u0159stv\u00ed a n\u00e1vrh\u00e1\u0159stv\u00ed od\u011bv\u016f, Podnik\u00e1n\u00ed<\/p>\n\n\n\n<div class=\"wp-block-file\"><a id=\"wp-block-file--media-b411161d-f1a4-4a4e-b291-e6b1322d6366\" href=\"https:\/\/spsow.cz\/wp-content\/uploads\/2025\/10\/PMZ-podminky-Mod-25-26.pdf\" target=\"_blank\" rel=\"noreferrer noopener\">Podm\u00ednky \u00fasp\u011b\u0161n\u00e9ho vykon\u00e1n\u00ed PMZ, 2026 (Model\u00e1\u0159stv\u00ed a n\u00e1vrh\u00e1\u0159stv\u00ed od\u011bv\u016f)<\/a><\/div>\n\n\n\n<div class=\"wp-block-file\"><a id=\"wp-block-file--media-61b025fc-8faf-4709-adf2-8f8000fae46b\" href=\"https:\/\/spsow.cz\/wp-content\/uploads\/2025\/10\/PMZ-podminky-Podnikani-2025-26.pdf\" target=\"_blank\" rel=\"noreferrer noopener\">Podm\u00ednky \u00fasp\u011b\u0161n\u00e9ho vykon\u00e1n\u00ed PMZ, 2026 (Podnik\u00e1n\u00ed)<\/a><\/div>\n\n\n\n<div class=\"wp-block-file\"><a id=\"wp-block-file--media-26e9c694-1296-4565-a860-4123e88c3e83\" href=\"https:\/\/spsow.cz\/wp-content\/uploads\/2025\/10\/Kriteria-hodnoceni-pisemne-prace-z-AJ-1.pdf\" target=\"_blank\" rel=\"noreferrer noopener\">Krit\u00e9ria hodnocen\u00ed p\u00edsemn\u00e9 pr\u00e1ce z AJ, 2026<\/a><\/div>\n\n\n\n<div class=\"wp-block-file\"><a id=\"wp-block-file--media-62c50f5c-2dae-432a-b934-362147db947b\" href=\"https:\/\/spsow.cz\/wp-content\/uploads\/2025\/10\/Kriteria-hodnoceni-pisemne-prace-z-CJ.pdf\" target=\"_blank\" rel=\"noreferrer noopener\">Krit\u00e9ria hodnocen\u00ed p\u00edsemn\u00e9 pr\u00e1ce z \u010cJL, 2026<\/a><\/div>\n\n\n\n<div class=\"wp-block-file\"><a id=\"wp-block-file--media-45e86bb9-19e2-4f5a-b52d-0dce52cbed72\" href=\"https:\/\/spsow.cz\/wp-content\/uploads\/2025\/10\/Kriteria-hodnoceni-ustni-zkousky-z-AJ.pdf\" target=\"_blank\" rel=\"noreferrer noopener\">Krit\u00e9ria hodnocen\u00ed \u00fastn\u00ed zkou\u0161ky z AJ, 2026<\/a><\/div>\n\n\n\n<div class=\"wp-block-file\"><a id=\"wp-block-file--media-0fb8806e-c845-4b5f-9154-3e15cbf91a9c\" href=\"https:\/\/spsow.cz\/wp-content\/uploads\/2025\/10\/Kriteria-hodnoceni-ustni-zkousky-z-CJ.pdf\" target=\"_blank\" rel=\"noreferrer noopener\">Krit\u00e9ria hodnocen\u00ed \u00fastn\u00ed zkou\u0161ky z \u010cJL, 2026<\/a><\/div>\n\n\n\n<div class=\"wp-block-file\"><a id=\"wp-block-file--media-d25f00c5-3d74-49ff-ab51-dcc7cf01f24e\" href=\"https:\/\/spsow.cz\/wp-content\/uploads\/2025\/10\/Kriteria-hodnoceni-profilove-zkousky-2025-26-Mod-a-Pod.pdf\" target=\"_blank\" rel=\"noreferrer noopener\">Krit\u00e9ria hodnocen\u00ed profilov\u00e9 zkou\u0161ky, 2026<\/a><\/div>\n\n\n\n<div class=\"wp-block-file\"><a id=\"wp-block-file--media-d490148e-5cc5-4d9f-96ba-b9d4a2795884\" href=\"https:\/\/spsow.cz\/wp-content\/uploads\/2025\/10\/Pozadavky-na-PMZ-Modelarstvi-2025-26.pdf\" target=\"_blank\" rel=\"noreferrer noopener\">Po\u017eadavky na praktickou maturitn\u00ed zkou\u0161ku, 2026  (Model\u00e1\u0159stv\u00ed a n\u00e1vrh\u00e1\u0159stv\u00ed od\u011bv\u016f)<\/a><\/div>\n\n\n\n<div class=\"wp-block-file\"><a id=\"wp-block-file--media-87bcb656-1558-4a22-ad65-d90ba28daf56\" href=\"https:\/\/spsow.cz\/wp-content\/uploads\/2025\/10\/Pozadavky-na-PMZ-Podnikani-2025-2026.pdf\" target=\"_blank\" rel=\"noreferrer noopener\">Po\u017eadavky na praktickou maturitn\u00ed zkou\u0161ku, 2026 (Podnik\u00e1n\u00ed)<\/a><\/div>\n\n\n\n<p><\/p>","protected":false},"excerpt":{"rendered":"<p>obory: Grafick\u00fd design, Reproduk\u010dn\u00ed grafik, Tiska\u0159 na polygrafick\u00fdch stroj\u00edch obory: Model\u00e1\u0159stv\u00ed a n\u00e1vrh\u00e1\u0159stv\u00ed od\u011bv\u016f, Podnik\u00e1n\u00ed<\/p>","protected":false},"author":1,"featured_media":0,"parent":0,"menu_order":0,"comment_status":"closed","ping_status":"closed","template":"","meta":{"footnotes":""},"class_list":["post-353","page","type-page","status-publish","hentry"],"_links":{"self":[{"href":"https:\/\/spsow.cz\/en\/wp-json\/wp\/v2\/pages\/353","targetHints":{"allow":["GET"]}}],"collection":[{"href":"https:\/\/spsow.cz\/en\/wp-json\/wp\/v2\/pages"}],"about":[{"href":"https:\/\/spsow.cz\/en\/wp-json\/wp\/v2\/types\/page"}],"author":[{"embeddable":true,"href":"https:\/\/spsow.cz\/en\/wp-json\/wp\/v2\/users\/1"}],"replies":[{"embeddable":true,"href":"https:\/\/spsow.cz\/en\/wp-json\/wp\/v2\/comments?post=353"}],"version-history":[{"count":40,"href":"https:\/\/spsow.cz\/en\/wp-json\/wp\/v2\/pages\/353\/revisions"}],"predecessor-version":[{"id":12928,"href":"https:\/\/spsow.cz\/en\/wp-json\/wp\/v2\/pages\/353\/revisions\/12928"}],"wp:attachment":[{"href":"https:\/\/spsow.cz\/en\/wp-json\/wp\/v2\/media?parent=353"}],"curies":[{"name":"wp","href":"https:\/\/api.w.org\/{rel}","templated":true}]}}