{"id":350,"date":"2023-02-17T14:44:56","date_gmt":"2023-02-17T13:44:56","guid":{"rendered":"http:\/\/192.168.1.208\/wordpress\/?page_id=350"},"modified":"2025-10-29T09:11:54","modified_gmt":"2025-10-29T08:11:54","slug":"doporucena-cetba-vp","status":"publish","type":"page","link":"https:\/\/spsow.cz\/en\/doporucena-cetba-vp\/","title":{"rendered":"Doporu\u010den\u00e1 \u010detba &#8211; Velk\u00e9 Po\u0159\u00ed\u010d\u00ed"},"content":{"rendered":"<div class=\"wp-block-file\"><a id=\"wp-block-file--media-73ebd5f4-b275-41c2-b5ac-e7ca6cdc1947\" href=\"https:\/\/spsow.cz\/wp-content\/uploads\/2024\/10\/VP-Doporucena-cetba.pdf\" target=\"_blank\" rel=\"noreferrer noopener\">Seznam \u010detby k \u00fastn\u00ed maturitn\u00ed zkou\u0161ce 2026 (Grafick\u00fd design, Reproduk\u010dn\u00ed grafik, Tiska\u0159 na polygrafick\u00fdch stroj\u00edch<\/a><\/div>\n\n\n\n<div class=\"wp-block-file\"><a id=\"wp-block-file--media-42ae639f-c81f-4cf6-8b03-f5b503629b55\" href=\"https:\/\/spsow.cz\/wp-content\/uploads\/2025\/10\/Seznam-cetby-k-maturite-25-26-Modelarstvi-a-Podnikani.pdf\" target=\"_blank\" rel=\"noreferrer noopener\">Seznam \u010detby k maturit\u011b, 2026  (Model\u00e1\u0159stv\u00ed a n\u00e1vrh\u00e1\u0159stv\u00ed od\u011bv\u016f, Podnik\u00e1n\u00ed)<\/a><\/div>","protected":false},"excerpt":{"rendered":"","protected":false},"author":1,"featured_media":0,"parent":0,"menu_order":0,"comment_status":"closed","ping_status":"closed","template":"","meta":{"footnotes":""},"class_list":["post-350","page","type-page","status-publish","hentry"],"_links":{"self":[{"href":"https:\/\/spsow.cz\/en\/wp-json\/wp\/v2\/pages\/350","targetHints":{"allow":["GET"]}}],"collection":[{"href":"https:\/\/spsow.cz\/en\/wp-json\/wp\/v2\/pages"}],"about":[{"href":"https:\/\/spsow.cz\/en\/wp-json\/wp\/v2\/types\/page"}],"author":[{"embeddable":true,"href":"https:\/\/spsow.cz\/en\/wp-json\/wp\/v2\/users\/1"}],"replies":[{"embeddable":true,"href":"https:\/\/spsow.cz\/en\/wp-json\/wp\/v2\/comments?post=350"}],"version-history":[{"count":11,"href":"https:\/\/spsow.cz\/en\/wp-json\/wp\/v2\/pages\/350\/revisions"}],"predecessor-version":[{"id":12848,"href":"https:\/\/spsow.cz\/en\/wp-json\/wp\/v2\/pages\/350\/revisions\/12848"}],"wp:attachment":[{"href":"https:\/\/spsow.cz\/en\/wp-json\/wp\/v2\/media?parent=350"}],"curies":[{"name":"wp","href":"https:\/\/api.w.org\/{rel}","templated":true}]}}