{"id":348,"date":"2023-02-17T14:43:54","date_gmt":"2023-02-17T13:43:54","guid":{"rendered":"http:\/\/192.168.1.208\/wordpress\/?page_id=348"},"modified":"2025-10-29T09:32:28","modified_gmt":"2025-10-29T08:32:28","slug":"maturitni-temata-vp","status":"publish","type":"page","link":"https:\/\/spsow.cz\/en\/maturitni-temata-vp\/","title":{"rendered":"Maturitn\u00ed t\u00e9mata &#8211; Velk\u00e9 Po\u0159\u00ed\u010d\u00ed"},"content":{"rendered":"<h4 class=\"wp-block-heading\">Grafick\u00fd design<\/h4>\n\n\n\n<div class=\"wp-block-file\"><a id=\"wp-block-file--media-56f9e316-0899-4cf7-aaec-af6976ed1e80\" href=\"https:\/\/spsow.cz\/wp-content\/uploads\/2025\/10\/Maturitni-temata-GD-AJ-2026.pdf\" target=\"_blank\" rel=\"noreferrer noopener\">Anglick\u00fd jazyk, 2026<\/a><\/div>\n\n\n\n<div class=\"wp-block-file\"><a id=\"wp-block-file--media-92746c61-d0c9-45a3-8dc8-1b7e719cc114\" href=\"https:\/\/spsow.cz\/wp-content\/uploads\/2025\/10\/Maturitni-temata-GD-DVK-2026.pdf\" target=\"_blank\" rel=\"noreferrer noopener\">D\u011bjiny v\u00fdtvarn\u00e9 kultury, 2026<\/a><\/div>\n\n\n\n<div class=\"wp-block-file\"><a id=\"wp-block-file--media-fa96cd8b-2d5d-4a6c-9f70-05cdb3af718f\" href=\"https:\/\/spsow.cz\/wp-content\/uploads\/2025\/10\/Maturitni-temata-GD-OP-2026.pdf\" target=\"_blank\" rel=\"noreferrer noopener\">Odborn\u00e9 p\u0159edm\u011bty, 2026<\/a><\/div>\n\n\n\n<h4 class=\"wp-block-heading\">Model\u00e1\u0159stv\u00ed a n\u00e1vrh\u00e1\u0159stv\u00ed od\u011bv\u016f<\/h4>\n\n\n\n<div class=\"wp-block-file\"><a id=\"wp-block-file--media-7a15f891-ed83-483a-90d5-500a98d6e0e2\" href=\"https:\/\/spsow.cz\/wp-content\/uploads\/2025\/10\/MATURITNI-TEMATA-Z-AJ-2025-2026-1.pdf\" target=\"_blank\" rel=\"noreferrer noopener\">Anglick\u00fd jazyk, 2026<\/a><\/div>\n\n\n\n<div class=\"wp-block-file\"><a id=\"wp-block-file--media-5cabe3b5-fff1-49af-a9a9-94d014cd2928\" href=\"https:\/\/spsow.cz\/wp-content\/uploads\/2025\/10\/MATURITNI-TEMATA-Z-DVK-2025-2026.pdf\" target=\"_blank\" rel=\"noreferrer noopener\">D\u011bjiny v\u00fdtvarn\u00e9 kultury, 2026<\/a><\/div>\n\n\n\n<div class=\"wp-block-file\"><a id=\"wp-block-file--media-9ce308a7-cdff-4898-a055-20d27785cb30\" href=\"https:\/\/spsow.cz\/wp-content\/uploads\/2025\/10\/MATURITNI-TEMATA-Z-KO-2025-2026.pdf\" target=\"_blank\" rel=\"noreferrer noopener\">Konstrukce a modelov\u00e1n\u00ed od\u011bv\u016f, 2026<\/a><\/div>\n\n\n\n<div class=\"wp-block-file\"><a id=\"wp-block-file--media-205b3f46-1b83-41fd-af6d-ed1b8d411c18\" href=\"https:\/\/spsow.cz\/wp-content\/uploads\/2025\/10\/MATURITNI-TEMATA-Z-To-2025-2026.pdf\" target=\"_blank\" rel=\"noreferrer noopener\">Od\u011bvn\u00ed technologie, 2026<\/a><\/div>\n\n\n\n<h4 class=\"wp-block-heading\">Podnik\u00e1n\u00ed  <\/h4>\n\n\n\n<div class=\"wp-block-file\"><a id=\"wp-block-file--media-f8d0b788-b9b0-4ced-b49d-c1f591b3dffe\" href=\"https:\/\/spsow.cz\/wp-content\/uploads\/2025\/10\/MATURITNI-TEMATA-Z-AJ-2025-2026-pro-2.N.pdf\" target=\"_blank\" rel=\"noreferrer noopener\">Anglick\u00fd jazyk, 2026<\/a><\/div>\n\n\n\n<div class=\"wp-block-file\"><a id=\"wp-block-file--media-3eb539fa-e457-46f9-8688-c5222729ec6c\" href=\"https:\/\/spsow.cz\/wp-content\/uploads\/2025\/10\/MATURITNI-TEMATA-Z-EK-2025-2026-pro-2.N.pdf\" target=\"_blank\" rel=\"noreferrer noopener\">Ekonomika, 2026<\/a><\/div>\n\n\n\n<div class=\"wp-block-file\"><a id=\"wp-block-file--media-39ac07a6-8814-496c-ad1d-837c9d7686e2\" href=\"https:\/\/spsow.cz\/wp-content\/uploads\/2025\/10\/MATURITNI-TEMATA-Z-IT-2025-2026-pro-2.N.pdf\" target=\"_blank\" rel=\"noreferrer noopener\">Informa\u010dn\u00ed technologie, 2026<\/a><\/div>\n\n\n\n<div class=\"wp-block-file\"><a id=\"wp-block-file--media-377cf8ac-7256-4cd8-a1f1-6bc2090c6045\" href=\"https:\/\/spsow.cz\/wp-content\/uploads\/2025\/10\/MATURITNI-TEMATA-Z-Uc-2025-2026-pro-2.N.pdf\" target=\"_blank\" rel=\"noreferrer noopener\">\u00da\u010detnictv\u00ed, 2026<\/a><\/div>\n\n\n\n<h4 class=\"wp-block-heading\">Reproduk\u010dn\u00ed grafik pro m\u00e9dia<\/h4>\n\n\n\n<div class=\"wp-block-file\"><a id=\"wp-block-file--media-f530c864-7821-4cd0-8490-863997829ff5\" href=\"https:\/\/spsow.cz\/wp-content\/uploads\/2025\/10\/Maturitni-temata-RG-AJ-2026.pdf\" target=\"_blank\" rel=\"noreferrer noopener\">Anglick\u00fd jazyk, 2026<\/a><\/div>\n\n\n\n<div class=\"wp-block-file\"><a id=\"wp-block-file--media-3c8bee82-f726-4bed-b87d-1314f80ceed1\" href=\"https:\/\/spsow.cz\/wp-content\/uploads\/2025\/10\/Maturitni-temata-RG-OP-2026.pdf\" target=\"_blank\" rel=\"noreferrer noopener\">Odborn\u00e9 p\u0159edm\u011bty, 2026<\/a><\/div>\n\n\n\n<h4 class=\"wp-block-heading\">Tiska\u0159 na polygrafick\u00fdch stroj\u00edch<\/h4>\n\n\n\n<div class=\"wp-block-file\"><a id=\"wp-block-file--media-ab6228b4-3a3f-4394-85f9-6ddd8d3c37ab\" href=\"https:\/\/spsow.cz\/wp-content\/uploads\/2025\/10\/Maturitni-temata-Ti-AJ-2026.pdf\">Anglick\u00fd jazyk, 2026<\/a><\/div>\n\n\n\n<div class=\"wp-block-file\"><a id=\"wp-block-file--media-fc8e6410-9384-4411-9614-1ac09d033c4f\" href=\"https:\/\/spsow.cz\/wp-content\/uploads\/2025\/10\/Maturitni-temata-TI-OP-2026.pdf\">Odborn\u00e9 p\u0159edm\u011bty, 2026<\/a><\/div>","protected":false},"excerpt":{"rendered":"<p>Grafick\u00fd design Model\u00e1\u0159stv\u00ed a n\u00e1vrh\u00e1\u0159stv\u00ed od\u011bv\u016f Podnik\u00e1n\u00ed Reproduk\u010dn\u00ed grafik pro m\u00e9dia Tiska\u0159 na polygrafick\u00fdch stroj\u00edch<\/p>","protected":false},"author":1,"featured_media":0,"parent":0,"menu_order":0,"comment_status":"closed","ping_status":"closed","template":"","meta":{"footnotes":""},"class_list":["post-348","page","type-page","status-publish","hentry"],"_links":{"self":[{"href":"https:\/\/spsow.cz\/en\/wp-json\/wp\/v2\/pages\/348","targetHints":{"allow":["GET"]}}],"collection":[{"href":"https:\/\/spsow.cz\/en\/wp-json\/wp\/v2\/pages"}],"about":[{"href":"https:\/\/spsow.cz\/en\/wp-json\/wp\/v2\/types\/page"}],"author":[{"embeddable":true,"href":"https:\/\/spsow.cz\/en\/wp-json\/wp\/v2\/users\/1"}],"replies":[{"embeddable":true,"href":"https:\/\/spsow.cz\/en\/wp-json\/wp\/v2\/comments?post=348"}],"version-history":[{"count":19,"href":"https:\/\/spsow.cz\/en\/wp-json\/wp\/v2\/pages\/348\/revisions"}],"predecessor-version":[{"id":12865,"href":"https:\/\/spsow.cz\/en\/wp-json\/wp\/v2\/pages\/348\/revisions\/12865"}],"wp:attachment":[{"href":"https:\/\/spsow.cz\/en\/wp-json\/wp\/v2\/media?parent=348"}],"curies":[{"name":"wp","href":"https:\/\/api.w.org\/{rel}","templated":true}]}}