{"id":346,"date":"2023-02-17T14:42:01","date_gmt":"2023-02-17T13:42:01","guid":{"rendered":"http:\/\/192.168.1.208\/wordpress\/?page_id=346"},"modified":"2025-10-29T09:10:16","modified_gmt":"2025-10-29T08:10:16","slug":"maturitni-predmety-vp","status":"publish","type":"page","link":"https:\/\/spsow.cz\/en\/maturitni-predmety-vp\/","title":{"rendered":"Maturitn\u00ed p\u0159edm\u011bty &#8211; Velk\u00e9 Po\u0159\u00ed\u010d\u00ed"},"content":{"rendered":"<div class=\"wp-block-file\"><a id=\"wp-block-file--media-fb7c0d80-fce3-42c8-99e0-eea6d91e58ae\" href=\"https:\/\/spsow.cz\/wp-content\/uploads\/2025\/10\/Matur.-predmety-GD-2026.pdf\" target=\"_blank\" rel=\"noreferrer noopener\">Grafick\u00fd design, 2026<\/a><\/div>\n\n\n\n<div class=\"wp-block-file\"><a id=\"wp-block-file--media-a1c78f32-bd34-4f81-9749-7bbb32ca1c20\" href=\"https:\/\/spsow.cz\/wp-content\/uploads\/2025\/10\/Maturitni-predmety-podle-studovaneho-oboru-25-26.pdf\" target=\"_blank\" rel=\"noreferrer noopener\">Model\u00e1\u0159stv\u00ed a n\u00e1vrh\u00e1\u0159stv\u00ed od\u011bv\u016f, Podnik\u00e1n\u00ed, 2026<\/a><\/div>\n\n\n\n<div class=\"wp-block-file\"><a id=\"wp-block-file--media-db25fd42-8b41-4404-a8eb-8f0588897299\" href=\"https:\/\/spsow.cz\/wp-content\/uploads\/2025\/10\/Matur.-predmety-RG-2026.pdf\" target=\"_blank\" rel=\"noreferrer noopener\">Reproduk\u010dn\u00ed grafik, 2026<\/a><\/div>\n\n\n\n<div class=\"wp-block-file\"><a id=\"wp-block-file--media-89a8286a-d923-4093-9352-54e920ab8852\" href=\"https:\/\/spsow.cz\/wp-content\/uploads\/2025\/10\/Matur.-predmety-Ti-2026.pdf\" target=\"_blank\" rel=\"noreferrer noopener\">Tiska\u0159 na polygrafick\u00fdch stroj\u00edch, 2026<\/a><\/div>","protected":false},"excerpt":{"rendered":"","protected":false},"author":1,"featured_media":0,"parent":0,"menu_order":0,"comment_status":"closed","ping_status":"closed","template":"","meta":{"footnotes":""},"class_list":["post-346","page","type-page","status-publish","hentry"],"_links":{"self":[{"href":"https:\/\/spsow.cz\/en\/wp-json\/wp\/v2\/pages\/346","targetHints":{"allow":["GET"]}}],"collection":[{"href":"https:\/\/spsow.cz\/en\/wp-json\/wp\/v2\/pages"}],"about":[{"href":"https:\/\/spsow.cz\/en\/wp-json\/wp\/v2\/types\/page"}],"author":[{"embeddable":true,"href":"https:\/\/spsow.cz\/en\/wp-json\/wp\/v2\/users\/1"}],"replies":[{"embeddable":true,"href":"https:\/\/spsow.cz\/en\/wp-json\/wp\/v2\/comments?post=346"}],"version-history":[{"count":11,"href":"https:\/\/spsow.cz\/en\/wp-json\/wp\/v2\/pages\/346\/revisions"}],"predecessor-version":[{"id":12847,"href":"https:\/\/spsow.cz\/en\/wp-json\/wp\/v2\/pages\/346\/revisions\/12847"}],"wp:attachment":[{"href":"https:\/\/spsow.cz\/en\/wp-json\/wp\/v2\/media?parent=346"}],"curies":[{"name":"wp","href":"https:\/\/api.w.org\/{rel}","templated":true}]}}