{"id":343,"date":"2023-02-17T14:27:32","date_gmt":"2023-02-17T13:27:32","guid":{"rendered":"http:\/\/192.168.1.208\/wordpress\/?page_id=343"},"modified":"2025-10-29T09:05:05","modified_gmt":"2025-10-29T08:05:05","slug":"maturitni-zkousky-terminy-vp","status":"publish","type":"page","link":"https:\/\/spsow.cz\/en\/maturitni-zkousky-terminy-vp\/","title":{"rendered":"Maturitn\u00ed zkou\u0161ky, term\u00edny, Velk\u00e9 Po\u0159\u00ed\u010d\u00ed"},"content":{"rendered":"<p class=\"has-medium-font-size\"><strong>obory: Model\u00e1\u0159stv\u00ed a n\u00e1vrh\u00e1\u0159stv\u00ed od\u011bv\u016f, Podnik\u00e1n\u00ed<\/strong><\/p>\n\n\n\n<div class=\"wp-block-file\"><a id=\"wp-block-file--media-0c800d06-559c-4d2b-b301-9ed422a647cd\" href=\"https:\/\/spsow.cz\/wp-content\/uploads\/2025\/10\/Maturitni-zkousky-2025-26.pdf\" target=\"_blank\" rel=\"noreferrer noopener\">Term\u00edny 2026<\/a><\/div>\n\n\n\n<div style=\"height:44px\" aria-hidden=\"true\" class=\"wp-block-spacer\"><\/div>\n\n\n\n<p class=\"has-medium-font-size\"><strong>obory: Grafick\u00fd design, Reproduk\u010dn\u00ed grafik, Tiska\u0159 na polygrafick\u00fdch stroj\u00edch<\/strong><\/p>\n\n\n\n<div class=\"wp-block-file\"><a id=\"wp-block-file--media-91e9f5ce-e767-45ef-b673-6dcbbc91267a\" href=\"https:\/\/spsow.cz\/wp-content\/uploads\/2025\/10\/VP-terminy-MZ-2026.pdf\" target=\"_blank\" rel=\"noreferrer noopener\">Term\u00edny 2026<\/a><\/div>","protected":false},"excerpt":{"rendered":"<p>obory: Model\u00e1\u0159stv\u00ed a n\u00e1vrh\u00e1\u0159stv\u00ed od\u011bv\u016f, Podnik\u00e1n\u00ed obory: Grafick\u00fd design, Reproduk\u010dn\u00ed grafik, Tiska\u0159 na polygrafick\u00fdch stroj\u00edch<\/p>","protected":false},"author":1,"featured_media":0,"parent":0,"menu_order":0,"comment_status":"closed","ping_status":"closed","template":"","meta":{"footnotes":""},"class_list":["post-343","page","type-page","status-publish","hentry"],"_links":{"self":[{"href":"https:\/\/spsow.cz\/en\/wp-json\/wp\/v2\/pages\/343","targetHints":{"allow":["GET"]}}],"collection":[{"href":"https:\/\/spsow.cz\/en\/wp-json\/wp\/v2\/pages"}],"about":[{"href":"https:\/\/spsow.cz\/en\/wp-json\/wp\/v2\/types\/page"}],"author":[{"embeddable":true,"href":"https:\/\/spsow.cz\/en\/wp-json\/wp\/v2\/users\/1"}],"replies":[{"embeddable":true,"href":"https:\/\/spsow.cz\/en\/wp-json\/wp\/v2\/comments?post=343"}],"version-history":[{"count":29,"href":"https:\/\/spsow.cz\/en\/wp-json\/wp\/v2\/pages\/343\/revisions"}],"predecessor-version":[{"id":12839,"href":"https:\/\/spsow.cz\/en\/wp-json\/wp\/v2\/pages\/343\/revisions\/12839"}],"wp:attachment":[{"href":"https:\/\/spsow.cz\/en\/wp-json\/wp\/v2\/media?parent=343"}],"curies":[{"name":"wp","href":"https:\/\/api.w.org\/{rel}","templated":true}]}}