{"id":333,"date":"2023-02-17T13:32:35","date_gmt":"2023-02-17T12:32:35","guid":{"rendered":"http:\/\/192.168.1.208\/wordpress\/?page_id=333"},"modified":"2026-04-17T12:07:24","modified_gmt":"2026-04-17T10:07:24","slug":"domov-mladeze-vp","status":"publish","type":"page","link":"https:\/\/spsow.cz\/en\/domov-mladeze-vp\/","title":{"rendered":"Domov ml\u00e1de\u017ee &#8211; VP"},"content":{"rendered":"<p class=\"has-medium-font-size\">Pot\u0159ebujete zajistit ubytov\u00e1n\u00ed? Pak vyu\u017eijte n\u00e1\u0161 domov ml\u00e1de\u017ee ve Velk\u00e9m Po\u0159\u00ed\u010d\u00ed. Jedn\u00e1 se <br>o ubytov\u00e1n\u00ed p\u0159\u00edmo v are\u00e1lu po\u0159\u00ed\u010dsk\u00e9 \u0161koly, v bezprost\u0159edn\u00ed bl\u00edzkosti vlakov\u00e9 i autobusov\u00e9 zast\u00e1vky. <br>Cel\u00e1 budova pro\u0161la v roce 2021 kompletn\u00ed rekonstrukc\u00ed.<\/p>\n\n\n\n<p class=\"has-medium-font-size\" style=\"font-style:normal;font-weight:700\">Aktu\u00e1ln\u011b p\u0159ipravujeme nov\u00e1 krit\u00e9ria p\u0159ijet\u00ed pro \u0161koln\u00ed rok 2026\/27.<\/p>\n\n\n\n<div class=\"wp-block-file\"><a id=\"wp-block-file--media-0f244200-10c6-4bc2-9c81-846a31052dd2\" href=\"https:\/\/spsow.cz\/wp-content\/uploads\/2026\/04\/Vnitrni-rad-DM.pdf\" target=\"_blank\" rel=\"noreferrer noopener\">Vnit\u0159n\u00ed \u0159\u00e1d DM<\/a><\/div>\n\n\n\n<div class=\"wp-block-file\"><a id=\"wp-block-file--media-f846d33d-ca23-4353-90b9-5f68fcdd263d\" href=\"https:\/\/spsow.cz\/wp-content\/uploads\/2025\/07\/Prohlaseni-rodicu-DM.pdf\" target=\"_blank\" rel=\"noreferrer noopener\">Prohl\u00e1\u0161en\u00ed rodi\u010d\u016f<\/a><\/div>\n\n\n\n<h6 class=\"wp-block-heading has-medium-font-size\">Adresa<\/h6>\n\n\n\n<ul class=\"wp-block-list has-medium-font-size\">\n<li>Krausova 215, 549&nbsp;32 Velk\u00e9 Po\u0159\u00ed\u010d\u00ed<\/li>\n<\/ul>\n\n\n\n<h6 class=\"wp-block-heading has-medium-font-size\">Kontakt<\/h6>\n\n\n\n<ul class=\"wp-block-list has-medium-font-size\">\n<li><strong>informace:<\/strong> tel: 739&nbsp;615&nbsp;799, e-mail: lepsovam@spsow.cz<\/li>\n\n\n\n<li><strong>p\u0159ihl\u00e1\u0161ky pos\u00edlejte DOPORU\u010cEN\u011a na adresu: Hostovsk\u00e9ho 910, 549 31 Hronov<\/strong> nebo osobn\u011b pod\u00e1vejte v podateln\u011b \u0161koly v Hronov\u011b.<\/li>\n\n\n\n<li>vedouc\u00ed domova ml\u00e1de\u017ee: Bc. Miloslava Lep\u0161ov\u00e1<\/li>\n\n\n\n<li>vychovatel: Marcel Strat\u00edlek<\/li>\n\n\n\n<li>vychovatelka: So\u0148a \u0160af\u00e1\u0159ov\u00e1, tel.:&nbsp;777&nbsp;172&nbsp;203&nbsp;<\/li>\n\n\n\n<li>vychovatelka: Julie Rumlerov\u00e1<\/li>\n<\/ul>\n\n\n\n<h6 class=\"wp-block-heading has-medium-font-size\">Ubytovac\u00ed kapacita<\/h6>\n\n\n\n<ul class=\"wp-block-list has-medium-font-size\">\n<li>100 l\u016f\u017eek<\/li>\n<\/ul>\n\n\n\n<h6 class=\"wp-block-heading has-medium-font-size\">Ubytov\u00e1n\u00ed<\/h6>\n\n\n\n<p class=\"has-medium-font-size\">2 l\u016f\u017ekov\u00e9 a 3 l\u016f\u017ekov\u00e9 pokoje se spole\u010dn\u00fdm soci\u00e1ln\u00edm za\u0159\u00edzen\u00edm na ka\u017ed\u00e9m podla\u017e\u00ed<\/p>\n\n\n\n<p class=\"has-medium-font-size\">vybaven\u00ed pokoj\u016f: postel s&nbsp;\u00falo\u017en\u00fdm prostorem, antialergick\u00e1 deka a pol\u0161t\u00e1\u0159, st\u016fl s&nbsp;polic\u00ed, \u017eidle, potravinov\u00e1 sk\u0159\u00ed\u0148ka, uzamykateln\u00e1 \u0161atn\u00ed sk\u0159\u00ed\u0148<\/p>\n\n\n\n<h6 class=\"wp-block-heading has-medium-font-size\">Vybaven\u00ed DM<\/h6>\n\n\n\n<ul class=\"wp-block-list has-medium-font-size\">\n<li>\u010dajov\u00e9 kuchy\u0148ky (rychlovarn\u00e1 konvice, mikrovlnn\u00e1 trouba, lednice), mo\u017enost vyu\u017eit\u00ed pra\u010dky, \u017eehli\u010dky<\/li>\n\n\n\n<li>\u0161koln\u00ed sportovn\u00ed hala<\/li>\n\n\n\n<li>\u0161koln\u00ed fitness centrum<\/li>\n\n\n\n<li>WiFi p\u0159ipojen\u00ed<\/li>\n\n\n\n<li>spole\u010densk\u00e1 m\u00edstnost (TV, SAT)<\/li>\n<\/ul>\n\n\n\n<h6 class=\"wp-block-heading has-medium-font-size\">Strava<\/h6>\n\n\n\n<ul class=\"wp-block-list has-medium-font-size\">\n<li>mo\u017enost celodenn\u00ed stravy<\/li>\n\n\n\n<li>\u0161koln\u00ed j\u00eddelna s&nbsp;v\u00fddejnou<\/li>\n\n\n\n<li>sn\u00eddan\u011b 26,-, ob\u011bd 41,-, ve\u010de\u0159e 37,-<\/li>\n<\/ul>\n\n\n\n<h6 class=\"wp-block-heading has-medium-font-size\">Voln\u00fd \u010das<\/h6>\n\n\n\n<ul class=\"wp-block-list has-medium-font-size\">\n<li>kulturn\u00ed a sportovn\u00ed vy\u017eit\u00ed dle aktu\u00e1ln\u00edho z\u00e1jmu student\u016f<\/li>\n<\/ul>\n\n\n\n<h6 class=\"wp-block-heading has-medium-font-size\">Poplatek za ubytov\u00e1n\u00ed<\/h6>\n\n\n\n<ul class=\"wp-block-list has-medium-font-size\">\n<li>pokoje bez chladni\u010dky 1 300 K\u010d\/os\/m\u011bs\u00edc, pokoje s chladni\u010dkou 1 400 K\u010d\/os\/m\u011bs\u00edc<\/li>\n<\/ul>\n\n\n\n<h6 class=\"wp-block-heading has-medium-font-size\">Hromadn\u00e1 doprava<\/h6>\n\n\n\n<ul class=\"wp-block-list has-medium-font-size\">\n<li>vlakov\u00e1 zast\u00e1vka 50 m<\/li>\n\n\n\n<li>autobusov\u00e1 zast\u00e1vka 150 m<\/li>\n\n\n\n<li>vzd\u00e1lenost od hronovsk\u00e9 \u0161koly 1,4 km<\/li>\n<\/ul>\n\n\n\n<figure class=\"wp-block-gallery has-nested-images columns-default is-cropped wp-block-gallery-1 is-layout-flex wp-block-gallery-is-layout-flex\">\n<figure class=\"wp-block-image size-large\"><a href=\"https:\/\/spsow.cz\/wp-content\/uploads\/2023\/03\/IMG_9684-1-scaled.jpg\"><img loading=\"lazy\" decoding=\"async\" width=\"1024\" height=\"683\" data-id=\"478\" src=\"https:\/\/spsow.cz\/wp-content\/uploads\/2023\/03\/IMG_9684-1-1024x683.jpg\" alt=\"\" class=\"wp-image-478\" srcset=\"https:\/\/spsow.cz\/wp-content\/uploads\/2023\/03\/IMG_9684-1-1024x683.jpg 1024w, https:\/\/spsow.cz\/wp-content\/uploads\/2023\/03\/IMG_9684-1-300x200.jpg 300w, https:\/\/spsow.cz\/wp-content\/uploads\/2023\/03\/IMG_9684-1-768x512.jpg 768w, https:\/\/spsow.cz\/wp-content\/uploads\/2023\/03\/IMG_9684-1-1536x1024.jpg 1536w, https:\/\/spsow.cz\/wp-content\/uploads\/2023\/03\/IMG_9684-1-2048x1365.jpg 2048w, https:\/\/spsow.cz\/wp-content\/uploads\/2023\/03\/IMG_9684-1-360x240.jpg 360w\" sizes=\"auto, (max-width: 1024px) 100vw, 1024px\" \/><\/a><\/figure>\n\n\n\n<figure class=\"wp-block-image size-large\"><a href=\"https:\/\/spsow.cz\/wp-content\/uploads\/2023\/03\/20220715_093546-2-scaled.jpg\"><img loading=\"lazy\" decoding=\"async\" width=\"1024\" height=\"768\" data-id=\"491\" src=\"https:\/\/spsow.cz\/wp-content\/uploads\/2023\/03\/20220715_093546-2-1024x768.jpg\" alt=\"\" class=\"wp-image-491\" srcset=\"https:\/\/spsow.cz\/wp-content\/uploads\/2023\/03\/20220715_093546-2-1024x768.jpg 1024w, https:\/\/spsow.cz\/wp-content\/uploads\/2023\/03\/20220715_093546-2-300x225.jpg 300w, https:\/\/spsow.cz\/wp-content\/uploads\/2023\/03\/20220715_093546-2-768x576.jpg 768w, https:\/\/spsow.cz\/wp-content\/uploads\/2023\/03\/20220715_093546-2-1536x1152.jpg 1536w, https:\/\/spsow.cz\/wp-content\/uploads\/2023\/03\/20220715_093546-2-2048x1536.jpg 2048w\" sizes=\"auto, (max-width: 1024px) 100vw, 1024px\" \/><\/a><\/figure>\n\n\n\n<figure class=\"wp-block-image size-large\"><a href=\"https:\/\/spsow.cz\/wp-content\/uploads\/2023\/03\/1V6A3039-scaled.jpg\"><img loading=\"lazy\" decoding=\"async\" width=\"1024\" height=\"683\" data-id=\"488\" src=\"https:\/\/spsow.cz\/wp-content\/uploads\/2023\/03\/1V6A3039-1024x683.jpg\" alt=\"\" class=\"wp-image-488\" srcset=\"https:\/\/spsow.cz\/wp-content\/uploads\/2023\/03\/1V6A3039-1024x683.jpg 1024w, https:\/\/spsow.cz\/wp-content\/uploads\/2023\/03\/1V6A3039-300x200.jpg 300w, https:\/\/spsow.cz\/wp-content\/uploads\/2023\/03\/1V6A3039-768x512.jpg 768w, https:\/\/spsow.cz\/wp-content\/uploads\/2023\/03\/1V6A3039-1536x1024.jpg 1536w, https:\/\/spsow.cz\/wp-content\/uploads\/2023\/03\/1V6A3039-2048x1365.jpg 2048w, https:\/\/spsow.cz\/wp-content\/uploads\/2023\/03\/1V6A3039-360x240.jpg 360w\" sizes=\"auto, (max-width: 1024px) 100vw, 1024px\" \/><\/a><\/figure>\n\n\n\n<figure class=\"wp-block-image size-large\"><a href=\"https:\/\/spsow.cz\/wp-content\/uploads\/2023\/03\/IMG_9743-scaled.jpg\"><img loading=\"lazy\" decoding=\"async\" width=\"1024\" height=\"683\" data-id=\"479\" src=\"https:\/\/spsow.cz\/wp-content\/uploads\/2023\/03\/IMG_9743-1024x683.jpg\" alt=\"\" class=\"wp-image-479\" srcset=\"https:\/\/spsow.cz\/wp-content\/uploads\/2023\/03\/IMG_9743-1024x683.jpg 1024w, https:\/\/spsow.cz\/wp-content\/uploads\/2023\/03\/IMG_9743-300x200.jpg 300w, https:\/\/spsow.cz\/wp-content\/uploads\/2023\/03\/IMG_9743-768x512.jpg 768w, https:\/\/spsow.cz\/wp-content\/uploads\/2023\/03\/IMG_9743-1536x1024.jpg 1536w, https:\/\/spsow.cz\/wp-content\/uploads\/2023\/03\/IMG_9743-2048x1365.jpg 2048w, https:\/\/spsow.cz\/wp-content\/uploads\/2023\/03\/IMG_9743-360x240.jpg 360w\" sizes=\"auto, (max-width: 1024px) 100vw, 1024px\" \/><\/a><\/figure>\n\n\n\n<figure class=\"wp-block-image size-large\"><a href=\"https:\/\/spsow.cz\/wp-content\/uploads\/2023\/03\/1V6A3020-scaled.jpg\"><img loading=\"lazy\" decoding=\"async\" width=\"1024\" height=\"683\" data-id=\"480\" src=\"https:\/\/spsow.cz\/wp-content\/uploads\/2023\/03\/1V6A3020-1024x683.jpg\" alt=\"\" class=\"wp-image-480\" srcset=\"https:\/\/spsow.cz\/wp-content\/uploads\/2023\/03\/1V6A3020-1024x683.jpg 1024w, https:\/\/spsow.cz\/wp-content\/uploads\/2023\/03\/1V6A3020-300x200.jpg 300w, https:\/\/spsow.cz\/wp-content\/uploads\/2023\/03\/1V6A3020-768x512.jpg 768w, https:\/\/spsow.cz\/wp-content\/uploads\/2023\/03\/1V6A3020-1536x1024.jpg 1536w, https:\/\/spsow.cz\/wp-content\/uploads\/2023\/03\/1V6A3020-2048x1365.jpg 2048w, https:\/\/spsow.cz\/wp-content\/uploads\/2023\/03\/1V6A3020-360x240.jpg 360w\" sizes=\"auto, (max-width: 1024px) 100vw, 1024px\" \/><\/a><\/figure>\n\n\n\n<figure class=\"wp-block-image size-large\"><a href=\"https:\/\/spsow.cz\/wp-content\/uploads\/2023\/03\/052A2101-scaled.jpg\"><img loading=\"lazy\" decoding=\"async\" width=\"1024\" height=\"683\" data-id=\"485\" src=\"https:\/\/spsow.cz\/wp-content\/uploads\/2023\/03\/052A2101-1024x683.jpg\" alt=\"\" class=\"wp-image-485\" srcset=\"https:\/\/spsow.cz\/wp-content\/uploads\/2023\/03\/052A2101-1024x683.jpg 1024w, https:\/\/spsow.cz\/wp-content\/uploads\/2023\/03\/052A2101-300x200.jpg 300w, https:\/\/spsow.cz\/wp-content\/uploads\/2023\/03\/052A2101-768x512.jpg 768w, https:\/\/spsow.cz\/wp-content\/uploads\/2023\/03\/052A2101-1536x1024.jpg 1536w, https:\/\/spsow.cz\/wp-content\/uploads\/2023\/03\/052A2101-2048x1365.jpg 2048w, https:\/\/spsow.cz\/wp-content\/uploads\/2023\/03\/052A2101-360x240.jpg 360w\" sizes=\"auto, (max-width: 1024px) 100vw, 1024px\" \/><\/a><\/figure>\n<\/figure>","protected":false},"excerpt":{"rendered":"<p>Pot\u0159ebujete zajistit ubytov\u00e1n\u00ed? Pak vyu\u017eijte n\u00e1\u0161 domov ml\u00e1de\u017ee ve Velk\u00e9m Po\u0159\u00ed\u010d\u00ed. Jedn\u00e1 se o ubytov\u00e1n\u00ed p\u0159\u00edmo v are\u00e1lu po\u0159\u00ed\u010dsk\u00e9 \u0161koly, v bezprost\u0159edn\u00ed bl\u00edzkosti vlakov\u00e9 i autobusov\u00e9 zast\u00e1vky. Cel\u00e1 budova pro\u0161la v roce 2021 kompletn\u00ed rekonstrukc\u00ed. Aktu\u00e1ln\u011b p\u0159ipravujeme nov\u00e1 krit\u00e9ria p\u0159ijet\u00ed pro \u0161koln\u00ed rok 2026\/27. Adresa Kontakt Ubytovac\u00ed kapacita Ubytov\u00e1n\u00ed 2 [&hellip;]<\/p>\n","protected":false},"author":1,"featured_media":0,"parent":0,"menu_order":0,"comment_status":"closed","ping_status":"closed","template":"","meta":{"footnotes":""},"class_list":["post-333","page","type-page","status-publish","hentry"],"_links":{"self":[{"href":"https:\/\/spsow.cz\/en\/wp-json\/wp\/v2\/pages\/333","targetHints":{"allow":["GET"]}}],"collection":[{"href":"https:\/\/spsow.cz\/en\/wp-json\/wp\/v2\/pages"}],"about":[{"href":"https:\/\/spsow.cz\/en\/wp-json\/wp\/v2\/types\/page"}],"author":[{"embeddable":true,"href":"https:\/\/spsow.cz\/en\/wp-json\/wp\/v2\/users\/1"}],"replies":[{"embeddable":true,"href":"https:\/\/spsow.cz\/en\/wp-json\/wp\/v2\/comments?post=333"}],"version-history":[{"count":63,"href":"https:\/\/spsow.cz\/en\/wp-json\/wp\/v2\/pages\/333\/revisions"}],"predecessor-version":[{"id":15329,"href":"https:\/\/spsow.cz\/en\/wp-json\/wp\/v2\/pages\/333\/revisions\/15329"}],"wp:attachment":[{"href":"https:\/\/spsow.cz\/en\/wp-json\/wp\/v2\/media?parent=333"}],"curies":[{"name":"wp","href":"https:\/\/api.w.org\/{rel}","templated":true}]}}