{"id":328,"date":"2023-02-17T13:27:19","date_gmt":"2023-02-17T12:27:19","guid":{"rendered":"http:\/\/192.168.1.208\/wordpress\/?page_id=328"},"modified":"2025-10-29T09:38:29","modified_gmt":"2025-10-29T08:38:29","slug":"dokumenty-vp","status":"publish","type":"page","link":"https:\/\/spsow.cz\/en\/dokumenty-vp\/","title":{"rendered":"Dokumenty (v\u010d. ISIC), Velk\u00e9 Po\u0159\u00ed\u010d\u00ed"},"content":{"rendered":"<p class=\"has-medium-font-size\"><strong>ISIC karta<\/strong><\/p>\n\n\n\n<div class=\"wp-block-file\"><a id=\"wp-block-file--media-80ef160d-d649-4e15-9c8e-a065781ae3b4\" href=\"https:\/\/spsow.cz\/wp-content\/uploads\/2024\/11\/ISIC-info-1.pdf\" target=\"_blank\" rel=\"noreferrer noopener\">Jak si za\u0159\u00eddit kartu<\/a><\/div>\n\n\n\n<div class=\"wp-block-file\"><a id=\"wp-block-file--media-65c36932-56d5-4027-8102-d4ba95b12a3b\" href=\"https:\/\/spsow.cz\/wp-content\/uploads\/2023\/03\/Zadost-o-kartu-ISIC-1.pdf\" target=\"_blank\" rel=\"noreferrer noopener\">\u017d\u00e1dost o kartu ISIC<\/a><\/div>\n\n\n\n<div class=\"wp-block-file\"><a id=\"wp-block-file--media-12496179-9f4c-40b2-bbf4-6aa818672c18\" href=\"https:\/\/spsow.cz\/wp-content\/uploads\/2023\/03\/plakat-5-duvodu-proc-mit-isic-1.pdf\" target=\"_blank\" rel=\"noreferrer noopener\">5 d\u016fvod\u016f pro\u010d m\u00edt ISIC<\/a><\/div>\n\n\n\n<p><\/p>\n\n\n\n<div class=\"wp-block-columns has-medium-font-size is-layout-flex wp-container-core-columns-is-layout-9d6595d7 wp-block-columns-is-layout-flex\">\n<div class=\"wp-block-column is-layout-flow wp-block-column-is-layout-flow\">\n<p><strong>Formul\u00e1\u0159e &#8211; nezletil\u00ed \u017e\u00e1ci<\/strong><\/p>\n\n\n\n<div class=\"wp-block-file\"><a id=\"wp-block-file--media-fcfb0768-2368-4016-8f08-f30a1b782a6d\" href=\"https:\/\/spsow.cz\/wp-content\/uploads\/2025\/07\/Oznameni-o-zanechani-vzdelavani-1.pdf\" target=\"_blank\" rel=\"noreferrer noopener\">Ozn\u00e1men\u00ed o zanech\u00e1n\u00ed vzd\u011bl\u00e1v\u00e1n\u00ed<\/a><\/div>\n\n\n\n<div class=\"wp-block-file\"><a id=\"wp-block-file--media-ae4bb7d3-e393-4efa-8311-34329dd5529a\" href=\"https:\/\/spsow.cz\/wp-content\/uploads\/2025\/07\/Zadost-o-opakovani-rocniku-1.pdf\" target=\"_blank\" rel=\"noreferrer noopener\">\u017d\u00e1dost o opakov\u00e1n\u00ed ro\u010dn\u00edku<\/a><\/div>\n\n\n\n<div class=\"wp-block-file\"><a id=\"wp-block-file--media-10fb236a-1f01-4d95-a187-262c3a20afee\" href=\"https:\/\/spsow.cz\/wp-content\/uploads\/2025\/07\/Zadost-o-povoleni-individualniho-vzdelavaciho-planu-1.pdf\" target=\"_blank\" rel=\"noreferrer noopener\">\u017d\u00e1dost o povolen\u00ed individu\u00e1ln\u00edho vzd\u011bl\u00e1vac\u00edho pl\u00e1nu<\/a><\/div>\n\n\n\n<div class=\"wp-block-file\"><a id=\"wp-block-file--media-37019832-c5f1-4c1d-996d-33468430721e\" href=\"https:\/\/spsow.cz\/wp-content\/uploads\/2025\/07\/Zadost-o-uvolneni-z-vyuky-1.pdf\" target=\"_blank\" rel=\"noreferrer noopener\">\u017d\u00e1dost o uvoln\u011bn\u00ed z v\u00fduky<\/a><\/div>\n\n\n\n<div class=\"wp-block-file\"><a id=\"wp-block-file--media-36cf111a-e35b-40ab-b7ff-1d24934d5e64\" href=\"https:\/\/spsow.cz\/wp-content\/uploads\/2025\/07\/Zadost-o-preruseni-studia-1.pdf\">\u017d\u00e1dost o p\u0159eru\u0161en\u00ed studia<\/a><\/div>\n\n\n\n<div class=\"wp-block-file\"><a id=\"wp-block-file--media-9513f04b-e4e9-4c32-b386-4c82f5b1ea6c\" href=\"https:\/\/spsow.cz\/wp-content\/uploads\/2025\/07\/Zadost-o-povoleni-prestupu-1.pdf\" target=\"_blank\" rel=\"noreferrer noopener\">\u017d\u00e1dost o povolen\u00ed p\u0159estupu<\/a><\/div>\n\n\n\n<div class=\"wp-block-file\"><a id=\"wp-block-file--media-a707972e-9ad1-4047-84ae-755195181ed1\" href=\"https:\/\/spsow.cz\/wp-content\/uploads\/2025\/07\/Zadost-o-ukonceni-preruseni-studia-1.pdf\" target=\"_blank\" rel=\"noreferrer noopener\">\u017d\u00e1dost o ukon\u010den\u00ed p\u0159eru\u0161en\u00ed studia<\/a><\/div>\n\n\n\n<div class=\"wp-block-file\"><a id=\"wp-block-file--media-1fc0c431-959a-4ac5-a389-0d0cea4fe0bc\" href=\"https:\/\/spsow.cz\/wp-content\/uploads\/2025\/07\/Zadost-o-zmenu-oboru-vzdelavani-1.pdf\" target=\"_blank\" rel=\"noreferrer noopener\">\u017d\u00e1dost o zm\u011bnu oboru vzd\u011bl\u00e1v\u00e1n\u00ed<\/a><\/div>\n\n\n\n<div class=\"wp-block-file\"><a id=\"wp-block-file--media-16c80544-777d-41c5-9e7f-91618d28a84b\" href=\"https:\/\/spsow.cz\/wp-content\/uploads\/2025\/07\/Zadost-o-uvolneni-z-hodin-TV-1.pdf\" target=\"_blank\" rel=\"noreferrer noopener\">\u017d\u00e1dost o uvoln\u011bn\u00ed z hodin TV<\/a><\/div>\n\n\n\n<div class=\"wp-block-file\"><a id=\"wp-block-file--media-9e44c40c-a966-4e4a-a52e-cb3dddc172d9\" href=\"https:\/\/spsow.cz\/wp-content\/uploads\/2025\/07\/Zadost-o-bezplatne-zapujceni-ucebnic-1.pdf\" target=\"_blank\" rel=\"noreferrer noopener\">\u017d\u00e1dost o bezplatn\u00e9 zap\u016fj\u010den\u00ed u\u010debnic<\/a><\/div>\n\n\n\n<div class=\"wp-block-file\"><a id=\"wp-block-file--media-1bd9e69a-b974-4d54-9378-ba97f6cdd7a1\" href=\"https:\/\/spsow.cz\/wp-content\/uploads\/2025\/07\/Zadost-o-uvplneni-ze-sportovniho-kurzu-1.pdf\" target=\"_blank\" rel=\"noreferrer noopener\">\u017d\u00e1dost o uvoln\u011bn\u00ed ze sportovn\u00edho kurzu<\/a><\/div>\n<\/div>\n\n\n\n<div class=\"wp-block-column is-layout-flow wp-block-column-is-layout-flow\">\n<p><strong>Formul\u00e1\u0159e &#8211; zletil\u00ed \u017e\u00e1ci<\/strong><\/p>\n\n\n\n<div class=\"wp-block-file\"><a id=\"wp-block-file--media-9e7fc483-782c-4d59-8a78-ff483c782d98\" href=\"https:\/\/spsow.cz\/wp-content\/uploads\/2025\/07\/Oznameni-o-zanechani-vzdelavani-3.pdf\" target=\"_blank\" rel=\"noreferrer noopener\">Ozn\u00e1men\u00ed o zanech\u00e1n\u00ed vzd\u011bl\u00e1v\u00e1n\u00ed<\/a><\/div>\n\n\n\n<div class=\"wp-block-file\"><a id=\"wp-block-file--media-c97d82bc-2d3a-4656-95a2-fcdfbccd1f83\" href=\"https:\/\/spsow.cz\/wp-content\/uploads\/2025\/07\/Oznameni-o-opakovani-rocniku-1.pdf\" target=\"_blank\" rel=\"noreferrer noopener\">\u017d\u00e1dost o opakov\u00e1n\u00ed ro\u010dn\u00edku<\/a><\/div>\n\n\n\n<div class=\"wp-block-file\"><a id=\"wp-block-file--media-f118f9a5-cc80-48b4-9f53-8baa521264ed\" href=\"https:\/\/spsow.cz\/wp-content\/uploads\/2025\/07\/Zadost-o-povoleni-individualniho-vzdelavaciho-planu-3.pdf\" target=\"_blank\" rel=\"noreferrer noopener\">\u017d\u00e1dost o povolen\u00ed individu\u00e1ln\u00edho vzd\u011bl\u00e1vac\u00edho pl\u00e1nu<\/a><\/div>\n\n\n\n<div class=\"wp-block-file\"><a id=\"wp-block-file--media-12609e0b-0f7b-43d0-86a1-25d53713b502\" href=\"https:\/\/spsow.cz\/wp-content\/uploads\/2025\/07\/Zadost-o-uvolneni-z-vyuky-3.pdf\" target=\"_blank\" rel=\"noreferrer noopener\">\u017d\u00e1dost o uvoln\u011bn\u00ed z v\u00fduky<\/a><\/div>\n\n\n\n<div class=\"wp-block-file\"><a id=\"wp-block-file--media-bf664a9e-aacc-484a-89cc-e631f5f4c3e1\" href=\"https:\/\/spsow.cz\/wp-content\/uploads\/2025\/07\/Zadost-o-preruseni-studia-3.pdf\">\u017d\u00e1dost o p\u0159eru\u0161en\u00ed studia<\/a><\/div>\n\n\n\n<div class=\"wp-block-file\"><a id=\"wp-block-file--media-f65d2ba1-4f3e-4941-80db-d618b13e5669\" href=\"https:\/\/spsow.cz\/wp-content\/uploads\/2025\/07\/Zadost-o-povoleni-prestupu-3.pdf\" target=\"_blank\" rel=\"noreferrer noopener\">\u017d\u00e1dost o povolen\u00ed p\u0159estupu<\/a><\/div>\n\n\n\n<div class=\"wp-block-file\"><a id=\"wp-block-file--media-329ca605-3dcb-4b80-b568-c173723d6a5a\" href=\"https:\/\/spsow.cz\/wp-content\/uploads\/2025\/07\/Zadost-o-ukonceni-preruseni-studia-3.pdf\" target=\"_blank\" rel=\"noreferrer noopener\">\u017d\u00e1dost o ukon\u010den\u00ed p\u0159eru\u0161en\u00ed studia<\/a><\/div>\n\n\n\n<div class=\"wp-block-file\"><a id=\"wp-block-file--media-822e01f5-0aba-4c7f-b94e-77dd1795006d\" href=\"https:\/\/spsow.cz\/wp-content\/uploads\/2025\/07\/Zadost-o-zmenu-oboru-vzdelavani-3.pdf\" target=\"_blank\" rel=\"noreferrer noopener\">\u017d\u00e1dost o zm\u011bnu oboru vzd\u011bl\u00e1v\u00e1n\u00ed<\/a><\/div>\n\n\n\n<div class=\"wp-block-file\"><a id=\"wp-block-file--media-a6eb3495-1eb8-4deb-9be5-6966534b94ce\" href=\"https:\/\/spsow.cz\/wp-content\/uploads\/2025\/07\/Zadost-o-uvolneni-z-hodin-telesne-vychovy-1.pdf\">\u017d\u00e1dost o uvoln\u011bn\u00ed z hodin t\u011blesn\u00e9 v\u00fdchovy<\/a><\/div>\n\n\n\n<div class=\"wp-block-file\"><a id=\"wp-block-file--media-9c329454-fa6e-4dad-8c8f-5294ee2e8a2b\" href=\"https:\/\/spsow.cz\/wp-content\/uploads\/2025\/07\/Zadost-o-bezplatne-zapujceni-ucebnic-3.pdf\" target=\"_blank\" rel=\"noreferrer noopener\">\u017d\u00e1dost o bezplatn\u00e9 zap\u016fj\u010den\u00ed u\u010debnic<\/a><\/div>\n\n\n\n<div class=\"wp-block-file\"><a id=\"wp-block-file--media-608d7153-ca76-48df-a957-f6e1dc0896dd\" href=\"https:\/\/spsow.cz\/wp-content\/uploads\/2025\/07\/Zadost-o-uvolneni-ze-sportovniho-kurzu-1.pdf\">\u017d\u00e1dost o uvoln\u011bn\u00ed ze sportovn\u00edho kurzu<\/a><\/div>\n\n\n\n<div class=\"wp-block-file\"><a id=\"wp-block-file--media-639ffcc1-a87b-42f6-9b31-aacfe820f17f\" href=\"https:\/\/spsow.cz\/wp-content\/uploads\/2025\/07\/Zadost-o-uznani-predchoziho-vzdelani-1.pdf\">\u017d\u00e1dost o uzn\u00e1n\u00ed p\u0159edchoz\u00edho vzd\u011bl\u00e1n\u00ed<\/a><\/div>\n<\/div>\n<\/div>\n\n\n\n<div class=\"wp-block-file\"><a id=\"wp-block-file--media-b892ed4e-a1d2-4716-86e4-f87c3d8523d7\" href=\"https:\/\/spsow.cz\/wp-content\/uploads\/2025\/10\/Zadost_o_nahrazeni_zkousky_z_AJ-u-nas_2025-1.pdf\" target=\"_blank\" rel=\"noreferrer noopener\">\u017d\u00e1dost o nahrazen\u00ed zkou\u0161ky z AJ<\/a><\/div>","protected":false},"excerpt":{"rendered":"<p>ISIC karta Formul\u00e1\u0159e &#8211; nezletil\u00ed \u017e\u00e1ci Formul\u00e1\u0159e &#8211; zletil\u00ed \u017e\u00e1ci<\/p>","protected":false},"author":1,"featured_media":0,"parent":0,"menu_order":0,"comment_status":"closed","ping_status":"closed","template":"","meta":{"footnotes":""},"class_list":["post-328","page","type-page","status-publish","hentry"],"_links":{"self":[{"href":"https:\/\/spsow.cz\/en\/wp-json\/wp\/v2\/pages\/328","targetHints":{"allow":["GET"]}}],"collection":[{"href":"https:\/\/spsow.cz\/en\/wp-json\/wp\/v2\/pages"}],"about":[{"href":"https:\/\/spsow.cz\/en\/wp-json\/wp\/v2\/types\/page"}],"author":[{"embeddable":true,"href":"https:\/\/spsow.cz\/en\/wp-json\/wp\/v2\/users\/1"}],"replies":[{"embeddable":true,"href":"https:\/\/spsow.cz\/en\/wp-json\/wp\/v2\/comments?post=328"}],"version-history":[{"count":35,"href":"https:\/\/spsow.cz\/en\/wp-json\/wp\/v2\/pages\/328\/revisions"}],"predecessor-version":[{"id":12867,"href":"https:\/\/spsow.cz\/en\/wp-json\/wp\/v2\/pages\/328\/revisions\/12867"}],"wp:attachment":[{"href":"https:\/\/spsow.cz\/en\/wp-json\/wp\/v2\/media?parent=328"}],"curies":[{"name":"wp","href":"https:\/\/api.w.org\/{rel}","templated":true}]}}