{"id":326,"date":"2023-02-17T13:25:47","date_gmt":"2023-02-17T12:25:47","guid":{"rendered":"http:\/\/192.168.1.208\/wordpress\/?page_id=326"},"modified":"2026-02-09T08:20:53","modified_gmt":"2026-02-09T07:20:53","slug":"jidelna-vp","status":"publish","type":"page","link":"https:\/\/spsow.cz\/en\/jidelna-vp\/","title":{"rendered":"J\u00eddelna &#8211; Velk\u00e9 Po\u0159\u00ed\u010d\u00ed"},"content":{"rendered":"<div class=\"wp-block-buttons is-content-justification-center is-layout-flex wp-container-core-buttons-is-layout-16018d1d wp-block-buttons-is-layout-flex\">\n<div class=\"wp-block-button has-custom-width wp-block-button__width-50\"><a class=\"wp-block-button__link has-medium-font-size has-custom-font-size wp-element-button\" href=\"https:\/\/www.strava.cz\/Strava\/Stravnik\/Prihlaseni?zarizeni=11292\" target=\"_blank\" rel=\"noreferrer noopener\">Objednat ob\u011bd<\/a><\/div>\n<\/div>\n\n\n\n<div style=\"height:30px\" aria-hidden=\"true\" class=\"wp-block-spacer\"><\/div>\n\n\n\n<p class=\"has-medium-font-size\"><strong>Mo\u017enost zaji\u0161t\u011bn\u00ed ob\u011bd\u016f pro \u017e\u00e1ky centra VELK\u00c9 PO\u0158\u00cd\u010c\u00cd<\/strong><\/p>\n\n\n\n<p class=\"has-medium-font-size\"><strong>ob\u011bdy zaji\u0161\u0165uje:<\/strong><\/p>\n\n\n\n<ul class=\"wp-block-list has-medium-font-size\">\n<li>j\u00eddelna firmy Wikov Hronov, provozovatel pan \u0160t\u011bp\u00e1n Matyska, (adresa: Zbe\u010dn\u00edk 356, 549&nbsp;31 Hronov, GPS: 50.4802667N,16.1749344E)<\/li>\n<\/ul>\n\n\n\n<p class=\"has-medium-font-size\"><strong>postup pro zaji\u0161t\u011bn\u00ed ob\u011bd\u016f:<\/strong><\/p>\n\n\n\n<p class=\"has-medium-font-size\"><strong>1.&nbsp;zaji\u0161t\u011bn\u00ed \u010dipov\u00e9 karty<\/strong><\/p>\n\n\n\n<ul class=\"wp-block-list has-medium-font-size\">\n<li>\u00favodn\u00ed informace o kart\u011b z\u00edskaj\u00ed studenti od t\u0159\u00eddn\u00edch u\u010ditel\u016f na za\u010d\u00e1tku \u0161koln\u00edho roku<\/li>\n\n\n\n<li>karta je zdarma a plat\u00ed po&nbsp;celou dobu studia<\/li>\n<\/ul>\n\n\n\n<p class=\"has-medium-font-size\"><strong>2.&nbsp;mo\u017enost stravov\u00e1n\u00ed<\/strong><\/p>\n\n\n\n<ul class=\"wp-block-list has-medium-font-size\">\n<li>ob\u011bdy pro studenty<\/li>\n\n\n\n<li>celodenn\u00ed strava (sn\u00eddan\u011b, ob\u011bdy, ve\u010de\u0159e) pro studenty ubytovan\u00e9 v&nbsp;Domov\u011b ml\u00e1de\u017ee<\/li>\n<\/ul>\n\n\n\n<p class=\"has-medium-font-size\"><strong>3.&nbsp;platba ob\u011bd\u016f<\/strong><\/p>\n\n\n\n<ul class=\"wp-block-list has-medium-font-size\">\n<li>inkasn\u00ed platbou<\/li>\n<\/ul>\n\n\n\n<p class=\"has-medium-font-size\"><strong>4.&nbsp;objedn\u00e1v\u00e1n\u00ed ob\u011bd\u016f<\/strong><\/p>\n\n\n\n<ul class=\"wp-block-list has-medium-font-size\">\n<li>p\u0159es mobiln\u00ed aplikaci Strava.cz nebo PC&nbsp;pomoc\u00ed odkazu&nbsp;<a rel=\"noreferrer noopener\" href=\"https:\/\/www.strava.cz\/Strava\/Stravnik\/Prihlaseni?zarizeni=11292\" target=\"_blank\"><strong>https:\/\/www.strava.cz\/Strava\/Stravnik\/Prihlaseni?zarizeni=11292<\/strong><\/a><\/li>\n<\/ul>\n\n\n\n<p class=\"has-medium-font-size\"><strong>kontaktn\u00ed osoby (informace a v\u00fddej karet):<\/strong><\/p>\n\n\n\n<ul class=\"wp-block-list has-medium-font-size\">\n<li>Ji\u0159\u00ed Lanta, tel.: 702&nbsp;021&nbsp;241, e-mail: lantaj@spsow.cz<\/li>\n\n\n\n<li>Jitka Meisnerov\u00e1, tel.: 725&nbsp;567&nbsp;338, e-mail: meisnerovaj@spsow.cz<\/li>\n<\/ul>\n\n\n\n<p class=\"has-medium-font-size\"><strong>cena<\/strong> <strong>za ob\u011bd:<\/strong><\/p>\n\n\n\n<ul class=\"wp-block-list\">\n<li class=\"has-medium-font-size\">K\u010d 54,- od 1. 2. 2026<\/li>\n<\/ul>\n\n\n\n<p class=\"has-medium-font-size\"><strong>v\u00fddej j\u00eddel<\/strong>:<\/p>\n\n\n\n<ul class=\"wp-block-list has-medium-font-size\">\n<li>sn\u00eddan\u011b:&nbsp;6:45\u20137:15 hodin<\/li>\n\n\n\n<li>ob\u011bd:&nbsp;11:15\u201314:15 hodin<\/li>\n\n\n\n<li>ve\u010de\u0159e:&nbsp;17:00\u201317:30 hodin<\/li>\n<\/ul>\n\n\n\n<p class=\"has-medium-font-size\">(\u017d\u00e1ci ubytovan\u00ed v Domov\u011b ml\u00e1de\u017ee si objedn\u00e1vaj\u00ed i sn\u00eddan\u011b 28,-, ve\u010de\u0159e 37,-)<\/p>\n\n\n\n<figure class=\"wp-block-gallery has-nested-images columns-default is-cropped wp-block-gallery-1 is-layout-flex wp-block-gallery-is-layout-flex\">\n<figure class=\"wp-block-image size-large\"><a href=\"https:\/\/spsow.cz\/wp-content\/uploads\/2026\/02\/052A4996-2-scaled.jpg\"><img loading=\"lazy\" decoding=\"async\" width=\"1024\" height=\"683\" data-id=\"13976\" src=\"https:\/\/spsow.cz\/wp-content\/uploads\/2026\/02\/052A4996-2-1024x683.jpg\" alt=\"\" class=\"wp-image-13976\" srcset=\"https:\/\/spsow.cz\/wp-content\/uploads\/2026\/02\/052A4996-2-1024x683.jpg 1024w, https:\/\/spsow.cz\/wp-content\/uploads\/2026\/02\/052A4996-2-300x200.jpg 300w, https:\/\/spsow.cz\/wp-content\/uploads\/2026\/02\/052A4996-2-768x512.jpg 768w, https:\/\/spsow.cz\/wp-content\/uploads\/2026\/02\/052A4996-2-1536x1024.jpg 1536w, https:\/\/spsow.cz\/wp-content\/uploads\/2026\/02\/052A4996-2-2048x1365.jpg 2048w, https:\/\/spsow.cz\/wp-content\/uploads\/2026\/02\/052A4996-2-18x12.jpg 18w, https:\/\/spsow.cz\/wp-content\/uploads\/2026\/02\/052A4996-2-360x240.jpg 360w\" sizes=\"auto, (max-width: 1024px) 100vw, 1024px\" \/><\/a><\/figure>\n\n\n\n<figure class=\"wp-block-image size-large\"><a href=\"https:\/\/spsow.cz\/wp-content\/uploads\/2026\/02\/IMG-20260206-WA0000_1770382918387-3-rotated.jpg\"><img loading=\"lazy\" decoding=\"async\" width=\"1024\" height=\"576\" data-id=\"13972\" src=\"https:\/\/spsow.cz\/wp-content\/uploads\/2026\/02\/IMG-20260206-WA0000_1770382918387-3-1024x576.jpg\" alt=\"\" class=\"wp-image-13972\" srcset=\"https:\/\/spsow.cz\/wp-content\/uploads\/2026\/02\/IMG-20260206-WA0000_1770382918387-3-1024x576.jpg 1024w, https:\/\/spsow.cz\/wp-content\/uploads\/2026\/02\/IMG-20260206-WA0000_1770382918387-3-300x169.jpg 300w, https:\/\/spsow.cz\/wp-content\/uploads\/2026\/02\/IMG-20260206-WA0000_1770382918387-3-768x432.jpg 768w, https:\/\/spsow.cz\/wp-content\/uploads\/2026\/02\/IMG-20260206-WA0000_1770382918387-3-1536x864.jpg 1536w, https:\/\/spsow.cz\/wp-content\/uploads\/2026\/02\/IMG-20260206-WA0000_1770382918387-3-18x10.jpg 18w, https:\/\/spsow.cz\/wp-content\/uploads\/2026\/02\/IMG-20260206-WA0000_1770382918387-3-rotated.jpg 2040w\" sizes=\"auto, (max-width: 1024px) 100vw, 1024px\" \/><\/a><\/figure>\n\n\n\n<figure class=\"wp-block-image size-large\"><a href=\"https:\/\/spsow.cz\/wp-content\/uploads\/2026\/02\/IMG_20260204_114756-3-scaled.jpg\"><img loading=\"lazy\" decoding=\"async\" width=\"1024\" height=\"461\" data-id=\"13974\" src=\"https:\/\/spsow.cz\/wp-content\/uploads\/2026\/02\/IMG_20260204_114756-3-1024x461.jpg\" alt=\"\" class=\"wp-image-13974\" srcset=\"https:\/\/spsow.cz\/wp-content\/uploads\/2026\/02\/IMG_20260204_114756-3-1024x461.jpg 1024w, https:\/\/spsow.cz\/wp-content\/uploads\/2026\/02\/IMG_20260204_114756-3-300x135.jpg 300w, https:\/\/spsow.cz\/wp-content\/uploads\/2026\/02\/IMG_20260204_114756-3-768x346.jpg 768w, https:\/\/spsow.cz\/wp-content\/uploads\/2026\/02\/IMG_20260204_114756-3-1536x691.jpg 1536w, https:\/\/spsow.cz\/wp-content\/uploads\/2026\/02\/IMG_20260204_114756-3-2048x922.jpg 2048w, https:\/\/spsow.cz\/wp-content\/uploads\/2026\/02\/IMG_20260204_114756-3-18x8.jpg 18w\" sizes=\"auto, (max-width: 1024px) 100vw, 1024px\" \/><\/a><\/figure>\n\n\n\n<figure class=\"wp-block-image size-large\"><a href=\"https:\/\/spsow.cz\/wp-content\/uploads\/2026\/02\/IMG_20260206_140145-3-scaled.jpg\"><img loading=\"lazy\" decoding=\"async\" width=\"1024\" height=\"461\" data-id=\"13975\" src=\"https:\/\/spsow.cz\/wp-content\/uploads\/2026\/02\/IMG_20260206_140145-3-1024x461.jpg\" alt=\"\" class=\"wp-image-13975\" srcset=\"https:\/\/spsow.cz\/wp-content\/uploads\/2026\/02\/IMG_20260206_140145-3-1024x461.jpg 1024w, https:\/\/spsow.cz\/wp-content\/uploads\/2026\/02\/IMG_20260206_140145-3-300x135.jpg 300w, https:\/\/spsow.cz\/wp-content\/uploads\/2026\/02\/IMG_20260206_140145-3-768x346.jpg 768w, https:\/\/spsow.cz\/wp-content\/uploads\/2026\/02\/IMG_20260206_140145-3-1536x691.jpg 1536w, https:\/\/spsow.cz\/wp-content\/uploads\/2026\/02\/IMG_20260206_140145-3-2048x922.jpg 2048w, https:\/\/spsow.cz\/wp-content\/uploads\/2026\/02\/IMG_20260206_140145-3-18x8.jpg 18w\" sizes=\"auto, (max-width: 1024px) 100vw, 1024px\" \/><\/a><\/figure>\n\n\n\n<figure class=\"wp-block-image size-large\"><a href=\"https:\/\/spsow.cz\/wp-content\/uploads\/2026\/02\/11-1-scaled.jpg\"><img loading=\"lazy\" decoding=\"async\" width=\"1024\" height=\"683\" data-id=\"13977\" src=\"https:\/\/spsow.cz\/wp-content\/uploads\/2026\/02\/11-1-1024x683.jpg\" alt=\"\" class=\"wp-image-13977\" srcset=\"https:\/\/spsow.cz\/wp-content\/uploads\/2026\/02\/11-1-1024x683.jpg 1024w, https:\/\/spsow.cz\/wp-content\/uploads\/2026\/02\/11-1-300x200.jpg 300w, https:\/\/spsow.cz\/wp-content\/uploads\/2026\/02\/11-1-768x512.jpg 768w, https:\/\/spsow.cz\/wp-content\/uploads\/2026\/02\/11-1-1536x1024.jpg 1536w, https:\/\/spsow.cz\/wp-content\/uploads\/2026\/02\/11-1-2048x1365.jpg 2048w, https:\/\/spsow.cz\/wp-content\/uploads\/2026\/02\/11-1-18x12.jpg 18w, https:\/\/spsow.cz\/wp-content\/uploads\/2026\/02\/11-1-360x240.jpg 360w\" sizes=\"auto, (max-width: 1024px) 100vw, 1024px\" \/><\/a><\/figure>\n\n\n\n<figure class=\"wp-block-image size-large\"><a href=\"https:\/\/spsow.cz\/wp-content\/uploads\/2026\/02\/IMG-20260206-WA0000-3.jpg\"><img loading=\"lazy\" decoding=\"async\" width=\"1024\" height=\"771\" data-id=\"13973\" src=\"https:\/\/spsow.cz\/wp-content\/uploads\/2026\/02\/IMG-20260206-WA0000-3-1024x771.jpg\" alt=\"\" class=\"wp-image-13973\" srcset=\"https:\/\/spsow.cz\/wp-content\/uploads\/2026\/02\/IMG-20260206-WA0000-3-1024x771.jpg 1024w, https:\/\/spsow.cz\/wp-content\/uploads\/2026\/02\/IMG-20260206-WA0000-3-300x226.jpg 300w, https:\/\/spsow.cz\/wp-content\/uploads\/2026\/02\/IMG-20260206-WA0000-3-768x578.jpg 768w, https:\/\/spsow.cz\/wp-content\/uploads\/2026\/02\/IMG-20260206-WA0000-3-1536x1157.jpg 1536w, https:\/\/spsow.cz\/wp-content\/uploads\/2026\/02\/IMG-20260206-WA0000-3-16x12.jpg 16w, https:\/\/spsow.cz\/wp-content\/uploads\/2026\/02\/IMG-20260206-WA0000-3.jpg 2040w\" sizes=\"auto, (max-width: 1024px) 100vw, 1024px\" \/><\/a><\/figure>\n<\/figure>\n\n\n\n<div class=\"wp-block-columns is-layout-flex wp-container-core-columns-is-layout-9d6595d7 wp-block-columns-is-layout-flex\">\n<div class=\"wp-block-column is-layout-flow wp-block-column-is-layout-flow\"><\/div>\n\n\n\n<div class=\"wp-block-column is-layout-flow wp-block-column-is-layout-flow\"><\/div>\n<\/div>\n\n\n\n<p><\/p>","protected":false},"excerpt":{"rendered":"<p>Mo\u017enost zaji\u0161t\u011bn\u00ed ob\u011bd\u016f pro \u017e\u00e1ky centra VELK\u00c9 PO\u0158\u00cd\u010c\u00cd ob\u011bdy zaji\u0161\u0165uje: postup pro zaji\u0161t\u011bn\u00ed ob\u011bd\u016f: 1.&nbsp;zaji\u0161t\u011bn\u00ed \u010dipov\u00e9 karty 2.&nbsp;mo\u017enost stravov\u00e1n\u00ed 3.&nbsp;platba ob\u011bd\u016f 4.&nbsp;objedn\u00e1v\u00e1n\u00ed ob\u011bd\u016f kontaktn\u00ed osoby (informace a v\u00fddej karet): cena za ob\u011bd: v\u00fddej j\u00eddel: (\u017d\u00e1ci ubytovan\u00ed v Domov\u011b ml\u00e1de\u017ee si objedn\u00e1vaj\u00ed i sn\u00eddan\u011b 28,-, ve\u010de\u0159e 37,-)<\/p>","protected":false},"author":1,"featured_media":0,"parent":0,"menu_order":0,"comment_status":"closed","ping_status":"closed","template":"","meta":{"footnotes":""},"class_list":["post-326","page","type-page","status-publish","hentry"],"_links":{"self":[{"href":"https:\/\/spsow.cz\/en\/wp-json\/wp\/v2\/pages\/326","targetHints":{"allow":["GET"]}}],"collection":[{"href":"https:\/\/spsow.cz\/en\/wp-json\/wp\/v2\/pages"}],"about":[{"href":"https:\/\/spsow.cz\/en\/wp-json\/wp\/v2\/types\/page"}],"author":[{"embeddable":true,"href":"https:\/\/spsow.cz\/en\/wp-json\/wp\/v2\/users\/1"}],"replies":[{"embeddable":true,"href":"https:\/\/spsow.cz\/en\/wp-json\/wp\/v2\/comments?post=326"}],"version-history":[{"count":29,"href":"https:\/\/spsow.cz\/en\/wp-json\/wp\/v2\/pages\/326\/revisions"}],"predecessor-version":[{"id":13980,"href":"https:\/\/spsow.cz\/en\/wp-json\/wp\/v2\/pages\/326\/revisions\/13980"}],"wp:attachment":[{"href":"https:\/\/spsow.cz\/en\/wp-json\/wp\/v2\/media?parent=326"}],"curies":[{"name":"wp","href":"https:\/\/api.w.org\/{rel}","templated":true}]}}