{"id":305,"date":"2023-02-17T10:47:22","date_gmt":"2023-02-17T09:47:22","guid":{"rendered":"http:\/\/192.168.1.208\/wordpress\/?page_id=305"},"modified":"2025-09-02T09:48:19","modified_gmt":"2025-09-02T07:48:19","slug":"skolni-karierni-poradce-hr","status":"publish","type":"page","link":"https:\/\/spsow.cz\/en\/skolni-karierni-poradce-hr\/","title":{"rendered":"\u0160koln\u00ed kari\u00e9rov\u00fd poradce"},"content":{"rendered":"<p class=\"has-medium-font-size\">\u0160koln\u00ed kari\u00e9rov\u00fd poradce pro <strong>Hronov<\/strong><\/p>\n\n\n\n<p class=\"has-medium-font-size\"><strong>Bc. Michaela V\u00edtov\u00e1<\/strong><br><br><strong>tel: <\/strong>725 745 057 (V\u00edtov\u00e1)  <br><strong>e-mail:<\/strong> vitovam@spsow.cz <br><strong>adresa:<\/strong> Hostovsk\u00e9ho 910, 549 31 Hronov, 1. patro<br><strong>konzulta\u010dn\u00ed hodiny:<\/strong> po p\u0159edchoz\u00ed domluv\u011b<\/p>\n\n\n\n<h2 class=\"wp-block-heading has-medium-font-size\">S \u010d\u00edm v\u00e1m m\u016f\u017ee kari\u00e9rov\u00fd poradce pomoci:<\/h2>\n\n\n\n<ul class=\"wp-block-list has-medium-font-size\">\n<li>p\u0159i hled\u00e1n\u00ed zam\u011bstn\u00e1n\u00ed, brig\u00e1d, pr\u00e1ce v zahrani\u010d\u00ed <\/li>\n\n\n\n<li>p\u0159i psan\u00ed \u017eivotopis\u016f a motiva\u010dn\u00edch dopis\u016f<\/li>\n\n\n\n<li>p\u0159i pod\u00e1v\u00e1n\u00ed a vypl\u0148ov\u00e1n\u00ed p\u0159ihl\u00e1\u0161ek na vysok\u00e9 \u0161koly<\/li>\n\n\n\n<li>p\u0159i v\u00fdb\u011bru povol\u00e1n\u00ed nebo dal\u0161\u00edho studia, roz\u0161\u00ed\u0159en\u00ed kvalifikace<\/li>\n<\/ul>\n\n\n\n<p><\/p>","protected":false},"excerpt":{"rendered":"<p>\u0160koln\u00ed kari\u00e9rov\u00fd poradce pro Hronov Bc. Michaela V\u00edtov\u00e1 tel: 725 745 057 (V\u00edtov\u00e1) e-mail: vitovam@spsow.cz adresa: Hostovsk\u00e9ho 910, 549 31 Hronov, 1. patrokonzulta\u010dn\u00ed hodiny: po p\u0159edchoz\u00ed domluv\u011b S \u010d\u00edm v\u00e1m m\u016f\u017ee kari\u00e9rov\u00fd poradce pomoci:<\/p>","protected":false},"author":1,"featured_media":0,"parent":0,"menu_order":0,"comment_status":"closed","ping_status":"closed","template":"","meta":{"footnotes":""},"class_list":["post-305","page","type-page","status-publish","hentry"],"_links":{"self":[{"href":"https:\/\/spsow.cz\/en\/wp-json\/wp\/v2\/pages\/305","targetHints":{"allow":["GET"]}}],"collection":[{"href":"https:\/\/spsow.cz\/en\/wp-json\/wp\/v2\/pages"}],"about":[{"href":"https:\/\/spsow.cz\/en\/wp-json\/wp\/v2\/types\/page"}],"author":[{"embeddable":true,"href":"https:\/\/spsow.cz\/en\/wp-json\/wp\/v2\/users\/1"}],"replies":[{"embeddable":true,"href":"https:\/\/spsow.cz\/en\/wp-json\/wp\/v2\/comments?post=305"}],"version-history":[{"count":9,"href":"https:\/\/spsow.cz\/en\/wp-json\/wp\/v2\/pages\/305\/revisions"}],"predecessor-version":[{"id":11916,"href":"https:\/\/spsow.cz\/en\/wp-json\/wp\/v2\/pages\/305\/revisions\/11916"}],"wp:attachment":[{"href":"https:\/\/spsow.cz\/en\/wp-json\/wp\/v2\/media?parent=305"}],"curies":[{"name":"wp","href":"https:\/\/api.w.org\/{rel}","templated":true}]}}