{"id":303,"date":"2023-02-17T10:46:56","date_gmt":"2023-02-17T09:46:56","guid":{"rendered":"http:\/\/192.168.1.208\/wordpress\/?page_id=303"},"modified":"2026-04-15T10:39:23","modified_gmt":"2026-04-15T08:39:23","slug":"prevence-hr","status":"publish","type":"page","link":"https:\/\/spsow.cz\/en\/prevence-hr\/","title":{"rendered":"Metodik prevence"},"content":{"rendered":"<p class=\"has-medium-font-size\">Metodik prevence<strong> pro Hronov<\/strong><\/p>\n\n\n\n<p class=\"has-medium-font-size\">Mgr. Martina \u0160umberov\u00e1<br><strong>e-mail:<\/strong> sumberovam@spsow.cz, tel: 725 745 057<br><strong>konzulta\u010dn\u00ed hodiny:<\/strong> po&nbsp;p\u0159edchoz\u00ed domluv\u011b<br><strong>adresa: <\/strong>Hostovsk\u00e9ho 910, 549 31 Hronov, 3. patro<\/p>\n\n\n\n<div style=\"height:20px\" aria-hidden=\"true\" class=\"wp-block-spacer\"><\/div>\n\n\n\n<p class=\"has-medium-font-size\">Preventivn\u00ed program \u0161koly je k&nbsp;nahl\u00e9dnut\u00ed na pracovi\u0161ti.<\/p>\n\n\n\n<div class=\"wp-block-file\"><a id=\"wp-block-file--media-1d7ae532-1490-4b7c-ae87-aaba69785ef2\" href=\"https:\/\/spsow.cz\/wp-content\/uploads\/2026\/04\/Krizovy-plan-prevence-rizikovych-jevu-a-protidrogove-prevence-na-skolni-rok-25-26.pdf\" target=\"_blank\" rel=\"noreferrer noopener\">Krizov\u00fd pl\u00e1n prevence rizikov\u00fdch jev\u016f a protidrogov\u00e9 prevence na \u0161koln\u00ed rok 2025-26<\/a><\/div>\n\n\n\n<div class=\"wp-block-file\"><a id=\"wp-block-file--media-f39c165f-8e0c-445d-a4c6-0a7d4e062db2\" href=\"https:\/\/spsow.cz\/wp-content\/uploads\/2024\/09\/Strategie-prevence-SPJ-a-protidrogove-prevence-24-29.pdf\" target=\"_blank\" rel=\"noreferrer noopener\">Strategie prevence SPJ a protidrogov\u00e9 prevence 2024\/29<\/a><\/div>\n\n\n\n<div class=\"wp-block-file\"><a id=\"wp-block-file--media-16056482-3405-40d5-930e-bf1680e0988d\" href=\"https:\/\/spsow.cz\/wp-content\/uploads\/2024\/09\/Skolni-preventivni-strategie-24-29.pdf\" target=\"_blank\" rel=\"noreferrer noopener\">\u0160koln\u00ed preventivn\u00ed strategie 2024\/29<\/a><\/div>\n\n\n\n<div class=\"wp-block-file\"><a id=\"wp-block-file--media-be9cbb66-63fd-4ae7-b23b-952c0f635965\" href=\"https:\/\/spsow.cz\/wp-content\/uploads\/2023\/03\/Cinnosti-skolniho-metodika-prevence.pdf\" target=\"_blank\" rel=\"noreferrer noopener\">\u010cinnosti \u0161koln\u00edho metodika prevence<\/a><\/div>\n\n\n\n<div class=\"wp-block-file\"><a id=\"wp-block-file--media-205295ef-1036-4615-b88f-b14186467e92\" href=\"https:\/\/spsow.cz\/wp-content\/uploads\/2025\/09\/MPP-2025-26-5.pdf\" target=\"_blank\" rel=\"noreferrer noopener\">Preventivn\u00ed program<\/a><\/div>\n\n\n\n<div class=\"wp-block-file\"><a id=\"wp-block-file--media-b6c935f2-afca-468d-9795-b6685cd54308\" href=\"https:\/\/spsow.cz\/wp-content\/uploads\/2023\/03\/Omlouvani-absence-1.pdf\" target=\"_blank\" rel=\"noreferrer noopener\">Omlouv\u00e1n\u00ed absence<\/a><\/div>","protected":false},"excerpt":{"rendered":"<p>Metodik prevence pro Hronov Mgr. Martina \u0160umberov\u00e1e-mail: sumberovam@spsow.cz, tel: 725 745 057konzulta\u010dn\u00ed hodiny: po&nbsp;p\u0159edchoz\u00ed domluv\u011badresa: Hostovsk\u00e9ho 910, 549 31 Hronov, 3. patro Preventivn\u00ed program \u0161koly je k&nbsp;nahl\u00e9dnut\u00ed na pracovi\u0161ti.<\/p>","protected":false},"author":1,"featured_media":0,"parent":0,"menu_order":0,"comment_status":"closed","ping_status":"closed","template":"","meta":{"footnotes":""},"class_list":["post-303","page","type-page","status-publish","hentry"],"_links":{"self":[{"href":"https:\/\/spsow.cz\/en\/wp-json\/wp\/v2\/pages\/303","targetHints":{"allow":["GET"]}}],"collection":[{"href":"https:\/\/spsow.cz\/en\/wp-json\/wp\/v2\/pages"}],"about":[{"href":"https:\/\/spsow.cz\/en\/wp-json\/wp\/v2\/types\/page"}],"author":[{"embeddable":true,"href":"https:\/\/spsow.cz\/en\/wp-json\/wp\/v2\/users\/1"}],"replies":[{"embeddable":true,"href":"https:\/\/spsow.cz\/en\/wp-json\/wp\/v2\/comments?post=303"}],"version-history":[{"count":29,"href":"https:\/\/spsow.cz\/en\/wp-json\/wp\/v2\/pages\/303\/revisions"}],"predecessor-version":[{"id":15320,"href":"https:\/\/spsow.cz\/en\/wp-json\/wp\/v2\/pages\/303\/revisions\/15320"}],"wp:attachment":[{"href":"https:\/\/spsow.cz\/en\/wp-json\/wp\/v2\/media?parent=303"}],"curies":[{"name":"wp","href":"https:\/\/api.w.org\/{rel}","templated":true}]}}