{"id":301,"date":"2023-02-17T10:46:37","date_gmt":"2023-02-17T09:46:37","guid":{"rendered":"http:\/\/192.168.1.208\/wordpress\/?page_id=301"},"modified":"2026-04-20T12:56:30","modified_gmt":"2026-04-20T10:56:30","slug":"vychovni-poradci-hr","status":"publish","type":"page","link":"https:\/\/spsow.cz\/en\/vychovni-poradci-hr\/","title":{"rendered":"V\u00fdchovn\u00fd poradce"},"content":{"rendered":"<p class=\"has-medium-font-size\">V\u00fdchovn\u00fd poradce <strong>pro<\/strong> <strong>Hronov<\/strong><\/p>\n\n\n\n<p><strong> <\/strong><\/p>\n\n\n\n<p class=\"has-medium-font-size\"><strong>Ing. Jitka Va\u0148kov\u00e1<\/strong><br><strong>e-mail:<\/strong> vankovaj@spsow.cz,&nbsp;<strong>schranka-duvery@spsow.cz<\/strong><br><strong>konzulta\u010dn\u00ed hodiny<\/strong>: kdykoliv po&nbsp;p\u0159edchoz\u00ed dohod\u011b<\/p>\n\n\n\n<p class=\"has-medium-font-size\">adresa: Hostovsk\u00e9ho 910, 549 31 Hronov, 3. patro<\/p>\n\n\n\n<p class=\"has-medium-font-size\">Pl\u00e1n pr\u00e1ce v\u00fdchovn\u00e9ho poradce je k&nbsp;dispozici na pracovi\u0161ti.<\/p>\n\n\n\n<div class=\"wp-block-file\"><a id=\"wp-block-file--media-7de8c51c-1634-43d1-8080-e60d81ae7bfd\" href=\"https:\/\/spsow.cz\/wp-content\/uploads\/2023\/03\/Cinnosti-vychovneho-poradce.pdf\" target=\"_blank\" rel=\"noreferrer noopener\">\u010cinnosti v\u00fdchovn\u00e9ho poradce<\/a><\/div>\n\n\n\n<div class=\"wp-block-file\"><a id=\"wp-block-file--media-11b16e0c-7e61-4f4b-8fab-3eae4de9061e\" href=\"https:\/\/spsow.cz\/wp-content\/uploads\/2026\/04\/Strategie-predchazeni-skolni-neuspesnosti-1.pdf\" target=\"_blank\" rel=\"noreferrer noopener\">Strategie p\u0159edch\u00e1zen\u00ed \u0161koln\u00ed ne\u00fasp\u011b\u0161nosti<\/a><\/div>\n\n\n\n<div class=\"wp-block-file\"><a id=\"wp-block-file--media-ba8639b2-cb6b-40ef-88eb-bc9896dc6831\" href=\"https:\/\/spsow.cz\/wp-content\/uploads\/2023\/03\/Skolni-poradenske-pracoviste.pdf\" target=\"_blank\" rel=\"noreferrer noopener\">\u0160koln\u00ed poradensk\u00e9 pracovi\u0161t\u011b<\/a><\/div>\n\n\n\n<div class=\"wp-block-file\"><a id=\"wp-block-file--media-38c1d800-ed89-49c0-9360-fb9148bba4b1\" href=\"https:\/\/spsow.cz\/wp-content\/uploads\/2023\/03\/Program-poradenskych-sluzeb.pdf\" target=\"_blank\" rel=\"noreferrer noopener\">Program poradensk\u00fdch slu\u017eeb<\/a><\/div>\n\n\n\n<div class=\"wp-block-file\"><a id=\"wp-block-file--media-40b809a9-b8cc-46dd-aa00-2063ad1cec08\" href=\"https:\/\/spsow.cz\/wp-content\/uploads\/2023\/03\/Vzdelavani-zaku-s-SPU-a-zaku-nadanych.pdf\" target=\"_blank\" rel=\"noreferrer noopener\">Vzd\u011bl\u00e1v\u00e1n\u00ed \u017e\u00e1k\u016f s SPU a \u017e\u00e1k\u016f nadan\u00fdch<\/a><\/div>\n\n\n\n<div class=\"wp-block-file\"><a id=\"wp-block-file--media-cade953d-7236-47e3-bcca-b33efb8e41f1\" href=\"https:\/\/spsow.cz\/wp-content\/uploads\/2023\/03\/Omlouvani-absence.pdf\" target=\"_blank\" rel=\"noreferrer noopener\">Omlouv\u00e1n\u00ed absence<\/a><\/div>\n\n\n\n<p><\/p>\n\n\n\n<h6 class=\"wp-block-heading has-medium-font-size\">Pedagogicko-psychologick\u00e1 poradna N\u00e1chod<\/h6>\n\n\n\n<p class=\"has-medium-font-size\"><a href=\"https:\/\/www.poradenstvikhk.cz\/\" data-type=\"URL\" data-id=\"https:\/\/www.poradenstvikhk.cz\/\">www.poradenstvikhk.cz<\/a><\/p>\n\n\n\n<div class=\"wp-block-file\"><a id=\"wp-block-file--media-dac926c5-17d5-4d42-956d-96a75549fd4f\" href=\"https:\/\/spsow.cz\/wp-content\/uploads\/2023\/03\/Standardni-nabidka-sluzeb-PPP.png\">Standardn\u00ed nab\u00eddka slu\u017eeb PPP<\/a><\/div>\n\n\n\n<div class=\"wp-block-file\"><a id=\"wp-block-file--media-c18da473-8305-46db-89d6-18e0ffad35fb\" href=\"https:\/\/spsow.cz\/wp-content\/uploads\/2023\/03\/Infogragika-pro-rodice.png\">Infografika pro rodi\u010de<\/a><\/div>\n\n\n\n<div class=\"wp-block-file\"><a id=\"wp-block-file--media-2acf0054-96da-419d-b03f-b28c01673ce2\" href=\"https:\/\/spsow.cz\/wp-content\/uploads\/2023\/03\/Infografika-pro-pedagogy.png\">Infografika pro pedagogy<\/a><\/div>\n\n\n\n<p><\/p>","protected":false},"excerpt":{"rendered":"<p>V\u00fdchovn\u00fd poradce pro Hronov Ing. Jitka Va\u0148kov\u00e1e-mail: vankovaj@spsow.cz,&nbsp;schranka-duvery@spsow.czkonzulta\u010dn\u00ed hodiny: kdykoliv po&nbsp;p\u0159edchoz\u00ed dohod\u011b adresa: Hostovsk\u00e9ho 910, 549 31 Hronov, 3. patro Pl\u00e1n pr\u00e1ce v\u00fdchovn\u00e9ho poradce je k&nbsp;dispozici na pracovi\u0161ti. Pedagogicko-psychologick\u00e1 poradna N\u00e1chod www.poradenstvikhk.cz<\/p>","protected":false},"author":1,"featured_media":0,"parent":0,"menu_order":0,"comment_status":"closed","ping_status":"closed","template":"","meta":{"footnotes":""},"class_list":["post-301","page","type-page","status-publish","hentry"],"_links":{"self":[{"href":"https:\/\/spsow.cz\/en\/wp-json\/wp\/v2\/pages\/301","targetHints":{"allow":["GET"]}}],"collection":[{"href":"https:\/\/spsow.cz\/en\/wp-json\/wp\/v2\/pages"}],"about":[{"href":"https:\/\/spsow.cz\/en\/wp-json\/wp\/v2\/types\/page"}],"author":[{"embeddable":true,"href":"https:\/\/spsow.cz\/en\/wp-json\/wp\/v2\/users\/1"}],"replies":[{"embeddable":true,"href":"https:\/\/spsow.cz\/en\/wp-json\/wp\/v2\/comments?post=301"}],"version-history":[{"count":14,"href":"https:\/\/spsow.cz\/en\/wp-json\/wp\/v2\/pages\/301\/revisions"}],"predecessor-version":[{"id":15379,"href":"https:\/\/spsow.cz\/en\/wp-json\/wp\/v2\/pages\/301\/revisions\/15379"}],"wp:attachment":[{"href":"https:\/\/spsow.cz\/en\/wp-json\/wp\/v2\/media?parent=301"}],"curies":[{"name":"wp","href":"https:\/\/api.w.org\/{rel}","templated":true}]}}