{"id":297,"date":"2023-02-17T10:45:39","date_gmt":"2023-02-17T09:45:39","guid":{"rendered":"http:\/\/192.168.1.208\/wordpress\/?page_id=297"},"modified":"2025-10-07T11:00:19","modified_gmt":"2025-10-07T09:00:19","slug":"socialni-pedagog-hr","status":"publish","type":"page","link":"https:\/\/spsow.cz\/en\/socialni-pedagog-hr\/","title":{"rendered":"Soci\u00e1ln\u00ed pedagog"},"content":{"rendered":"<p class=\"has-medium-font-size\"><strong>Mgr. Renata Kuldov\u00e1<\/strong><\/p>\n\n\n\n<p class=\"has-medium-font-size\">od 1. 2. 2023 p\u016fsob\u00ed na na\u0161\u00ed \u0161kole soci\u00e1ln\u00ed pedagog. <br>Jeho pomoc je ur\u010dena po\u0159\u00ed\u010dsk\u00fdm i hronovsk\u00fdm student\u016fm. <br><br><strong>tel:<\/strong> 607 030 697<br><strong>e-mail: <\/strong>kuldovar@spsow.cz<br><strong>konzulta\u010dn\u00ed hodiny:<\/strong> po p\u0159edchoz\u00ed domluv\u011b kdykoli<\/p>\n\n\n\n<p class=\"has-medium-font-size\">adresa: N\u00e1chodsk\u00e1 542, 549 32 Velk\u00e9 Po\u0159\u00ed\u010d\u00ed<\/p>\n\n\n\n<h2 class=\"wp-block-heading has-medium-font-size\"><strong>Poskytov\u00e1n\u00ed poradenstv\u00ed <br>aneb s&nbsp;jak\u00fdmi probl\u00e9my se na m\u011b mohou (nejen) \u017e\u00e1ci obracet<\/strong><\/h2>\n\n\n\n<ul class=\"wp-block-list has-medium-font-size\">\n<li>p\u0159i rodinn\u00fdch probl\u00e9mech<\/li>\n\n\n\n<li>v p\u0159\u00edpad\u011b nep\u0159\u00edzniv\u00e9 situace v&nbsp;rodin\u011b, kter\u00e1 negativn\u011b ovliv\u0148uje vzd\u011bl\u00e1v\u00e1n\u00ed \u017e\u00e1ka a m\u016f\u017ee vy\u00fastit a\u017e soci\u00e1ln\u00edm vylou\u010den\u00edm \u010di \u0161koln\u00edm ne\u00fasp\u011bchem<\/li>\n\n\n\n<li>p\u0159i probl\u00e9mech se spolu\u017e\u00e1ky <\/li>\n\n\n\n<li>p\u0159i probl\u00e9mech se za\u010dlen\u011bn\u00edm do&nbsp;kolektivu<\/li>\n\n\n\n<li>p\u0159i specifick\u00fdch vzd\u011bl\u00e1vac\u00edch pot\u0159eb\u00e1ch, n\u00edzk\u00e9 studijn\u00ed motivaci a \u0161patn\u00e9 \u0161koln\u00ed doch\u00e1zce<\/li>\n\n\n\n<li>p\u0159i pot\u0159eb\u011b soci\u00e1ln\u011b pedagogick\u00e9ho a soci\u00e1ln\u011b pr\u00e1vn\u00edho poradenstv\u00ed <\/li>\n<\/ul>\n\n\n\n<ul class=\"wp-block-list has-medium-font-size\">\n<li>nab\u00edz\u00edm individu\u00e1ln\u00ed konzultace s&nbsp;rodi\u010di<\/li>\n\n\n\n<li>nab\u00edz\u00edm spolupr\u00e1ci s&nbsp;dal\u0161\u00edmi pedagogick\u00fdmi pracovn\u00edky p\u0159i pr\u00e1ci se&nbsp;\u017e\u00e1ky, kte\u0159\u00ed maj\u00ed&nbsp;v\u00fdchovn\u00e9 obt\u00ed\u017ee, a jsou n\u011bjak\u00fdm zp\u016fsobem soci\u00e1ln\u011b znev\u00fdhodn\u011bni<\/li>\n\n\n\n<li><\/li>\n\n\n\n<li><strong>od z\u00e1\u0159\u00ed 2025 se na soci\u00e1ln\u00edho pedagoga obracejte i s dotazy ohledn\u011b probl\u00e9m\u016f s placen\u00edm \u0161koln\u00edch ob\u011bd\u016f. SP\u0160OW je zapojena do projektu &#8222;Potravinov\u00e1 pomoc d\u011btem v soci\u00e1ln\u00ed nouzi v Kr\u00e1lov\u00e9hradeck\u00e9m kraji (2), ve \u0161k. roce 2025\/2026<\/strong><\/li>\n<\/ul>\n\n\n\n<div class=\"wp-block-file\"><a id=\"wp-block-file--media-7d5a360f-259f-4da9-aa82-f0a6bdd03e3c\" href=\"https:\/\/spsow.cz\/wp-content\/uploads\/2025\/10\/plakat_povinne_publicity_A3.jpg\" target=\"_blank\" rel=\"noreferrer noopener\">PLAK\u00c1T<\/a><\/div>","protected":false},"excerpt":{"rendered":"<p>Mgr. Renata Kuldov\u00e1 od 1. 2. 2023 p\u016fsob\u00ed na na\u0161\u00ed \u0161kole soci\u00e1ln\u00ed pedagog. Jeho pomoc je ur\u010dena po\u0159\u00ed\u010dsk\u00fdm i hronovsk\u00fdm student\u016fm. tel: 607 030 697e-mail: kuldovar@spsow.czkonzulta\u010dn\u00ed hodiny: po p\u0159edchoz\u00ed domluv\u011b kdykoli adresa: N\u00e1chodsk\u00e1 542, 549 32 Velk\u00e9 Po\u0159\u00ed\u010d\u00ed Poskytov\u00e1n\u00ed poradenstv\u00ed aneb s&nbsp;jak\u00fdmi probl\u00e9my se na m\u011b mohou (nejen) \u017e\u00e1ci obracet<\/p>","protected":false},"author":1,"featured_media":0,"parent":0,"menu_order":0,"comment_status":"closed","ping_status":"closed","template":"","meta":{"footnotes":""},"class_list":["post-297","page","type-page","status-publish","hentry"],"_links":{"self":[{"href":"https:\/\/spsow.cz\/en\/wp-json\/wp\/v2\/pages\/297","targetHints":{"allow":["GET"]}}],"collection":[{"href":"https:\/\/spsow.cz\/en\/wp-json\/wp\/v2\/pages"}],"about":[{"href":"https:\/\/spsow.cz\/en\/wp-json\/wp\/v2\/types\/page"}],"author":[{"embeddable":true,"href":"https:\/\/spsow.cz\/en\/wp-json\/wp\/v2\/users\/1"}],"replies":[{"embeddable":true,"href":"https:\/\/spsow.cz\/en\/wp-json\/wp\/v2\/comments?post=297"}],"version-history":[{"count":15,"href":"https:\/\/spsow.cz\/en\/wp-json\/wp\/v2\/pages\/297\/revisions"}],"predecessor-version":[{"id":12652,"href":"https:\/\/spsow.cz\/en\/wp-json\/wp\/v2\/pages\/297\/revisions\/12652"}],"wp:attachment":[{"href":"https:\/\/spsow.cz\/en\/wp-json\/wp\/v2\/media?parent=297"}],"curies":[{"name":"wp","href":"https:\/\/api.w.org\/{rel}","templated":true}]}}