{"id":287,"date":"2023-02-17T10:35:01","date_gmt":"2023-02-17T09:35:01","guid":{"rendered":"http:\/\/192.168.1.208\/wordpress\/?page_id=287"},"modified":"2025-08-28T09:35:57","modified_gmt":"2025-08-28T07:35:57","slug":"zaverecne-zkousky-okruhy-hr","status":"publish","type":"page","link":"https:\/\/spsow.cz\/en\/zaverecne-zkousky-okruhy-hr\/","title":{"rendered":"Z\u00e1v\u011bre\u010dn\u00e9 zkou\u0161ky &#8211; okruhy &#8211; Hronov"},"content":{"rendered":"<p class=\"has-medium-font-size\"><strong>26-51-H\/01 ELEKTRIK\u00c1\u0158<\/strong><\/p>\n\n\n\n<div class=\"wp-block-file\"><a id=\"wp-block-file--media-ada8d0b5-d9e7-43f2-8472-e1b2c0b17e13\" href=\"https:\/\/spsow.cz\/wp-content\/uploads\/2023\/03\/Elektrikar-2022-2023.pdf\" target=\"_blank\" rel=\"noreferrer noopener\">Elektrik\u00e1\u0159 2023\/2024<\/a><\/div>\n\n\n\n<p class=\"has-medium-font-size\"><strong>23-52-H\/01 N\u00c1STROJA\u0158<\/strong><\/p>\n\n\n\n<div class=\"wp-block-file\"><a id=\"wp-block-file--media-9a27f24f-43e9-4f87-ae55-a5a7da90be91\" href=\"https:\/\/spsow.cz\/wp-content\/uploads\/2025\/08\/Tematicke-okruhy-k-ZZ-3C-Nastrojar-2025-26.pdf\" target=\"_blank\" rel=\"noreferrer noopener\">Tematick\u00e9 okruhy &#8211; N\u00e1stroja\u0159, 2026<\/a><\/div>\n\n\n\n<p class=\"has-medium-font-size\"><strong>23-68-H\/01 MECHANIK OPRAV\u00c1\u0158 MOTOROV\u00ddCH VOZIDEL<\/strong><\/p>\n\n\n\n<div class=\"wp-block-file\"><a id=\"wp-block-file--media-af425521-b6f2-49d9-9f67-f42773b05d12\" href=\"https:\/\/spsow.cz\/wp-content\/uploads\/2023\/03\/Mechanik-opravar-motorovych-vozidel-2022-2023.pdf\" target=\"_blank\" rel=\"noreferrer noopener\">Mechanik oprav\u00e1\u0159 motorov\u00fdch vozidel 2022\/2023<\/a><\/div>","protected":false},"excerpt":{"rendered":"<p>26-51-H\/01 ELEKTRIK\u00c1\u0158 23-52-H\/01 N\u00c1STROJA\u0158 23-68-H\/01 MECHANIK OPRAV\u00c1\u0158 MOTOROV\u00ddCH VOZIDEL<\/p>","protected":false},"author":1,"featured_media":0,"parent":0,"menu_order":0,"comment_status":"closed","ping_status":"closed","template":"","meta":{"footnotes":""},"class_list":["post-287","page","type-page","status-publish","hentry"],"_links":{"self":[{"href":"https:\/\/spsow.cz\/en\/wp-json\/wp\/v2\/pages\/287","targetHints":{"allow":["GET"]}}],"collection":[{"href":"https:\/\/spsow.cz\/en\/wp-json\/wp\/v2\/pages"}],"about":[{"href":"https:\/\/spsow.cz\/en\/wp-json\/wp\/v2\/types\/page"}],"author":[{"embeddable":true,"href":"https:\/\/spsow.cz\/en\/wp-json\/wp\/v2\/users\/1"}],"replies":[{"embeddable":true,"href":"https:\/\/spsow.cz\/en\/wp-json\/wp\/v2\/comments?post=287"}],"version-history":[{"count":12,"href":"https:\/\/spsow.cz\/en\/wp-json\/wp\/v2\/pages\/287\/revisions"}],"predecessor-version":[{"id":11869,"href":"https:\/\/spsow.cz\/en\/wp-json\/wp\/v2\/pages\/287\/revisions\/11869"}],"wp:attachment":[{"href":"https:\/\/spsow.cz\/en\/wp-json\/wp\/v2\/media?parent=287"}],"curies":[{"name":"wp","href":"https:\/\/api.w.org\/{rel}","templated":true}]}}