{"id":285,"date":"2023-02-17T10:33:07","date_gmt":"2023-02-17T09:33:07","guid":{"rendered":"http:\/\/192.168.1.208\/wordpress\/?page_id=285"},"modified":"2026-04-14T07:59:05","modified_gmt":"2026-04-14T05:59:05","slug":"zaverecne-zkousky-terminy-hr","status":"publish","type":"page","link":"https:\/\/spsow.cz\/en\/zaverecne-zkousky-terminy-hr\/","title":{"rendered":"Z\u00e1v\u011bre\u010dn\u00e9 zkou\u0161ky, term\u00edny, Hronov"},"content":{"rendered":"<p class=\"has-medium-font-size\">Ing. Ji\u0159\u00ed D\u00edt\u011b \u2013 z\u00e1stupce \u0159editele pro praktick\u00e9 vyu\u010dov\u00e1n\u00ed<br>email:&nbsp;<strong><a href=\"mailto:ditej@spsow.cz\">ditej@spsow.cz<\/a><\/strong><\/p>\n\n\n\n<div class=\"wp-block-file\"><a id=\"wp-block-file--media-e8c84743-0927-4593-909b-31f239c0e779\" href=\"https:\/\/spsow.cz\/wp-content\/uploads\/2026\/04\/Zaverecne-zkousky-2025_26.pdf\" target=\"_blank\" rel=\"noreferrer noopener\">Term\u00edny ZZ 2025\/26<\/a><\/div>\n\n\n\n<p class=\"has-medium-font-size\"><\/p>\n\n\n\n<div class=\"wp-block-file\"><a id=\"wp-block-file--media-e847a00b-fd0b-4e09-b579-656a7acadcba\" href=\"https:\/\/spsow.cz\/wp-content\/uploads\/2025\/06\/Prihlaska-k-opravnym-a-nahradnim-ZZ.pdf\" target=\"_blank\" rel=\"noreferrer noopener\">P\u0159ihl\u00e1\u0161ka k opravn\u00fdm a n\u00e1hradn\u00edm ZZ<\/a><\/div>\n\n\n\n<p class=\"has-medium-font-size\"><\/p>","protected":false},"excerpt":{"rendered":"<p>Ing. Ji\u0159\u00ed D\u00edt\u011b \u2013 z\u00e1stupce \u0159editele pro praktick\u00e9 vyu\u010dov\u00e1n\u00edemail:&nbsp;ditej@spsow.cz<\/p>","protected":false},"author":1,"featured_media":0,"parent":0,"menu_order":0,"comment_status":"closed","ping_status":"closed","template":"","meta":{"footnotes":""},"class_list":["post-285","page","type-page","status-publish","hentry"],"_links":{"self":[{"href":"https:\/\/spsow.cz\/en\/wp-json\/wp\/v2\/pages\/285","targetHints":{"allow":["GET"]}}],"collection":[{"href":"https:\/\/spsow.cz\/en\/wp-json\/wp\/v2\/pages"}],"about":[{"href":"https:\/\/spsow.cz\/en\/wp-json\/wp\/v2\/types\/page"}],"author":[{"embeddable":true,"href":"https:\/\/spsow.cz\/en\/wp-json\/wp\/v2\/users\/1"}],"replies":[{"embeddable":true,"href":"https:\/\/spsow.cz\/en\/wp-json\/wp\/v2\/comments?post=285"}],"version-history":[{"count":60,"href":"https:\/\/spsow.cz\/en\/wp-json\/wp\/v2\/pages\/285\/revisions"}],"predecessor-version":[{"id":15300,"href":"https:\/\/spsow.cz\/en\/wp-json\/wp\/v2\/pages\/285\/revisions\/15300"}],"wp:attachment":[{"href":"https:\/\/spsow.cz\/en\/wp-json\/wp\/v2\/media?parent=285"}],"curies":[{"name":"wp","href":"https:\/\/api.w.org\/{rel}","templated":true}]}}