{"id":2819,"date":"2023-06-16T12:19:25","date_gmt":"2023-06-16T10:19:25","guid":{"rendered":"http:\/\/192.168.1.208\/wordpress\/?page_id=2819"},"modified":"2026-01-21T07:20:58","modified_gmt":"2026-01-21T06:20:58","slug":"kadernictvi-nachod","status":"publish","type":"page","link":"https:\/\/spsow.cz\/en\/kadernictvi-nachod\/","title":{"rendered":"Kade\u0159nictv\u00ed N\u00e1chod"},"content":{"rendered":"<h4 class=\"wp-block-heading\"><\/h4>\n\n\n\n<p class=\"has-medium-font-size\">Kade\u0159nick\u00e9 slu\u017eby poskytuj\u00ed \u017e\u00e1ci oboru Kade\u0159n\u00edk\/Kade\u0159nice pod dohledem mistr\u016f odborn\u00e9ho v\u00fdcviku.<\/p>\n\n\n\n<p class=\"has-medium-font-size\">Nab\u00edz\u00edme kvalitn\u00ed slu\u017eby za n\u00edzk\u00e9 ceny.<\/p>\n\n\n\n<h2 class=\"wp-block-heading has-medium-font-size\">Kontakt<\/h2>\n\n\n\n<p class=\"has-medium-font-size\">Lenka Hub\u00e1lkov\u00e1, Edita Hartman<br><strong>tel.:<\/strong> 727 807 587<br><strong>adresa:<\/strong> Kamenice 144, 547 01 N\u00e1chod (1. patro, bez v\u00fdtahu)<\/p>\n\n\n\n<h2 class=\"wp-block-heading has-medium-font-size\">Otev\u00edrac\u00ed doba<\/h2>\n\n\n\n<p class=\"has-medium-font-size\"><strong>Lich\u00fd t\u00fdden<\/strong><\/p>\n\n\n\n<figure class=\"wp-block-table is-style-stripes ow-table has-medium-font-size\"><table><tbody><tr><td>pond\u011bl\u00ed<\/td><td>7:00\u201318:00<\/td><\/tr><tr><td>\u00fater\u00fd<\/td><td>7:00\u201318:00<\/td><\/tr><tr><td>st\u0159eda<\/td><td>7:00\u201318:00<\/td><\/tr><tr><td>\u010dtvrtek<\/td><td>7:00\u201318:00<\/td><\/tr><tr><td>p\u00e1tek<\/td><td>zav\u0159eno<\/td><\/tr><\/tbody><\/table><\/figure>\n\n\n\n<div style=\"height:31px\" aria-hidden=\"true\" class=\"wp-block-spacer\"><\/div>\n\n\n\n<p class=\"has-medium-font-size\"><strong>Sud\u00fd t\u00fdden<\/strong><\/p>\n\n\n\n<figure class=\"wp-block-table is-style-stripes ow-table has-medium-font-size\"><table><tbody><tr><td>pond\u011bl\u00ed<\/td><td>7:00\u201313:00<\/td><\/tr><tr><td>\u00fater\u00fd<\/td><td>7:00\u201313:00<\/td><\/tr><tr><td>st\u0159eda<\/td><td>7:00\u201313:00<\/td><\/tr><tr><td>\u010dtvrtek<\/td><td>7:00\u201313:00<\/td><\/tr><tr><td>p\u00e1tek<\/td><td>7:00\u201313:00<\/td><\/tr><\/tbody><\/table><\/figure>\n\n\n\n<div style=\"height:20px\" aria-hidden=\"true\" class=\"wp-block-spacer\"><\/div>\n\n\n\n<p class=\"has-medium-font-size\"><strong>V dob\u011b \u0161koln\u00edch pr\u00e1zdnin je kade\u0159nictv\u00ed UZAV\u0158ENO.<\/strong><\/p>\n\n\n\n<div class=\"wp-block-file\"><a id=\"wp-block-file--media-fafd5e58-1931-4231-a220-a403c755f847\" href=\"https:\/\/spsow.cz\/wp-content\/uploads\/2024\/01\/CENIK-kadernictvi-2024.pdf\" target=\"_blank\" rel=\"noreferrer noopener\">CEN\u00cdK 2026<\/a><\/div>\n\n\n\n<p class=\"has-medium-font-size\">Upozorn\u011bn\u00ed: ceny se mohou m\u011bnit podle rozsahu spot\u0159eby materi\u00e1lu.<\/p>\n\n\n\n<div style=\"height:21px\" aria-hidden=\"true\" class=\"wp-block-spacer\"><\/div>\n\n\n\n<figure class=\"wp-block-gallery has-nested-images columns-default is-cropped wp-block-gallery-1 is-layout-flex wp-block-gallery-is-layout-flex\">\n<figure class=\"wp-block-image size-large\"><a href=\"https:\/\/spsow.cz\/wp-content\/uploads\/2026\/01\/3efcee30-1ef0-4080-83ce-50ce42a98631.jpg\"><img loading=\"lazy\" decoding=\"async\" width=\"749\" height=\"1024\" data-id=\"13528\" src=\"https:\/\/spsow.cz\/wp-content\/uploads\/2026\/01\/3efcee30-1ef0-4080-83ce-50ce42a98631-749x1024.jpg\" alt=\"\" class=\"wp-image-13528\" srcset=\"https:\/\/spsow.cz\/wp-content\/uploads\/2026\/01\/3efcee30-1ef0-4080-83ce-50ce42a98631-749x1024.jpg 749w, https:\/\/spsow.cz\/wp-content\/uploads\/2026\/01\/3efcee30-1ef0-4080-83ce-50ce42a98631-219x300.jpg 219w, https:\/\/spsow.cz\/wp-content\/uploads\/2026\/01\/3efcee30-1ef0-4080-83ce-50ce42a98631-768x1050.jpg 768w, https:\/\/spsow.cz\/wp-content\/uploads\/2026\/01\/3efcee30-1ef0-4080-83ce-50ce42a98631-1123x1536.jpg 1123w, https:\/\/spsow.cz\/wp-content\/uploads\/2026\/01\/3efcee30-1ef0-4080-83ce-50ce42a98631-9x12.jpg 9w, https:\/\/spsow.cz\/wp-content\/uploads\/2026\/01\/3efcee30-1ef0-4080-83ce-50ce42a98631.jpg 1170w\" sizes=\"auto, (max-width: 749px) 100vw, 749px\" \/><\/a><\/figure>\n\n\n\n<figure class=\"wp-block-image size-large\"><a href=\"https:\/\/spsow.cz\/wp-content\/uploads\/2026\/01\/55ceb6ea-0600-4ce9-8e4f-167c3974da54.jpg\"><img loading=\"lazy\" decoding=\"async\" width=\"788\" height=\"1024\" data-id=\"13526\" src=\"https:\/\/spsow.cz\/wp-content\/uploads\/2026\/01\/55ceb6ea-0600-4ce9-8e4f-167c3974da54-788x1024.jpg\" alt=\"\" class=\"wp-image-13526\" srcset=\"https:\/\/spsow.cz\/wp-content\/uploads\/2026\/01\/55ceb6ea-0600-4ce9-8e4f-167c3974da54-788x1024.jpg 788w, https:\/\/spsow.cz\/wp-content\/uploads\/2026\/01\/55ceb6ea-0600-4ce9-8e4f-167c3974da54-231x300.jpg 231w, https:\/\/spsow.cz\/wp-content\/uploads\/2026\/01\/55ceb6ea-0600-4ce9-8e4f-167c3974da54-768x998.jpg 768w, https:\/\/spsow.cz\/wp-content\/uploads\/2026\/01\/55ceb6ea-0600-4ce9-8e4f-167c3974da54-9x12.jpg 9w, https:\/\/spsow.cz\/wp-content\/uploads\/2026\/01\/55ceb6ea-0600-4ce9-8e4f-167c3974da54.jpg 1178w\" sizes=\"auto, (max-width: 788px) 100vw, 788px\" \/><\/a><\/figure>\n\n\n\n<figure class=\"wp-block-image size-large\"><a href=\"https:\/\/spsow.cz\/wp-content\/uploads\/2026\/01\/00862efe-d115-475f-9ca2-9dce693bc59b.jpg\"><img loading=\"lazy\" decoding=\"async\" width=\"757\" height=\"1024\" data-id=\"13527\" src=\"https:\/\/spsow.cz\/wp-content\/uploads\/2026\/01\/00862efe-d115-475f-9ca2-9dce693bc59b-757x1024.jpg\" alt=\"\" class=\"wp-image-13527\" srcset=\"https:\/\/spsow.cz\/wp-content\/uploads\/2026\/01\/00862efe-d115-475f-9ca2-9dce693bc59b-757x1024.jpg 757w, https:\/\/spsow.cz\/wp-content\/uploads\/2026\/01\/00862efe-d115-475f-9ca2-9dce693bc59b-222x300.jpg 222w, https:\/\/spsow.cz\/wp-content\/uploads\/2026\/01\/00862efe-d115-475f-9ca2-9dce693bc59b-768x1038.jpg 768w, https:\/\/spsow.cz\/wp-content\/uploads\/2026\/01\/00862efe-d115-475f-9ca2-9dce693bc59b-1136x1536.jpg 1136w, https:\/\/spsow.cz\/wp-content\/uploads\/2026\/01\/00862efe-d115-475f-9ca2-9dce693bc59b-9x12.jpg 9w, https:\/\/spsow.cz\/wp-content\/uploads\/2026\/01\/00862efe-d115-475f-9ca2-9dce693bc59b.jpg 1179w\" sizes=\"auto, (max-width: 757px) 100vw, 757px\" \/><\/a><\/figure>\n\n\n\n<figure class=\"wp-block-image size-large\"><a href=\"https:\/\/spsow.cz\/wp-content\/uploads\/2026\/01\/a99693e3-22b1-41f5-b1ad-f5494a5db4c0.jpg\"><img loading=\"lazy\" decoding=\"async\" width=\"1024\" height=\"768\" data-id=\"13531\" src=\"https:\/\/spsow.cz\/wp-content\/uploads\/2026\/01\/a99693e3-22b1-41f5-b1ad-f5494a5db4c0-1024x768.jpg\" alt=\"\" class=\"wp-image-13531\" srcset=\"https:\/\/spsow.cz\/wp-content\/uploads\/2026\/01\/a99693e3-22b1-41f5-b1ad-f5494a5db4c0-1024x768.jpg 1024w, https:\/\/spsow.cz\/wp-content\/uploads\/2026\/01\/a99693e3-22b1-41f5-b1ad-f5494a5db4c0-300x225.jpg 300w, https:\/\/spsow.cz\/wp-content\/uploads\/2026\/01\/a99693e3-22b1-41f5-b1ad-f5494a5db4c0-768x576.jpg 768w, https:\/\/spsow.cz\/wp-content\/uploads\/2026\/01\/a99693e3-22b1-41f5-b1ad-f5494a5db4c0-1536x1152.jpg 1536w, https:\/\/spsow.cz\/wp-content\/uploads\/2026\/01\/a99693e3-22b1-41f5-b1ad-f5494a5db4c0-16x12.jpg 16w, https:\/\/spsow.cz\/wp-content\/uploads\/2026\/01\/a99693e3-22b1-41f5-b1ad-f5494a5db4c0.jpg 1600w\" sizes=\"auto, (max-width: 1024px) 100vw, 1024px\" \/><\/a><\/figure>\n\n\n\n<figure class=\"wp-block-image size-large\"><a href=\"https:\/\/spsow.cz\/wp-content\/uploads\/2026\/01\/faf39651-573b-46a9-ae4f-ccf9e5724f81.jpg\"><img loading=\"lazy\" decoding=\"async\" width=\"768\" height=\"1024\" data-id=\"13536\" src=\"https:\/\/spsow.cz\/wp-content\/uploads\/2026\/01\/faf39651-573b-46a9-ae4f-ccf9e5724f81-768x1024.jpg\" alt=\"\" class=\"wp-image-13536\" srcset=\"https:\/\/spsow.cz\/wp-content\/uploads\/2026\/01\/faf39651-573b-46a9-ae4f-ccf9e5724f81-768x1024.jpg 768w, https:\/\/spsow.cz\/wp-content\/uploads\/2026\/01\/faf39651-573b-46a9-ae4f-ccf9e5724f81-225x300.jpg 225w, https:\/\/spsow.cz\/wp-content\/uploads\/2026\/01\/faf39651-573b-46a9-ae4f-ccf9e5724f81-1152x1536.jpg 1152w, https:\/\/spsow.cz\/wp-content\/uploads\/2026\/01\/faf39651-573b-46a9-ae4f-ccf9e5724f81-9x12.jpg 9w, https:\/\/spsow.cz\/wp-content\/uploads\/2026\/01\/faf39651-573b-46a9-ae4f-ccf9e5724f81.jpg 1200w\" sizes=\"auto, (max-width: 768px) 100vw, 768px\" \/><\/a><\/figure>\n\n\n\n<figure class=\"wp-block-image size-large\"><a href=\"https:\/\/spsow.cz\/wp-content\/uploads\/2026\/01\/h.png\"><img loading=\"lazy\" decoding=\"async\" width=\"778\" height=\"1024\" data-id=\"13534\" src=\"https:\/\/spsow.cz\/wp-content\/uploads\/2026\/01\/h-778x1024.png\" alt=\"\" class=\"wp-image-13534\" srcset=\"https:\/\/spsow.cz\/wp-content\/uploads\/2026\/01\/h-778x1024.png 778w, https:\/\/spsow.cz\/wp-content\/uploads\/2026\/01\/h-228x300.png 228w, https:\/\/spsow.cz\/wp-content\/uploads\/2026\/01\/h-768x1010.png 768w, https:\/\/spsow.cz\/wp-content\/uploads\/2026\/01\/h-1168x1536.png 1168w, https:\/\/spsow.cz\/wp-content\/uploads\/2026\/01\/h-9x12.png 9w, https:\/\/spsow.cz\/wp-content\/uploads\/2026\/01\/h.png 1179w\" sizes=\"auto, (max-width: 778px) 100vw, 778px\" \/><\/a><\/figure>\n\n\n\n<figure class=\"wp-block-image size-large\"><a href=\"https:\/\/spsow.cz\/wp-content\/uploads\/2026\/01\/ii.png\"><img loading=\"lazy\" decoding=\"async\" width=\"759\" height=\"1024\" data-id=\"13532\" src=\"https:\/\/spsow.cz\/wp-content\/uploads\/2026\/01\/ii-759x1024.png\" alt=\"\" class=\"wp-image-13532\" srcset=\"https:\/\/spsow.cz\/wp-content\/uploads\/2026\/01\/ii-759x1024.png 759w, https:\/\/spsow.cz\/wp-content\/uploads\/2026\/01\/ii-222x300.png 222w, https:\/\/spsow.cz\/wp-content\/uploads\/2026\/01\/ii-768x1036.png 768w, https:\/\/spsow.cz\/wp-content\/uploads\/2026\/01\/ii-1139x1536.png 1139w, https:\/\/spsow.cz\/wp-content\/uploads\/2026\/01\/ii-9x12.png 9w, https:\/\/spsow.cz\/wp-content\/uploads\/2026\/01\/ii.png 1162w\" sizes=\"auto, (max-width: 759px) 100vw, 759px\" \/><\/a><\/figure>\n\n\n\n<figure class=\"wp-block-image size-large\"><a href=\"https:\/\/spsow.cz\/wp-content\/uploads\/2026\/01\/kk-1024x754.png\"><img loading=\"lazy\" decoding=\"async\" width=\"1024\" height=\"754\" data-id=\"13533\" src=\"https:\/\/spsow.cz\/wp-content\/uploads\/2026\/01\/kk-1024x754.png\" alt=\"\" class=\"wp-image-13533\" srcset=\"https:\/\/spsow.cz\/wp-content\/uploads\/2026\/01\/kk-1024x754.png 1024w, https:\/\/spsow.cz\/wp-content\/uploads\/2026\/01\/kk-300x221.png 300w, https:\/\/spsow.cz\/wp-content\/uploads\/2026\/01\/kk-768x565.png 768w, https:\/\/spsow.cz\/wp-content\/uploads\/2026\/01\/kk-16x12.png 16w, https:\/\/spsow.cz\/wp-content\/uploads\/2026\/01\/kk.png 1179w\" sizes=\"auto, (max-width: 1024px) 100vw, 1024px\" \/><\/a><\/figure>\n\n\n\n<figure class=\"wp-block-image size-large\"><a href=\"https:\/\/spsow.cz\/wp-content\/uploads\/2026\/01\/kNA2.jpg\"><img loading=\"lazy\" decoding=\"async\" width=\"1024\" height=\"768\" data-id=\"13529\" src=\"https:\/\/spsow.cz\/wp-content\/uploads\/2026\/01\/kNA2.jpg\" alt=\"\" class=\"wp-image-13529\" srcset=\"https:\/\/spsow.cz\/wp-content\/uploads\/2026\/01\/kNA2.jpg 1024w, https:\/\/spsow.cz\/wp-content\/uploads\/2026\/01\/kNA2-300x225.jpg 300w, https:\/\/spsow.cz\/wp-content\/uploads\/2026\/01\/kNA2-768x576.jpg 768w, https:\/\/spsow.cz\/wp-content\/uploads\/2026\/01\/kNA2-16x12.jpg 16w\" sizes=\"auto, (max-width: 1024px) 100vw, 1024px\" \/><\/a><\/figure>\n\n\n\n<figure class=\"wp-block-image size-large\"><a href=\"https:\/\/spsow.cz\/wp-content\/uploads\/2026\/01\/qq-768x1024-1.jpg\"><img loading=\"lazy\" decoding=\"async\" width=\"768\" height=\"1024\" data-id=\"13530\" src=\"https:\/\/spsow.cz\/wp-content\/uploads\/2026\/01\/qq-768x1024-1.jpg\" alt=\"\" class=\"wp-image-13530\" srcset=\"https:\/\/spsow.cz\/wp-content\/uploads\/2026\/01\/qq-768x1024-1.jpg 768w, https:\/\/spsow.cz\/wp-content\/uploads\/2026\/01\/qq-768x1024-1-225x300.jpg 225w, https:\/\/spsow.cz\/wp-content\/uploads\/2026\/01\/qq-768x1024-1-9x12.jpg 9w\" sizes=\"auto, (max-width: 768px) 100vw, 768px\" \/><\/a><\/figure>\n\n\n\n<figure class=\"wp-block-image size-large\"><a href=\"https:\/\/spsow.cz\/wp-content\/uploads\/2026\/01\/uu.png\"><img loading=\"lazy\" decoding=\"async\" width=\"1024\" height=\"749\" data-id=\"13535\" src=\"https:\/\/spsow.cz\/wp-content\/uploads\/2026\/01\/uu-1024x749.png\" alt=\"\" class=\"wp-image-13535\" srcset=\"https:\/\/spsow.cz\/wp-content\/uploads\/2026\/01\/uu-1024x749.png 1024w, https:\/\/spsow.cz\/wp-content\/uploads\/2026\/01\/uu-300x219.png 300w, https:\/\/spsow.cz\/wp-content\/uploads\/2026\/01\/uu-768x562.png 768w, https:\/\/spsow.cz\/wp-content\/uploads\/2026\/01\/uu-16x12.png 16w, https:\/\/spsow.cz\/wp-content\/uploads\/2026\/01\/uu.png 1179w\" sizes=\"auto, (max-width: 1024px) 100vw, 1024px\" \/><\/a><\/figure>\n<\/figure>","protected":false},"excerpt":{"rendered":"<p>Kade\u0159nick\u00e9 slu\u017eby poskytuj\u00ed \u017e\u00e1ci oboru Kade\u0159n\u00edk\/Kade\u0159nice pod dohledem mistr\u016f odborn\u00e9ho v\u00fdcviku. Nab\u00edz\u00edme kvalitn\u00ed slu\u017eby za n\u00edzk\u00e9 ceny. Kontakt Lenka Hub\u00e1lkov\u00e1, Edita Hartmantel.: 727 807 587adresa: Kamenice 144, 547 01 N\u00e1chod (1. patro, bez v\u00fdtahu) Otev\u00edrac\u00ed doba Lich\u00fd t\u00fdden pond\u011bl\u00ed 7:00\u201318:00 \u00fater\u00fd 7:00\u201318:00 st\u0159eda 7:00\u201318:00 \u010dtvrtek 7:00\u201318:00 p\u00e1tek zav\u0159eno Sud\u00fd t\u00fdden [&hellip;]<\/p>\n","protected":false},"author":1,"featured_media":0,"parent":0,"menu_order":0,"comment_status":"closed","ping_status":"closed","template":"","meta":{"footnotes":""},"class_list":["post-2819","page","type-page","status-publish","hentry"],"_links":{"self":[{"href":"https:\/\/spsow.cz\/en\/wp-json\/wp\/v2\/pages\/2819","targetHints":{"allow":["GET"]}}],"collection":[{"href":"https:\/\/spsow.cz\/en\/wp-json\/wp\/v2\/pages"}],"about":[{"href":"https:\/\/spsow.cz\/en\/wp-json\/wp\/v2\/types\/page"}],"author":[{"embeddable":true,"href":"https:\/\/spsow.cz\/en\/wp-json\/wp\/v2\/users\/1"}],"replies":[{"embeddable":true,"href":"https:\/\/spsow.cz\/en\/wp-json\/wp\/v2\/comments?post=2819"}],"version-history":[{"count":32,"href":"https:\/\/spsow.cz\/en\/wp-json\/wp\/v2\/pages\/2819\/revisions"}],"predecessor-version":[{"id":13725,"href":"https:\/\/spsow.cz\/en\/wp-json\/wp\/v2\/pages\/2819\/revisions\/13725"}],"wp:attachment":[{"href":"https:\/\/spsow.cz\/en\/wp-json\/wp\/v2\/media?parent=2819"}],"curies":[{"name":"wp","href":"https:\/\/api.w.org\/{rel}","templated":true}]}}