{"id":2803,"date":"2023-06-16T11:13:10","date_gmt":"2023-06-16T09:13:10","guid":{"rendered":"http:\/\/192.168.1.208\/wordpress\/?page_id=2803"},"modified":"2024-08-29T09:02:44","modified_gmt":"2024-08-29T07:02:44","slug":"michaela-kubikova","status":"publish","type":"page","link":"https:\/\/spsow.cz\/en\/michaela-kubikova\/","title":{"rendered":"Michaela Kub\u00edkov\u00e1"},"content":{"rendered":"<h4 class=\"wp-block-heading\"><strong>NETU\u0160ILA JSEM, CO M\u011a BUDE BAVIT,<br>\u0159\u00edk\u00e1 Michaela Kub\u00edkov\u00e1<\/strong><\/h4>\n\n\n\n<p class=\"has-medium-font-size\">Pokud se Hronov\u00e1k\u016f zept\u00e1te, kam se chod\u00ed st\u0159\u00edhat a barvit, velmi \u010dasto odpov\u00ed, no p\u0159ece k&nbsp;Michell.<br>Michaela, vystudovala obor Kade\u0159n\u00edk ve Velk\u00e9m Po\u0159\u00ed\u010d\u00ed. Sv\u00e9 prvn\u00ed kade\u0159nictv\u00ed si otev\u0159ela ji\u017e v&nbsp;roce 2010. Dnes provozuje salon, ze kter\u00e9ho z\u00e1kazn\u00edci odch\u00e1zej\u00ed nejen kr\u00e1sn\u00ed, ale i odpo\u010dat\u00ed.<\/p>\n\n\n\n<p class=\"has-medium-font-size\"><strong>Michaelo, hodn\u011b mal\u00fdch sle\u010den chce b\u00fdt kade\u0159nic\u00ed, jak to bylo u V\u00e1s?<\/strong><\/p>\n\n\n\n<p class=\"has-medium-font-size\">J\u00e1 na z\u00e1kladce moc nev\u011bd\u011bla, co by m\u011b mohlo bavit, tak jsem si \u0159ekla, \u017ee kade\u0159nice bude na za\u010d\u00e1tek sta\u010dit a pak se uvid\u00ed.<\/p>\n\n\n\n<p class=\"has-medium-font-size\"><strong>A sta\u010dilo?<\/strong><\/p>\n\n\n\n<p class=\"has-medium-font-size\">Ano, u\u017e od prv\u00e1ku jsem v\u011bd\u011bla, \u017ee to byla nejlep\u0161\u00ed volba. \u00dapln\u011b m\u011b to chytlo. Ze \u0161koln\u00ed lavice jsem snila, \u017ee si jednou otev\u0159u fialov\u00e9 kade\u0159nictv\u00ed&nbsp;s&nbsp;mas\u00e1\u017en\u00edm k\u0159eslem a jezdit budu v&nbsp;aut\u011b, na kter\u00e9m bude z\u00e1\u0159it reklama na moje vlastn\u00ed kade\u0159nictv\u00ed s&nbsp;velk\u00fdm mot\u00fdlem.<\/p>\n\n\n\n<p class=\"has-medium-font-size\"><strong>A jak to se sny dopadlo? Prom\u011bnily se ve skute\u010dnost?<\/strong><\/p>\n\n\n\n<p class=\"has-medium-font-size\">Prom\u011bnily. Ji\u017e v\u00edce jak 12 let podnik\u00e1m jako kade\u0159nice. M\u00e1m vlastn\u00ed salon, jmenuje se Michell, kde lid\u00e9 nav\u00edc mohou vyu\u017e\u00edt slu\u017eby jako kosmetika, sol\u00e1rium, pedik\u00fara \u010di mas\u00e1\u017ee. Ale hlavn\u00ed pro m\u011b z\u016fst\u00e1v\u00e1 st\u0159\u00edh\u00e1n\u00ed a barven\u00ed.<\/p>\n\n\n\n<p class=\"has-medium-font-size\"><strong>Tak to je skv\u011bl\u00e9. Zvolit si obor, kter\u00fd \u010dlov\u011bka bude opravdu bavit a pr\u00e1ce v&nbsp;n\u011bm se stane jeho kon\u00ed\u010dkem se nepo\u0161t\u011bst\u00ed ka\u017ed\u00e9mu. A jak to s&nbsp;V\u00e1mi bylo b\u011bhem studia? Byla jste vzornou \u017ea\u010dkou?<\/strong><\/p>\n\n\n\n<p class=\"has-medium-font-size\">To ur\u010dit\u011b ne. Hodn\u011b m\u011b bavila praxe. Tu jsem opravdu milovala. Teoretick\u00e9 p\u0159edm\u011bty nebyly nic pro m\u011b. Dlouho n\u011bkoho poslouchat a d\u011blat si z\u00e1pisky, na to moc nejsem.<\/p>\n\n\n\n<p class=\"has-medium-font-size\"><strong>Ale pro sv\u016fj sen jste vydr\u017eela i teorii a \u00fasp\u011b\u0161n\u011b slo\u017eila z\u00e1v\u011bre\u010dn\u00e9 zkou\u0161ky. U n\u011bkter\u00fdch obor\u016f opravdu nen\u00ed pot\u0159eba m\u00edt z&nbsp;\u010desk\u00e9ho jazyka jedni\u010dky. D\u016fle\u017eit\u00e1 je vize, p\u00edle a vytrvalost.<\/strong><\/p>\n\n\n\n<p class=\"has-medium-font-size\">P\u0159esn\u011b tak, a to j\u00e1 m\u00e1m. D\u016fle\u017eit\u00e9 je tak\u00e9 neusnout a po\u0159\u00e1d se sna\u017eit n\u011bco vylep\u0161ovat a zdokonalovat.<\/p>\n\n\n\n<p class=\"has-medium-font-size\"><strong>Tak\u017ee vybrat si obor Kade\u0159n\u00edk nebyla marn\u00e1 volba?<\/strong><\/p>\n\n\n\n<p class=\"has-medium-font-size\">Pro m\u011b ur\u010dit\u011b ne. Pr\u00e1ce kade\u0159nic bude pot\u0159eba po\u0159\u00e1d. Nav\u00edc je to l\u00e1ska na cel\u00fd \u017eivot. Alespo\u0148 pro m\u011b\ud83d\ude0a<\/p>\n\n\n\n<hr class=\"wp-block-separator has-alpha-channel-opacity\"\/>\n\n\n\n<p class=\"has-medium-font-size\">M\u00e1\u0161 tak\u00e9 sv\u016fj profesn\u00ed sen, ve kter\u00e9m hlavn\u00ed roli hraj\u00ed n\u016f\u017eky a barvy? Pak je obor <a href=\"https:\/\/spsow.cz\/en\/kadernik\/\">Kade\u0159n\u00edk<\/a> nejsp\u00ed\u0161 tou spr\u00e1vnou volbou!<\/p>\n\n\n\n<div style=\"height:30px\" aria-hidden=\"true\" class=\"wp-block-spacer\"><\/div>","protected":false},"excerpt":{"rendered":"<p>NETU\u0160ILA JSEM, CO M\u011a BUDE BAVIT,\u0159\u00edk\u00e1 Michaela Kub\u00edkov\u00e1 Pokud se Hronov\u00e1k\u016f zept\u00e1te, kam se chod\u00ed st\u0159\u00edhat a barvit, velmi \u010dasto odpov\u00ed, no p\u0159ece k&nbsp;Michell.Michaela, vystudovala obor Kade\u0159n\u00edk ve Velk\u00e9m Po\u0159\u00ed\u010d\u00ed. Sv\u00e9 prvn\u00ed kade\u0159nictv\u00ed si otev\u0159ela ji\u017e v&nbsp;roce 2010. Dnes provozuje salon, ze kter\u00e9ho z\u00e1kazn\u00edci odch\u00e1zej\u00ed nejen kr\u00e1sn\u00ed, ale i odpo\u010dat\u00ed. [&hellip;]<\/p>\n","protected":false},"author":1,"featured_media":2788,"parent":0,"menu_order":0,"comment_status":"closed","ping_status":"closed","template":"","meta":{"footnotes":""},"class_list":["post-2803","page","type-page","status-publish","has-post-thumbnail","hentry"],"_links":{"self":[{"href":"https:\/\/spsow.cz\/en\/wp-json\/wp\/v2\/pages\/2803","targetHints":{"allow":["GET"]}}],"collection":[{"href":"https:\/\/spsow.cz\/en\/wp-json\/wp\/v2\/pages"}],"about":[{"href":"https:\/\/spsow.cz\/en\/wp-json\/wp\/v2\/types\/page"}],"author":[{"embeddable":true,"href":"https:\/\/spsow.cz\/en\/wp-json\/wp\/v2\/users\/1"}],"replies":[{"embeddable":true,"href":"https:\/\/spsow.cz\/en\/wp-json\/wp\/v2\/comments?post=2803"}],"version-history":[{"count":2,"href":"https:\/\/spsow.cz\/en\/wp-json\/wp\/v2\/pages\/2803\/revisions"}],"predecessor-version":[{"id":7969,"href":"https:\/\/spsow.cz\/en\/wp-json\/wp\/v2\/pages\/2803\/revisions\/7969"}],"wp:featuredmedia":[{"embeddable":true,"href":"https:\/\/spsow.cz\/en\/wp-json\/wp\/v2\/media\/2788"}],"wp:attachment":[{"href":"https:\/\/spsow.cz\/en\/wp-json\/wp\/v2\/media?parent=2803"}],"curies":[{"name":"wp","href":"https:\/\/api.w.org\/{rel}","templated":true}]}}