{"id":2797,"date":"2023-06-16T11:06:50","date_gmt":"2023-06-16T09:06:50","guid":{"rendered":"http:\/\/192.168.1.208\/wordpress\/?page_id=2797"},"modified":"2024-08-29T08:08:05","modified_gmt":"2024-08-29T06:08:05","slug":"michal-kops","status":"publish","type":"page","link":"https:\/\/spsow.cz\/en\/michal-kops\/","title":{"rendered":"Michal Kops"},"content":{"rendered":"<h4 class=\"wp-block-heading\"><strong>ZVUKA\u0158INA M\u011a PROST\u011a BAV\u00cd, \u0159\u00edk\u00e1 Michal Kops<\/strong><\/h4>\n\n\n\n<p class=\"has-medium-font-size\">Michala zn\u00e1te jako technika, zvuka\u0159e a osv\u011btlova\u010de divadel, Live koncert\u016f, festival\u016f\u2026<\/p>\n\n\n\n<p class=\"has-medium-font-size\"><br>Na za\u010d\u00e1tku jeho kari\u00e9ry v\u0161ak bylo <strong>studium oboru Elektrik\u00e1\u0159<\/strong> na SP\u0160 O. Wichterleho, tehdy naz\u00fdvan\u00e9 COP Hronov. Dnes je uzn\u00e1van\u00fdm a popt\u00e1van\u00fdm zvuka\u0159em men\u0161\u00edch i velk\u00fdch hv\u011bzd.<br>Bez jeho p\u0159\u00edtomnosti si tak\u0159ka nelze p\u0159edstavit festival Jir\u00e1sk\u016fv Hronov, koncerty orchestru Police Symphony Orchestra, festivaly v regionu \u010di hronovsk\u00e1 divadeln\u00ed p\u0159edstaven\u00ed. Krom\u011b zvuka\u0159iny miluje i cestov\u00e1n\u00ed, co\u017e si pln\u00ed p\u0159i nat\u00e1\u010den\u00ed dokument\u016f pro \u0161koly &#8222;Planeta Zem\u011b 3000&#8220;.<\/p>\n\n\n\n<p class=\"has-medium-font-size\"><strong>Michale, i kdy\u017e nestoj\u00ed\u0161 na jevi\u0161t\u00edch, p\u0159ece jen t\u00e9m\u011b\u0159 v\u017edy hraje\u0161 p\u0159i p\u0159edstaven\u00edch hlavn\u00ed roli.<br><\/strong>Ano, to souhlas\u00ed, akor\u00e1t nejsme vid\u011bt a lid\u00e9 pova\u017euj\u00ed zvuk a sv\u011btla p\u0159i p\u0159edstaven\u00edch za n\u011bco automatick\u00e9ho. &nbsp;<\/p>\n\n\n\n<p class=\"has-medium-font-size\"><strong>Co v\u0161echno dnes d\u011bl\u00e1\u0161 a \u010demu se v\u011bnuje\u0161?<br><\/strong>Jsem p\u0159edev\u0161\u00edm technikem, zvuka\u0159em a osv\u011btlova\u010dem v&nbsp;Jir\u00e1skov\u011b divadle v&nbsp;Hronov\u011b. Zvu\u010d\u00edm a osv\u011btluji r\u016fzn\u00e9 live koncerty, festivaly, oh\u0148ostroje i jin\u00e9 kulturn\u00ed akce v&nbsp;po cel\u00e9 republice. Streamuji videa na Youtube a Facebook. P\u0159i nat\u00e1\u010den\u00ed dokument\u016f pro \u0161koly &#8222;Planeta Zem\u011b 3000&#8220; d\u011bl\u00e1m p\u0159i cest\u00e1ch ke kame\u0159e zvuka\u0159e, st\u0159\u00edh\u00e1m hudbu a videa\u2026<\/p>\n\n\n\n<p class=\"has-medium-font-size\"><strong>Na za\u010d\u00e1tku v\u0161eho byla st\u0159edn\u00ed pr\u016fmyslov\u00e1 \u0161kola v\u00a0Hronov\u011b. Pro\u010d elektrik\u00e1\u0159?<br><\/strong>To bylo v\u00a0roce 1995 kdy se za\u010dala prudce vyv\u00edjet elektronika a mn\u011b u\u010darovaly barevn\u00e9 led diody a aplikace. Prvn\u00ed p\u0159ihl\u00e1\u0161ku jsem tedy podal do Hronova na elektro, konkr\u00e9tn\u011b Slaboproud, mechanik elektronick\u00fdch za\u0159\u00edzen\u00ed. Prost\u011b mi p\u0159i\u0161lo, \u017ee to bude m\u00edt budoucnost.<br>Od z\u00e1\u0159\u00ed 1998 jsem nastoupil je\u0161t\u011b do druh\u00e9ho ro\u010dn\u00edku oboru Elektrotechnika a odmaturoval v\u00a0roce 2001. Tehdy bylo m\u00fdm c\u00edlem opravovat elektroniku a b\u00fdt v tom opravdov\u00fd machr.\u00a0<\/p>\n\n\n\n<p class=\"has-medium-font-size\"><strong>A uk\u00e1zalo se, \u017ee budoucnost, to opravdu m\u00e1. <\/strong><strong>V&nbsp;\u010dem je podle tebe elektrika\u0159ina skv\u011bl\u00e1?<br><\/strong>No v podstat\u011b u\u017e si sv\u011bt bez elektriky a elektroniky ani neum\u00edme p\u0159edstavit, stoj\u00ed na ni cel\u00e1 na\u0161e p\u0159\u00edtomnost i budoucnost. Je prost\u011b v\u0161ude kolem n\u00e1s. <strong><\/strong><\/p>\n\n\n\n<p class=\"has-medium-font-size\"><strong>Dnes se sice jako elektrik\u00e1\u0159 ne\u017eiv\u00ed\u0161, ale elektro znalosti se ti ur\u010dit\u011b hod\u00ed.&nbsp;<\/strong><br>Vyu\u017e\u00edv\u00e1m ji dost \u010dasto p\u0159i v\u00fdrob\u011b r\u016fzn\u00fdch kabel\u016f a elektronick\u00fdch prvk\u016f, servisech a oprav\u00e1ch elektroniky. Jako divadeln\u00ed technik pou\u017e\u00edv\u00e1m p\u0159i sv\u00e9 pr\u00e1ci spoustu elektrick\u00fdch za\u0159\u00edzen\u00ed, tak\u017ee se d\u00e1 \u0159\u00edct, \u017ee m\u011b obor mechanik elektronick\u00fdch za\u0159\u00edzen\u00ed a pr\u00e1ce s elektrikou doprov\u00e1z\u00ed na ka\u017ed\u00e9m kroku tak\u0159ka ka\u017ed\u00fd den.&nbsp;<\/p>\n\n\n\n<p class=\"has-medium-font-size\"><strong>Jak ses dostal od studovan\u00e9ho oboru k\u00a0sou\u010dasn\u00e9 pr\u00e1ci?<\/strong><br>Za to m\u016f\u017ee moje tancov\u00e1n\u00ed akrobatick\u00e9ho rock &#8218;n&#8216; rollu a tak\u00e9 se mi necht\u011blo na vojnu. Prost\u011b jsem cht\u011bl tancovat, tak jsem si za\u0159\u00eddil civiln\u00ed slu\u017ebu. A ta mi dopadla v hronovsk\u00e9m divadle.\u00a0Zvukov\u00fd mix\u00e1\u017en\u00ed pult, divadeln\u00ed sv\u011btla, to bylo pro m\u011b n\u011bco \u00fapln\u011b nov\u00e9ho. Chytlo m\u011b to ale natolik, \u017ee se mi pr\u00e1ce postupn\u011b stala kon\u00ed\u010dkem a dnes u\u017e tomu je i naopak\ud83d\ude0a.<\/p>\n\n\n\n<p class=\"has-medium-font-size\"><strong>Za svoji kari\u00e9ru jsi napomohl spoust\u011b hv\u011bzd uspo\u0159\u00e1dat skv\u011bl\u00fd koncert. Komu?<\/strong><br>Tak t\u0159eba Monice Absolonov\u00e9 s kapelou Bumband, V\u00e1clavu Neck\u00e1\u0159ovi s kapelou Bacily, Kapit\u00e1nu Demo, Olze Lounov\u00e9, spoust\u011b muzik\u00e1lov\u00fdm zp\u011bv\u00e1k\u016f\u2026 Srde\u010dn\u00ed z\u00e1le\u017eitost\u00ed je pro m\u011b zvu\u010den\u00ed koncert\u016f orchestru Police Symphony Orchestra \u010di \u0161ansonov\u00e9ho seskupen\u00ed 6NaChodn\u00edku. Kapely na trutnovsk\u00e9m PivoFestu nebo akc\u00edch Prim\u00e1toru N\u00e1chod u\u017e ani nepo\u010d\u00edt\u00e1m.<\/p>\n\n\n\n<p class=\"has-medium-font-size\"><strong>Tak to je p\u011bkn\u00e1 \u0159\u00e1dka. Nejen letn\u00ed sez\u00f3na je pro tebe asi hodn\u011b n\u00e1ro\u010dn\u00e1. A tv\u00e9 pl\u00e1ny do budoucna?<br><\/strong>P\u0159\u00e1l bych si je\u0161t\u011b chv\u00edli udr\u017eet tempo s v\u00fdvojem jak elektroniky a techniky, kterou pro svou profesi vyu\u017e\u00edv\u00e1m, tak i s my\u0161len\u00edm mlad\u00fdch modern\u00edch lid\u00ed.&nbsp;<\/p>\n\n\n\n<p class=\"has-medium-font-size\"><strong>Na z\u00e1v\u011br jen stru\u010dn\u00e9 shrnut\u00ed. Mysl\u00ed\u0161, \u017ee se ti obor Elektrik\u00e1\u0159 v&nbsp;\u017eivot\u011b hod\u00ed?<br><\/strong>Ur\u010dit\u011b ano\ud83d\ude0a<\/p>\n\n\n\n<hr class=\"wp-block-separator has-alpha-channel-opacity\"\/>\n\n\n\n<p class=\"has-medium-font-size\">Napadlo t\u011b, \u017ee bys jednou tak\u00e9 cht\u011bl zvu\u010dit \u010di osv\u011btlovat koncerty? Pak je studium oboru\u00a0<a href=\"https:\/\/spsow.cz\/en\/elektrikar\/\">Elektrik\u00e1\u0159<\/a> t\u00edm spr\u00e1vn\u00fdm startem!<\/p>\n\n\n\n<div style=\"height:30px\" aria-hidden=\"true\" class=\"wp-block-spacer\"><\/div>","protected":false},"excerpt":{"rendered":"<p>ZVUKA\u0158INA M\u011a PROST\u011a BAV\u00cd, \u0159\u00edk\u00e1 Michal Kops Michala zn\u00e1te jako technika, zvuka\u0159e a osv\u011btlova\u010de divadel, Live koncert\u016f, festival\u016f\u2026 Na za\u010d\u00e1tku jeho kari\u00e9ry v\u0161ak bylo studium oboru Elektrik\u00e1\u0159 na SP\u0160 O. Wichterleho, tehdy naz\u00fdvan\u00e9 COP Hronov. Dnes je uzn\u00e1van\u00fdm a popt\u00e1van\u00fdm zvuka\u0159em men\u0161\u00edch i velk\u00fdch hv\u011bzd.Bez jeho p\u0159\u00edtomnosti si tak\u0159ka nelze [&hellip;]<\/p>\n","protected":false},"author":1,"featured_media":2798,"parent":0,"menu_order":0,"comment_status":"closed","ping_status":"closed","template":"","meta":{"footnotes":""},"class_list":["post-2797","page","type-page","status-publish","has-post-thumbnail","hentry"],"_links":{"self":[{"href":"https:\/\/spsow.cz\/en\/wp-json\/wp\/v2\/pages\/2797","targetHints":{"allow":["GET"]}}],"collection":[{"href":"https:\/\/spsow.cz\/en\/wp-json\/wp\/v2\/pages"}],"about":[{"href":"https:\/\/spsow.cz\/en\/wp-json\/wp\/v2\/types\/page"}],"author":[{"embeddable":true,"href":"https:\/\/spsow.cz\/en\/wp-json\/wp\/v2\/users\/1"}],"replies":[{"embeddable":true,"href":"https:\/\/spsow.cz\/en\/wp-json\/wp\/v2\/comments?post=2797"}],"version-history":[{"count":6,"href":"https:\/\/spsow.cz\/en\/wp-json\/wp\/v2\/pages\/2797\/revisions"}],"predecessor-version":[{"id":7967,"href":"https:\/\/spsow.cz\/en\/wp-json\/wp\/v2\/pages\/2797\/revisions\/7967"}],"wp:featuredmedia":[{"embeddable":true,"href":"https:\/\/spsow.cz\/en\/wp-json\/wp\/v2\/media\/2798"}],"wp:attachment":[{"href":"https:\/\/spsow.cz\/en\/wp-json\/wp\/v2\/media?parent=2797"}],"curies":[{"name":"wp","href":"https:\/\/api.w.org\/{rel}","templated":true}]}}