{"id":275,"date":"2023-02-17T08:48:12","date_gmt":"2023-02-17T07:48:12","guid":{"rendered":"http:\/\/192.168.1.208\/wordpress\/?page_id=275"},"modified":"2025-11-10T12:57:02","modified_gmt":"2025-11-10T11:57:02","slug":"kriteria-hodnoceni-hr","status":"publish","type":"page","link":"https:\/\/spsow.cz\/en\/kriteria-hodnoceni-hr\/","title":{"rendered":"Krit\u00e9ria hodnocen\u00ed &#8211; Hronov"},"content":{"rendered":"<div class=\"wp-block-file\"><a id=\"wp-block-file--media-24e10c0d-3e1d-4986-b767-91bd2ea790f7\" href=\"https:\/\/spsow.cz\/wp-content\/uploads\/2025\/09\/Kriteria-hodnoceni-pisemne-prace-a-ustni-zkousky-z-AJ_2026.pdf\" target=\"_blank\" rel=\"noreferrer noopener\">Krit\u00e9ria hodnocen\u00ed p\u00edsemn\u00e9 pr\u00e1ce a \u00fastn\u00ed zkou\u0161ky z AJ, 2026<\/a><\/div>\n\n\n\n<div class=\"wp-block-file\"><a id=\"wp-block-file--media-f5a19238-310b-4109-a69b-a27fd40fa0bd\" href=\"https:\/\/spsow.cz\/wp-content\/uploads\/2025\/09\/Kriteria-hodnoceni-pisemne-prace-z-CJL-_2026.pdf\" target=\"_blank\" rel=\"noreferrer noopener\">Krit\u00e9ria hodnocen\u00ed p\u00edsemn\u00e9 pr\u00e1ce z \u010cJL, 2026<\/a><\/div>\n\n\n\n<div class=\"wp-block-file\"><a id=\"wp-block-file--media-46468000-6931-4a3d-aa73-127bc99f69f1\" href=\"https:\/\/spsow.cz\/wp-content\/uploads\/2025\/09\/Kriteria-hodnoceni-ustni-zkousky-z-CJL_2026.pdf\" target=\"_blank\" rel=\"noreferrer noopener\">Krit\u00e9ria hodnocen\u00ed \u00fastn\u00ed zkou\u0161ky z \u010cJL, 2026<\/a><\/div>\n\n\n\n<div class=\"wp-block-file\"><a id=\"wp-block-file--media-cbcf5b88-21bf-4968-ab98-8a3e04433c55\" href=\"https:\/\/spsow.cz\/wp-content\/uploads\/2025\/11\/Kriteria_hodnoceni_profilove_zkousky_2026.pdf\" target=\"_blank\" rel=\"noreferrer noopener\">Krit\u00e9ria hodnocen\u00ed profilov\u00e9 zkou\u0161ky, 2026<\/a><\/div>\n\n\n\n<p><\/p>","protected":false},"excerpt":{"rendered":"","protected":false},"author":1,"featured_media":0,"parent":0,"menu_order":0,"comment_status":"closed","ping_status":"closed","template":"","meta":{"footnotes":""},"class_list":["post-275","page","type-page","status-publish","hentry"],"_links":{"self":[{"href":"https:\/\/spsow.cz\/en\/wp-json\/wp\/v2\/pages\/275","targetHints":{"allow":["GET"]}}],"collection":[{"href":"https:\/\/spsow.cz\/en\/wp-json\/wp\/v2\/pages"}],"about":[{"href":"https:\/\/spsow.cz\/en\/wp-json\/wp\/v2\/types\/page"}],"author":[{"embeddable":true,"href":"https:\/\/spsow.cz\/en\/wp-json\/wp\/v2\/users\/1"}],"replies":[{"embeddable":true,"href":"https:\/\/spsow.cz\/en\/wp-json\/wp\/v2\/comments?post=275"}],"version-history":[{"count":16,"href":"https:\/\/spsow.cz\/en\/wp-json\/wp\/v2\/pages\/275\/revisions"}],"predecessor-version":[{"id":12989,"href":"https:\/\/spsow.cz\/en\/wp-json\/wp\/v2\/pages\/275\/revisions\/12989"}],"wp:attachment":[{"href":"https:\/\/spsow.cz\/en\/wp-json\/wp\/v2\/media?parent=275"}],"curies":[{"name":"wp","href":"https:\/\/api.w.org\/{rel}","templated":true}]}}