{"id":269,"date":"2023-02-17T08:46:48","date_gmt":"2023-02-17T07:46:48","guid":{"rendered":"http:\/\/192.168.1.208\/wordpress\/?page_id=269"},"modified":"2025-05-06T11:09:10","modified_gmt":"2025-05-06T09:09:10","slug":"maturitni-predmety-hr","status":"publish","type":"page","link":"https:\/\/spsow.cz\/en\/maturitni-predmety-hr\/","title":{"rendered":"Maturitn\u00ed p\u0159edm\u011bty &#8211; Hronov"},"content":{"rendered":"<p class=\"has-medium-font-size\"><strong>obor 23-41-M\/01 STROJ\u00cdRENSTV\u00cd<\/strong><\/p>\n\n\n\n<div class=\"wp-block-file\"><a id=\"wp-block-file--media-67e9ca04-7904-427e-98e3-3362b3d2cde9\" href=\"https:\/\/spsow.cz\/wp-content\/uploads\/2023\/03\/Strojirenstvi.pdf\" target=\"_blank\" rel=\"noreferrer noopener\">Stroj\u00edrenstv\u00ed<\/a><\/div>\n\n\n\n<p class=\"has-medium-font-size\"><strong>obor 26-41-M\/01 ELEKTROTECHNIKA<\/strong><\/p>\n\n\n\n<div class=\"wp-block-file\"><a id=\"wp-block-file--media-a1ed8cce-95f4-4f1a-bd01-a0270e9e54c4\" href=\"https:\/\/spsow.cz\/wp-content\/uploads\/2023\/03\/Elektrotechnika.pdf\" target=\"_blank\" rel=\"noreferrer noopener\">Elektrotechnika<\/a><\/div>","protected":false},"excerpt":{"rendered":"<p>obor 23-41-M\/01 STROJ\u00cdRENSTV\u00cd obor 26-41-M\/01 ELEKTROTECHNIKA<\/p>","protected":false},"author":1,"featured_media":0,"parent":0,"menu_order":0,"comment_status":"closed","ping_status":"closed","template":"","meta":{"footnotes":""},"class_list":["post-269","page","type-page","status-publish","hentry"],"_links":{"self":[{"href":"https:\/\/spsow.cz\/en\/wp-json\/wp\/v2\/pages\/269","targetHints":{"allow":["GET"]}}],"collection":[{"href":"https:\/\/spsow.cz\/en\/wp-json\/wp\/v2\/pages"}],"about":[{"href":"https:\/\/spsow.cz\/en\/wp-json\/wp\/v2\/types\/page"}],"author":[{"embeddable":true,"href":"https:\/\/spsow.cz\/en\/wp-json\/wp\/v2\/users\/1"}],"replies":[{"embeddable":true,"href":"https:\/\/spsow.cz\/en\/wp-json\/wp\/v2\/comments?post=269"}],"version-history":[{"count":7,"href":"https:\/\/spsow.cz\/en\/wp-json\/wp\/v2\/pages\/269\/revisions"}],"predecessor-version":[{"id":2980,"href":"https:\/\/spsow.cz\/en\/wp-json\/wp\/v2\/pages\/269\/revisions\/2980"}],"wp:attachment":[{"href":"https:\/\/spsow.cz\/en\/wp-json\/wp\/v2\/media?parent=269"}],"curies":[{"name":"wp","href":"https:\/\/api.w.org\/{rel}","templated":true}]}}