{"id":267,"date":"2023-02-17T08:46:29","date_gmt":"2023-02-17T07:46:29","guid":{"rendered":"http:\/\/192.168.1.208\/wordpress\/?page_id=267"},"modified":"2025-11-11T07:27:53","modified_gmt":"2025-11-11T06:27:53","slug":"maturitni-zkousky-terminy-hr","status":"publish","type":"page","link":"https:\/\/spsow.cz\/en\/maturitni-zkousky-terminy-hr\/","title":{"rendered":"Maturitn\u00ed zkou\u0161ky &#8211; term\u00edny, Hronov"},"content":{"rendered":"<p class=\"has-medium-font-size\">obory Stroj\u00edrenstv\u00ed, Elektrotechnika        <\/p>\n\n\n\n<div class=\"wp-block-file\"><a id=\"wp-block-file--media-33532844-1153-4775-ae66-e1b70325a691\" href=\"https:\/\/spsow.cz\/wp-content\/uploads\/2025\/11\/MZ-2026.pdf\" target=\"_blank\" rel=\"noreferrer noopener\">Term\u00edny MZ 2026<\/a><\/div>\n\n\n\n<p class=\"has-medium-font-size\">            &nbsp;&nbsp;&nbsp;&nbsp;&nbsp;&nbsp;&nbsp;&nbsp;&nbsp;&nbsp;&nbsp;&nbsp;&nbsp;&nbsp;&nbsp;&nbsp;&nbsp;&nbsp;<\/p>","protected":false},"excerpt":{"rendered":"<p>obory Stroj\u00edrenstv\u00ed, Elektrotechnika &nbsp;&nbsp;&nbsp;&nbsp;&nbsp;&nbsp;&nbsp;&nbsp;&nbsp;&nbsp;&nbsp;&nbsp;&nbsp;&nbsp;&nbsp;&nbsp;&nbsp;&nbsp;<\/p>","protected":false},"author":1,"featured_media":0,"parent":0,"menu_order":0,"comment_status":"closed","ping_status":"closed","template":"","meta":{"footnotes":""},"class_list":["post-267","page","type-page","status-publish","hentry"],"_links":{"self":[{"href":"https:\/\/spsow.cz\/en\/wp-json\/wp\/v2\/pages\/267","targetHints":{"allow":["GET"]}}],"collection":[{"href":"https:\/\/spsow.cz\/en\/wp-json\/wp\/v2\/pages"}],"about":[{"href":"https:\/\/spsow.cz\/en\/wp-json\/wp\/v2\/types\/page"}],"author":[{"embeddable":true,"href":"https:\/\/spsow.cz\/en\/wp-json\/wp\/v2\/users\/1"}],"replies":[{"embeddable":true,"href":"https:\/\/spsow.cz\/en\/wp-json\/wp\/v2\/comments?post=267"}],"version-history":[{"count":24,"href":"https:\/\/spsow.cz\/en\/wp-json\/wp\/v2\/pages\/267\/revisions"}],"predecessor-version":[{"id":13002,"href":"https:\/\/spsow.cz\/en\/wp-json\/wp\/v2\/pages\/267\/revisions\/13002"}],"wp:attachment":[{"href":"https:\/\/spsow.cz\/en\/wp-json\/wp\/v2\/media?parent=267"}],"curies":[{"name":"wp","href":"https:\/\/api.w.org\/{rel}","templated":true}]}}